{"id":10989,"date":"2012-10-22T12:11:15","date_gmt":"2012-10-22T12:11:15","guid":{"rendered":"http:\/\/cosmate.com.tr\/startseite\/"},"modified":"2024-01-23T14:12:04","modified_gmt":"2024-01-23T14:12:04","slug":"startseite","status":"publish","type":"page","link":"https:\/\/cosmate.com.tr\/de\/","title":{"rendered":"Startseite"},"content":{"rendered":"<p>[vc_row full_width=&#8220;stretch_row_content&#8220; equal_height=&#8220;yes&#8220; el_class=&#8220;main-slider&#8220; css=&#8220;.vc_custom_1664200456595{background-image: url(https:\/\/splashythemes.com\/wordpress\/woo\/WCM01\/WCM010050\/wp-content\/uploads\/2020\/06\/bodytop-bg-img.jpg?id=9438) !important;}&#8220;][vc_column][vc_row_inner el_class=&#8220;theme-container&#8220;][vc_column_inner][rev_slider_vc alias=&#8220;tmpoption_homeslider&#8220; el_class=&#8220;Slider-content&#8220;][\/vc_column_inner][\/vc_row_inner][\/vc_column][\/vc_row][vc_row el_class=&#8220;bannercmsblock theme-container&#8220; css=&#8220;.vc_custom_1664200412808{margin-top: 15px !important;margin-bottom: 90px !important;}&#8220;][vc_column][vc_row_inner el_class=&#8220;banner-cms-wrappers&#8220;][vc_column_inner width=&#8220;1\/2&#8243;]<div class=\"cms-banner-item banner-item first style1\"><div class=\"cms-banner-inner\"><div class=\"cms-banner-img\"><a href=\"https:\/\/cosmate.com.tr\/urun\/magic-oil\/\" target=\"_blank\"><img decoding=\"async\" src=\"https:\/\/cosmate.com.tr\/wp-content\/uploads\/2022\/09\/MAGICOIL-SISE-VE-KUTU.jpg\" alt=\"Startseite\"\/><\/a><\/div><span class=\"static-wrapper\"><span class=\"cms-text\"><span class=\"static-inner\"><\/span><span class=\"shop-now\"><\/span><\/span><\/span><\/div><\/div>[\/vc_column_inner][vc_column_inner width=&#8220;1\/2&#8243;]<div class=\"cms-banner-item banner-item second style1\"><div class=\"cms-banner-inner\"><div class=\"cms-banner-img\"><a href=\"https:\/\/cosmate.com.tr\/en\/wholesale\/\" target=\"\"><img decoding=\"async\" src=\"https:\/\/cosmate.com.tr\/wp-content\/uploads\/2024\/01\/toptan-satis-ingilizce-post.jpg\" alt=\"Startseite\"\/><\/a><\/div><span class=\"static-wrapper\"><span class=\"cms-text\"><span class=\"static-inner\"><\/span><span class=\"shop-now\"><\/span><\/span><\/span><\/div><\/div>[\/vc_column_inner][\/vc_row_inner][\/vc_column][\/vc_row][vc_row el_class=&#8220;product-tab theme-container&#8220;][vc_column]<div id=\"ultimate-heading-920769e2e12d5e084\" class=\"uvc-heading ult-adjust-bottom-margin ultimate-heading-920769e2e12d5e084 uvc-2619 \" data-hspacer=\"line_only\"  data-halign=\"center\" style=\"text-align:center\"><div class=\"uvc-main-heading ult-responsive\"  data-ultimate-target='.uvc-heading.ultimate-heading-920769e2e12d5e084 h3'  data-responsive-json-new='{\"font-size\":\"\",\"line-height\":\"\"}' ><h3 style=\"font-weight:bold;margin-bottom:10px;\">Unsere neuen Produkte<\/h3><\/div><div class=\"uvc-heading-spacer line_only\" style=\"topheight:1px;\"><span class=\"uvc-headings-line\" style=\"border-style:solid;border-bottom-width:1px;border-color:#ccc;width:autopx;\"><\/span><\/div><\/div><div id=\"horizontalTab\"><ul class=\"resp-tabs-list\"><li ><div class=\"tab-title\">Yeni \u00dcr\u00fcnler<\/div><\/li><\/ul><div class=\"resp-tabs-container\"><div id=\"woo-products\" class=\"woo-content products_block shop woofeature\"><div id=\"woo_grid\" class=\"woo-grid cols-4\"><div class=\"woocommerce columns-4 \">\t<ul class=\"products\" >\r\n<li class=\"post-11485 product type-product status-publish has-post-thumbnail hentry product_cat-alle-produkte product_cat-hautpflege product_tag-cosmate-de product_tag-magic-oil-de-2 product_tag--de product_tag---de\">\r\n\t<div class=\"container-inner\">\r\n\t<span class=\"product-loading\"><\/span>\r\n\t<div class=\"product-block-inner\">\r\n\t\t\t\t<div class=\"image-block\"><a href=\"https:\/\/cosmate.com.tr\/de\/produkt\/magic-oil\/\">\r\n\t\t\t<div class=\"wpcbm-wrapper\"><img loading=\"lazy\" decoding=\"async\" width=\"1080\" height=\"1920\" src=\"https:\/\/cosmate.com.tr\/wp-content\/uploads\/2023\/11\/image00001-1.png\" class=\"secondary-image attachment-shop-catalog\" alt=\"\" srcset=\"https:\/\/cosmate.com.tr\/wp-content\/uploads\/2023\/11\/image00001-1.png 1080w, https:\/\/cosmate.com.tr\/wp-content\/uploads\/2023\/11\/image00001-1-169x300.png 169w, https:\/\/cosmate.com.tr\/wp-content\/uploads\/2023\/11\/image00001-1-576x1024.png 576w, https:\/\/cosmate.com.tr\/wp-content\/uploads\/2023\/11\/image00001-1-768x1365.png 768w, https:\/\/cosmate.com.tr\/wp-content\/uploads\/2023\/11\/image00001-1-864x1536.png 864w, https:\/\/cosmate.com.tr\/wp-content\/uploads\/2023\/11\/image00001-1-759x1349.png 759w\" sizes=\"(max-width: 1080px) 100vw, 1080px\" \/><span class='onsale'>-42%<\/span><\/div><\/a><div class=\"product-button-hover\"><\/div><\/div>\r\n\t\t\t<div class=\"product-detail-wrapper\">\r\n\r\n\t\t\t\t\t\t\r\n\t\t<a href=\"https:\/\/cosmate.com.tr\/de\/produkt\/magic-oil\/\" title=\"Magic Oil\"><h3 class=\"product-name\">Magic Oil<\/h3><\/a>\r\n\t\t\n\t<span class=\"price\"><del aria-hidden=\"true\"><span class=\"woocommerce-Price-amount amount\"><bdi><span class=\"woocommerce-Price-currencySymbol\">&#8378;<\/span>500,00<\/bdi><\/span><\/del> <ins><span class=\"woocommerce-Price-amount amount\"><bdi><span class=\"woocommerce-Price-currencySymbol\">&#8378;<\/span>290,00<\/bdi><\/span><\/ins><\/span>\n<a href=\"#\" class=\"button yith-wcqv-button\" data-product_id=\"11485\">Quick View<\/a><a id=\"sbw_wc-adding-button-archive\" href=\"https:\/\/cosmate.com.tr\/de\/zahlungsseite\/?buy-now=11485\" data-quantity=\"1\" class=\"button product_type_simple add_to_cart_button  buy_now_button\" data-product_id=\"11485\" rel=\"nofollow\">Hemen Al<\/a>\t\t<\/div>\r\n\t\t<\/div>\r\n\t\t<\/div>\r\n<\/li><li class=\"post-11461 product type-product status-publish has-post-thumbnail hentry product_cat-alle-produkte product_cat-satze product_tag-hautpflege product_tag-jojobaol product_tag-lavendel-ol product_tag-macadamiaol product_tag-pflege product_tag-rauchergefas product_tag-ylang-ylang-ol product_tag--de\">\r\n\t<div class=\"container-inner\">\r\n\t<span class=\"product-loading\"><\/span>\r\n\t<div class=\"product-block-inner\">\r\n\t\t\t\t<div class=\"image-block\"><a href=\"https:\/\/cosmate.com.tr\/de\/produkt\/aromatherapie-pflegeset\/\">\r\n\t\t\t<div class=\"wpcbm-wrapper\"><img loading=\"lazy\" decoding=\"async\" width=\"2160\" height=\"2160\" src=\"https:\/\/cosmate.com.tr\/wp-content\/uploads\/2023\/02\/DSF2125_1.jpg\" class=\"secondary-image attachment-shop-catalog\" alt=\"\" srcset=\"https:\/\/cosmate.com.tr\/wp-content\/uploads\/2023\/02\/DSF2125_1.jpg 2160w, https:\/\/cosmate.com.tr\/wp-content\/uploads\/2023\/02\/DSF2125_1-300x300.jpg 300w, https:\/\/cosmate.com.tr\/wp-content\/uploads\/2023\/02\/DSF2125_1-1024x1024.jpg 1024w, https:\/\/cosmate.com.tr\/wp-content\/uploads\/2023\/02\/DSF2125_1-150x150.jpg 150w, https:\/\/cosmate.com.tr\/wp-content\/uploads\/2023\/02\/DSF2125_1-768x768.jpg 768w, https:\/\/cosmate.com.tr\/wp-content\/uploads\/2023\/02\/DSF2125_1-1536x1536.jpg 1536w, https:\/\/cosmate.com.tr\/wp-content\/uploads\/2023\/02\/DSF2125_1-2048x2048.jpg 2048w, https:\/\/cosmate.com.tr\/wp-content\/uploads\/2023\/02\/DSF2125_1-145x145.jpg 145w, https:\/\/cosmate.com.tr\/wp-content\/uploads\/2023\/02\/DSF2125_1-50x50.jpg 50w, https:\/\/cosmate.com.tr\/wp-content\/uploads\/2023\/02\/DSF2125_1-759x759.jpg 759w, https:\/\/cosmate.com.tr\/wp-content\/uploads\/2023\/02\/DSF2125_1-100x100.jpg 100w, https:\/\/cosmate.com.tr\/wp-content\/uploads\/2023\/02\/DSF2125_1-170x170.jpg 170w\" sizes=\"(max-width: 2160px) 100vw, 2160px\" \/><div class=\"soldout_wrapper\"><span class=\"soldout\">T\u00dcKEND\u0130<\/span><\/div><span class='onsale'>-9%<\/span><\/div><\/a><div class=\"product-button-hover\"><\/div><\/div>\r\n\t\t\t<div class=\"product-detail-wrapper\">\r\n\r\n\t\t\t\t\t\t\r\n\t\t<a href=\"https:\/\/cosmate.com.tr\/de\/produkt\/aromatherapie-pflegeset\/\" title=\"Aromatherapie-Pflegeset\"><h3 class=\"product-name\">Aromatherapie-Pflegeset<\/h3><\/a>\r\n\t\t\n\t<span class=\"price\"><del aria-hidden=\"true\"><span class=\"woocommerce-Price-amount amount\"><bdi><span class=\"woocommerce-Price-currencySymbol\">&#8378;<\/span>715,00<\/bdi><\/span><\/del> <ins><span class=\"woocommerce-Price-amount amount\"><bdi><span class=\"woocommerce-Price-currencySymbol\">&#8378;<\/span>650,00<\/bdi><\/span><\/ins><\/span>\n<a href=\"#\" class=\"button yith-wcqv-button\" data-product_id=\"11461\">Quick View<\/a><a id=\"sbw_wc-adding-button-archive\" href=\"https:\/\/cosmate.com.tr\/de\/zahlungsseite\/?buy-now=11461\" data-quantity=\"1\" class=\"button product_type_simple add_to_cart_button  buy_now_button\" data-product_id=\"11461\" rel=\"nofollow\">Hemen Al<\/a>\t\t<\/div>\r\n\t\t<\/div>\r\n\t\t<\/div>\r\n<\/li><\/ul>\n<\/div><\/div><div class=\"tmpoption-message\"><i class=\"fa fa-frown-o\"><\/i>No more Products to display<\/div><div class=\"loadgridlist-wrapper\"><button class=\"woocount loadgridlist\">View More Products<\/button><\/div><\/div><\/div><\/div>[\/vc_column][\/vc_row][vc_row content_placement=&#8220;middle&#8220; parallax_content=&#8220;parallax_content_value&#8220; parallax_content_sense=&#8220;30&#8243; enable_overlay=&#8220;enable_overlay_value&#8220; overlay_color=&#8220;#0a0a0a&#8220; overlay_pattern=&#8220;01.png&#8220; overlay_pattern_opacity=&#8220;80&#8243; el_class=&#8220;parallax theme-container&#8220; css=&#8220;.vc_custom_1663714091823{margin-top: 0px !important;margin-bottom: 0px !important;}&#8220;][vc_column el_class=&#8220;parallax-inner&#8220; css=&#8220;.vc_custom_1663714118442{margin-top: 0px !important;margin-bottom: 0px !important;padding-top: 0px !important;padding-bottom: 0px !important;}&#8220;]<div id=\"ultib3-222224214169e2e12d6e01b\" class=\" ultb3-box ult-adjust-bottom-margin  \" style=\"\"><div class=\"ultb3-box-overlay\" style=\"background:rgba(10,10,10,0.4);\"><\/div><img decoding=\"async\" src=\"https:\/\/cosmate.com.tr\/wp-content\/uploads\/2022\/09\/shop-bgjpg_22-04-2021_13-46-07.jpg\" style=\"\" class=\"ultb3-img ultb3-img-center\" alt=\"null\"\/><div id=\"Info-banner-wrap2393\" class=\"ultb3-info ib3-info-center\" data-animation=\"\" data-animation-delay=\"03\"><div class=\"ultb3-title ult-responsive\"  data-ultimate-target='#Info-banner-wrap2393 .ultb3-title'  data-responsive-json-new='{\"font-size\":\"desktop:26px;mobile:16px;\",\"line-height\":\"\"}'  style=\"font-family:Abhaya Libre;font-weight:bold;color:#dfbcb0;\">Cosmate<\/div><div class=\"ultb3-desc ult-responsive\"  data-ultimate-target='#Info-banner-wrap2393 .ultb3-desc'  data-responsive-json-new='{\"font-size\":\"desktop:14px;mobile:12px;\",\"line-height\":\"\"}'  style=\"font-family:Aboreto;font-style:italic;font-weight:normal;color:#dfbcb0;\">Cosmate bietet Ihnen ein besseres Leben und ist nur einen Klick von Ihnen entfernt<\/div><\/div><\/div><style>\r\n\t\t\t\t\t#ultib3-222224214169e2e12d6e01b {\r\n\t\t\t\t\t\tmin-height:50px;\r\n\t\t\t\t\t}\r\n\t\t\t\t\t#ultib3-222224214169e2e12d6e01b img.ultb3-img {\r\n\t\t\t\t\t\theight: px;\r\n\t\t\t\t\t}\r\n\t\t\t\t\t#ultib3-222224214169e2e12d6e01b .ultb3-btn {\r\n\t\t\t\t\t\tborder:2px solid #dfbcb0;border-radius:0px;color:#dfbcb0;\r\n\t\t\t\t\t}\r\n\t\t\t\t\t#ultib3-222224214169e2e12d6e01b .ultb3-btn:hover {\r\n\t\t\t\t\t\tbackground:#dfbcb0;color:#ffffff;\r\n\t\t\t\t\t}\r\n\t\t\t\t<\/style>[\/vc_column][\/vc_row][vc_row][vc_column css=&#8220;.vc_custom_1663708830953{padding-top: 50px !important;padding-right: 200px !important;padding-left: 200px !important;}&#8220; offset=&#8220;vc_hidden-md vc_hidden-sm vc_hidden-xs&#8220;]<div id=\"ultimate-heading-86269e2e12d6e081\" class=\"uvc-heading ult-adjust-bottom-margin ultimate-heading-86269e2e12d6e081 uvc-7572 \" data-hspacer=\"line_only\"  data-halign=\"center\" style=\"text-align:center\"><div class=\"uvc-main-heading ult-responsive\"  data-ultimate-target='.uvc-heading.ultimate-heading-86269e2e12d6e081 h1'  data-responsive-json-new='{\"font-size\":\"\",\"line-height\":\"\"}' ><h1 style=\"font-weight:bold;\">BLOG<\/h1><\/div><div class=\"uvc-heading-spacer line_only\" style=\"topheight:10px;\"><span class=\"uvc-headings-line\" style=\"border-style:solid;border-bottom-width:10px;border-color:#ffffff;width:autopx;\"><\/span><\/div><div class=\"uvc-sub-heading ult-responsive\"  data-ultimate-target='.uvc-heading.ultimate-heading-86269e2e12d6e081 .uvc-sub-heading '  data-responsive-json-new='{\"font-size\":\"\",\"line-height\":\"\"}'  style=\"font-weight:normal;\">Wenn wir uns vor dem Spiegel betrachten, wollen wir einem perfekten Bild begegnen. Ein aknefreies, makelloses, lebendiges Aussehen ist ein Aussehen, das jede Frau und jeder Mann erreichen m\u00f6chte. Dazu verwenden wir verschiedene Hautpflegeprodukte. In den Gesch\u00e4ften gibt es Regale voller Produkte, und im Internet begegnen wir viel mehr Hautpflegeprodukten. Sind diese Produkte also nat\u00fcrlich? Woher wissen Sie, ob das Produkt, das Sie verwenden werden, nat\u00fcrlich\/organisch ist? Wie sollte eine richtige Hautpflege durchgef\u00fchrt werden? Welche Produkte sollen verwendet werden? Die Antworten auf all diese Fragen haben wir in unserem Blogbeitrag aufbereitet!<\/div><\/div>[vc_basic_grid post_type=&#8220;post&#8220; max_items=&#8220;4&#8243; element_width=&#8220;3&#8243; item=&#8220;masonryGrid_SlideoOutFromRight&#8220; grid_id=&#8220;vc_gid:1706019105723-dc42d11d-7d28-5&#8243; css=&#8220;.vc_custom_1676067380624{padding-top: 50px !important;padding-bottom: 50px !important;}&#8220;][\/vc_column][\/vc_row][vc_row][vc_column offset=&#8220;vc_hidden-lg&#8220;]<div id=\"ultimate-heading-714269e2e12d6e0b0\" class=\"uvc-heading ult-adjust-bottom-margin ultimate-heading-714269e2e12d6e0b0 uvc-7874 \" data-hspacer=\"no_spacer\"  data-halign=\"center\" style=\"text-align:center\"><div class=\"uvc-heading-spacer no_spacer\" style=\"top\"><\/div><div class=\"uvc-main-heading ult-responsive\"  data-ultimate-target='.uvc-heading.ultimate-heading-714269e2e12d6e0b0 h1'  data-responsive-json-new='{\"font-size\":\"\",\"line-height\":\"\"}' ><h1 style=\"font-weight:bold;\">BLOG<\/h1><\/div><\/div><div id=\"ultimate-heading-792069e2e12d6e0d1\" class=\"uvc-heading ult-adjust-bottom-margin ultimate-heading-792069e2e12d6e0d1 uvc-4954 \" data-hspacer=\"no_spacer\"  data-halign=\"center\" style=\"text-align:center\"><div class=\"uvc-heading-spacer no_spacer\" style=\"top\"><\/div><\/div>[vc_basic_grid post_type=&#8220;post&#8220; max_items=&#8220;3&#8243; gap=&#8220;0&#8243; item=&#8220;basicGrid_SlideFromLeft&#8220; grid_id=&#8220;vc_gid:1706019105724-793f1b62-d0be-3&#8243;][\/vc_column][\/vc_row][vc_row][vc_column css=&#8220;.vc_custom_1665327196815{padding-right: 15px !important;padding-left: 15px !important;}&#8220; offset=&#8220;vc_hidden-md vc_hidden-sm vc_hidden-xs&#8220;]<div id=\"ultimate-heading-717469e2e12d6e0f8\" class=\"uvc-heading ult-adjust-bottom-margin ultimate-heading-717469e2e12d6e0f8 uvc-9597 \" data-hspacer=\"line_only\"  data-halign=\"center\" style=\"text-align:center\"><div class=\"uvc-main-heading ult-responsive\"  data-ultimate-target='.uvc-heading.ultimate-heading-717469e2e12d6e0f8 h1'  data-responsive-json-new='{\"font-size\":\"\",\"line-height\":\"\"}' ><h1 style=\"font-weight:bold;\">Kunden-Kommentare<\/h1><\/div><div class=\"uvc-heading-spacer line_only\" style=\"topheight:10px;\"><span class=\"uvc-headings-line\" style=\"border-style:solid;border-bottom-width:10px;border-color:#ffffff;width:autopx;\"><\/span><\/div><\/div><div class=\"custom-testimonial\"><div id=\"testimonial_grid\" class=\"testimonial-grid testimonial-cols-3\"><div class=\"item first-item style-1\"><div class=\"product-block\"><div class=\"custom-testimonial-inner\"><div class=\"testimonial-content\"><div class=\"testimonial-top\"><blockquote><q>Sevgili influencerim Gozde (gozdearalocak) sayesinde aldim, cok guzel emiliyor ve cok guzel kokuyor ayrica yaninda zeytin sutunu de ald<\/q><\/blockquote><\/div><div class=\"read-more\"><a title=\"B** K**\" href=\"https:\/\/cosmate.com.tr\/testimonial\/b-k\/\" >read more<\/a><\/div><\/div><\/div><div class=\"testimonial-wrapper-inner\"><div class=\"testmonial-image\"><a title=\"B** K**\" href=\"https:\/\/cosmate.com.tr\/testimonial\/b-k\/\" ><i style=\"width:50;height:50;\" class=\"fa fa-user\"><\/i><\/a><\/div><div class=\"testmonial-text\"><div class=\"testimonial-title\"><a title=\"B** K**\" href=\"https:\/\/cosmate.com.tr\/testimonial\/b-k\/\" >B** K**<\/a><\/div><div class=\"testimonial-email\">Trendyol Kullan\u0131c\u0131s\u0131<\/div><\/div><\/div><\/div><\/div><div class=\"item style-1\"><div class=\"product-block\"><div class=\"custom-testimonial-inner\"><div class=\"testimonial-content\"><div class=\"testimonial-top\"><blockquote><q>\u00dcr\u00fcn\u00fc yakla\u015f\u0131k 2 ayd\u0131r kullan\u0131yorum. Sa\u00e7 diplerinde ferahlat\u0131c\u0131 bir etki b\u0131rak\u0131yor ve sa\u00e7\u0131 yumu\u015fac\u0131k yap\u0131yor. Sat\u0131c\u0131<\/q><\/blockquote><\/div><div class=\"read-more\"><a title=\"C** K**\" href=\"https:\/\/cosmate.com.tr\/testimonial\/c-k\/\" >read more<\/a><\/div><\/div><\/div><div class=\"testimonial-wrapper-inner\"><div class=\"testmonial-image\"><a title=\"C** K**\" href=\"https:\/\/cosmate.com.tr\/testimonial\/c-k\/\" ><i style=\"width:50;height:50;\" class=\"fa fa-user\"><\/i><\/a><\/div><div class=\"testmonial-text\"><div class=\"testimonial-title\"><a title=\"C** K**\" href=\"https:\/\/cosmate.com.tr\/testimonial\/c-k\/\" >C** K**<\/a><\/div><div class=\"testimonial-email\">Trendyol Kullan\u0131c\u0131s\u0131<\/div><\/div><\/div><\/div><\/div><div class=\"item last-item style-1\"><div class=\"product-block\"><div class=\"custom-testimonial-inner\"><div class=\"testimonial-content\"><div class=\"testimonial-top\"><blockquote><q>Ani kilo al\u0131p vermi\u015ftim bu y\u00fczden kal\u00e7amda \u00e7atlaklar olu\u015fmu\u015ftu. Bu \u00fcr\u00fcn\u00fc bir arkada\u015f\u0131m\u0131n tavsiyesiyle ald\u0131m ve ger\u00e7ekten<\/q><\/blockquote><\/div><div class=\"read-more\"><a title=\"Z*** F***\" href=\"https:\/\/cosmate.com.tr\/testimonial\/z-f\/\" >read more<\/a><\/div><\/div><\/div><div class=\"testimonial-wrapper-inner\"><div class=\"testmonial-image\"><a title=\"Z*** F***\" href=\"https:\/\/cosmate.com.tr\/testimonial\/z-f\/\" ><i style=\"width:50;height:50;\" class=\"fa fa-user\"><\/i><\/a><\/div><div class=\"testmonial-text\"><div class=\"testimonial-title\"><a title=\"Z*** F***\" href=\"https:\/\/cosmate.com.tr\/testimonial\/z-f\/\" >Z*** F***<\/a><\/div><div class=\"testimonial-designation\">Trendyol Kullan\u0131c\u0131s\u0131<\/div><\/div><\/div><\/div><\/div><\/div><\/div>[\/vc_column][\/vc_row]<\/p>\n","protected":false},"excerpt":{"rendered":"<p>[vc_row full_width=&#8220;stretch_row_content&#8220; equal_height=&#8220;yes&#8220; el_class=&#8220;main-slider&#8220; css=&#8220;.vc_custom_1664200456595{background-image: url(https:\/\/splashythemes.com\/wordpress\/woo\/WCM01\/WCM010050\/wp-content\/uploads\/2020\/06\/bodytop-bg-img.jpg?id=9438) !important;}&#8220;][vc_column][vc_row_inner el_class=&#8220;theme-container&#8220;][vc_column_inner][rev_slider_vc alias=&#8220;tmpoption_homeslider&#8220; el_class=&#8220;Slider-content&#8220;][\/vc_column_inner][\/vc_row_inner][\/vc_column][\/vc_row][vc_row el_class=&#8220;bannercmsblock theme-container&#8220; css=&#8220;.vc_custom_1664200412808{margin-top: 15px !important;margin-bottom: 90px !important;}&#8220;][vc_column][vc_row_inner el_class=&#8220;banner-cms-wrappers&#8220;][vc_column_inner width=&#8220;1\/2&#8243;][\/vc_column_inner][vc_column_inner width=&#8220;1\/2&#8243;][\/vc_column_inner][\/vc_row_inner][\/vc_column][\/vc_row][vc_row el_class=&#8220;product-tab theme-container&#8220;][vc_column][\/vc_column][\/vc_row][vc_row content_placement=&#8220;middle&#8220; parallax_content=&#8220;parallax_content_value&#8220; parallax_content_sense=&#8220;30&#8243; enable_overlay=&#8220;enable_overlay_value&#8220; overlay_color=&#8220;#0a0a0a&#8220; overlay_pattern=&#8220;01.png&#8220; overlay_pattern_opacity=&#8220;80&#8243; el_class=&#8220;parallax theme-container&#8220; css=&#8220;.vc_custom_1663714091823{margin-top: 0px !important;margin-bottom: 0px !important;}&#8220;][vc_column el_class=&#8220;parallax-inner&#8220; css=&#8220;.vc_custom_1663714118442{margin-top: 0px !important;margin-bottom: 0px !important;padding-top: 0px !important;padding-bottom: 0px !important;}&#8220;][\/vc_column][\/vc_row][vc_row][vc_column css=&#8220;.vc_custom_1663708830953{padding-top: 50px !important;padding-right: 200px !important;padding-left: 200px !important;}&#8220; offset=&#8220;vc_hidden-md vc_hidden-sm vc_hidden-xs&#8220;][vc_basic_grid post_type=&#8220;post&#8220; max_items=&#8220;4&#8243; element_width=&#8220;3&#8243; item=&#8220;masonryGrid_SlideoOutFromRight&#8220; grid_id=&#8220;vc_gid:1706019105723-dc42d11d-7d28-5&#8243; css=&#8220;.vc_custom_1676067380624{padding-top: 50px !important;padding-bottom: 50px !important;}&#8220;][\/vc_column][\/vc_row][vc_row][vc_column offset=&#8220;vc_hidden-lg&#8220;][vc_basic_grid post_type=&#8220;post&#8220; max_items=&#8220;3&#8243; gap=&#8220;0&#8243; item=&#8220;basicGrid_SlideFromLeft&#8220; grid_id=&#8220;vc_gid:1706019105724-793f1b62-d0be-3&#8243;][\/vc_column][\/vc_row][vc_row][vc_column css=&#8220;.vc_custom_1665327196815{padding-right: 15px !important;padding-left: 15px !important;}&#8220; offset=&#8220;vc_hidden-md vc_hidden-sm vc_hidden-xs&#8220;][\/vc_column][\/vc_row]<\/p>\n","protected":false},"author":1,"featured_media":0,"parent":0,"menu_order":0,"comment_status":"closed","ping_status":"closed","template":"page-templates\/home.php","meta":{"footnotes":""},"_links":{"self":[{"href":"https:\/\/cosmate.com.tr\/de\/wp-json\/wp\/v2\/pages\/10989"}],"collection":[{"href":"https:\/\/cosmate.com.tr\/de\/wp-json\/wp\/v2\/pages"}],"about":[{"href":"https:\/\/cosmate.com.tr\/de\/wp-json\/wp\/v2\/types\/page"}],"author":[{"embeddable":true,"href":"https:\/\/cosmate.com.tr\/de\/wp-json\/wp\/v2\/users\/1"}],"replies":[{"embeddable":true,"href":"https:\/\/cosmate.com.tr\/de\/wp-json\/wp\/v2\/comments?post=10989"}],"version-history":[{"count":4,"href":"https:\/\/cosmate.com.tr\/de\/wp-json\/wp\/v2\/pages\/10989\/revisions"}],"predecessor-version":[{"id":13441,"href":"https:\/\/cosmate.com.tr\/de\/wp-json\/wp\/v2\/pages\/10989\/revisions\/13441"}],"wp:attachment":[{"href":"https:\/\/cosmate.com.tr\/de\/wp-json\/wp\/v2\/media?parent=10989"}],"curies":[{"name":"wp","href":"https:\/\/api.w.org\/{rel}","templated":true}]}}