{"id":11022,"date":"2018-09-28T05:18:48","date_gmt":"2018-09-28T05:18:48","guid":{"rendered":"http:\/\/cosmate.com.tr\/ueber-uns\/"},"modified":"2023-02-16T16:20:09","modified_gmt":"2023-02-16T16:20:09","slug":"ueber-uns","status":"publish","type":"page","link":"https:\/\/cosmate.com.tr\/de\/ueber-uns\/","title":{"rendered":"\u00dcber Uns"},"content":{"rendered":"<p>[vc_row el_class=&#8220;custom-content-main&#8220; css=&#8220;.vc_custom_1663687202289{margin-bottom: 30px !important;padding-top: 50px !important;padding-bottom: 50px !important;}&#8220;][vc_column][vc_row_inner el_class=&#8220;cosmate-about-text&#8220; css=&#8220;.vc_custom_1663687331126{padding-right: 30px !important;padding-left: 30px !important;}&#8220;][vc_column_inner width=&#8220;1\/2&#8243; css=&#8220;.vc_custom_1663687267137{padding-right: 30px !important;padding-bottom: 30px !important;}&#8220; offset=&#8220;vc_hidden-sm vc_hidden-xs&#8220;][vc_gallery type=&#8220;nivo&#8220; interval=&#8220;3&#8243; images=&#8220;9617&#8243; img_size=&#8220;large&#8220; onclick=&#8220;&#8220;][\/vc_column_inner][vc_column_inner width=&#8220;1\/2&#8243;]<div class=\"shortcode-title left \"><h3 class=\"normal-title\" >Cosmate<\/h3><h3 class=\"sub-title\">Together Better Life<\/h3><\/div>[vc_column_text css=&#8220;.vc_custom_1663686529476{padding-bottom: 10px !important;}&#8220;]<\/p>\n<p style=\"text-align: left;\">Ein besseres Leben zusammen!<\/p>\n<p style=\"text-align: left;\">Wir h\u00f6ren Ihnen zu, als w\u00fcrden wir unserem besten Freund zuh\u00f6ren, wir k\u00fcmmern uns um Ihre Bed\u00fcrfnisse, Sorgen und Erfahrungen und wir arbeiten hart daran, dass Sie sich besser f\u00fchlen. Denn wenn wir zusammen sind, ist alles anders. Genau aus diesem Grund wurde Cosmate gegr\u00fcndet. Um sich gemeinsam besser zu f\u00fchlen&#8230;<\/p>\n<p style=\"text-align: left;\">Wir respektieren die Natur und bieten unsere tierversuchsfreien Produkte in der nat\u00fcrlichsten und hochwertigsten Form an, auf diesem Weg, den wir mit dem Traum eingeschlagen haben, dabei zu sein der \u201eR\u00fcckkehr zum Wesen und zur Natur\u201c.<\/p>\n<p style=\"text-align: left;\">Vielen Dank, dass Sie mit uns teilen. Lasst uns! Lass uns dieses Leben gemeinsam zu einem noch besseren Ort machen!<\/p>\n<p>[\/vc_column_text][\/vc_column_inner][\/vc_row_inner][\/vc_column][\/vc_row][vc_row][vc_column][vc_text_separator title=&#8220;#cosmate_tr&#8220; i_icon_fontawesome=&#8220;fab fa-instagram&#8220; i_color=&#8220;black&#8220; color=&#8220;black&#8220; add_icon=&#8220;true&#8220;][vc_raw_html]W2luc3RhZ3JhbS1mZWVkIGZlZWQ9MV0=[\/vc_raw_html][\/vc_column][\/vc_row]<\/p>\n","protected":false},"excerpt":{"rendered":"<p>[vc_row el_class=&#8220;custom-content-main&#8220; css=&#8220;.vc_custom_1663687202289{margin-bottom: 30px !important;padding-top: 50px !important;padding-bottom: 50px !important;}&#8220;][vc_column][vc_row_inner el_class=&#8220;cosmate-about-text&#8220; css=&#8220;.vc_custom_1663687331126{padding-right: 30px !important;padding-left: 30px !important;}&#8220;][vc_column_inner width=&#8220;1\/2&#8243; css=&#8220;.vc_custom_1663687267137{padding-right: 30px !important;padding-bottom: 30px !important;}&#8220; offset=&#8220;vc_hidden-sm vc_hidden-xs&#8220;][vc_gallery type=&#8220;nivo&#8220; interval=&#8220;3&#8243; images=&#8220;9617&#8243; img_size=&#8220;large&#8220; onclick=&#8220;&#8220;][\/vc_column_inner][vc_column_inner width=&#8220;1\/2&#8243;][vc_column_text css=&#8220;.vc_custom_1663686529476{padding-bottom: 10px !important;}&#8220;] Ein besseres Leben zusammen! Wir h\u00f6ren Ihnen zu, als w\u00fcrden wir unserem besten Freund zuh\u00f6ren, wir k\u00fcmmern uns um Ihre Bed\u00fcrfnisse, Sorgen und Erfahrungen und wir arbeiten hart daran, dass Sie sich besser f\u00fchlen. Denn wenn wir zusammen sind, ist alles anders. Genau aus diesem Grund wurde Cosmate gegr\u00fcndet. Um sich gemeinsam besser zu f\u00fchlen&#8230; Wir respektieren die Natur und bieten unsere tierversuchsfreien Produkte in der nat\u00fcrlichsten und hochwertigsten Form an, auf diesem Weg, den wir mit dem Traum eingeschlagen haben, dabei zu sein der \u201eR\u00fcckkehr zum Wesen und zur Natur\u201c. Vielen Dank, dass Sie mit uns teilen. Lasst uns! Lass uns dieses Leben gemeinsam zu einem noch besseren Ort machen! [\/vc_column_text][\/vc_column_inner][\/vc_row_inner][\/vc_column][\/vc_row][vc_row][vc_column][vc_text_separator title=&#8220;#cosmate_tr&#8220; i_icon_fontawesome=&#8220;fab fa-instagram&#8220; i_color=&#8220;black&#8220; color=&#8220;black&#8220; add_icon=&#8220;true&#8220;][vc_raw_html]W2luc3RhZ3JhbS1mZWVkIGZlZWQ9MV0=[\/vc_raw_html][\/vc_column][\/vc_row]<\/p>\n","protected":false},"author":1,"featured_media":0,"parent":0,"menu_order":0,"comment_status":"closed","ping_status":"closed","template":"page-templates\/home.php","meta":{"footnotes":""},"_links":{"self":[{"href":"https:\/\/cosmate.com.tr\/de\/wp-json\/wp\/v2\/pages\/11022"}],"collection":[{"href":"https:\/\/cosmate.com.tr\/de\/wp-json\/wp\/v2\/pages"}],"about":[{"href":"https:\/\/cosmate.com.tr\/de\/wp-json\/wp\/v2\/types\/page"}],"author":[{"embeddable":true,"href":"https:\/\/cosmate.com.tr\/de\/wp-json\/wp\/v2\/users\/1"}],"replies":[{"embeddable":true,"href":"https:\/\/cosmate.com.tr\/de\/wp-json\/wp\/v2\/comments?post=11022"}],"version-history":[{"count":1,"href":"https:\/\/cosmate.com.tr\/de\/wp-json\/wp\/v2\/pages\/11022\/revisions"}],"predecessor-version":[{"id":11023,"href":"https:\/\/cosmate.com.tr\/de\/wp-json\/wp\/v2\/pages\/11022\/revisions\/11023"}],"wp:attachment":[{"href":"https:\/\/cosmate.com.tr\/de\/wp-json\/wp\/v2\/media?parent=11022"}],"curies":[{"name":"wp","href":"https:\/\/api.w.org\/{rel}","templated":true}]}}