{"id":11031,"date":"2022-09-10T14:15:04","date_gmt":"2022-09-10T14:15:04","guid":{"rendered":"http:\/\/cosmate.com.tr\/ruecknahmegarantie\/"},"modified":"2023-02-16T16:32:38","modified_gmt":"2023-02-16T16:32:38","slug":"ruecknahmegarantie","status":"publish","type":"page","link":"https:\/\/cosmate.com.tr\/de\/ruecknahmegarantie\/","title":{"rendered":"R\u00fccknahmegarantie"},"content":{"rendered":"<p>[vc_row][vc_column][vc_column_text]Stornierungs- und R\u00fcckerstattungsrichtlinie<\/p>\n<p>14 (VIERZEHN) Werktage nach Erhalt der Lieferung f\u00fcr die Bestellungen, die Sie auf unserer Website aufgeben.<br \/>\nSie haben das Recht, einen Umtausch oder eine R\u00fcckerstattung zu verlangen.<br \/>\nWenn Sie eine R\u00fccksendung anfordern, k\u00f6nnen Sie Ihre R\u00fccksendeanfrage \u00fcber den Adressbereich meiner Bestellungen auf badenatural.com einreichen.<br \/>\nSie k\u00f6nnen es angeben und mit Ihrer Rechnung als Gegenzahlung senden.<br \/>\nSendungen mit Gegenzahlung werden von S\u00fcrat Kargo akzeptiert. Senden Sie Ihre R\u00fccksendung an das Kurierunternehmen<br \/>\nw\u00e4hrend der Lieferung von Osen \u0130\u00c7 ve D\u0131\u015f Tic. GmbH. Leutnant Sie m\u00fcssen unseren aktuellen Titel angeben.<br \/>\nR\u00fcckgabe von unverpackten\/ge\u00f6ffneten Produkten, erprobten und kaputten Produkten Fernabsatz<br \/>\nVertraglich unzul\u00e4ssig.<\/p>\n<p>Kehrt zur\u00fcck:<br \/>\nAdresse: Osmangazi Mah. 597\/3 sc. Nr.: 12,<br \/>\nBayrakl\u0131\/\u0130zmir<br \/>\nTEL:0850 441 67 38<\/p>\n<p>VERBRAUCHERRECHTE &#8211; WIDERRUFSRECHT &#8211; WIDERRUFSRECHT R\u00dcCKGABERECHTE<br \/>\nALLGEMEIN:<br \/>\n1. Wenn Sie eine Bestellung elektronisch \u00fcber die von Ihnen genutzte Website aufgeben,<br \/>\nEs wird davon ausgegangen, dass Sie das Vorabinformationsformular und den Ihnen vorgelegten Fernabsatzvertrag akzeptiert haben.<br \/>\n2. Verbraucherschutz Nr. 6502 in Bezug auf den Verkauf und die Lieferung des von ihnen gekauften Produkts.<br \/>\nMit den Bestimmungen des Gesetzes \u00fcber das Gesetz und der Verordnung \u00fcber Fernabsatzvertr\u00e4ge (OG:27.11.2014\/29188)<br \/>\nunterliegen anderen anwendbaren Gesetzen.<br \/>\n3. Die Versandkosten, die die Produktversandkosten sind, werden von den K\u00e4ufern bezahlt.<br \/>\n4. Jedes gekaufte Produkt, sofern es die vom K\u00e4ufer angegebene gesetzliche Frist von 30 Tagen nicht \u00fcberschreitet.<br \/>\nEs wird der Person und\/oder Organisation an der Adresse zugestellt. Wenn das Produkt nicht innerhalb dieser Frist geliefert wird, K\u00e4ufer<br \/>\nkann den Vertrag k\u00fcndigen.<br \/>\n5. Das gekaufte Produkt ist vollst\u00e4ndig und entspricht den in der Bestellung angegebenen Qualifikationen, und ein Garantiezertifikat, falls vorhanden,<br \/>\nm\u00fcssen mit Dokumenten wie der Bedienungsanleitung geliefert werden.<\/p>\n<p>6. Wenn es unm\u00f6glich wird, das gekaufte Produkt zu verkaufen, der Verk\u00e4ufer<br \/>\nmuss den K\u00e4ufer innerhalb von 3 Tagen ab dem Datum der Kenntnisnahme schriftlich \u00fcber diesen Umstand informieren. 14 Tage<br \/>\nDer Gesamtpreis muss an den K\u00e4ufer zur\u00fcckerstattet werden.<br \/>\nWENN DAS GEKAUFTE PRODUKT NICHT BEZAHLBAR IST:<br \/>\n7. Wenn der K\u00e4ufer den Preis des gekauften Produkts nicht bezahlt oder es in den Bankunterlagen storniert, das Produkt des Verk\u00e4ufers<br \/>\ndie Lieferverpflichtung erlischt.<br \/>\nEINK\u00c4UFE MIT DER UNAUTORISIERTEN VERWENDUNG DER KREDITKARTE:<br \/>\n8. Nachdem das Produkt geliefert wurde, die Kreditkarte, die der K\u00e4ufer bezahlt hat<br \/>\nWenn festgestellt wird, dass es unfair verwendet wurde, und der Preis des verkauften Produkts, die zust\u00e4ndige Bank oder das Finanzinstitut<br \/>\nErfolgt keine Zahlung durch den Verk\u00e4ufer an den Verk\u00e4ufer, tr\u00e4gt der K\u00e4ufer die Versandkosten des vertragsgegenst\u00e4ndlichen Produkts innerhalb von 3 Tagen.<br \/>\nEs muss als Eigentum des VERK\u00c4UFERS an den VERK\u00c4UFER zur\u00fcckgegeben werden.<br \/>\nWENN DAS PRODUKT AUS UNERLAUBTEN GR\u00dcNDEN NICHT INNERHALB DER ZEIT GELIEFERT WERDEN KANN:<br \/>\n9. Wenn h\u00f6here Gewalt eintritt, die der Verk\u00e4ufer nicht vorhersehen kann, und das Produkt nicht rechtzeitig geliefert werden kann,<br \/>\nSituation wird dem K\u00e4ufer mitgeteilt. Der K\u00e4ufer kann die Bestellung stornieren, das Produkt durch ein \u00e4hnliches Produkt ersetzen oder verhindern.<br \/>\nkann verlangen, dass die Lieferung bis zum Verschwinden verz\u00f6gert wird. Wenn der K\u00e4ufer die Bestellung storniert; bezahlen<br \/>\nHat er dies mit Bargeld getan, wird ihm diese Geb\u00fchr innerhalb von 14 Tagen ab dem Datum der Stornierung in bar ausbezahlt. K\u00e4ufer,<br \/>\nWenn die Zahlung per Kreditkarte erfolgt und storniert, innerhalb von 14 Tagen nach dieser Stornierung, das Produkt<br \/>\nDie Kosten werden an die Bank zur\u00fcckerstattet, aber die Bank \u00fcberweist sie innerhalb von 2-3 Wochen auf das Konto des K\u00e4ufers<br \/>\nm\u00f6glich.<br \/>\nVERPFLICHTUNG DES K\u00c4UFERS, DAS PRODUKT ZU PR\u00dcFEN:<br \/>\n10. Der K\u00e4ufer wird die vertragsgegenst\u00e4ndliche Ware\/Leistung vor Erhalt pr\u00fcfen; gequetscht, gebrochen,<br \/>\nDie Verpackung ist zerrissen usw. Besch\u00e4digte und mangelhafte Waren \/ Dienstleistungen werden nicht vom Frachtunternehmen erhalten. Lieferung<br \/>\nDie empfangene Ware\/Leistung gilt als unbesch\u00e4digt und intakt. K\u00c4UFER , Nach Lieferung<br \/>\nWaren\/Dienstleistungen m\u00fcssen sorgf\u00e4ltig gesch\u00fctzt werden. Waren\/Dienstleistungen, wenn vom Widerrufsrecht Gebrauch gemacht wird<br \/>\nsollte nicht benutzt werden. Die Rechnung muss zusammen mit dem Produkt zur\u00fcckgesendet werden.<br \/>\n12. KONTAKTDATEN, DIE \u00dcBER DAS WIDERRUFSRECHT DES VERK\u00c4UFERS BENACHRICHTIGT WERDEN K\u00d6NNEN:<br \/>\nUNTERNEHMEN: OSEN IC VE DIS TIC. SINGEN. GMBH. STI.<br \/>\nNAME\/TITEL:Cosmate \u2013 Osen \u0130\u00c7 ve D\u0131\u015f Tic. Singen. GmbH. Sti.<br \/>\nADRESSE: Osmangazi Mah. 597\/3 sc. Nr.: 12,<br \/>\nBayrakl\u0131\/\u0130zmir<br \/>\nE-MAIL:info@cosmate.com.tr<br \/>\nTEL:0850 441 67 38<\/p>\n<p>DAUER DES WIDERRUFSRECHTS:<br \/>\n13. Wenn der K\u00e4ufer eine Dienstleistung erworben hat, beginnt diese 14-t\u00e4gige Frist ab dem Datum der Vertragsunterzeichnung.<br \/>\nbeginnt ab. Vor Ablauf des Widerrufsrechts erfolgt die Erbringung der Dienstleistung mit Zustimmung des Verbrauchers<br \/>\nDas Widerrufsrecht kann bei begonnenen Dienstleistungsvertr\u00e4gen nicht ausge\u00fcbt werden.<br \/>\n14. Die durch die Aus\u00fcbung des Widerrufsrechts entstehenden Kosten tr\u00e4gt der VERK\u00c4UFER.<br \/>\n15. Um das Widerrufsrecht auszu\u00fcben, muss der VERK\u00c4UFER innerhalb von 14 (vierzehn) Tagen registriert sein.<br \/>\nschriftliche Mitteilung per Post, Fax oder E-Mail und das Produkt in diesem Vertrag geregelt ist;<\/p>\n<p>Produkte, f\u00fcr die das Widerrufsrecht nicht ausge\u00fcbt werden kann; Es darf nicht in \u00dcbereinstimmung mit seinen Bedingungen verwendet worden sein.<br \/>\nNUTZUNG DES WIDERRUFSRECHTS:<br \/>\n16. Rechnung des an den Dritten oder den K\u00c4UFER gelieferten Produkts (Die Rechnung des zur\u00fcckzusendenden Produkts<br \/>\nHandelt es sich um ein Unternehmen, muss es zusammen mit der R\u00fccksenderechnung gesendet werden, die von der Institution bei der R\u00fccksendung ausgestellt wird.<br \/>\nerforderlich. Auftragsr\u00fccksendungen, deren Rechnungen im Auftrag von Institutionen ausgestellt werden, bei denen keine R\u00dcCKGABERECHNUNG ausgestellt wird<br \/>\nandernfalls wird es nicht abgeschlossen.)<br \/>\n17. R\u00fccksendeformular, zusammen mit dem Karton, der Verpackung und dem Standardzubeh\u00f6r der zur\u00fcckzusendenden Produkte.<br \/>\nvollst\u00e4ndig und unbesch\u00e4digt angeliefert werden.<br \/>\nR\u00dcCKSENDEBEDINGUNGEN:<br \/>\n18. Der VERK\u00c4UFER sp\u00e4testens innerhalb von 10 Tagen nach Erhalt der R\u00fccktrittserkl\u00e4rung.<br \/>\nden Gesamtpreis und die Dokumente, die den K\u00c4UFER schulden, an den K\u00c4UFER zur\u00fcckzusenden, und eine Frist von 20 Tagen<br \/>\nf\u00fcr die R\u00fccksendung der Ware verantwortlich.<br \/>\n19. Bei Wertminderung der Ware durch Verschulden des K\u00c4UFERS oder der R\u00fccksendung<br \/>\nbei Unm\u00f6glichkeit ist der K\u00c4UFER dem VERK\u00c4UFER zum Ersatz des Schadens in H\u00f6he seines Verschuldens verpflichtet. Jedoch<br \/>\ndie durch die bestimmungsgem\u00e4\u00dfe Verwendung der Waren oder Produkte innerhalb der Widerrufsfrist entstanden sind.<br \/>\nDer K\u00c4UFER haftet nicht f\u00fcr \u00c4nderungen oder Verschlechterungen.<br \/>\n20. Aufgrund der Nutzung des Widerrufsrechts das vom VERK\u00c4UFER festgelegte Aktionslimit<br \/>\nLiegt der Betrag unter dem Rabattbetrag, wird der im Rahmen der Aktion genutzte Rabattbetrag storniert.<br \/>\nerledigt.<br \/>\nPRODUKTE, DIE NICHT MIT WIDERRUFSRECHT VERWENDET WERDEN K\u00d6NNEN:<br \/>\n21. Vorbereitet und zur\u00fcckgesendet auf Anfrage des K\u00c4UFERS oder eindeutig pers\u00f6nliche Bed\u00fcrfnisse.<br \/>\nungeeignete Unterw\u00e4sche, Bade- und Bikinihosen, Schminkmaterialien, Wegwerfartikel<br \/>\nwiederverwendbare Produkte, die leicht verderblich sind oder ein m\u00f6gliches Verfallsdatum haben.<br \/>\nDie Waren werden zur\u00fcckgegeben, wenn die Verpackung vom K\u00c4UFER ge\u00f6ffnet wird, nachdem sie an den K\u00c4UFER geliefert wurden.<br \/>\nProdukte, die gesundheitlich und hygienisch nicht geeignet sind zu liefern,<br \/>\nProdukte, die mit Produkten vermischt sind und aufgrund ihrer Beschaffenheit nicht getrennt werden k\u00f6nnen, Abonnementvertrag<br \/>\nWaren im Zusammenhang mit Zeitschriften wie Zeitungen und Zeitschriften, elektronische<\/p>\n<p>Dienstleistungen, die sofort in der Umwelt erbracht werden, oder immaterielle G\u00fcter, die sofort an den Verbraucher geliefert werden, und<br \/>\nAudio- oder Videoaufzeichnungen, B\u00fccher, digitale Inhalte, Softwareprogramme, Datenaufzeichnung und<br \/>\nDatentr\u00e4ger, Computerverbrauchsmaterial, vom K\u00c4UFER ge\u00f6ffnete Verpackungen<br \/>\nWenn eine R\u00fcckerstattung erfolgt, ist dies gem\u00e4\u00df der Verordnung nicht m\u00f6glich. Au\u00dferdem erlischt das Widerrufsrecht.<br \/>\nDas Widerrufsrecht bez\u00fcglich der Dienstleistungen begann mit der Zustimmung des Verbrauchers vor Ablauf<br \/>\nEine Verwendung im Sinne der Verordnung ist nicht m\u00f6glich.<br \/>\n22. Kosmetik- und K\u00f6rperpflegeprodukte, Unterw\u00e4scheprodukte, Badebekleidung, Bikinis, B\u00fccher, kopierf\u00e4hige Software<br \/>\nund Programme, DVD, VCD, CD und Kassetten sowie Verbrauchsmaterial (Toner, Patrone, Band usw.)<br \/>\nunge\u00f6ffnet, ungetestet, unbesch\u00e4digt und unbenutzt<br \/>\nSie m\u00fcssen.<br \/>\nVERZUGSZUSTAND UND RECHTSFOLGEN<br \/>\n23. Befindet sich der K\u00c4UFER im Falle der Zahlung mit einer Kreditkarte in Verzug, wird die Karte<br \/>\nder Eigent\u00fcmer zahlt Zinsen im Rahmen der Kreditkartenvereinbarung mit der Bank und<br \/>\nakzeptiert, erkl\u00e4rt und verpflichtet sich, daf\u00fcr haftbar zu sein In diesem Fall wird die zust\u00e4ndige Bank rechtliche Schritte einleiten.<br \/>\nkann sich bewerben; die entstehenden Kosten und Anwaltskosten vom K\u00c4UFER verlangen und in jedem Fall<br \/>\nKommt der K\u00c4UFER mit einer Schuld in Verzug, haftet der K\u00c4UFER f\u00fcr die versp\u00e4tete Erf\u00fcllung der Schuld.<br \/>\nEr akzeptiert, dass der VERK\u00c4UFER f\u00fcr den erlittenen Verlust und Schaden aufkommen wird.[\/vc_column_text][\/vc_column][\/vc_row]<\/p>\n","protected":false},"excerpt":{"rendered":"<p>[vc_row][vc_column][vc_column_text]Stornierungs- und R\u00fcckerstattungsrichtlinie 14 (VIERZEHN) Werktage nach Erhalt der Lieferung f\u00fcr die Bestellungen, die Sie auf unserer Website aufgeben. Sie haben das Recht, einen Umtausch oder eine R\u00fcckerstattung zu verlangen. Wenn Sie eine R\u00fccksendung anfordern, k\u00f6nnen Sie Ihre R\u00fccksendeanfrage \u00fcber den Adressbereich meiner Bestellungen auf badenatural.com einreichen. Sie k\u00f6nnen es angeben und mit Ihrer Rechnung als Gegenzahlung senden. Sendungen mit Gegenzahlung werden von S\u00fcrat Kargo akzeptiert. Senden Sie Ihre R\u00fccksendung an das Kurierunternehmen w\u00e4hrend der Lieferung von Osen \u0130\u00c7 ve D\u0131\u015f Tic. GmbH. Leutnant Sie m\u00fcssen unseren aktuellen Titel angeben. R\u00fcckgabe von unverpackten\/ge\u00f6ffneten Produkten, erprobten und kaputten Produkten Fernabsatz Vertraglich unzul\u00e4ssig. Kehrt zur\u00fcck: Adresse: Osmangazi Mah. 597\/3 sc. Nr.: 12, Bayrakl\u0131\/\u0130zmir TEL:0850 441 67 38 VERBRAUCHERRECHTE &#8211; WIDERRUFSRECHT &#8211; WIDERRUFSRECHT R\u00dcCKGABERECHTE ALLGEMEIN: 1. Wenn Sie eine Bestellung elektronisch \u00fcber die von Ihnen genutzte Website aufgeben, Es wird davon ausgegangen, dass Sie das Vorabinformationsformular und den Ihnen vorgelegten Fernabsatzvertrag akzeptiert haben. 2. Verbraucherschutz Nr. 6502 in Bezug auf den Verkauf und die Lieferung des von ihnen gekauften Produkts. Mit den Bestimmungen des Gesetzes \u00fcber das Gesetz und der Verordnung \u00fcber Fernabsatzvertr\u00e4ge (OG:27.11.2014\/29188) unterliegen anderen anwendbaren Gesetzen. 3. Die Versandkosten, die die Produktversandkosten sind, werden von den K\u00e4ufern bezahlt. 4. Jedes gekaufte&hellip; <a class=\"read-more-link\" href=\"https:\/\/cosmate.com.tr\/de\/ruecknahmegarantie\/\">Read More<\/a><\/p>\n","protected":false},"author":1,"featured_media":0,"parent":0,"menu_order":0,"comment_status":"closed","ping_status":"closed","template":"","meta":{"footnotes":""},"_links":{"self":[{"href":"https:\/\/cosmate.com.tr\/de\/wp-json\/wp\/v2\/pages\/11031"}],"collection":[{"href":"https:\/\/cosmate.com.tr\/de\/wp-json\/wp\/v2\/pages"}],"about":[{"href":"https:\/\/cosmate.com.tr\/de\/wp-json\/wp\/v2\/types\/page"}],"author":[{"embeddable":true,"href":"https:\/\/cosmate.com.tr\/de\/wp-json\/wp\/v2\/users\/1"}],"replies":[{"embeddable":true,"href":"https:\/\/cosmate.com.tr\/de\/wp-json\/wp\/v2\/comments?post=11031"}],"version-history":[{"count":2,"href":"https:\/\/cosmate.com.tr\/de\/wp-json\/wp\/v2\/pages\/11031\/revisions"}],"predecessor-version":[{"id":11033,"href":"https:\/\/cosmate.com.tr\/de\/wp-json\/wp\/v2\/pages\/11031\/revisions\/11033"}],"wp:attachment":[{"href":"https:\/\/cosmate.com.tr\/de\/wp-json\/wp\/v2\/media?parent=11031"}],"curies":[{"name":"wp","href":"https:\/\/api.w.org\/{rel}","templated":true}]}}