{"id":11042,"date":"2018-08-21T12:27:32","date_gmt":"2018-08-21T12:27:32","guid":{"rendered":"http:\/\/cosmate.com.tr\/geschaeftsbedingungen\/"},"modified":"2023-02-16T16:37:40","modified_gmt":"2023-02-16T16:37:40","slug":"geschaeftsbedingungen","status":"publish","type":"page","link":"https:\/\/cosmate.com.tr\/de\/geschaeftsbedingungen\/","title":{"rendered":"Gesch\u00e4ftsbedingungen"},"content":{"rendered":"<p>[vc_row][vc_column][vc_column_text]<\/p>\n<h2 id=\"terms-of-use\">Nutzungsbedingungen<\/h2>\n<p>Sehr geehrter Besucher, bitte lesen Sie diese Nutzungsbedingungen sorgf\u00e4ltig durch, bevor Sie unsere Website http:\/\/cosmate.com.tr besuchen. Ihr Zugriff auf die Website h\u00e4ngt vollst\u00e4ndig von Ihrer Annahme dieser Vereinbarung und Ihrer Einhaltung der in dieser Vereinbarung festgelegten Bedingungen ab. Wenn Sie eine der Bedingungen dieser Vereinbarung nicht akzeptieren, beenden Sie bitte Ihren Zugriff auf die Website. Bitte beachten Sie, dass wir davon ausgehen, dass Sie den gesamten Text dieser Vereinbarung vorbehaltlos und bedingungslos akzeptieren, wenn Sie weiterhin auf die Website zugreifen.<\/p>\n<p>Die Website http:\/\/cosmate.com.tr wird vom Firmennamen verwaltet und im Folgenden als SITE bezeichnet. Die Nutzungsbedingungen f\u00fcr diese Website treten mit der Ver\u00f6ffentlichung in Kraft. Das Recht, \u00c4nderungen vorzunehmen, geh\u00f6rt einseitig der SITE, und es wird davon ausgegangen, dass alle unsere Benutzer diese \u00c4nderungen akzeptiert haben, die von Anfang an auf der SITE aktualisiert werden.<\/p>\n<h2 id=\"privacy\">Datenschutz<\/h2>\n<p>Datenschutz ist auf einer separaten Seite verf\u00fcgbar, um die Grunds\u00e4tze der Verarbeitung Ihrer pers\u00f6nlichen Daten durch uns zu regeln. Wenn Sie die SITE nutzen, akzeptieren Sie, dass die Verarbeitung dieser Daten in \u00dcbereinstimmung mit der Datenschutzrichtlinie erfolgt.<\/p>\n<h2 id=\"service-scope\">Leistungsumfang<\/h2>\n<p>Als Firmenname k\u00f6nnen wir den Umfang und die Art der von uns erbrachten Dienstleistungen im Rahmen des Gesetzes v\u00f6llig frei bestimmen; Die \u00c4nderungen, die wir in Bezug auf die Dienste vornehmen, gelten als in Kraft getreten, wenn sie auf der SITE ver\u00f6ffentlicht werden.<\/p>\n<h2 id=\"copyrights\">Urheberrechte<\/h2>\n<p>Der Eigent\u00fcmer aller Texte, Codes, Grafiken, Logos, Bilder, Tondateien und Software, die auf der SITE verwendet werden (im Folgenden als &#8222;Inhalt&#8220; bezeichnet), ist der Firmenname, und alle Rechte sind vorbehalten. Das Reproduzieren oder Kopieren von Seiteninhalten ist ohne schriftliche Genehmigung strengstens untersagt.<\/p>\n<h2 id=\"general-huekuems\">Allgemeine Bestimmungen<\/h2>\n<ul>\n<li>Alle Benutzer verpflichten sich, die SITE nur f\u00fcr legale und pers\u00f6nliche Zwecke zu nutzen und keine Aktivit\u00e4ten auszuf\u00fchren, die die Rechte Dritter verletzen w\u00fcrden. Die rechtliche und strafrechtliche Verantwortung f\u00fcr ihre Transaktionen und Handlungen innerhalb der SITE liegt bei ihnen. Die SITE \u00fcbernimmt keine direkte und\/oder indirekte Verantwortung f\u00fcr Sch\u00e4den, die Dritten aufgrund dieser Arbeiten und Aktionen entstehen oder entstehen werden.<\/li>\n<li>Wir tun unser Bestes, um die Richtigkeit und Aktualit\u00e4t der auf der SITE verf\u00fcgbaren Informationen sicherzustellen. Trotz unserer Bem\u00fchungen k\u00f6nnen diese Informationen jedoch hinter den tats\u00e4chlichen \u00c4nderungen zur\u00fcckbleiben, und es kann zu Abweichungen kommen. Aus diesem Grund \u00fcbernehmen wir keine ausdr\u00fcckliche oder stillschweigende Garantie f\u00fcr die Richtigkeit und Aktualit\u00e4t der Informationen auf der Website und gehen keinerlei Verpflichtungen ein.<\/li>\n<li>Die SITE kann Hyperlinks zu anderen Websites, Anwendungen und Plattformen enthalten, die von Dritten betrieben werden und deren Inhalte uns nicht bekannt sind. Die SITE-Funktionalit\u00e4t bietet nur Zugriff auf diese Sites, und wir \u00fcbernehmen keine Verantwortung f\u00fcr deren Inhalt.<\/li>\n<li>Obwohl wir unser Bestes tun, um die SITE virenfrei zu halten, k\u00f6nnen wir nicht garantieren, dass Viren vollst\u00e4ndig frei sind. Es liegt daher in der Verantwortung des Nutzers, beim Herunterladen von Daten die notwendigen Vorsichtsma\u00dfnahmen gegen Viren zu treffen. Virus usw. Wir sind nicht verantwortlich f\u00fcr Sch\u00e4den, die durch b\u00f6sartige Programme, Codes oder Materialien verursacht werden.<\/li>\n<li>Wir garantieren nicht, dass die auf der SITE angebotenen Dienste keine M\u00e4ngel oder Fehler aufweisen oder dass der Dienst ununterbrochen bereitgestellt wird. Wir k\u00f6nnen Ihren Zugriff auf die SITE und ihre Dienste oder einen Teil davon jederzeit ohne Vorank\u00fcndigung k\u00fcndigen.<\/li>\n<\/ul>\n<h2 id=\"limitation-limitation\">Haftungsbeschr\u00e4nkung<\/h2>\n<p>Unsere Haftung f\u00fcr Sch\u00e4den, die sich aus der Nutzung der SITE ergeben, ist auf Vorsatz und grobe Fahrl\u00e4ssigkeit beschr\u00e4nkt. Bei vertragswidrigen Sch\u00e4den ist die Schadenersatzforderung insgesamt auf den vorhersehbaren Schaden begrenzt. Die vorstehenden Haftungsbeschr\u00e4nkungen gelten ebenfalls nicht bei Sch\u00e4den aus der Verletzung des Lebens, des K\u00f6rpers oder der Gesundheit einer Person. Wir haften nicht f\u00fcr Entsch\u00e4digungen aufgrund von Verzug, Nichterf\u00fcllung oder Nichterf\u00fcllung in allen Situationen, die rechtlich als h\u00f6here Gewalt gelten.<\/p>\n<p>Streitbeilegung: F\u00fcr die Beilegung von Streitigkeiten, die sich aus der Umsetzung oder Auslegung dieser Vereinbarung ergeben, gelten die Gesetze der Republik T\u00fcrkei; Die Gerichte und Vollstreckungsbeh\u00f6rden des Gerichtsgeb\u00e4udes von \u0130zmir sind autorisiert.[\/vc_column_text][\/vc_column][\/vc_row]<\/p>\n","protected":false},"excerpt":{"rendered":"<p>[vc_row][vc_column][vc_column_text] Nutzungsbedingungen Sehr geehrter Besucher, bitte lesen Sie diese Nutzungsbedingungen sorgf\u00e4ltig durch, bevor Sie unsere Website http:\/\/cosmate.com.tr besuchen. Ihr Zugriff auf die Website h\u00e4ngt vollst\u00e4ndig von Ihrer Annahme dieser Vereinbarung und Ihrer Einhaltung der in dieser Vereinbarung festgelegten Bedingungen ab. Wenn Sie eine der Bedingungen dieser Vereinbarung nicht akzeptieren, beenden Sie bitte Ihren Zugriff auf die Website. Bitte beachten Sie, dass wir davon ausgehen, dass Sie den gesamten Text dieser Vereinbarung vorbehaltlos und bedingungslos akzeptieren, wenn Sie weiterhin auf die Website zugreifen. Die Website http:\/\/cosmate.com.tr wird vom Firmennamen verwaltet und im Folgenden als SITE bezeichnet. Die Nutzungsbedingungen f\u00fcr diese Website treten mit der Ver\u00f6ffentlichung in Kraft. Das Recht, \u00c4nderungen vorzunehmen, geh\u00f6rt einseitig der SITE, und es wird davon ausgegangen, dass alle unsere Benutzer diese \u00c4nderungen akzeptiert haben, die von Anfang an auf der SITE aktualisiert werden. Datenschutz Datenschutz ist auf einer separaten Seite verf\u00fcgbar, um die Grunds\u00e4tze der Verarbeitung Ihrer pers\u00f6nlichen Daten durch uns zu regeln. Wenn Sie die SITE nutzen, akzeptieren Sie, dass die Verarbeitung dieser Daten in \u00dcbereinstimmung mit der Datenschutzrichtlinie erfolgt. Leistungsumfang Als Firmenname k\u00f6nnen wir den Umfang und die Art der von uns erbrachten Dienstleistungen im Rahmen des Gesetzes v\u00f6llig frei bestimmen; Die \u00c4nderungen, die wir&hellip; <a class=\"read-more-link\" href=\"https:\/\/cosmate.com.tr\/de\/geschaeftsbedingungen\/\">Read More<\/a><\/p>\n","protected":false},"author":1,"featured_media":0,"parent":0,"menu_order":0,"comment_status":"closed","ping_status":"closed","template":"","meta":{"footnotes":""},"_links":{"self":[{"href":"https:\/\/cosmate.com.tr\/de\/wp-json\/wp\/v2\/pages\/11042"}],"collection":[{"href":"https:\/\/cosmate.com.tr\/de\/wp-json\/wp\/v2\/pages"}],"about":[{"href":"https:\/\/cosmate.com.tr\/de\/wp-json\/wp\/v2\/types\/page"}],"author":[{"embeddable":true,"href":"https:\/\/cosmate.com.tr\/de\/wp-json\/wp\/v2\/users\/1"}],"replies":[{"embeddable":true,"href":"https:\/\/cosmate.com.tr\/de\/wp-json\/wp\/v2\/comments?post=11042"}],"version-history":[{"count":1,"href":"https:\/\/cosmate.com.tr\/de\/wp-json\/wp\/v2\/pages\/11042\/revisions"}],"predecessor-version":[{"id":11043,"href":"https:\/\/cosmate.com.tr\/de\/wp-json\/wp\/v2\/pages\/11042\/revisions\/11043"}],"wp:attachment":[{"href":"https:\/\/cosmate.com.tr\/de\/wp-json\/wp\/v2\/media?parent=11042"}],"curies":[{"name":"wp","href":"https:\/\/api.w.org\/{rel}","templated":true}]}}