{"id":11461,"date":"2023-02-21T14:04:09","date_gmt":"2023-02-21T14:04:09","guid":{"rendered":"http:\/\/cosmate.com.tr\/urun\/aromatherapie-pflegeset\/"},"modified":"2025-02-17T13:34:52","modified_gmt":"2025-02-17T13:34:52","slug":"aromatherapie-pflegeset","status":"publish","type":"product","link":"https:\/\/cosmate.com.tr\/de\/produkt\/aromatherapie-pflegeset\/","title":{"rendered":"Aromatherapie-Pflegeset"},"content":{"rendered":"<p>Set-Inhalt: Lavendel\u00f6l, Ylang-Ylang-\u00d6l, Jojoba\u00f6l, Macadamia\u00f6l und 1 R\u00e4uchergef\u00e4\u00df Ihrer Wahl.<\/p>\n<p>Lavendel\u00f6l<\/p>\n<p>Er wird durch Wasserdampfdestillation aus Lavendelbl\u00fcten gewonnen. Es ist eines der am h\u00e4ufigsten verwendeten \u00e4therischen \u00d6le.<br \/>\nEs wird besonders bevorzugt, da es Migr\u00e4neschmerzen lindert und beruhigend wirkt.<br \/>\nEs reduziert Stress und Angst.<br \/>\nBeseitigt nerv\u00f6se Anspannung.<br \/>\nLindert Schmerzen.<br \/>\nEs l\u00f6st das Problem der Schlaflosigkeit<br \/>\nReduziert Atemprobleme.<\/p>\n<p>Ylang-Ylang-\u00d6l<br \/>\nDie Verwendung von Ylang-Ylang-\u00d6l reicht Jahrhunderte zur\u00fcck. Die Ureinwohner der Molukken verwendeten Ylang Ylang-\u00d6l, um aphrodisische D\u00fcfte zu kreieren, die mit Kokos- und Kurkuminbl\u00fcten gemischt wurden, um Fieber zu senken.<br \/>\nEs ist ein mildes Beruhigungsmittel und eignet sich hervorragend zur Beruhigung des Nervensystems, zur F\u00f6rderung der Entspannung und zur Bek\u00e4mpfung von Angstzust\u00e4nden.<br \/>\nEs reduziert den Libidoverlust, der durch Arbeitsbelastung, Stress oder Depressionen verursacht wird.<br \/>\nErfrischend und energetisierend.<\/p>\n<p>Jojoba\u00f6l<br \/>\nDieses nat\u00fcrliche \u00d6l mit antiallergischen Eigenschaften ist sehr n\u00fctzlich bei der Entfernung von Hautunreinheiten und Akne.<br \/>\nF\u00fcr alle Hauttypen geeignet.<br \/>\nEs reinigt die Haut von Make-up-Resten und ist ein nat\u00fcrlicher Make-up-Entferner.<\/p>\n<p>Macadamia\u00f6l<br \/>\nDas wichtigste Merkmal; Gleicht den Talg aus und entfernt Aknenarben.<br \/>\nBei regelm\u00e4\u00dfiger Anwendung werden Sch\u00f6nheitsfehler und tonale Ungleichheiten vollst\u00e4ndig repariert.<br \/>\nEs verleiht der Haut ein ges\u00fcnderes und strahlenderes Aussehen.<\/p>\n","protected":false},"excerpt":{"rendered":"<p>Mit dem Aromatherapie-Pflegeset k\u00f6nnen Sie jeden Moment Ihres Lebens angenehmer gestalten. Bitte lesen Sie die Beschreibung f\u00fcr genauere Informationen zu den im Produkt enthaltenen \u00d6len.<\/p>\n","protected":false},"featured_media":13193,"comment_status":"open","ping_status":"closed","template":"","meta":[],"product_cat":[576,421],"product_tag":[414,415,416,417,412,413,418,964],"giftcard-category":[],"_links":{"self":[{"href":"https:\/\/cosmate.com.tr\/de\/wp-json\/wp\/v2\/product\/11461"}],"collection":[{"href":"https:\/\/cosmate.com.tr\/de\/wp-json\/wp\/v2\/product"}],"about":[{"href":"https:\/\/cosmate.com.tr\/de\/wp-json\/wp\/v2\/types\/product"}],"replies":[{"embeddable":true,"href":"https:\/\/cosmate.com.tr\/de\/wp-json\/wp\/v2\/comments?post=11461"}],"wp:featuredmedia":[{"embeddable":true,"href":"https:\/\/cosmate.com.tr\/de\/wp-json\/wp\/v2\/media\/13193"}],"wp:attachment":[{"href":"https:\/\/cosmate.com.tr\/de\/wp-json\/wp\/v2\/media?parent=11461"}],"wp:term":[{"taxonomy":"product_cat","embeddable":true,"href":"https:\/\/cosmate.com.tr\/de\/wp-json\/wp\/v2\/product_cat?post=11461"},{"taxonomy":"product_tag","embeddable":true,"href":"https:\/\/cosmate.com.tr\/de\/wp-json\/wp\/v2\/product_tag?post=11461"},{"taxonomy":"giftcard-category","embeddable":true,"href":"https:\/\/cosmate.com.tr\/de\/wp-json\/wp\/v2\/giftcard-category?post=11461"}],"curies":[{"name":"wp","href":"https:\/\/api.w.org\/{rel}","templated":true}]}}