{"id":11462,"date":"2023-02-21T13:51:18","date_gmt":"2023-02-21T13:51:18","guid":{"rendered":"http:\/\/cosmate.com.tr\/urun\/aromaol-set\/"},"modified":"2025-02-17T13:34:54","modified_gmt":"2025-02-17T13:34:54","slug":"aromaol-set","status":"publish","type":"product","link":"https:\/\/cosmate.com.tr\/de\/produkt\/aromaol-set\/","title":{"rendered":"Aroma\u00f6l-Set"},"content":{"rendered":"<p>Aromatherapie-\u00d6lset; Es besteht aus Lavendel\u00f6l, Ylang Ylang \u00d6l und 1 R\u00e4uchergef\u00e4\u00df Ihrer Wahl. <\/p>\n<p>Ylang-Ylang-\u00d6l<br \/>\nYlang Ylang ist ber\u00fchmt f\u00fcr seine stimmungsregulierenden, beruhigenden, antidepressiven, versch\u00f6nernden und aphrodisierenden Eigenschaften.<br \/>\n\u00c4therisches Ylang-Ylang-\u00d6l ist eine Art \u00e4therisches \u00d6l, das h\u00e4ufig in der Aromatherapie verwendet wird. Es wird aus den dampfdestillierten frischen Bl\u00fcten (einheimisch auf den Philippinen und in Indonesien) des Baumes gewonnen, dessen wissenschaftlicher Name Cananga odorata ist.<br \/>\nEs st\u00e4rkt die Kommunikation und sorgt f\u00fcr Entspannung, indem es mit seiner beruhigenden, euphorischen und aphrodisischen Wirkung Emotionen offenbart. Die Unterst\u00fctzung von Depressionen, K\u00e4lte, Impotenz, Schlaflosigkeit, nerv\u00f6ser Anspannung und stressbedingten St\u00f6rungen geh\u00f6ren zu den Vorteilen des \u00e4therischen \u00d6ls Ylang Ylang. Zus\u00e4tzlich unterst\u00fctzt der Duft von Ylang Ylang dabei, \u00c4rger \u00fcber Entt\u00e4uschungen zu beruhigen und zu hemmen.<\/p>\n<p>Die Vorteile von D\u00fcften <\/p>\n<p>\u2022Wenn es eingeatmet wird, hat Ylang Ylang bekannterma\u00dfen einen positiven Effekt auf die Stimmung aufgrund seiner F\u00e4higkeit, auf das olfaktorische System im Gehirn einzuwirken.<br \/>\nEs ist ein mildes Beruhigungsmittel und eignet sich hervorragend zur Beruhigung des Nervensystems, zur F\u00f6rderung der Entspannung und zur Bek\u00e4mpfung von Angstzust\u00e4nden.<br \/>\n\u2022 Es ist erfrischend und energetisierend.<br \/>\n\u2022Sorgt f\u00fcr die Aussch\u00fcttung des Gl\u00fcckshormons.<br \/>\n\u2022 Reduziert den Verlust der Libido aufgrund von Arbeitsbelastung, Stress oder Depressionen.<\/p>\n<p>Vorteile f\u00fcr die Haut<\/p>\n<p>\u2022Ylang-Ylang-\u00d6l hat starke antibakterielle Eigenschaften und wird zur Behandlung kleinerer Wunden verwendet.<br \/>\n\u2022 Es kann auch zur Behandlung von Pilzinfektionen wie Pilzwunden eingesetzt werden.<br \/>\n\u00c4therisches Ylang-Ylang-\u00d6l hilft bei der Verbesserung des Hautbildes, der Beseitigung von Akne und der Behandlung verschiedener Hauterkrankungen.<br \/>\n\u2022Ylang-Ylang-\u00d6l ist sehr wirksam bei der Bek\u00e4mpfung der Entwicklung von Melanom- und Hautkrebszellen.<\/p>\n<p>Haarvorteile<\/p>\n<p>\u2022Es verleiht Glanz und Vitalit\u00e4t, indem es besonders trockene und empfindliche Kopfhaut und Haarstr\u00e4hnen mit Feuchtigkeit versorgt.<br \/>\u2022 Es ist wirksam bei schuppigem Haar, indem es die Kopfhaut ausgleicht und reinigt.<br \/>\n\u2022 Es st\u00e4rkt das kaputte und nicht wachsende Haar und sorgt f\u00fcr ein gesundes Wachstum.<\/p>\n<p>Lavendel\u00f6l <\/p>\n<p>Es wird aus Lavendelbl\u00fcten durch Wasserdampfdestillation gewonnen. Es ist eines der am h\u00e4ufigsten verwendeten \u00e4therischen \u00d6le. Es wird besonders zur Linderung von Migr\u00e4neschmerzen und wegen seiner beruhigenden Wirkung bevorzugt. <\/p>\n<p>Die Vorteile von D\u00fcften<br \/>\n\u2022 Reduziert Stress und Angst.<br \/>\n\u2022 Beseitigt nerv\u00f6se Anspannung.<br \/>\n\u2022 Lindert Schmerzen.<br \/>\n\u2022L\u00f6st das Problem der Schlaflosigkeit.<br \/>\n\u2022 Hat die F\u00e4higkeit, Atemprobleme zu behandeln.<br \/>\n\u2022 H\u00e4lt M\u00fccken fern.<\/p>\n<p>Vorteile f\u00fcr die Haut<br \/>\n\u2022Beugt Akne vor.<br \/>\n\u2022 Hellt die Hautfarbe auf und wirkt gegen Hauterm\u00fcdung.<br \/>\n\u2022 Lavendel\u00f6l-Massage eignet sich besonders zur Linderung von Kr\u00e4mpfen und ist zudem ein nat\u00fcrliches Antiseptikum.<br \/>\nVorteile f\u00fcr das Haar<br \/>\n\u2022 Lavendel\u00f6l n\u00e4hrt die Haarfollikel und wirkt gegen Schuppen.<br \/>\n\u2022 Es hilft dem Haar zu wachsen. <\/p>\n","protected":false},"excerpt":{"rendered":"<p>Mit dem 100 % nat\u00fcrlichen Aromatherapie-\u00d6l-Set k\u00f6nnen Sie jeden Moment Ihres Lebens angenehmer gestalten. Bitte lesen Sie die Beschreibung f\u00fcr detaillierte Informationen.<\/p>\n","protected":false},"featured_media":13199,"comment_status":"open","ping_status":"closed","template":"","meta":[],"product_cat":[576,421],"product_tag":[526,724,1031,671,416,964],"giftcard-category":[],"_links":{"self":[{"href":"https:\/\/cosmate.com.tr\/de\/wp-json\/wp\/v2\/product\/11462"}],"collection":[{"href":"https:\/\/cosmate.com.tr\/de\/wp-json\/wp\/v2\/product"}],"about":[{"href":"https:\/\/cosmate.com.tr\/de\/wp-json\/wp\/v2\/types\/product"}],"replies":[{"embeddable":true,"href":"https:\/\/cosmate.com.tr\/de\/wp-json\/wp\/v2\/comments?post=11462"}],"wp:featuredmedia":[{"embeddable":true,"href":"https:\/\/cosmate.com.tr\/de\/wp-json\/wp\/v2\/media\/13199"}],"wp:attachment":[{"href":"https:\/\/cosmate.com.tr\/de\/wp-json\/wp\/v2\/media?parent=11462"}],"wp:term":[{"taxonomy":"product_cat","embeddable":true,"href":"https:\/\/cosmate.com.tr\/de\/wp-json\/wp\/v2\/product_cat?post=11462"},{"taxonomy":"product_tag","embeddable":true,"href":"https:\/\/cosmate.com.tr\/de\/wp-json\/wp\/v2\/product_tag?post=11462"},{"taxonomy":"giftcard-category","embeddable":true,"href":"https:\/\/cosmate.com.tr\/de\/wp-json\/wp\/v2\/giftcard-category?post=11462"}],"curies":[{"name":"wp","href":"https:\/\/api.w.org\/{rel}","templated":true}]}}