{"id":11466,"date":"2023-01-31T14:33:38","date_gmt":"2023-01-31T14:33:38","guid":{"rendered":"http:\/\/cosmate.com.tr\/urun\/pilz-rauchergefas\/"},"modified":"2025-02-17T13:35:11","modified_gmt":"2025-02-17T13:35:11","slug":"pilz-rauchergefas","status":"publish","type":"product","link":"https:\/\/cosmate.com.tr\/de\/produkt\/pilz-rauchergefas\/","title":{"rendered":"Pilz R\u00e4uchergef\u00e4\u00df"},"content":{"rendered":"<p>Unsere Produkte sind Porzellan.<\/p>\n<p>Preis pro St\u00fcck.<\/p>\n<p>Unsere R\u00e4uchergef\u00e4\u00dfe, mit denen Sie Ihre Lieblingsd\u00fcfte auf nat\u00fcrliche und leichte Weise in Ihrem Zuhause verbreiten k\u00f6nnen, verleihen Ihrem Zuhause mit ihrer Qualit\u00e4t und ihrem authentischen Aussehen eine andere Atmosph\u00e4re.<\/p>\n<p>Dieses Mittel, das hilft, Probleme wie Stress, Nervosit\u00e4t, Anspannung und Atembeschwerden mit den verwendeten Aroma\u00f6len zu reduzieren, wird seit der Antike in Haushalten verwendet.<\/p>\n<p> Farbe verf\u00fcgbar. Wei\u00df, orange und gr\u00fcn.<\/p>\n<p>Welche \u00e4therischen \u00d6le k\u00f6nnen im R\u00e4uchergef\u00e4\u00df verwendet werden?<\/p>\n<p><b>Oregano<\/b><\/p>\n<p><b>Minze<\/b><\/p>\n<p><b>Rosmarin<\/b><\/p>\n<p><b>Fenchel<\/b><\/p>\n<p><b>Salbei<\/b><\/p>\n<p><b>Eukalyptus<\/b><\/p>\n<p><b>Wacholder<\/b><\/p>\n<p><b>Lavendel<\/b><\/p>\n<p><b>Zitrone<\/b><\/p>\n<p><b>Patschuli<\/b><\/p>\n<p><b>Ylang-Ylang<\/b><\/p>\n","protected":false},"excerpt":{"rendered":"<p>Unsere Produkte sind Porzellan. Preis pro St\u00fcck. Unsere R\u00e4uchergef\u00e4\u00dfe, mit denen Sie Ihre Lieblingsd\u00fcfte auf nat\u00fcrliche und leichte Weise in Ihrem Zuhause verbreiten k\u00f6nnen, verleihen Ihrem Zuhause mit ihrer Qualit\u00e4t und ihrem authentischen Aussehen eine andere Atmosph\u00e4re. Dieses Mittel, das hilft, Probleme wie Stress, Nervosit\u00e4t, Anspannung und Atembeschwerden mit den verwendeten Aroma\u00f6len zu reduzieren, wird seit der Antike in Haushalten verwendet. Farbe verf\u00fcgbar. Wei\u00df, orange und gr\u00fcn. Welche \u00e4therischen \u00d6le k\u00f6nnen im R\u00e4uchergef\u00e4\u00df verwendet werden? Oregano Minze Rosmarin Fenchel Salbei Eukalyptus Wacholder Lavendel Zitrone Patschuli Ylang-Ylang<\/p>\n","protected":false},"featured_media":11267,"comment_status":"open","ping_status":"closed","template":"","meta":[],"product_cat":[571,421],"product_tag":[1113],"giftcard-category":[],"_links":{"self":[{"href":"https:\/\/cosmate.com.tr\/de\/wp-json\/wp\/v2\/product\/11466"}],"collection":[{"href":"https:\/\/cosmate.com.tr\/de\/wp-json\/wp\/v2\/product"}],"about":[{"href":"https:\/\/cosmate.com.tr\/de\/wp-json\/wp\/v2\/types\/product"}],"replies":[{"embeddable":true,"href":"https:\/\/cosmate.com.tr\/de\/wp-json\/wp\/v2\/comments?post=11466"}],"wp:featuredmedia":[{"embeddable":true,"href":"https:\/\/cosmate.com.tr\/de\/wp-json\/wp\/v2\/media\/11267"}],"wp:attachment":[{"href":"https:\/\/cosmate.com.tr\/de\/wp-json\/wp\/v2\/media?parent=11466"}],"wp:term":[{"taxonomy":"product_cat","embeddable":true,"href":"https:\/\/cosmate.com.tr\/de\/wp-json\/wp\/v2\/product_cat?post=11466"},{"taxonomy":"product_tag","embeddable":true,"href":"https:\/\/cosmate.com.tr\/de\/wp-json\/wp\/v2\/product_tag?post=11466"},{"taxonomy":"giftcard-category","embeddable":true,"href":"https:\/\/cosmate.com.tr\/de\/wp-json\/wp\/v2\/giftcard-category?post=11466"}],"curies":[{"name":"wp","href":"https:\/\/api.w.org\/{rel}","templated":true}]}}