{"id":11472,"date":"2023-01-23T11:32:32","date_gmt":"2023-01-23T11:32:32","guid":{"rendered":"http:\/\/cosmate.com.tr\/urun\/aromaol-set-2\/"},"modified":"2025-02-17T13:35:16","modified_gmt":"2025-02-17T13:35:16","slug":"aromaol-set-2","status":"publish","type":"product","link":"https:\/\/cosmate.com.tr\/de\/produkt\/aromaol-set-2\/","title":{"rendered":"Aroma\u00f6l-Set"},"content":{"rendered":"<p>Inhalt des Sets: Lavendel\u00f6l, Ylang-Ylang-\u00d6l, Jojoba\u00f6l, Macadamia\u00f6l<\/p>\n<p>Lavendel\u00f6l<\/p>\n<ul>\n<li>Er wird durch Wasserdampfdestillation aus Lavendelbl\u00fcten gewonnen. Es ist eines der am h\u00e4ufigsten verwendeten \u00e4therischen \u00d6le.<\/li>\n<li>Es wird besonders bevorzugt, weil es Migr\u00e4neschmerzen lindert und eine beruhigende Wirkung hat.<\/li>\n<li>Reduziert Stress und Angst.<\/li>\n<li>L\u00f6st nerv\u00f6se Spannungen.<\/li>\n<li>Lindert Schmerzen.<\/li>\n<li>L\u00f6st Schlaflosigkeit<\/li>\n<li>Reduziert Atemprobleme.<\/li>\n<\/ul>\n<p>Ylang-Ylang-\u00d6l<\/p>\n<ul>\n<li>Die Verwendung von Ylang-Ylang-\u00d6l reicht Jahrhunderte zur\u00fcck. Die Ureinwohner der Molukken verwendeten Ylang-Ylang-\u00d6l, um aphrodisische D\u00fcfte zu kreieren, die mit Kokos- und Curcuminbl\u00fcten gemischt wurden, um Fieber zu senken.<\/li>\n<li>Es ist ein mildes Beruhigungsmittel und eignet sich hervorragend zur Beruhigung des Nervensystems, zur F\u00f6rderung der Entspannung und zur Bek\u00e4mpfung von Angstzust\u00e4nden.<\/li>\n<li>Reduziert den Libidoverlust, der durch Arbeitsbelastung, Stress oder Depressionen verursacht wird.<\/li>\n<li>Erfrischend und energetisierend.<\/li>\n<\/ul>\n<p>Jojoba\u00f6l<\/p>\n<ul>\n<li>Dieses nat\u00fcrliche \u00d6l mit antiallergischen Eigenschaften ist sehr n\u00fctzlich bei der Entfernung von Hautunreinheiten und Akne.<\/li>\n<li>F\u00fcr alle Hauttypen geeignet.<\/li>\n<li>Es reinigt die Haut von Make-up-Resten und ist ein nat\u00fcrlicher Make-up-Entferner.<\/li>\n<\/ul>\n<p>Macadamia\u00f6l<\/p>\n<ul>\n<li>Das wichtigste Merkmal; Es wirkt talgausgleichend und entfernt Aknenarben.<\/li>\n<li>Bei regelm\u00e4\u00dfiger Anwendung werden Sch\u00f6nheitsfehler und tonale Ungleichheiten vollst\u00e4ndig repariert.<\/li>\n<li>Verleiht der Haut ein ges\u00fcnderes, strahlenderes Aussehen.<\/li>\n<\/ul>\n","protected":false},"excerpt":{"rendered":"<p>Inhalt des Sets: Lavendel\u00f6l, Ylang-Ylang-\u00d6l, Jojoba\u00f6l, Macadamia\u00f6l Lavendel\u00f6l Er wird durch Wasserdampfdestillation aus Lavendelbl\u00fcten gewonnen. Es ist eines der am h\u00e4ufigsten verwendeten \u00e4therischen \u00d6le. Es wird besonders bevorzugt, weil es Migr\u00e4neschmerzen lindert und eine beruhigende Wirkung hat. Reduziert Stress und Angst. L\u00f6st nerv\u00f6se Spannungen. Lindert Schmerzen. L\u00f6st Schlaflosigkeit Reduziert Atemprobleme. Ylang-Ylang-\u00d6l Die Verwendung von Ylang-Ylang-\u00d6l reicht Jahrhunderte zur\u00fcck. Die Ureinwohner der Molukken verwendeten Ylang-Ylang-\u00d6l, um aphrodisische D\u00fcfte zu kreieren, die mit Kokos- und Curcuminbl\u00fcten gemischt wurden, um Fieber zu senken. Es ist ein mildes Beruhigungsmittel und eignet sich hervorragend zur Beruhigung des Nervensystems, zur F\u00f6rderung der Entspannung und zur Bek\u00e4mpfung von Angstzust\u00e4nden. Reduziert den Libidoverlust, der durch Arbeitsbelastung, Stress oder Depressionen verursacht wird. Erfrischend und energetisierend. Jojoba\u00f6l Dieses nat\u00fcrliche \u00d6l mit antiallergischen Eigenschaften ist sehr n\u00fctzlich bei der Entfernung von Hautunreinheiten und Akne. F\u00fcr alle Hauttypen geeignet. Es reinigt die Haut von Make-up-Resten und ist ein nat\u00fcrlicher Make-up-Entferner. Macadamia\u00f6l Das wichtigste Merkmal; Es wirkt talgausgleichend und entfernt Aknenarben. Bei regelm\u00e4\u00dfiger Anwendung werden Sch\u00f6nheitsfehler und tonale Ungleichheiten vollst\u00e4ndig repariert. Verleiht der Haut ein ges\u00fcnderes, strahlenderes Aussehen.<\/p>\n","protected":false},"featured_media":13229,"comment_status":"open","ping_status":"closed","template":"","meta":[],"product_cat":[421,576],"product_tag":[1161,1032,415,416,417,418,964],"giftcard-category":[],"_links":{"self":[{"href":"https:\/\/cosmate.com.tr\/de\/wp-json\/wp\/v2\/product\/11472"}],"collection":[{"href":"https:\/\/cosmate.com.tr\/de\/wp-json\/wp\/v2\/product"}],"about":[{"href":"https:\/\/cosmate.com.tr\/de\/wp-json\/wp\/v2\/types\/product"}],"replies":[{"embeddable":true,"href":"https:\/\/cosmate.com.tr\/de\/wp-json\/wp\/v2\/comments?post=11472"}],"wp:featuredmedia":[{"embeddable":true,"href":"https:\/\/cosmate.com.tr\/de\/wp-json\/wp\/v2\/media\/13229"}],"wp:attachment":[{"href":"https:\/\/cosmate.com.tr\/de\/wp-json\/wp\/v2\/media?parent=11472"}],"wp:term":[{"taxonomy":"product_cat","embeddable":true,"href":"https:\/\/cosmate.com.tr\/de\/wp-json\/wp\/v2\/product_cat?post=11472"},{"taxonomy":"product_tag","embeddable":true,"href":"https:\/\/cosmate.com.tr\/de\/wp-json\/wp\/v2\/product_tag?post=11472"},{"taxonomy":"giftcard-category","embeddable":true,"href":"https:\/\/cosmate.com.tr\/de\/wp-json\/wp\/v2\/giftcard-category?post=11472"}],"curies":[{"name":"wp","href":"https:\/\/api.w.org\/{rel}","templated":true}]}}