{"id":11473,"date":"2023-01-23T11:21:10","date_gmt":"2023-01-23T11:21:10","guid":{"rendered":"http:\/\/cosmate.com.tr\/urun\/anti-aging-pflegeset\/"},"modified":"2025-02-17T13:35:24","modified_gmt":"2025-02-17T13:35:24","slug":"anti-aging-pflegeset","status":"publish","type":"product","link":"https:\/\/cosmate.com.tr\/de\/produkt\/anti-aging-pflegeset\/","title":{"rendered":"Anti-Aging-Pflegeset"},"content":{"rendered":"<p>Set-Inhalt: Olivenherdenserum, <span class=\"tooltip-limit-text\" data-v-a5021174=\"\" data-v-198ae180=\"\"><span class=\"bold\" data-v-3fec591e =\"\" data-v-198ae180=\"\">Kollagencreme &amp; Tages-\/Nachtcreme mit Hyalurons\u00e4ure, Jojoba\u00f6l<\/span><\/span><\/p>\n<p>Olivenherdenserum<\/p>\n<ul>\n<li>Die vollst\u00e4ndig biologischen Oliven werden in Steinm\u00fchlen zerkleinert, um ein besonderes \u00d6l zu erhalten.<\/li>\n<li>Versorgt selbst die trockenste Haut mit Feuchtigkeit, indem das Feuchtigkeitsgleichgewicht der Haut aufrechterhalten wird.<\/li>\n<li>Reduziert Falten und verz\u00f6gert die Faltenbildung bei fr\u00fcher Anwendung.<\/li>\n<li>Erneuert die Zellen und l\u00e4sst sie j\u00fcnger aussehen.<\/li>\n<\/ul>\n<p>&nbsp;<\/p>\n<p><span class=\"tooltip-limit-text\" data-v-a5021174=\"\" data-v-198ae180=\"\"><span class=\"bold\" data-v-3fec591e=\"\" data-v- 198ae180=\"\">Kollagencreme &amp; Tages-\/Nachtcreme mit Hyalurons\u00e4ure<\/span><\/span><\/p>\n<ul>\n<li>Kollagen h\u00e4lt die Zellen zusammen, indem es die Ausdauer des K\u00f6rpers erh\u00f6ht. .<\/li>\n<li>Hilft der Haut, sich zu straffen und eine flexiblere Struktur zu erhalten.<\/li>\n<li>Indem es die Lipidsynthese erh\u00f6ht, spielt es eine Rolle bei der Entwicklung der Schutz-\/Barrierefunktion der Haut.<\/li>\n<li>L\u00e4sst Sie j\u00fcnger aussehen, indem schlaffe und feine Linien repariert werden.<\/li>\n<\/ul>\n<p><span class=\"tooltip-limit-text\" data-v-a5021174=\"\" data-v-198ae180=\"\"><span class=\"bold\" data-v-3fec591e=\"\" data-v- 198ae180=\"\">Jojoba\u00f6l<\/span><\/span><\/p>\n<ul>\n<li>Jojoba\u00f6l wird aus den Samen der Pflanze Simmondsia Chinensis gewonnen, die in Arizona, Kalifornien und Nordmexiko beheimatet ist. Etwa 50\u00a0% der Samen bestehen aus \u00d6l.<\/li>\n<li>Entfernt Staub, Schmutz und Make-up vollst\u00e4ndig von der Haut.<\/li>\n<li>Verhindert die Bildung von feinen Linien.<\/li>\n<li>Repariert Dehnungsstreifen und Cellulitebildung bei regelm\u00e4\u00dfiger Anwendung.<\/li>\n<\/ul>\n","protected":false},"excerpt":{"rendered":"<p>Set-Inhalt: Olivenherdenserum, Kollagencreme &amp; Tages-\/Nachtcreme mit Hyalurons\u00e4ure, Jojoba\u00f6l Olivenherdenserum Die vollst\u00e4ndig biologischen Oliven werden in Steinm\u00fchlen zerkleinert, um ein besonderes \u00d6l zu erhalten. Versorgt selbst die trockenste Haut mit Feuchtigkeit, indem das Feuchtigkeitsgleichgewicht der Haut aufrechterhalten wird. Reduziert Falten und verz\u00f6gert die Faltenbildung bei fr\u00fcher Anwendung. Erneuert die Zellen und l\u00e4sst sie j\u00fcnger aussehen. &nbsp; Kollagencreme &amp; Tages-\/Nachtcreme mit Hyalurons\u00e4ure Kollagen h\u00e4lt die Zellen zusammen, indem es die Ausdauer des K\u00f6rpers erh\u00f6ht. . Hilft der Haut, sich zu straffen und eine flexiblere Struktur zu erhalten. Indem es die Lipidsynthese erh\u00f6ht, spielt es eine Rolle bei der Entwicklung der Schutz-\/Barrierefunktion der Haut. L\u00e4sst Sie j\u00fcnger aussehen, indem schlaffe und feine Linien repariert werden. Jojoba\u00f6l Jojoba\u00f6l wird aus den Samen der Pflanze Simmondsia Chinensis gewonnen, die in Arizona, Kalifornien und Nordmexiko beheimatet ist. Etwa 50\u00a0% der Samen bestehen aus \u00d6l. Entfernt Staub, Schmutz und Make-up vollst\u00e4ndig von der Haut. Verhindert die Bildung von feinen Linien. Repariert Dehnungsstreifen und Cellulitebildung bei regelm\u00e4\u00dfiger Anwendung.<\/p>\n","protected":false},"featured_media":13249,"comment_status":"open","ping_status":"closed","template":"","meta":[],"product_cat":[576,421],"product_tag":[],"giftcard-category":[],"_links":{"self":[{"href":"https:\/\/cosmate.com.tr\/de\/wp-json\/wp\/v2\/product\/11473"}],"collection":[{"href":"https:\/\/cosmate.com.tr\/de\/wp-json\/wp\/v2\/product"}],"about":[{"href":"https:\/\/cosmate.com.tr\/de\/wp-json\/wp\/v2\/types\/product"}],"replies":[{"embeddable":true,"href":"https:\/\/cosmate.com.tr\/de\/wp-json\/wp\/v2\/comments?post=11473"}],"wp:featuredmedia":[{"embeddable":true,"href":"https:\/\/cosmate.com.tr\/de\/wp-json\/wp\/v2\/media\/13249"}],"wp:attachment":[{"href":"https:\/\/cosmate.com.tr\/de\/wp-json\/wp\/v2\/media?parent=11473"}],"wp:term":[{"taxonomy":"product_cat","embeddable":true,"href":"https:\/\/cosmate.com.tr\/de\/wp-json\/wp\/v2\/product_cat?post=11473"},{"taxonomy":"product_tag","embeddable":true,"href":"https:\/\/cosmate.com.tr\/de\/wp-json\/wp\/v2\/product_tag?post=11473"},{"taxonomy":"giftcard-category","embeddable":true,"href":"https:\/\/cosmate.com.tr\/de\/wp-json\/wp\/v2\/giftcard-category?post=11473"}],"curies":[{"name":"wp","href":"https:\/\/api.w.org\/{rel}","templated":true}]}}