{"id":11474,"date":"2023-01-23T10:48:16","date_gmt":"2023-01-23T10:48:16","guid":{"rendered":"http:\/\/cosmate.com.tr\/urun\/reparatur-haarpflege-set\/"},"modified":"2025-02-17T13:35:32","modified_gmt":"2025-02-17T13:35:32","slug":"reparatur-haarpflege-set","status":"publish","type":"product","link":"https:\/\/cosmate.com.tr\/de\/produkt\/reparatur-haarpflege-set\/","title":{"rendered":"Reparatur-Haarpflege-Set"},"content":{"rendered":"<p>Produktinhalt: Tonic Effect Shampoo, Argan &amp; Haarpflegecreme mit Oliven\u00f6lextrakt, Magic Oil, Ylang Ylang Oil<\/p>\n<p>Tonisches Effekt-Shampoo:<\/p>\n<ul>\n<li>Enth\u00e4lt Argan\u00f6l, Knoblauchextrakt, Lorbeer\u00f6l, Lavendel\u00f6l, Brennnessel, Olivenblattextrakt, Schwarzk\u00fcmmel\u00f6l, Traubenkern\u00f6l, K\u00fcrbiskern\u00f6l, Sesam\u00f6l und Pfefferminzextrakt.<\/li>\n<li>Gleicht den Feuchtigkeitshaushalt der Kopfhaut aus und st\u00e4rkt die Haarfollikel<\/li>\n<li>Repariert behandeltes Haar.<\/li>\n<li>Verhindert Haarausfall und Schuppen.<\/li>\n<\/ul>\n<p>Argan &amp; Haarpflegecreme mit Oliven\u00f6lextrakt<\/p>\n<ul>\n<li>Dank des intensiv enthaltenen pflanzlichen Keratins sieht Ihr Haar weich und volumin\u00f6s aus, als k\u00e4me es direkt vom Friseur.<\/li>\n<li>Hilft, das Problem der Elektrifizierung der Haare zu beseitigen.<\/li>\n<li>Verbessert die Elastizit\u00e4t des Haares.<\/li>\n<li>St\u00e4rkt die Bindungen der Haarzellen.<\/li>\n<li>Repariert gr\u00fcndlich strapaziertes und gesch\u00e4digtes Haar.<\/li>\n<li>Verleiht dem Haar ein gl\u00e4nzendes und volleres Aussehen.<\/li>\n<li>Es verdickt d\u00fcnner werdende Haarstr\u00e4hnen und verhindert Haarbruch.<\/li>\n<\/ul>\n<p>Magisches \u00d6l<\/p>\n<ul>\n<li>Enth\u00e4lt Enzian\u00f6l, Traubenkern\u00f6l, Jojoba\u00f6l, Argan\u00f6l, Olivenkern\u00f6l und Hanfsamen\u00f6l.<\/li>\n<li>Dank des einzigartigen Inhalts von Magic Oil k\u00f6nnen Sie alle Ihre Pflegebed\u00fcrfnisse erf\u00fcllen.<\/li>\n<li>Wenn es als Haarpflege\u00f6l verwendet wird, verleiht es dem Haar nat\u00fcrlichen Glanz.<\/li>\n<\/ul>\n<p>Ylang-Ylang-\u00d6l<\/p>\n<ul>\n<li>\u00c4therisches Ylang-Ylang-\u00d6l ist eine Art \u00e4therisches \u00d6l, das h\u00e4ufig in der Aromatherapie verwendet wird.<\/li>\n<li>Es verleiht Glanz und Vitalit\u00e4t, indem es besonders trockene und empfindliche Kopfhaut und Haarstr\u00e4hnen mit Feuchtigkeit versorgt.<\/li>\n<li>Gleicht die Kopfhaut aus und reinigt sie.<\/li>\n<li>St\u00e4rkt gebrochenes und ausgefallenes Haar und sorgt f\u00fcr gesundes Wachstum.<\/li>\n<\/ul>\n","protected":false},"excerpt":{"rendered":"<p>Produktinhalt: Tonic Effect Shampoo, Argan &amp; Haarpflegecreme mit Oliven\u00f6lextrakt, Magic Oil, Ylang Ylang Oil Tonisches Effekt-Shampoo: Enth\u00e4lt Argan\u00f6l, Knoblauchextrakt, Lorbeer\u00f6l, Lavendel\u00f6l, Brennnessel, Olivenblattextrakt, Schwarzk\u00fcmmel\u00f6l, Traubenkern\u00f6l, K\u00fcrbiskern\u00f6l, Sesam\u00f6l und Pfefferminzextrakt. Gleicht den Feuchtigkeitshaushalt der Kopfhaut aus und st\u00e4rkt die Haarfollikel Repariert behandeltes Haar. Verhindert Haarausfall und Schuppen. Argan &amp; Haarpflegecreme mit Oliven\u00f6lextrakt Dank des intensiv enthaltenen pflanzlichen Keratins sieht Ihr Haar weich und volumin\u00f6s aus, als k\u00e4me es direkt vom Friseur. Hilft, das Problem der Elektrifizierung der Haare zu beseitigen. Verbessert die Elastizit\u00e4t des Haares. St\u00e4rkt die Bindungen der Haarzellen. Repariert gr\u00fcndlich strapaziertes und gesch\u00e4digtes Haar. Verleiht dem Haar ein gl\u00e4nzendes und volleres Aussehen. Es verdickt d\u00fcnner werdende Haarstr\u00e4hnen und verhindert Haarbruch. Magisches \u00d6l Enth\u00e4lt Enzian\u00f6l, Traubenkern\u00f6l, Jojoba\u00f6l, Argan\u00f6l, Olivenkern\u00f6l und Hanfsamen\u00f6l. Dank des einzigartigen Inhalts von Magic Oil k\u00f6nnen Sie alle Ihre Pflegebed\u00fcrfnisse erf\u00fcllen. Wenn es als Haarpflege\u00f6l verwendet wird, verleiht es dem Haar nat\u00fcrlichen Glanz. Ylang-Ylang-\u00d6l \u00c4therisches Ylang-Ylang-\u00d6l ist eine Art \u00e4therisches \u00d6l, das h\u00e4ufig in der Aromatherapie verwendet wird. Es verleiht Glanz und Vitalit\u00e4t, indem es besonders trockene und empfindliche Kopfhaut und Haarstr\u00e4hnen mit Feuchtigkeit versorgt. Gleicht die Kopfhaut aus und reinigt sie. St\u00e4rkt gebrochenes und ausgefallenes Haar und sorgt f\u00fcr gesundes Wachstum.<\/p>\n","protected":false},"featured_media":13265,"comment_status":"open","ping_status":"closed","template":"","meta":[],"product_cat":[576,421],"product_tag":[],"giftcard-category":[],"_links":{"self":[{"href":"https:\/\/cosmate.com.tr\/de\/wp-json\/wp\/v2\/product\/11474"}],"collection":[{"href":"https:\/\/cosmate.com.tr\/de\/wp-json\/wp\/v2\/product"}],"about":[{"href":"https:\/\/cosmate.com.tr\/de\/wp-json\/wp\/v2\/types\/product"}],"replies":[{"embeddable":true,"href":"https:\/\/cosmate.com.tr\/de\/wp-json\/wp\/v2\/comments?post=11474"}],"wp:featuredmedia":[{"embeddable":true,"href":"https:\/\/cosmate.com.tr\/de\/wp-json\/wp\/v2\/media\/13265"}],"wp:attachment":[{"href":"https:\/\/cosmate.com.tr\/de\/wp-json\/wp\/v2\/media?parent=11474"}],"wp:term":[{"taxonomy":"product_cat","embeddable":true,"href":"https:\/\/cosmate.com.tr\/de\/wp-json\/wp\/v2\/product_cat?post=11474"},{"taxonomy":"product_tag","embeddable":true,"href":"https:\/\/cosmate.com.tr\/de\/wp-json\/wp\/v2\/product_tag?post=11474"},{"taxonomy":"giftcard-category","embeddable":true,"href":"https:\/\/cosmate.com.tr\/de\/wp-json\/wp\/v2\/giftcard-category?post=11474"}],"curies":[{"name":"wp","href":"https:\/\/api.w.org\/{rel}","templated":true}]}}