{"id":11475,"date":"2023-01-03T10:01:01","date_gmt":"2023-01-03T10:01:01","guid":{"rendered":"http:\/\/cosmate.com.tr\/urun\/100-naturliche-aktivkohle-ziegenmilchseife\/"},"modified":"2025-02-17T13:35:36","modified_gmt":"2025-02-17T13:35:36","slug":"100-naturliche-aktivkohle-ziegenmilchseife","status":"publish","type":"product","link":"https:\/\/cosmate.com.tr\/de\/produkt\/100-naturliche-aktivkohle-ziegenmilchseife\/","title":{"rendered":"100 % nat\u00fcrliche Aktivkohle-Ziegenmilchseife"},"content":{"rendered":"<ul>\n<li>Kohlenstoffseife ist eine gute L\u00f6sung f\u00fcr diejenigen, die Probleme mit fettiger Haut haben, besonders im Sommer. Diese Seife absorbiert \u00fcbersch\u00fcssiges \u00d6l sowie Unreinheiten auf der Haut und hinterl\u00e4sst ein \u00f6lfreies Aussehen.<br \/>\n\u2022 Es wird auch zur Behandlung von Akne eingesetzt. Es eliminiert nicht nur Giftstoffe, sondern zerst\u00f6rt auch Hautunreinheiten und tr\u00e4gt zur Aknebehandlung bei. Es kann auch gut f\u00fcr die Narben von Akne sein.<br \/>\n\u2022 Wenn Sie viel Zeit im Freien verbringen, sind Sie viel Umweltverschmutzung ausgesetzt, und Sie stellen m\u00f6glicherweise fest, dass sie sich aufgrund der Ansammlung dieses Schmutzes in Ihren Poren vergr\u00f6\u00dfern. Nach einer Weile werden diese Poren gut sichtbar. Kohleseife bietet hier gute L\u00f6sungen. Es entfernt nicht nur Unreinheiten, sondern behandelt auch verstopfte Poren und verkleinert sie.<br \/>\n\u2022 Schlaffe Haut ist ein Zeichen des Alterns und daher ist es notwendig, fr\u00fchzeitig Vorsorge zu treffen. Kohlenstoff dagegen hat die F\u00e4higkeit, die Haut zu straffen.<br \/>\n\u2022 F\u00fcr alle Hauttypen geeignet.<\/li>\n<\/ul>\n","protected":false},"excerpt":{"rendered":"<p>Kohlenstoffseife ist eine gute L\u00f6sung f\u00fcr diejenigen, die Probleme mit fettiger Haut haben, besonders im Sommer. Diese Seife absorbiert \u00fcbersch\u00fcssiges \u00d6l sowie Unreinheiten auf der Haut und hinterl\u00e4sst ein \u00f6lfreies Aussehen. \u2022 Es wird auch zur Behandlung von Akne eingesetzt. Es eliminiert nicht nur Giftstoffe, sondern zerst\u00f6rt auch Hautunreinheiten und tr\u00e4gt zur Aknebehandlung bei. Es kann auch gut f\u00fcr die Narben von Akne sein. \u2022 Wenn Sie viel Zeit im Freien verbringen, sind Sie viel Umweltverschmutzung ausgesetzt, und Sie stellen m\u00f6glicherweise fest, dass sie sich aufgrund der Ansammlung dieses Schmutzes in Ihren Poren vergr\u00f6\u00dfern. Nach einer Weile werden diese Poren gut sichtbar. Kohleseife bietet hier gute L\u00f6sungen. Es entfernt nicht nur Unreinheiten, sondern behandelt auch verstopfte Poren und verkleinert sie. \u2022 Schlaffe Haut ist ein Zeichen des Alterns und daher ist es notwendig, fr\u00fchzeitig Vorsorge zu treffen. Kohlenstoff dagegen hat die F\u00e4higkeit, die Haut zu straffen. \u2022 F\u00fcr alle Hauttypen geeignet.<\/p>\n","protected":false},"featured_media":13306,"comment_status":"open","ping_status":"closed","template":"","meta":[],"product_cat":[421,576],"product_tag":[1211,1215,1212,1214,1213],"giftcard-category":[],"_links":{"self":[{"href":"https:\/\/cosmate.com.tr\/de\/wp-json\/wp\/v2\/product\/11475"}],"collection":[{"href":"https:\/\/cosmate.com.tr\/de\/wp-json\/wp\/v2\/product"}],"about":[{"href":"https:\/\/cosmate.com.tr\/de\/wp-json\/wp\/v2\/types\/product"}],"replies":[{"embeddable":true,"href":"https:\/\/cosmate.com.tr\/de\/wp-json\/wp\/v2\/comments?post=11475"}],"wp:featuredmedia":[{"embeddable":true,"href":"https:\/\/cosmate.com.tr\/de\/wp-json\/wp\/v2\/media\/13306"}],"wp:attachment":[{"href":"https:\/\/cosmate.com.tr\/de\/wp-json\/wp\/v2\/media?parent=11475"}],"wp:term":[{"taxonomy":"product_cat","embeddable":true,"href":"https:\/\/cosmate.com.tr\/de\/wp-json\/wp\/v2\/product_cat?post=11475"},{"taxonomy":"product_tag","embeddable":true,"href":"https:\/\/cosmate.com.tr\/de\/wp-json\/wp\/v2\/product_tag?post=11475"},{"taxonomy":"giftcard-category","embeddable":true,"href":"https:\/\/cosmate.com.tr\/de\/wp-json\/wp\/v2\/giftcard-category?post=11475"}],"curies":[{"name":"wp","href":"https:\/\/api.w.org\/{rel}","templated":true}]}}