{"id":11476,"date":"2023-01-03T09:55:03","date_gmt":"2023-01-03T09:55:03","guid":{"rendered":"http:\/\/cosmate.com.tr\/urun\/100-naturliche-bittim-seife\/"},"modified":"2025-02-17T13:35:42","modified_gmt":"2025-02-17T13:35:42","slug":"100-naturliche-bittim-seife","status":"publish","type":"product","link":"https:\/\/cosmate.com.tr\/de\/produkt\/100-naturliche-bittim-seife\/","title":{"rendered":"100 % nat\u00fcrliche B\u0131tt\u0131m-Seife"},"content":{"rendered":"<ul>\n<li>Verz\u00f6gert das Ergrauen der Haare und ist ein guter Reiniger f\u00fcr die Haare.<br \/>\n\u2022 Es ist gut f\u00fcr Hautkrankheiten wie Ekzeme und Pilze.<br \/>\n\u2022 Es ist gut f\u00fcr Akne und Pickel auf der Haut.<br \/>\n\u2022 Mit seiner antiseptischen Wirkung t\u00f6tet es die auf Haut und Haar gebildeten Mikroben ab.<br \/>\n\u2022 Es l\u00e4sst das Haar schnell wachsen. Es verhindert, dass das Haar elektrisiert und ausf\u00e4llt.<br \/>\n\u2022 Es ist eine wirksame Seife zur K\u00f6rperreinigung.<br \/>\n\u2022 Es erzeugt einen Peeling-Effekt auf der Haut, wodurch die Haut ein glattes Aussehen erh\u00e4lt.<br \/>\n\u2022 Es ist wirksam bei Hautflecken, die durch die Sonne und andere \u00e4u\u00dfere Faktoren verursacht werden.<br \/>\n\u2022 Verleiht der Haut ein lebendiges und strahlendes Aussehen.<br \/>\n\u2022 Es ist gut f\u00fcr R\u00f6tungen und Juckreiz am K\u00f6rper.<br \/>\n\u2022 Reduziert Krampfadern im Beinbereich.<br \/>\n\u2022 Es kann bei Psoriasis eingesetzt werden.<\/li>\n<\/ul>\n<p>&nbsp;<\/p>\n","protected":false},"excerpt":{"rendered":"<p>Verz\u00f6gert das Ergrauen der Haare und ist ein guter Reiniger f\u00fcr die Haare. \u2022 Es ist gut f\u00fcr Hautkrankheiten wie Ekzeme und Pilze. \u2022 Es ist gut f\u00fcr Akne und Pickel auf der Haut. \u2022 Mit seiner antiseptischen Wirkung t\u00f6tet es die auf Haut und Haar gebildeten Mikroben ab. \u2022 Es l\u00e4sst das Haar schnell wachsen. Es verhindert, dass das Haar elektrisiert und ausf\u00e4llt. \u2022 Es ist eine wirksame Seife zur K\u00f6rperreinigung. \u2022 Es erzeugt einen Peeling-Effekt auf der Haut, wodurch die Haut ein glattes Aussehen erh\u00e4lt. \u2022 Es ist wirksam bei Hautflecken, die durch die Sonne und andere \u00e4u\u00dfere Faktoren verursacht werden. \u2022 Verleiht der Haut ein lebendiges und strahlendes Aussehen. \u2022 Es ist gut f\u00fcr R\u00f6tungen und Juckreiz am K\u00f6rper. \u2022 Reduziert Krampfadern im Beinbereich. \u2022 Es kann bei Psoriasis eingesetzt werden. &nbsp;<\/p>\n","protected":false},"featured_media":13285,"comment_status":"open","ping_status":"closed","template":"","meta":[],"product_cat":[421,576],"product_tag":[1253,438],"giftcard-category":[],"_links":{"self":[{"href":"https:\/\/cosmate.com.tr\/de\/wp-json\/wp\/v2\/product\/11476"}],"collection":[{"href":"https:\/\/cosmate.com.tr\/de\/wp-json\/wp\/v2\/product"}],"about":[{"href":"https:\/\/cosmate.com.tr\/de\/wp-json\/wp\/v2\/types\/product"}],"replies":[{"embeddable":true,"href":"https:\/\/cosmate.com.tr\/de\/wp-json\/wp\/v2\/comments?post=11476"}],"wp:featuredmedia":[{"embeddable":true,"href":"https:\/\/cosmate.com.tr\/de\/wp-json\/wp\/v2\/media\/13285"}],"wp:attachment":[{"href":"https:\/\/cosmate.com.tr\/de\/wp-json\/wp\/v2\/media?parent=11476"}],"wp:term":[{"taxonomy":"product_cat","embeddable":true,"href":"https:\/\/cosmate.com.tr\/de\/wp-json\/wp\/v2\/product_cat?post=11476"},{"taxonomy":"product_tag","embeddable":true,"href":"https:\/\/cosmate.com.tr\/de\/wp-json\/wp\/v2\/product_tag?post=11476"},{"taxonomy":"giftcard-category","embeddable":true,"href":"https:\/\/cosmate.com.tr\/de\/wp-json\/wp\/v2\/giftcard-category?post=11476"}],"curies":[{"name":"wp","href":"https:\/\/api.w.org\/{rel}","templated":true}]}}