{"id":11477,"date":"2022-10-31T11:34:22","date_gmt":"2022-10-31T11:34:22","guid":{"rendered":"http:\/\/cosmate.com.tr\/urun\/cosmate-sulfat-und-salzfreies-anti-haarausfall-shampoo-500-ml\/"},"modified":"2025-02-17T13:35:51","modified_gmt":"2025-02-17T13:35:51","slug":"cosmate-sulfat-und-salzfreies-anti-haarausfall-shampoo-500-ml","status":"publish","type":"product","link":"https:\/\/cosmate.com.tr\/de\/produkt\/cosmate-sulfat-und-salzfreies-anti-haarausfall-shampoo-500-ml\/","title":{"rendered":"Cosmate Sulfat- und salzfreies Anti-Haarausfall-Shampoo 500 ml"},"content":{"rendered":"<p>KOPFTONIK-EFFEKT MIT ORGANISCHEM ARGAN\u00d6L<\/p>\n<p>ANTI-SPIRIT SULFATFREIES SHAMPOO<\/p>\n<p>ENTH\u00c4LT GERUCHLOSEN KNOBLAUCH-, BALF-, NESSEL-, LAVENDEL-, HONIG- UND OLIVENEXTRAKT F\u00dcR DIE HAAR- UND SCHUPPENPFLEGE.<\/p>\n<p>HAAR UND KOPFHAUT (SKALP) FEUCHTIGKEITSSPENDENDE WIRKUNG<\/p>\n<p>TONISCHER EFFEKT F\u00dcR HAARE \u200b\u200bUND KOPFHAUT (SKALP)<\/p>\n<p>Anti-Haarausfall (5-\u03b1-Reduktase-Enzymhemmer)<\/p>\n<p>MIT KR\u00c4UTER\u00d6LEN UND ENZYMEN AUF NAT\u00dcRLICHE WEISE GEGEN HAARAUSFALL FORMULIERT.<\/p>\n<p>SULFAT &#8211; ENTH\u00c4LT KEIN (SLS\/SLES &#8211; Natriumlaurethsulfat etc.)<br \/>\nSILIKON &#8211; KEINE ENTH\u00c4LT (Dimeticone etc.)<br \/>\nFORMALDEHYD &amp; TRENNMITTEL &#8211; OHNE ENTH\u00c4LT\u00a0(DMDM Hydantoin etc.)<br \/>\nPARABEN \u2013 ENTH\u00c4LT (Methylparaben \u2013 Ethylparaben etc.)<br \/>\nAMIDE \u2013 KEIN ENTH\u00c4LT\u00a0(Cocoamid DEA MEA MIPA usw.)<br \/>\nPEG \u2013 PPG \u2013 OHNE ENTH\u00c4LT\u00a0(Propylenglykol usw.)<br \/>\nSALZFREI (Salz, Natriumchlorid)<\/p>\n<p>ALOE-VERA-EXTRAKT (ALOE-VERA-PFLANZE)<\/p>\n<p>ALLIUM SATIVUM (KNOBLAUCH) EXTRAKT (GERUCHLOSER KNOBLAUCHEXTRAKT)<\/p>\n<p>Brennnesselblattextrakt<\/p>\n<p>LORBEER-EXTRAKT (LORBEER-EXTRAKT)<\/p>\n<p>LAVANDULA ANGUSTIFOLIA-EXTRAKT (LAVENDEL-EXTRAKT)<\/p>\n<p>HONIG-(MEL-)EXTRAKT (HONIGEXTRAKT)<\/p>\n<p>OLIVENBLATT (OLE) EXTRAKT<\/p>\n<p>D-PANTHENOL\u00a0(PROVITAMIN B5)<\/p>\n<p>Inhaltsstoffe: Aqua, Decyl Glucoside*, Sodium Cocoamphoacetate*, Glycerin*, Lauryl Glucoside*, Sodium Cocoyl Glutame*, Sodium Lauryl Glucose Carboxylate*, Coco-Glucoside*, Cocamidoropyl Betain, Dinatrium Laureth Sulfosuccinate, Arquaternia Sulfosuccinate-7 Spinosa Kernel Oil*, Allium Sativum Bulb Extract, Laurus Nobilis Leaf Extract, Lavandula Angustifolia Extract, Urtica Dioica Extract, Olea Europaea Leaf Extract, Fragnance Sodium Benzoate, Potassium Sorbate, Dinatrium Edta, Citronens\u00e4ure, Benzoes\u00e4ure, Guar Hydroxypropyltrimonium Chlorothide (Motorium) und) Methylisothiazolinone, Nigelia Sativa Seed Oil**, Vitis Vinifera Seed Oil**, Cucurbita Pepo Seed Oil**, Sesamum Indicum Seed Oil**, Menthol.<\/p>\n<p>**: Zutaten aus kontrolliert biologischem Anbau &#8211; *: Nat\u00fcrliche Zutaten<\/p>\n<p>Emulsions-Shampoo mit Tonic-Effekt<\/p>\n<p>Feuchtigkeitscreme f\u00fcr Haare und Kopfhaut &amp; Sie werden das sicherste und angenehmste Shampoo erleben, das Sie je verwendet haben, mit Kr\u00e4uterextrakten und Bio-zertifiziertem Argan\u00f6l, Jojoba\u00f6l. Es reinigt Haar und Kopfhaut schonend und pflegt sehr intensiv.<\/p>\n<p>Dermatologisch getestet.<\/p>\n","protected":false},"excerpt":{"rendered":"<p>Haar &#038; Kopfhaut Feuchtigkeitscreme &amp; Sie werden das sicherste und angenehmste Shampoo erleben, das Sie je verwendet haben, mit Kr\u00e4uterextrakten und Bio-zertifiziertem Argan\u00f6l, Jojoba\u00f6l. Es reinigt Haar und Kopfhaut schonend und pflegt sehr intensiv.<\/p>\n","protected":false},"featured_media":10891,"comment_status":"open","ping_status":"closed","template":"","meta":[],"product_cat":[575,575,421,421],"product_tag":[1262,1262],"giftcard-category":[],"_links":{"self":[{"href":"https:\/\/cosmate.com.tr\/de\/wp-json\/wp\/v2\/product\/11477"}],"collection":[{"href":"https:\/\/cosmate.com.tr\/de\/wp-json\/wp\/v2\/product"}],"about":[{"href":"https:\/\/cosmate.com.tr\/de\/wp-json\/wp\/v2\/types\/product"}],"replies":[{"embeddable":true,"href":"https:\/\/cosmate.com.tr\/de\/wp-json\/wp\/v2\/comments?post=11477"}],"wp:featuredmedia":[{"embeddable":true,"href":"https:\/\/cosmate.com.tr\/de\/wp-json\/wp\/v2\/media\/10891"}],"wp:attachment":[{"href":"https:\/\/cosmate.com.tr\/de\/wp-json\/wp\/v2\/media?parent=11477"}],"wp:term":[{"taxonomy":"product_cat","embeddable":true,"href":"https:\/\/cosmate.com.tr\/de\/wp-json\/wp\/v2\/product_cat?post=11477"},{"taxonomy":"product_tag","embeddable":true,"href":"https:\/\/cosmate.com.tr\/de\/wp-json\/wp\/v2\/product_tag?post=11477"},{"taxonomy":"giftcard-category","embeddable":true,"href":"https:\/\/cosmate.com.tr\/de\/wp-json\/wp\/v2\/giftcard-category?post=11477"}],"curies":[{"name":"wp","href":"https:\/\/api.w.org\/{rel}","templated":true}]}}