{"id":11478,"date":"2022-10-31T11:31:01","date_gmt":"2022-10-31T11:31:01","guid":{"rendered":"http:\/\/cosmate.com.tr\/urun\/cosmate-keratin-haarspulung-mit-argan-und-olivenolextrakt-500-ml\/"},"modified":"2025-02-17T13:35:59","modified_gmt":"2025-02-17T13:35:59","slug":"cosmate-keratin-haarspulung-mit-argan-und-olivenolextrakt-500-ml","status":"publish","type":"product","link":"https:\/\/cosmate.com.tr\/de\/produkt\/cosmate-keratin-haarspulung-mit-argan-und-olivenolextrakt-500-ml\/","title":{"rendered":"Cosmate Keratin-Haarsp\u00fclung mit Argan- und Oliven\u00f6lextrakt 500 ml"},"content":{"rendered":"<p>1 Sorgt f\u00fcr ein sehr einfaches Nass-Trocken-K\u00e4mmen<br \/>\n2 Versorgt das Haar intensiv mit Feuchtigkeit.<br \/>\n3 Verleiht gesch\u00e4digtem Haar einen guten Zustand<br \/>\n4 Keratin und nat\u00fcrliche Extrakte in seinem Inhalt reparieren das Haar<br \/>\n5 Lackschutzfunktion.<br \/>\n6 Verl\u00e4ngert die Lebensdauer von Hitzerichtanwendungen.<br \/>\n7 Antistatisch ist Antielektrifizierung.<br \/>\n8 Macht das Haar nicht schwer<\/p>\n<p>FORMALDEHYD &amp; RELEASER &#8211; ENTH\u00c4LT KEIN (DMDM Hydantoin, Imidazolidnyl UREA etc.)<br \/>\nPARABENFREI (Methylparaben- Ethylparaben etc.)<br \/>\nSILIKON &#8211; KOSTENLOS (Dimeticon etc.)<\/p>\n<p>ANWENDUNG: Es wird auf das Haar und die Kopfhaut aufgetragen, indem es 1-2 Minuten lang einmassiert, dann ausgesp\u00fclt und bei Bedarf wiederholt wird.<\/p>\n<p>Aktivit\u00e4ten in seinem Inhalt:<br \/>\nOliven\u00f6l<br \/>\nArgan\u00f6l<\/p>\n","protected":false},"excerpt":{"rendered":"<p>Bietet nasses, trockenes, sehr einfaches K\u00e4mmen \u2013 spendet dem Haar intensive Feuchtigkeit. &#8211; Verleiht gesch\u00e4digtem Haar einen guten Zustand &#8211; Keratin und nat\u00fcrliche Extrakte in seinem Inhalt reparieren das Haar &#8211; Hat eine Farbschutzfunktion. &#8211; Verl\u00e4ngert die Lebensdauer von Hitzerichtanwendungen. &#8211; Antistatische Antielektrifizierung. &#8211; Beschwert das Haar nicht<\/p>\n","protected":false},"featured_media":10888,"comment_status":"open","ping_status":"closed","template":"","meta":[],"product_cat":[575,575,421,421],"product_tag":[1288,1289,1290,1291,1292,1288,1291,1289,1290,1292],"giftcard-category":[],"_links":{"self":[{"href":"https:\/\/cosmate.com.tr\/de\/wp-json\/wp\/v2\/product\/11478"}],"collection":[{"href":"https:\/\/cosmate.com.tr\/de\/wp-json\/wp\/v2\/product"}],"about":[{"href":"https:\/\/cosmate.com.tr\/de\/wp-json\/wp\/v2\/types\/product"}],"replies":[{"embeddable":true,"href":"https:\/\/cosmate.com.tr\/de\/wp-json\/wp\/v2\/comments?post=11478"}],"wp:featuredmedia":[{"embeddable":true,"href":"https:\/\/cosmate.com.tr\/de\/wp-json\/wp\/v2\/media\/10888"}],"wp:attachment":[{"href":"https:\/\/cosmate.com.tr\/de\/wp-json\/wp\/v2\/media?parent=11478"}],"wp:term":[{"taxonomy":"product_cat","embeddable":true,"href":"https:\/\/cosmate.com.tr\/de\/wp-json\/wp\/v2\/product_cat?post=11478"},{"taxonomy":"product_tag","embeddable":true,"href":"https:\/\/cosmate.com.tr\/de\/wp-json\/wp\/v2\/product_tag?post=11478"},{"taxonomy":"giftcard-category","embeddable":true,"href":"https:\/\/cosmate.com.tr\/de\/wp-json\/wp\/v2\/giftcard-category?post=11478"}],"curies":[{"name":"wp","href":"https:\/\/api.w.org\/{rel}","templated":true}]}}