{"id":11479,"date":"2022-10-18T07:48:57","date_gmt":"2022-10-18T07:48:57","guid":{"rendered":"http:\/\/cosmate.com.tr\/urun\/kollagencreme-tages-nachtcreme-mit-hyaluronsaure\/"},"modified":"2025-02-17T13:36:02","modified_gmt":"2025-02-17T13:36:02","slug":"kollagencreme-tages-nachtcreme-mit-hyaluronsaure","status":"publish","type":"product","link":"https:\/\/cosmate.com.tr\/de\/produkt\/kollagencreme-tages-nachtcreme-mit-hyaluronsaure\/","title":{"rendered":"Kollagencreme &amp; Tages-\/Nachtcreme mit Hyalurons\u00e4ure"},"content":{"rendered":"<p>Kollagen ist ein nat\u00fcrlich vorkommendes Strukturprotein und wichtig f\u00fcr die normale Funktion des K\u00f6rpers. Tats\u00e4chlich tr\u00e4gt es etwa 30 % zu den Proteinen des K\u00f6rpers bei, einschlie\u00dflich Sehnen, Z\u00e4hnen und Knochen. Mit zunehmendem Alter l\u00e4sst die Kollagenproduktion jedoch nach, was zu Gelenkverh\u00e4rtungen, Elastizit\u00e4tsverlust der B\u00e4nder und Alterserscheinungen der Haut f\u00fchren kann.<\/p>\n<p>Formuliert mit AcaciaCollagen-Vitaminen, um die Haut gegen Erschlaffung und feine Linien zu unterst\u00fctzen und die Elastizit\u00e4t wiederherzustellen. Dank des Gehalts an Squalen und Hyalurons\u00e4ure hilft es, die Haut zu erneuern und gleichzeitig mit Feuchtigkeit zu versorgen.<\/p>\n<p>Hilft der Person, j\u00fcnger auszusehen, indem sie die Zeichen des Alterns lindert.<br \/>\nBei regelm\u00e4\u00dfiger Anwendung verleiht es der Person eine strahlendere und lebendigere Haut.<br \/>\nBietet Hautstraffung<\/p>\n<p>Es h\u00e4lt die Hautstruktur und die Muskeln zusammen und macht sie flexibler.<br \/>\nEs sorgt daf\u00fcr, dass das Kreislaufsystem besser funktioniert.<br \/>\nEs macht die Gelenke flexibler und st\u00e4rkt die Knochen.<br \/>\nEs reduziert das Erscheinungsbild von Cellulite, da es das Fettgewebe in den unteren Hautschichten angreift.<br \/>\nEs kann zur Behandlung von Pickeln und Akne auf der Haut verwendet werden. AKAZIENKOLLAGEN:<br \/>\nEs hilft, die Haut zu straffen und eine flexiblere Struktur zu erhalten.<br \/>\nDurch die Unterst\u00fctzung der Zellerneuerung verhilft es der Haut zu einem strahlenderen und j\u00fcngeren Aussehen.<br \/>\nEs hilft, das Erscheinungsbild von Falten und feinen Linien auf der Haut zu beseitigen.<br \/>\nEs hilft, das Feuchtigkeitsspeicherverm\u00f6gen der Haut zu erh\u00f6hen.<\/p>\n<p>&nbsp;<\/p>\n<p>PANTHENOL (VITAMIN B5)<\/p>\n<p>Es ist eine starke Feuchtigkeitscreme.<br \/>\nEs erh\u00f6ht die Elastizit\u00e4t der Haut.<br \/>\nEs spielt eine Rolle bei der Entwicklung der Schutz-\/Barrierefunktion der Haut, indem es die Synthese von Lipiden in der \u00e4u\u00dfersten Hautschicht erh\u00f6ht.<br \/>\nEs erh\u00f6ht die Zellregeneration und wirkt wundheilend.<\/p>\n<p>SQUALANE<\/p>\n<p>Es wirkt gegen Falten und Erschlaffung. Es enth\u00e4lt hohe Mengen an Antioxidantien, Omega 3 und Squalen (Squalen). Das sind Substanzen mit zellregenerierenden und reparierenden Eigenschaften. Es ist auch ein sehr effektiver Feuchtigkeitsspender, der die Bildung von Falten aufgrund von Feuchtigkeitsverlust und Trockenheit verhindert.<\/p>\n<p>KOLLAGENCREME<\/p>\n<p>Kollagencreme ist mit Acacia-Kollagen-Vitaminen formuliert, um die Haut gegen Erschlaffung und feine Linien zu unterst\u00fctzen und ihre Elastizit\u00e4t wiederherzustellen. Dank seines Gehalts an Squalan hilft es, die Haut zu erneuern und ihr gleichzeitig Feuchtigkeit zu spenden.<\/p>\n<p>HYALURONS\u00c4URE<\/p>\n<p>Hyalurons\u00e4ure; Es ist eine Substanz, die dazu dient, den Feuchtigkeitsbedarf des Hautgewebes zu decken.<\/p>\n<p>Gleicht den Feuchtigkeitshaushalt der Haut aus.<br \/>\nVerleiht der Haut Glanz.<br \/>\n\u00d6ffnet feine Linien.<br \/>\nEs repariert Hautunreinheiten und Akne mit seinen antibakteriellen Eigenschaften.<br \/>\nBek\u00e4mpft freie Radikale.<\/p>\n","protected":false},"excerpt":{"rendered":"<p>Kollagen ist ein nat\u00fcrlich vorkommendes Strukturprotein und wichtig f\u00fcr die normale Funktion des K\u00f6rpers. Tats\u00e4chlich tr\u00e4gt es etwa 30 % zu den Proteinen des K\u00f6rpers bei, einschlie\u00dflich Sehnen, Z\u00e4hnen und Knochen. Mit zunehmendem Alter beginnt sich die Kollagenproduktion jedoch zu verlangsamen, was zu einer Verh\u00e4rtung der Gelenke, einem Elastizit\u00e4tsverlust der B\u00e4nder und Alterserscheinungen der Haut f\u00fchren kann.<\/p>\n","protected":false},"featured_media":10894,"comment_status":"open","ping_status":"closed","template":"","meta":[],"product_cat":[572,421],"product_tag":[1453,1452,1458,1454,1457,1455,1456],"giftcard-category":[],"_links":{"self":[{"href":"https:\/\/cosmate.com.tr\/de\/wp-json\/wp\/v2\/product\/11479"}],"collection":[{"href":"https:\/\/cosmate.com.tr\/de\/wp-json\/wp\/v2\/product"}],"about":[{"href":"https:\/\/cosmate.com.tr\/de\/wp-json\/wp\/v2\/types\/product"}],"replies":[{"embeddable":true,"href":"https:\/\/cosmate.com.tr\/de\/wp-json\/wp\/v2\/comments?post=11479"}],"wp:featuredmedia":[{"embeddable":true,"href":"https:\/\/cosmate.com.tr\/de\/wp-json\/wp\/v2\/media\/10894"}],"wp:attachment":[{"href":"https:\/\/cosmate.com.tr\/de\/wp-json\/wp\/v2\/media?parent=11479"}],"wp:term":[{"taxonomy":"product_cat","embeddable":true,"href":"https:\/\/cosmate.com.tr\/de\/wp-json\/wp\/v2\/product_cat?post=11479"},{"taxonomy":"product_tag","embeddable":true,"href":"https:\/\/cosmate.com.tr\/de\/wp-json\/wp\/v2\/product_tag?post=11479"},{"taxonomy":"giftcard-category","embeddable":true,"href":"https:\/\/cosmate.com.tr\/de\/wp-json\/wp\/v2\/giftcard-category?post=11479"}],"curies":[{"name":"wp","href":"https:\/\/api.w.org\/{rel}","templated":true}]}}