{"id":11480,"date":"2022-09-20T19:31:43","date_gmt":"2022-09-20T19:31:43","guid":{"rendered":"http:\/\/cosmate.com.tr\/urun\/jojobaol\/"},"modified":"2025-02-17T13:36:11","modified_gmt":"2025-02-17T13:36:11","slug":"jojobaol","status":"publish","type":"product","link":"https:\/\/cosmate.com.tr\/de\/produkt\/jojobaol\/","title":{"rendered":"Jojoba\u00f6l"},"content":{"rendered":"<p><span style=\"font-family: Times New Roman, serif;\"><span style=\"font-size: medium;\">Inhalt: Simmondsia Chinensis Oil <\/span><\/span><\/p>\n<p>&nbsp;<\/p>\n<ul>\n<li><span style=\"font-family: Times New Roman, serif;\"><span style=\"font-size: medium;\">Versorgt trockene Haut mit Feuchtigkeit. <\/span><\/span><\/li>\n<li><span style=\"font-family: Times New Roman, serif;\"><span style=\"font-size: medium;\">Verhindert Haarbruch und Schuppenbildung, verleiht dem Haar Geschmeidigkeit und Glanz, <\/span > <\/span><\/li>\n<li><span style=\"font-family: Times New Roman, serif;\"><span style=\"font-size: medium;\">Lindert Hautentz\u00fcndungen und Hautausschl\u00e4ge. <\/span><\/span><\/li>\n<li><span style=\"font-family: Times New Roman, serif;\"><span style=\"font-size: medium;\">Es wird zur Behandlung von entz\u00fcndeten Ekzemen und Cellulite verwendet. <\/span><\/span><\/li>\n<li><span style=\"font-family: Times New Roman, serif;\"><span style=\"font-size: medium;\">Gleicht den Fettgehalt der Haut aus. <\/span><\/span><\/li>\n<li><span style=\"font-family: Times New Roman, serif;\"><span style=\"font-size: medium;\">Verhindert die Bildung von Dehnungsstreifen an Bauch und Beinen. <\/span><\/span><\/li>\n<li><span style=\"font-family: Times New Roman, serif;\"><span style=\"font-size: medium;\">Es ist entz\u00fcndungshemmend und antioxidativ. <\/span><\/span><\/li>\n<li><span style=\"font-family: Times New Roman, serif;\"><span style=\"font-size: medium;\">Hilft, Augen- und Gesichts-Make-up m\u00fchelos zu entfernen. <\/span><\/span><\/li>\n<li><span style=\"font-family: Times New Roman, serif;\"><span style=\"font-size: medium;\">Bei Augenerkrankungen, Ohrenentz\u00fcndungen, rheumatischen Schmerzen, Gelenkentz\u00fcndungen, Verkalkungen, Zahnfleisch- u Mund Es ist ein Faktor bei Schleimhautentz\u00fcndungen. <\/span><\/span><\/li>\n<li><span style=\"font-family: Times New Roman, serif;\"><span style=\"font-size: medium;\">Ohne Konservierungsstoffe. <\/span><\/span><\/li>\n<li><span style=\"font-family: Times New Roman, serif;\"><span style=\"font-size: medium;\">Dermatologisch getestet.<\/span><\/span><\/li>\n<\/ul>\n","protected":false},"excerpt":{"rendered":"<p><span style=\"font-family: Times New Roman, serif;\"><span style=\"font-size: medium;\">Jojoba\u00f6l wird aus den Samen der Simmondsia chinensis-Pflanze gewonnen, die hier heimisch ist Arizona, Kalifornien und Nordmexiko. . Etwa 50 % der Samen sind \u00d6l. Die Jojoba-Pflanze ist ein m\u00e4nnliches und weibliches Kraut. Um Samen zu erhalten, m\u00fcssen Pflanzen beiderlei Geschlechts gleichzeitig in der Umwelt vorhanden sein. Die Jojoba-Pflanze w\u00e4chst aus Samen und beginnt ab einem Alter von etwa 3 Jahren zu bl\u00fchen. Es ist eine Pflanze, die unter geeigneten Bedingungen bis zu 200 Jahre alt werden kann. Seine Wurzeln reichen ziemlich tief und sind daher resistent gegen Trockenheit und Temperaturunterschiede. Es ist eine Pflanze, die wertvolle Mineralien aus den Tiefen des Bodens aufnimmt.<\/span><\/span><\/p>\n<p><span style=\"font-family: Times New Roman, serif;\"><span style=\"font-size: medium;\">Es ist also ein sehr haltbares \u00d6l. Es verschlechtert sich nicht so leicht und kann \u00fcber einen langen Zeitraum verwendet werden.<\/span><\/span><\/p>\n","protected":false},"featured_media":10753,"comment_status":"open","ping_status":"closed","template":"","meta":[],"product_cat":[421,573],"product_tag":[526,649,669,452,452,594,414,670,415,650,964,802,801,800],"giftcard-category":[],"_links":{"self":[{"href":"https:\/\/cosmate.com.tr\/de\/wp-json\/wp\/v2\/product\/11480"}],"collection":[{"href":"https:\/\/cosmate.com.tr\/de\/wp-json\/wp\/v2\/product"}],"about":[{"href":"https:\/\/cosmate.com.tr\/de\/wp-json\/wp\/v2\/types\/product"}],"replies":[{"embeddable":true,"href":"https:\/\/cosmate.com.tr\/de\/wp-json\/wp\/v2\/comments?post=11480"}],"wp:featuredmedia":[{"embeddable":true,"href":"https:\/\/cosmate.com.tr\/de\/wp-json\/wp\/v2\/media\/10753"}],"wp:attachment":[{"href":"https:\/\/cosmate.com.tr\/de\/wp-json\/wp\/v2\/media?parent=11480"}],"wp:term":[{"taxonomy":"product_cat","embeddable":true,"href":"https:\/\/cosmate.com.tr\/de\/wp-json\/wp\/v2\/product_cat?post=11480"},{"taxonomy":"product_tag","embeddable":true,"href":"https:\/\/cosmate.com.tr\/de\/wp-json\/wp\/v2\/product_tag?post=11480"},{"taxonomy":"giftcard-category","embeddable":true,"href":"https:\/\/cosmate.com.tr\/de\/wp-json\/wp\/v2\/giftcard-category?post=11480"}],"curies":[{"name":"wp","href":"https:\/\/api.w.org\/{rel}","templated":true}]}}