{"id":11481,"date":"2022-09-20T19:22:19","date_gmt":"2022-09-20T19:22:19","guid":{"rendered":"http:\/\/cosmate.com.tr\/urun\/hamamelisol\/"},"modified":"2025-02-17T13:36:22","modified_gmt":"2025-02-17T13:36:22","slug":"hamamelisol","status":"publish","type":"product","link":"https:\/\/cosmate.com.tr\/de\/produkt\/hamamelisol\/","title":{"rendered":"Hamamelis\u00f6l"},"content":{"rendered":"<ul>\n<li><span style=\"font-family: Times New Roman, serif;\"><span style=\"font-size: medium;\">Die in der Kosmetik am meisten bevorzugte Hamamelisart, \u201eHamamelis Virginiana\u201c, wird in der Phytotherapie verwendet <\/span><\/span><\/li>\n<p><\/span> <\/span><\/li>\n<li><span style=\"font-family: Times New Roman, serif;\"><span style=\"font-size: medium;\">Im Kosmetikbereich wirkt Hamamelis\u00f6l feuchtigkeitsspendend, straffend, reparierend, st\u00e4rkend , Anti-Aging, Antioxidans. Es hat auch talgausgleichende und -reinigende, Anti-R\u00f6tungs- und Anti-Akne-Eigenschaften.<\/span><\/span><\/li>\n<li><span style=\"font-family: Times New Roman, serif;\"><span style=\"font-size: medium;\">F\u00fcr gesunde Haut und Haare Pflege mit Macadamia\u00f6l.<\/span ><\/ span><\/li>\n<li><span style=\"font-family: Times New Roman, serif;\"><span style=\"font-size: medium;\">Inhalt: Hamamelis Virginiana Bark \/ Leaf Extract<\/span><\/span>< \/li>\n<li><span style=\"font-family: Times New Roman, serif;\"><span style=\"font-size: medium;\">Das Produkt enth\u00e4lt keine anderen \u00d6le oder Mischungen. Es wird in reiner Form hergestellt.<\/span><\/span><\/li>\n<li><span style=\"font-family: Times New Roman, serif;\"><span style=\"font-size: medium;\">Ohne Konservierungsstoffe.<\/span><\/span><\/li>\n<\/ul>\n","protected":false},"excerpt":{"rendered":"<p><span style=\"font-family: Times New Roman, serif;\"><span style=\"font-size: medium;\">Es ist ein \u00d6l, das allgemein als Hamamelis bekannt ist und aus der Macademia-Haselnuss gewonnen wird. Unser Produkt wird also aus der Macadamianuss gewonnen. Es enth\u00e4lt hohe Mengen an Palmitoleins\u00e4ure, Okeins\u00e4ure und Linols\u00e4ure. Es enth\u00e4lt auch Omega-6,7 und 3. Dar\u00fcber hinaus hat es Vitamin E und antioxidative Eigenschaften.<\/span><\/span><\/p>\n<p><span style=\"font-family: Times New Roman, serif;\"><span style=\"font-size: medium;\">Es ist ein \u00d6l, das allgemein als Hamamelis bekannt ist und aus der Macademia-Haselnuss gewonnen wird. Mit anderen Worten, unser Produkt wird aus der Macademia-Haselnuss gewonnen. Es hat Vitamin E und antioxidative Eigenschaften. <\/span><\/span><\/p>\n","protected":false},"featured_media":10744,"comment_status":"open","ping_status":"closed","template":"","meta":[],"product_cat":[573,573,421,421],"product_tag":[1580,801,1580,801],"giftcard-category":[],"_links":{"self":[{"href":"https:\/\/cosmate.com.tr\/de\/wp-json\/wp\/v2\/product\/11481"}],"collection":[{"href":"https:\/\/cosmate.com.tr\/de\/wp-json\/wp\/v2\/product"}],"about":[{"href":"https:\/\/cosmate.com.tr\/de\/wp-json\/wp\/v2\/types\/product"}],"replies":[{"embeddable":true,"href":"https:\/\/cosmate.com.tr\/de\/wp-json\/wp\/v2\/comments?post=11481"}],"wp:featuredmedia":[{"embeddable":true,"href":"https:\/\/cosmate.com.tr\/de\/wp-json\/wp\/v2\/media\/10744"}],"wp:attachment":[{"href":"https:\/\/cosmate.com.tr\/de\/wp-json\/wp\/v2\/media?parent=11481"}],"wp:term":[{"taxonomy":"product_cat","embeddable":true,"href":"https:\/\/cosmate.com.tr\/de\/wp-json\/wp\/v2\/product_cat?post=11481"},{"taxonomy":"product_tag","embeddable":true,"href":"https:\/\/cosmate.com.tr\/de\/wp-json\/wp\/v2\/product_tag?post=11481"},{"taxonomy":"giftcard-category","embeddable":true,"href":"https:\/\/cosmate.com.tr\/de\/wp-json\/wp\/v2\/giftcard-category?post=11481"}],"curies":[{"name":"wp","href":"https:\/\/api.w.org\/{rel}","templated":true}]}}