{"id":11482,"date":"2022-09-20T19:17:45","date_gmt":"2022-09-20T19:17:45","guid":{"rendered":"http:\/\/cosmate.com.tr\/urun\/lavendel-ol\/"},"modified":"2025-02-17T13:36:30","modified_gmt":"2025-02-17T13:36:30","slug":"lavendel-ol","status":"publish","type":"product","link":"https:\/\/cosmate.com.tr\/de\/produkt\/lavendel-ol\/","title":{"rendered":"Lavendel \u00d6l"},"content":{"rendered":"<p><span style=\"font-family: Times New Roman, serif;\"><span style=\"font-size: medium;\">Inhalt: Lavandula Angustifolia Oil<\/span><\/span><\/p>\n<ul>\n<li><span style=\"font-family: Times New Roman, serif;\"><span style=\"font-size: medium;\">L\u00f6st Stress und Angst,<\/span><\/span><\/li>\n<li><span style=\"font-family: Times New Roman, serif;\"><span style=\"font-size: medium;\">lindert Schmerzen,<\/span><\/span><\/li>\n<li><span style=\"font-family: Times New Roman, serif;\"><span style=\"font-size: medium;\">Behandlung verschiedener Hauterkrankungen,<\/span><\/span><\/li >\n<li><span style=\"font-family: Times New Roman, serif;\"><span style=\"font-size: medium;\">H\u00e4lt Ihr Haar gesund,<\/span><\/span><\/li>\n<li><span style=\"font-family: Times New Roman, serif;\"><span style=\"font-size: medium;\">Hilft, die Verdauung zu verbessern,<\/span><\/span><\/li>\n<li><span style=\"font-family: Times New Roman, serif;\"><span style=\"font-size: medium;\">lindert Atemwegserkrankungen,<\/span><\/span><\/li>\n<li><span style=\"font-family: Times New Roman, serif;\"><span style=\"font-size: medium;\">Verbessert die Durchblutung,<\/span><\/span><\/li>\n<li><span style=\"font-family: Times New Roman, serif;\"><span style=\"font-size: medium;\">Verbessert die Stimmung,<\/span><\/span><\/li>\n<li><span style=\"font-family: Times New Roman, serif;\"><span style=\"font-size: medium;\">Lavendel f\u00fcr Schlaf und Schlaflosigkeit,<\/span><\/span><\/li >\n<li><span style=\"font-family: Times New Roman, serif;\"><span style=\"font-size: medium;\">Ohne Konservierungsmittel.<\/span><\/span><\/li>\n<\/ul>\n","protected":false},"excerpt":{"rendered":"<p><span style=\"font-family: Times New Roman, serif;\"><span style=\"font-size: medium;\">Es ist reines \u00e4therisches \u00d6l, das durch Dampfdestillation aus Lavendelbl\u00fcten gewonnen wird. <\/span><\/span><\/p>\n<p><span style=\"font-family: Times New Roman, serif;\"><span style=\"font-size: medium;\">Viele Forschungen zeigen heute die Vorteile von Lavendel f\u00fcr die Haut, aber seine gr\u00f6\u00dften wichtiges Merkmal ist die entspannende und beruhigende Wirkung\u2026 Dieses wunderbare \u00e4therische \u00d6l, das in der Erste-Hilfe-Ausr\u00fcstung Ihrer Familie enthalten sein sollte, wirkt schmerzlindernd, gerinnungshemmend, gerinnungshemmend, krampfl\u00f6send, antidepressiv, antimykotisch, antimikrobiell, antiseptisch, antitoxisch, entz\u00fcndungshemmende, antimutagenetische, antihistaminische, kardiotonische, erfrischende und beruhigende Wirkung bekannt. Nehmen wir uns bisher eine wunderbare, winzige Flasche Lavendel\u00f6l und genie\u00dfen Sie die Dutzende verschiedener Vorteile, von der Aufrechterhaltung eines sauberen Dufts in unserem Zuhause \u00fcber die Heilung von Wunden bis hin zu einer guten Nachtruhe und der Bek\u00e4mpfung von Motten! Aber \u201eLavendel\u00f6l\u201c alleine zu sagen bedeutet nicht viel. Es ist notwendig, das richtige Produkt zu finden und es richtig zu verwenden.<\/span><\/span><\/p>\n","protected":false},"featured_media":10735,"comment_status":"open","ping_status":"closed","template":"","meta":[],"product_cat":[577,421],"product_tag":[526,649,452,452,724,594,1031,650,725,671,416,964,802,801,1594,800],"giftcard-category":[],"_links":{"self":[{"href":"https:\/\/cosmate.com.tr\/de\/wp-json\/wp\/v2\/product\/11482"}],"collection":[{"href":"https:\/\/cosmate.com.tr\/de\/wp-json\/wp\/v2\/product"}],"about":[{"href":"https:\/\/cosmate.com.tr\/de\/wp-json\/wp\/v2\/types\/product"}],"replies":[{"embeddable":true,"href":"https:\/\/cosmate.com.tr\/de\/wp-json\/wp\/v2\/comments?post=11482"}],"wp:featuredmedia":[{"embeddable":true,"href":"https:\/\/cosmate.com.tr\/de\/wp-json\/wp\/v2\/media\/10735"}],"wp:attachment":[{"href":"https:\/\/cosmate.com.tr\/de\/wp-json\/wp\/v2\/media?parent=11482"}],"wp:term":[{"taxonomy":"product_cat","embeddable":true,"href":"https:\/\/cosmate.com.tr\/de\/wp-json\/wp\/v2\/product_cat?post=11482"},{"taxonomy":"product_tag","embeddable":true,"href":"https:\/\/cosmate.com.tr\/de\/wp-json\/wp\/v2\/product_tag?post=11482"},{"taxonomy":"giftcard-category","embeddable":true,"href":"https:\/\/cosmate.com.tr\/de\/wp-json\/wp\/v2\/giftcard-category?post=11482"}],"curies":[{"name":"wp","href":"https:\/\/api.w.org\/{rel}","templated":true}]}}