{"id":11483,"date":"2022-09-20T19:12:28","date_gmt":"2022-09-20T19:12:28","guid":{"rendered":"http:\/\/cosmate.com.tr\/urun\/ylang-ylang-ol\/"},"modified":"2025-02-17T13:36:37","modified_gmt":"2025-02-17T13:36:37","slug":"ylang-ylang-ol","status":"publish","type":"product","link":"https:\/\/cosmate.com.tr\/de\/produkt\/ylang-ylang-ol\/","title":{"rendered":"Ylang-Ylang-\u00d6l"},"content":{"rendered":"<ul>\n<li><span style=\"font-family: Times New Roman, serif;\"><span style=\"font-size: medium;\">Es ist reines \u00e4therisches \u00d6l, das durch Dampfdestillation aus Ylang-Ylang-Bl\u00fcten gewonnen wird. <\/span><\/span><\/li>\n<li><span style=\"font-family: Times New Roman, serif;\"><span style=\"font-size: medium;\">\u00c4therisches Ylang-Ylang-\u00d6l ist ein belebendes, stimmungsaufhellendes, linderndes, Angst-, Traurigkeits- und Spannung, Es ist ein \u00d6l mit antidepressiven Eigenschaften. <\/span><\/span><\/li>\n<li><span style=\"font-family: Times New Roman, serif;\"><span style=\"font-size: medium;\">Es kann eine wirksame Behandlung f\u00fcr Menschen sein, die einen Nervenzusammenbruch oder eine Depression danach hatten Schock oder Unfall. <\/span><\/span><\/li>\n<li><span style=\"font-family: Times New Roman, serif;\"><span style=\"font-size: medium;\">Studien haben gezeigt, dass \u201eYlang-Ylang\u201c-\u00d6l bei der Heilung von Ekzemen hilfreich sein kann. Es hilft auch bei Akne, Dermatitis und Hautirritationen. <\/span><\/span><\/li>\n<li><span style=\"font-family: Times New Roman, serif;\"><span style=\"font-size: medium;\">Enth\u00e4lt entz\u00fcndungshemmende Eigenschaften. Es wurde zur Behandlung von Arthritis, Rheuma und entz\u00fcndlichen Erkrankungen des Beckens eingesetzt. <\/span><\/span><\/li>\n<li><span style=\"font-family: Times New Roman, serif;\"><span style=\"font-size: medium;\">Es ist antiseptisch; desinfiziert Wunden, beschleunigt den Heilungsprozess von Wunden. <\/span><\/span><\/li>\n<li><span style=\"font-family: Times New Roman, serif;\"><span style=\"font-size: medium;\">Es ist ein Aphrodisiakum und kann das Sexualleben verbessern. <\/span><\/span><\/li>\n<li><span style=\"font-family: Times New Roman, serif;\"><span style=\"font-size: medium;\">Wirksam bei der Behandlung von Bluthochdruck und anderen Herzproblemen. Es hat keine negativen Nebenwirkungen auf die Gesundheit, wenn es in den vorgeschriebenen Ma\u00dfnahmen eingenommen wird. <\/span><\/span><\/li>\n<li><span style=\"font-family: Times New Roman, serif;\"><span style=\"font-size: medium;\">Als Feuchtigkeitscreme auf Gesicht oder K\u00f6rper auftragen und mit festem \u00d6l in ausreichender Menge verd\u00fcnnen , nicht direkt anwenden. Es ist zur \u00e4u\u00dferlichen Anwendung. Den Kontakt mit den Augen vermeiden. K\u00fchl und trocken lagern. Es wird empfohlen, dass schwangere Frauen und Kinder vor der Anwendung einen Arzt konsultieren. <\/span><\/span><\/li>\n<li><span style=\"font-family: Times New Roman, serif;\"><span style=\"font-size: medium;\">Inhalt: Cananga Odorata Blatt\u00f6l. <\/span><\/span><\/li>\n<li><span style=\"font-family: Times New Roman, serif;\"><span style=\"font-size: medium;\">Dermatologisch getestet.<\/span><\/span><\/li>\n<\/ul>\n<p>&nbsp;<\/p>\n","protected":false},"excerpt":{"rendered":"<p><span style=\"font-family: Times New Roman, serif;\"><span style=\"font-size: medium;\">\u00c4therisches Ylang-Ylang-\u00d6l, hebt die Stimmung, lindert Angst, Traurigkeit und Anspannung, wirkt antidepressiv ist ein \u00d6l mit besonderen Eigenschaften.<\/span><\/span><\/p>\n","protected":false},"featured_media":10723,"comment_status":"open","ping_status":"closed","template":"","meta":[],"product_cat":[421,577],"product_tag":[526,649,452,452,594,650,457,457,673,418,964,802,801,800],"giftcard-category":[],"_links":{"self":[{"href":"https:\/\/cosmate.com.tr\/de\/wp-json\/wp\/v2\/product\/11483"}],"collection":[{"href":"https:\/\/cosmate.com.tr\/de\/wp-json\/wp\/v2\/product"}],"about":[{"href":"https:\/\/cosmate.com.tr\/de\/wp-json\/wp\/v2\/types\/product"}],"replies":[{"embeddable":true,"href":"https:\/\/cosmate.com.tr\/de\/wp-json\/wp\/v2\/comments?post=11483"}],"wp:featuredmedia":[{"embeddable":true,"href":"https:\/\/cosmate.com.tr\/de\/wp-json\/wp\/v2\/media\/10723"}],"wp:attachment":[{"href":"https:\/\/cosmate.com.tr\/de\/wp-json\/wp\/v2\/media?parent=11483"}],"wp:term":[{"taxonomy":"product_cat","embeddable":true,"href":"https:\/\/cosmate.com.tr\/de\/wp-json\/wp\/v2\/product_cat?post=11483"},{"taxonomy":"product_tag","embeddable":true,"href":"https:\/\/cosmate.com.tr\/de\/wp-json\/wp\/v2\/product_tag?post=11483"},{"taxonomy":"giftcard-category","embeddable":true,"href":"https:\/\/cosmate.com.tr\/de\/wp-json\/wp\/v2\/giftcard-category?post=11483"}],"curies":[{"name":"wp","href":"https:\/\/api.w.org\/{rel}","templated":true}]}}