{"id":11484,"date":"2022-09-20T18:57:58","date_gmt":"2022-09-20T18:57:58","guid":{"rendered":"http:\/\/cosmate.com.tr\/urun\/olivenol-milch\/"},"modified":"2025-02-17T13:36:45","modified_gmt":"2025-02-17T13:36:45","slug":"olivenol-milch","status":"publish","type":"product","link":"https:\/\/cosmate.com.tr\/de\/produkt\/olivenol-milch\/","title":{"rendered":"Oliven\u00f6l Milch"},"content":{"rendered":"<ul>\n<li><span style=\"font-family: Times New Roman, serif;\"><span style=\"font-size: medium;\">1. Hochwertige kaltgepresste Olivenmilch. <\/span><\/span><\/li>\n<li><span style=\"font-family: Times New Roman, serif;\"><span style=\"font-size: medium;\">Olivenmilch ist ein organisches, fruchtbares \u00d6l, das aus dem Olivenprodukt gewonnen wird. Oliven werden in Steinm\u00fchlen mit Hilfe von Steinen zerkleinert, das Olivenmark wird in spezielle Filzs\u00e4cke gef\u00fcllt und durch nat\u00fcrliches Kaltpressverfahren zu dem \u00d6l verarbeitet, das wir Olivenmilch nennen. <\/span><\/span><\/li>\n<li><span style=\"font-family: Times New Roman, serif;\"><span style=\"font-size: medium;\">Olivenmilch, eine nat\u00fcrliche Form der Olive, hat viele Vorteile. Olivenmilch, die antioxidative Eigenschaften hat, ist auch reich an Vitamin E. <\/span><\/span><\/li>\n<li><span style=\"font-family: Times New Roman, serif;\"><span style=\"font-size: medium;\">Die in der Alternativmedizin h\u00e4ufig verwendete Olivenmilch selbst wird bei Herz-Kreislauf-Erkrankungen eingesetzt , Heilung von Hautwunden, wie Ekzemen, wird ebenfalls verwendet. Es reguliert auch das Verdauungssystem und beugt Verstopfung vor. Es reinigt den K\u00f6rper von Giftstoffen, st\u00e4rkt das Immunsystem. <\/span><\/span><\/li>\n<li><span style=\"font-family: Times New Roman, serif;\"><span style=\"font-size: medium;\">Es wurde auch festgestellt, dass Olivenmilch die Zellreparatur unterst\u00fctzt. <\/span><\/span><\/li>\n<\/ul>\n<ul>\n<li><span style=\"font-family: Times New Roman, serif;\"><span style=\"font-size: medium;\">Inhaltsstoff: Dicaprylylcarbonat, Olea Europaea-Frucht\u00f6l, Tocopherol, Aroma <\/span> <\/span><\/li>\n<\/ul>\n<ul>\n<li><span style=\"font-family: Times New Roman, serif;\"><span style=\"font-size: medium;\">Anwendung: Tropfen Sie mit der Pipette ein paar Tropfen um Ihre Augen und Ihr Gesicht in die Flasche geben und mit den Fingerspitzen einmassieren und auf die Haut auftragen. Es ist zur \u00e4u\u00dferlichen Anwendung. <\/span><\/span><\/li>\n<li><span style=\"font-family: Times New Roman, serif;\"><span style=\"font-size: medium;\">Kontakt mit den Augen vermeiden, bei Kontakt mit viel Wasser sp\u00fclen. Au\u00dferhalb der Reichweite von Kindern und k\u00fchl aufbewahren, <\/span><\/span><\/li>\n<li><span style=\"font-family: Times New Roman, serif;\"><span style=\"font-size: medium;\">Dicht verschlossen und trocken lagern <\/span><\/span><\/ li>\n<li><span style=\"font-family: Times New Roman, serif;\"><span style=\"font-size: medium;\">Ohne Konservierungsstoffe und Parabene. <\/span><\/span><\/li>\n<li><span style=\"font-family: Times New Roman, serif;\"><span style=\"font-size: medium;\">100\u00a0% nat\u00fcrlich.<\/span><\/span><\/li>\n<\/ul>\n","protected":false},"excerpt":{"rendered":"<p><span style=\"font-family: Times New Roman, serif;\"><span style=\"font-size: medium;\">Olivenmilch ist ein organisches, fruchtbares \u00d6l, das aus dem Olivenprodukt gewonnen wird. Oliven werden in Steinm\u00fchlen mit Hilfe von Steinen zerkleinert, das Olivenmark wird in spezielle Filzs\u00e4cke gef\u00fcllt und durch nat\u00fcrliches Kaltpressverfahren zu dem \u00d6l verarbeitet, das wir Olivenmilch nennen. <\/span><\/span><\/p>\n","protected":false},"featured_media":10720,"comment_status":"open","ping_status":"closed","template":"","meta":[],"product_cat":[572,421],"product_tag":[649,669,452,452,594,414,650,595,802,801,1612,800],"giftcard-category":[],"_links":{"self":[{"href":"https:\/\/cosmate.com.tr\/de\/wp-json\/wp\/v2\/product\/11484"}],"collection":[{"href":"https:\/\/cosmate.com.tr\/de\/wp-json\/wp\/v2\/product"}],"about":[{"href":"https:\/\/cosmate.com.tr\/de\/wp-json\/wp\/v2\/types\/product"}],"replies":[{"embeddable":true,"href":"https:\/\/cosmate.com.tr\/de\/wp-json\/wp\/v2\/comments?post=11484"}],"wp:featuredmedia":[{"embeddable":true,"href":"https:\/\/cosmate.com.tr\/de\/wp-json\/wp\/v2\/media\/10720"}],"wp:attachment":[{"href":"https:\/\/cosmate.com.tr\/de\/wp-json\/wp\/v2\/media?parent=11484"}],"wp:term":[{"taxonomy":"product_cat","embeddable":true,"href":"https:\/\/cosmate.com.tr\/de\/wp-json\/wp\/v2\/product_cat?post=11484"},{"taxonomy":"product_tag","embeddable":true,"href":"https:\/\/cosmate.com.tr\/de\/wp-json\/wp\/v2\/product_tag?post=11484"},{"taxonomy":"giftcard-category","embeddable":true,"href":"https:\/\/cosmate.com.tr\/de\/wp-json\/wp\/v2\/giftcard-category?post=11484"}],"curies":[{"name":"wp","href":"https:\/\/api.w.org\/{rel}","templated":true}]}}