{"id":11485,"date":"2023-11-08T18:48:42","date_gmt":"2023-11-08T18:48:42","guid":{"rendered":"http:\/\/cosmate.com.tr\/urun\/magic-oil\/"},"modified":"2025-02-17T13:34:40","modified_gmt":"2025-02-17T13:34:40","slug":"magic-oil","status":"publish","type":"product","link":"https:\/\/cosmate.com.tr\/de\/produkt\/magic-oil\/","title":{"rendered":"Magic Oil"},"content":{"rendered":"<p>Wertvolle \u00d6le im Produktinhalt; Bio-zertifiziertes Argan\u00f6l, Johanniskraut\u00f6l, CPR-Traubenkern\u00f6l, Hanfsamen\u00f6l, Jojoba\u00f6l.<\/p>\n<p>Sie m\u00fcssen nicht 10 verschiedene Kosmetikprodukte kaufen. Alles in einem Produkt, absolut effektiv f\u00fcr professionelle Ergebnisse.<\/p>\n<p>1. Das ultimative Ganzk\u00f6rperpflege\u00f6l<\/p>\n<p>2. Hervorragende K\u00f6rpercreme zum Duschen<\/p>\n<p>3.\u00a0\u00a0Ein Make-up-Entferner, der m\u00fchelos selbst das intensivste, wasserfeste Make-up entfernt.<\/p>\n<p>4.\u00a0\u00a0Massage\u00f6l f\u00fcr sehr empfindliche Haut<\/p>\n<p>5.\u00a0\u00a0Eine Gesichtscreme, die f\u00fcr alle Hauttypen geeignet ist<\/p>\n<p>6. Nicht aussp\u00fclbares, silikonfreies Haarpflege\u00f6l<\/p>\n<p>7.\u00a0\u00a0Haarpflegecreme unter der Dusche,<\/p>\n<p>8. L\u00f6sliches feuchtigkeitsspendendes Bade\u00f6l<\/p>\n<p>9.\u00a0\u00a0Intensiv feuchtigkeitsspendende, aber nicht fettende Handcreme (Hand befeuchten, eine kleine Menge auftragen)<\/p>\n<p>10. Sanftes Babypflege\u00f6l<\/p>\n<p>Haarpflege; Es hat hervorragende feuchtigkeitsspendende und pflegende Eigenschaften gegen die austrocknende Wirkung von Sonne und Salz im Sommer und die austrocknende Wirkung von K\u00e4lte im Winter.<\/p>\n<p>Gesichtspflege; Wenn Sie es auf die getrocknete Gesichtspartie auftragen, hinterl\u00e4sst es den ganzen Tag ein glattes und weiches Gef\u00fchl.<\/p>\n<p>Enth\u00e4lt einen allergenfreien Duft f\u00fcr empfindliche Haut. Es verstopft nicht die Poren im Gesichtsbereich. Verursacht keine Akne und Mitesser.<\/p>\n<p>Es enth\u00e4lt keine Parabene, Konservierungsstoffe, Paraffine, Silikone und Farbstoffe.<\/p>\n<p>Zutaten: DICAPRYLYL CARBONATE*,\u00a0COCO-CAPRYLATE*,\u00a0UNDECAN (UND) TRIDECAN*,\u00a0HYPERICUM PERFORATUM EXTRACT (UND) OLEA EUROPAEA FRUIT OIL**,\u00a0VITIS VINIFERA SEED OIL**,\u00a0SIMMONDSIA CHILOSA** (ARGAN) KERN\u00d6L*,\u00a0GLYCERYL STEARAT, OLEA EUROPAEA (OLIVEN) FRUCHT\u00d6L**, CANNABIS SATIVA SAMEN\u00d6L** DUFT, BENZYLBENZOAT, CITRONELOL<\/p>\n<p>*Bio-zertifizierter Inhalt **Nat\u00fcrlicher Inhalt<\/p>\n","protected":false},"excerpt":{"rendered":"<p><span style=\"font-family: Times New Roman, serif;\"><span style=\"font-size: medium;\">Ein multifunktionales, luxuri\u00f6ses, cremiges Zauber\u00f6l mit zehn Wirkungen. <\/span><\/span><\/p>\n<p><span style=\"font-family: Times New Roman, serif;\"><span style=\"font-size: medium;\">Lassen Sie uns Sie daran erinnern, dass es ein gro\u00dfer Vorteil ist, dieses ganz besondere Produkt dabei zu haben Sie jederzeit. <\/span><\/span><\/p>\n","protected":false},"featured_media":12966,"comment_status":"open","ping_status":"closed","template":"","meta":[],"product_cat":[572,421],"product_tag":[452,832,802,801,800],"giftcard-category":[],"_links":{"self":[{"href":"https:\/\/cosmate.com.tr\/de\/wp-json\/wp\/v2\/product\/11485"}],"collection":[{"href":"https:\/\/cosmate.com.tr\/de\/wp-json\/wp\/v2\/product"}],"about":[{"href":"https:\/\/cosmate.com.tr\/de\/wp-json\/wp\/v2\/types\/product"}],"replies":[{"embeddable":true,"href":"https:\/\/cosmate.com.tr\/de\/wp-json\/wp\/v2\/comments?post=11485"}],"wp:featuredmedia":[{"embeddable":true,"href":"https:\/\/cosmate.com.tr\/de\/wp-json\/wp\/v2\/media\/12966"}],"wp:attachment":[{"href":"https:\/\/cosmate.com.tr\/de\/wp-json\/wp\/v2\/media?parent=11485"}],"wp:term":[{"taxonomy":"product_cat","embeddable":true,"href":"https:\/\/cosmate.com.tr\/de\/wp-json\/wp\/v2\/product_cat?post=11485"},{"taxonomy":"product_tag","embeddable":true,"href":"https:\/\/cosmate.com.tr\/de\/wp-json\/wp\/v2\/product_tag?post=11485"},{"taxonomy":"giftcard-category","embeddable":true,"href":"https:\/\/cosmate.com.tr\/de\/wp-json\/wp\/v2\/giftcard-category?post=11485"}],"curies":[{"name":"wp","href":"https:\/\/api.w.org\/{rel}","templated":true}]}}