{"id":11486,"date":"2022-09-20T17:37:10","date_gmt":"2022-09-20T17:37:10","guid":{"rendered":"http:\/\/cosmate.com.tr\/urun\/shampoo-mit-tonic-effekt\/"},"modified":"2025-02-17T13:38:19","modified_gmt":"2025-02-17T13:38:19","slug":"shampoo-mit-tonic-effekt","status":"publish","type":"product","link":"https:\/\/cosmate.com.tr\/de\/produkt\/shampoo-mit-tonic-effekt\/","title":{"rendered":"Shampoo mit Tonic-Effekt"},"content":{"rendered":"<p>Zutaten: Aqua, Decyl Glucoside*, Sodium Cocoamphoacetate*, Glycerin*, Lauryl Glucoside*, Sodium Cocoyl Glutame*, Sodium Lauryl Glucose Carboxylate*, Coco-Glucoside*, Cocamidoropyl Betain, Dinatrium Laureth Sulfosuccinate, Polyquaternia Kernel Oil, Argania Kernel*, Allium Sativum Bulb Extract, Laurus Nobilis Leaf Extract, Lavandula Angustifolia Extract, Urtica Dioica Extract, Olea Europaea Leaf Extract, Fragnance Sodium Benzoate, Potassium Sorbate, Dinatrium Edta, Citronens\u00e4ure, Benzoes\u00e4ure, Guar Hydroxypropyltrimonium Chloride, Methylinchloroisothiazol, Nigelia Sativa Seed Oil* *, Vitis Vinifera-Samen\u00f6l**, Cucurbita Pepo-Samen\u00f6l**, Sesamum Indicum-Samen\u00f6l**, Menthol.<\/p>\n<p>&nbsp;<\/p>\n<p>**: Zertifizierte Bio-Zutaten- *: Nat\u00fcrlicher Inhaltsstoff<\/p>\n<p>&nbsp;<\/p>\n<p>Dermatologisch getestet.<\/p>\n<p>&nbsp;<\/p>\n<p>KOPFTONIK-EFFEKT MIT BIO-ARGAN\u00d6L<\/p>\n<p>ANTI-SPIRIT SULFATFREIES SHAMPOO<\/p>\n<p>&nbsp;<\/p>\n<p>ZUR PFLEGE VON HAAR UND KOPFHAUT, ENTH\u00c4LT GERUCHLOSEN KNOBLAUCH-, LORBEER-, NESSEL-, LAVENDEL-, HONIG- UND OLIVENEXTRAKT.<\/p>\n<p>HAAR UND KOPFHAUT (SKALP) FEUCHTIGKEITSSPENDENDE WIRKUNG<\/p>\n<p>HAAR UND KOPFHAUT (SKALP) TONISCHER EFFEKT<\/p>\n<p>GEGEN HAARVERLUST (5-\u03b1-Reduktase-Enzym-Hemmer)<\/p>\n<p>NAT\u00dcRLICH MIT KR\u00c4UTER\u00d6LEN UND ENZYMEN GEGEN HAARAUSFALL FORMULIERT.<\/p>\n<p>&nbsp;<\/p>\n<p>SULFAT &#8211; NEIN (SLS\/SLES &#8211; Natriumlaurethsulfat usw.)<br \/>\nSILIKON &#8211; ENTH\u00c4LT KEIN (Dimeticon etc.)<br \/>\nFORMALDEHYD &amp; TRENNMITTEL &#8211; ENTHALTEN KEIN (DMDM Hydantoin etc.)<br \/>\nPARABEN \u2013 ENTH\u00c4LT (Methylparaben \u2013 Ethylparaben usw.)<br \/>\nAMID &#8211; ENTH\u00c4LT KEIN (Cocoamid DEA MEA MIPA etc.)<br \/>\nPEG &#8211; PPG &#8211; ENTH\u00c4LT KEIN (Propylenglykol etc.)<br \/>\nSALZFREI (Salz, Natriumchlorid)<\/p>\n<p>&nbsp;<\/p>\n<p>ALOE VERA EXTRAKT (ALOE VERA PFLANZE)<\/p>\n<p>ALLIUM SATIVUM (KNOBLAUCH) EXTRAKT<\/p>\n<p>NESSELBLATT-EXTRAKT<\/p>\n<p>LORBEER-EXTRAKT<\/p>\n<p>LAVENDULA ANGUSTIFOLIA-EXTRAKT<\/p>\n<p>HONIG-(MEL)-EXTRAKT<\/p>\n<p>OLIVENBLATT (OLE) EXTRAKT<\/p>\n<p>D-PANTHENOL (PROVITAMIN B5)<\/p>\n","protected":false},"excerpt":{"rendered":"<p><span style=\"font-family: Times New Roman, serif;\"><span style=\"font-size: medium;\">Tonic Effect Emulsion Shampoo <\/span><\/span><\/p>\n<p><span style=\"font-family: Times New Roman, serif;\"><span style=\"font-size: medium;\">Hair &#038; Scalp Moisturizer &amp; Sie erleben das sicherste und angenehmste Shampoo-Erlebnis, das Sie je verwendet haben, mit Kr\u00e4uterextrakten und bio-zertifiziertem Argan\u00f6l und Jojoba\u00f6l im Top Level Quality Natural Shampoo mit durchblutungsf\u00f6rderndem Tonic-Effekt. Es reinigt Haar und Kopfhaut schonend und pflegt sehr intensiv.<\/span><\/span><\/p>\n","protected":false},"featured_media":10717,"comment_status":"open","ping_status":"closed","template":"","meta":[],"product_cat":[575,421],"product_tag":[649,452,452,594,650,638,802,801,800,1262],"giftcard-category":[],"_links":{"self":[{"href":"https:\/\/cosmate.com.tr\/de\/wp-json\/wp\/v2\/product\/11486"}],"collection":[{"href":"https:\/\/cosmate.com.tr\/de\/wp-json\/wp\/v2\/product"}],"about":[{"href":"https:\/\/cosmate.com.tr\/de\/wp-json\/wp\/v2\/types\/product"}],"replies":[{"embeddable":true,"href":"https:\/\/cosmate.com.tr\/de\/wp-json\/wp\/v2\/comments?post=11486"}],"wp:featuredmedia":[{"embeddable":true,"href":"https:\/\/cosmate.com.tr\/de\/wp-json\/wp\/v2\/media\/10717"}],"wp:attachment":[{"href":"https:\/\/cosmate.com.tr\/de\/wp-json\/wp\/v2\/media?parent=11486"}],"wp:term":[{"taxonomy":"product_cat","embeddable":true,"href":"https:\/\/cosmate.com.tr\/de\/wp-json\/wp\/v2\/product_cat?post=11486"},{"taxonomy":"product_tag","embeddable":true,"href":"https:\/\/cosmate.com.tr\/de\/wp-json\/wp\/v2\/product_tag?post=11486"},{"taxonomy":"giftcard-category","embeddable":true,"href":"https:\/\/cosmate.com.tr\/de\/wp-json\/wp\/v2\/giftcard-category?post=11486"}],"curies":[{"name":"wp","href":"https:\/\/api.w.org\/{rel}","templated":true}]}}