{"id":10220,"date":"2012-10-22T12:11:15","date_gmt":"2012-10-22T12:11:15","guid":{"rendered":"http:\/\/cosmate.com.tr\/homepage\/"},"modified":"2024-01-23T14:10:43","modified_gmt":"2024-01-23T14:10:43","slug":"homepage","status":"publish","type":"page","link":"https:\/\/cosmate.com.tr\/en\/","title":{"rendered":"Homepage"},"content":{"rendered":"<p>[vc_row full_width=&#8221;stretch_row_content&#8221; equal_height=&#8221;yes&#8221; el_class=&#8221;main-slider&#8221; css=&#8221;.vc_custom_1664200456595{background-image: url(https:\/\/splashythemes.com\/wordpress\/woo\/WCM01\/WCM010050\/wp-content\/uploads\/2020\/06\/bodytop-bg-img.jpg?id=9438) !important;}&#8221;][vc_column][vc_row_inner el_class=&#8221;theme-container&#8221;][vc_column_inner][rev_slider_vc alias=&#8221;tmpoption_homeslider&#8221; el_class=&#8221;Slider-content&#8221;][\/vc_column_inner][\/vc_row_inner][\/vc_column][\/vc_row][vc_row el_class=&#8221;bannercmsblock theme-container&#8221; css=&#8221;.vc_custom_1664200412808{margin-top: 15px !important;margin-bottom: 90px !important;}&#8221;][vc_column][vc_row_inner el_class=&#8221;banner-cms-wrappers&#8221;][vc_column_inner width=&#8221;1\/2&#8243;]<div class=\"cms-banner-item banner-item first style1\"><div class=\"cms-banner-inner\"><div class=\"cms-banner-img\"><a href=\"https:\/\/cosmate.com.tr\/urun\/magic-oil\/\" target=\"_blank\"><img decoding=\"async\" src=\"https:\/\/cosmate.com.tr\/wp-content\/uploads\/2022\/09\/MAGICOIL-SISE-VE-KUTU.jpg\" alt=\"Homepage\"\/><\/a><\/div><span class=\"static-wrapper\"><span class=\"cms-text\"><span class=\"static-inner\"><\/span><span class=\"shop-now\"><\/span><\/span><\/span><\/div><\/div>[\/vc_column_inner][vc_column_inner width=&#8221;1\/2&#8243;]<div class=\"cms-banner-item banner-item second style1\"><div class=\"cms-banner-inner\"><div class=\"cms-banner-img\"><a href=\"https:\/\/cosmate.com.tr\/en\/wholesale\/\" target=\"\"><img decoding=\"async\" src=\"https:\/\/cosmate.com.tr\/wp-content\/uploads\/2024\/01\/toptan-satis-ingilizce-post.jpg\" alt=\"Homepage\"\/><\/a><\/div><span class=\"static-wrapper\"><span class=\"cms-text\"><span class=\"static-inner\"><\/span><span class=\"shop-now\"><\/span><\/span><\/span><\/div><\/div>[\/vc_column_inner][\/vc_row_inner][\/vc_column][\/vc_row][vc_row el_class=&#8221;product-tab theme-container&#8221;][vc_column]<div id=\"ultimate-heading-820269e10624e559e\" class=\"uvc-heading ult-adjust-bottom-margin ultimate-heading-820269e10624e559e uvc-1015 \" data-hspacer=\"line_only\"  data-halign=\"center\" style=\"text-align:center\"><div class=\"uvc-main-heading ult-responsive\"  data-ultimate-target='.uvc-heading.ultimate-heading-820269e10624e559e h3'  data-responsive-json-new='{\"font-size\":\"\",\"line-height\":\"\"}' ><h3 style=\"font-weight:bold;margin-bottom:10px;\">New Products<\/h3><\/div><div class=\"uvc-heading-spacer line_only\" style=\"topheight:1px;\"><span class=\"uvc-headings-line\" style=\"border-style:solid;border-bottom-width:1px;border-color:#ccc;width:autopx;\"><\/span><\/div><\/div><div id=\"horizontalTab\"><ul class=\"resp-tabs-list\"><li ><div class=\"tab-title\">Yeni \u00dcr\u00fcnler<\/div><\/li><\/ul><div class=\"resp-tabs-container\"><div id=\"woo-products\" class=\"woo-content products_block shop woofeature\"><div id=\"woo_grid\" class=\"woo-grid cols-4\"><div class=\"woocommerce columns-4 \">\t<ul class=\"products\" >\r\n<li class=\"post-10249 product type-product status-publish has-post-thumbnail hentry product_cat-all-products product_cat-skin-care product_tag-cosmate-en product_tag-magic-oil-en-2 product_tag--en product_tag---en\">\r\n\t<div class=\"container-inner\">\r\n\t<span class=\"product-loading\"><\/span>\r\n\t<div class=\"product-block-inner\">\r\n\t\t\t\t<div class=\"image-block\"><a href=\"https:\/\/cosmate.com.tr\/en\/urun\/magic-oil-2\/\">\r\n\t\t\t<div class=\"wpcbm-wrapper\"><img loading=\"lazy\" decoding=\"async\" width=\"2560\" height=\"2103\" src=\"https:\/\/cosmate.com.tr\/wp-content\/uploads\/2022\/09\/Magic-Oil-Sise-ve-Kutu-beraberweb-scaled.jpg\" class=\"secondary-image attachment-shop-catalog\" alt=\"\" srcset=\"https:\/\/cosmate.com.tr\/wp-content\/uploads\/2022\/09\/Magic-Oil-Sise-ve-Kutu-beraberweb-scaled.jpg 2560w, https:\/\/cosmate.com.tr\/wp-content\/uploads\/2022\/09\/Magic-Oil-Sise-ve-Kutu-beraberweb-scaled-759x624.jpg 759w, https:\/\/cosmate.com.tr\/wp-content\/uploads\/2022\/09\/Magic-Oil-Sise-ve-Kutu-beraberweb-300x246.jpg 300w, https:\/\/cosmate.com.tr\/wp-content\/uploads\/2022\/09\/Magic-Oil-Sise-ve-Kutu-beraberweb-1024x841.jpg 1024w, https:\/\/cosmate.com.tr\/wp-content\/uploads\/2022\/09\/Magic-Oil-Sise-ve-Kutu-beraberweb-768x631.jpg 768w, https:\/\/cosmate.com.tr\/wp-content\/uploads\/2022\/09\/Magic-Oil-Sise-ve-Kutu-beraberweb-1536x1262.jpg 1536w, https:\/\/cosmate.com.tr\/wp-content\/uploads\/2022\/09\/Magic-Oil-Sise-ve-Kutu-beraberweb-2048x1683.jpg 2048w, https:\/\/cosmate.com.tr\/wp-content\/uploads\/2022\/09\/Magic-Oil-Sise-ve-Kutu-beraberweb-1320x1085.jpg 1320w\" sizes=\"(max-width: 2560px) 100vw, 2560px\" \/><span class='onsale'>-42%<\/span><\/div><\/a><div class=\"product-button-hover\"><\/div><\/div>\r\n\t\t\t<div class=\"product-detail-wrapper\">\r\n\r\n\t\t\t\t\t\t\r\n\t\t<a href=\"https:\/\/cosmate.com.tr\/en\/urun\/magic-oil-2\/\" title=\"Magic Oil\"><h3 class=\"product-name\">Magic Oil<\/h3><\/a>\r\n\t\t\n\t<span class=\"price\"><del aria-hidden=\"true\"><span class=\"woocommerce-Price-amount amount\"><bdi><span class=\"woocommerce-Price-currencySymbol\">&#8378;<\/span>500,00<\/bdi><\/span><\/del> <ins><span class=\"woocommerce-Price-amount amount\"><bdi><span class=\"woocommerce-Price-currencySymbol\">&#8378;<\/span>290,00<\/bdi><\/span><\/ins><\/span>\n<a href=\"#\" class=\"button yith-wcqv-button\" data-product_id=\"10249\">Quick View<\/a><a id=\"sbw_wc-adding-button-archive\" href=\"https:\/\/cosmate.com.tr\/en\/checkout-2\/?buy-now=10249\" data-quantity=\"1\" class=\"button product_type_simple add_to_cart_button  buy_now_button\" data-product_id=\"10249\" rel=\"nofollow\">Hemen Al<\/a>\t\t<\/div>\r\n\t\t<\/div>\r\n\t\t<\/div>\r\n<\/li><li class=\"post-11433 product type-product status-publish has-post-thumbnail hentry product_cat-all-products product_cat-sets product_tag-hautpflege-en product_tag-jojobaol-en product_tag-lavendel-ol-en product_tag-macadamiaol-en product_tag-pflege-en product_tag-rauchergefas-en product_tag-ylang-ylang-ol-en product_tag--en\">\r\n\t<div class=\"container-inner\">\r\n\t<span class=\"product-loading\"><\/span>\r\n\t<div class=\"product-block-inner\">\r\n\t\t\t\t<div class=\"image-block\"><a href=\"https:\/\/cosmate.com.tr\/en\/urun\/aromatherapy-care-kit\/\">\r\n\t\t\t<div class=\"wpcbm-wrapper\"><img loading=\"lazy\" decoding=\"async\" width=\"2160\" height=\"2160\" src=\"https:\/\/cosmate.com.tr\/wp-content\/uploads\/2023\/02\/DSF2125_1.jpg\" class=\"secondary-image attachment-shop-catalog\" alt=\"\" srcset=\"https:\/\/cosmate.com.tr\/wp-content\/uploads\/2023\/02\/DSF2125_1.jpg 2160w, https:\/\/cosmate.com.tr\/wp-content\/uploads\/2023\/02\/DSF2125_1-300x300.jpg 300w, https:\/\/cosmate.com.tr\/wp-content\/uploads\/2023\/02\/DSF2125_1-1024x1024.jpg 1024w, https:\/\/cosmate.com.tr\/wp-content\/uploads\/2023\/02\/DSF2125_1-150x150.jpg 150w, https:\/\/cosmate.com.tr\/wp-content\/uploads\/2023\/02\/DSF2125_1-768x768.jpg 768w, https:\/\/cosmate.com.tr\/wp-content\/uploads\/2023\/02\/DSF2125_1-1536x1536.jpg 1536w, https:\/\/cosmate.com.tr\/wp-content\/uploads\/2023\/02\/DSF2125_1-2048x2048.jpg 2048w, https:\/\/cosmate.com.tr\/wp-content\/uploads\/2023\/02\/DSF2125_1-145x145.jpg 145w, https:\/\/cosmate.com.tr\/wp-content\/uploads\/2023\/02\/DSF2125_1-50x50.jpg 50w, https:\/\/cosmate.com.tr\/wp-content\/uploads\/2023\/02\/DSF2125_1-759x759.jpg 759w, https:\/\/cosmate.com.tr\/wp-content\/uploads\/2023\/02\/DSF2125_1-100x100.jpg 100w, https:\/\/cosmate.com.tr\/wp-content\/uploads\/2023\/02\/DSF2125_1-170x170.jpg 170w\" sizes=\"(max-width: 2160px) 100vw, 2160px\" \/><div class=\"soldout_wrapper\"><span class=\"soldout\">T\u00dcKEND\u0130<\/span><\/div><span class='onsale'>-9%<\/span><\/div><\/a><div class=\"product-button-hover\"><\/div><\/div>\r\n\t\t\t<div class=\"product-detail-wrapper\">\r\n\r\n\t\t\t\t\t\t\r\n\t\t<a href=\"https:\/\/cosmate.com.tr\/en\/urun\/aromatherapy-care-kit\/\" title=\"Aromatherapy Care Kit\"><h3 class=\"product-name\">Aromatherapy Care Kit<\/h3><\/a>\r\n\t\t\n\t<span class=\"price\"><del aria-hidden=\"true\"><span class=\"woocommerce-Price-amount amount\"><bdi><span class=\"woocommerce-Price-currencySymbol\">&#8378;<\/span>715,00<\/bdi><\/span><\/del> <ins><span class=\"woocommerce-Price-amount amount\"><bdi><span class=\"woocommerce-Price-currencySymbol\">&#8378;<\/span>650,00<\/bdi><\/span><\/ins><\/span>\n<a href=\"#\" class=\"button yith-wcqv-button\" data-product_id=\"11433\">Quick View<\/a><a id=\"sbw_wc-adding-button-archive\" href=\"https:\/\/cosmate.com.tr\/en\/checkout-2\/?buy-now=11433\" data-quantity=\"1\" class=\"button product_type_simple add_to_cart_button  buy_now_button\" data-product_id=\"11433\" rel=\"nofollow\">Hemen Al<\/a>\t\t<\/div>\r\n\t\t<\/div>\r\n\t\t<\/div>\r\n<\/li><\/ul>\n<\/div><\/div><div class=\"tmpoption-message\"><i class=\"fa fa-frown-o\"><\/i>No more Products to display<\/div><div class=\"loadgridlist-wrapper\"><button class=\"woocount loadgridlist\">View More Products<\/button><\/div><\/div><\/div><\/div>[\/vc_column][\/vc_row][vc_row content_placement=&#8221;middle&#8221; parallax_content=&#8221;parallax_content_value&#8221; parallax_content_sense=&#8221;30&#8243; enable_overlay=&#8221;enable_overlay_value&#8221; overlay_color=&#8221;#0a0a0a&#8221; overlay_pattern=&#8221;01.png&#8221; overlay_pattern_opacity=&#8221;80&#8243; el_class=&#8221;parallax theme-container&#8221; css=&#8221;.vc_custom_1663714091823{margin-top: 0px !important;margin-bottom: 0px !important;}&#8221;][vc_column el_class=&#8221;parallax-inner&#8221; css=&#8221;.vc_custom_1663714118442{margin-top: 0px !important;margin-bottom: 0px !important;padding-top: 0px !important;padding-bottom: 0px !important;}&#8221;]<div id=\"ultib3-402701605469e106250259a\" class=\" ultb3-box ult-adjust-bottom-margin  \" style=\"\"><div class=\"ultb3-box-overlay\" style=\"background:rgba(10,10,10,0.4);\"><\/div><img decoding=\"async\" src=\"https:\/\/cosmate.com.tr\/wp-content\/uploads\/2022\/09\/shop-bgjpg_22-04-2021_13-46-07.jpg\" style=\"\" class=\"ultb3-img ultb3-img-center\" alt=\"null\"\/><div id=\"Info-banner-wrap5886\" class=\"ultb3-info ib3-info-center\" data-animation=\"\" data-animation-delay=\"03\"><div class=\"ultb3-title ult-responsive\"  data-ultimate-target='#Info-banner-wrap5886 .ultb3-title'  data-responsive-json-new='{\"font-size\":\"desktop:26px;mobile:16px;\",\"line-height\":\"\"}'  style=\"font-family:Abhaya Libre;font-weight:bold;color:#dfbcb0;\">Cosmate<\/div><div class=\"ultb3-desc ult-responsive\"  data-ultimate-target='#Info-banner-wrap5886 .ultb3-desc'  data-responsive-json-new='{\"font-size\":\"desktop:14px;mobile:12px;\",\"line-height\":\"\"}'  style=\"font-family:Aboreto;font-style:italic;font-weight:normal;color:#dfbcb0;\">Offering You a Better Life, Cosmate is Just a Click Away From You<\/div><\/div><\/div><style>\r\n\t\t\t\t\t#ultib3-402701605469e106250259a {\r\n\t\t\t\t\t\tmin-height:50px;\r\n\t\t\t\t\t}\r\n\t\t\t\t\t#ultib3-402701605469e106250259a img.ultb3-img {\r\n\t\t\t\t\t\theight: px;\r\n\t\t\t\t\t}\r\n\t\t\t\t\t#ultib3-402701605469e106250259a .ultb3-btn {\r\n\t\t\t\t\t\tborder:2px solid #dfbcb0;border-radius:0px;color:#dfbcb0;\r\n\t\t\t\t\t}\r\n\t\t\t\t\t#ultib3-402701605469e106250259a .ultb3-btn:hover {\r\n\t\t\t\t\t\tbackground:#dfbcb0;color:#ffffff;\r\n\t\t\t\t\t}\r\n\t\t\t\t<\/style>[\/vc_column][\/vc_row][vc_row][vc_column css=&#8221;.vc_custom_1663708830953{padding-top: 50px !important;padding-right: 200px !important;padding-left: 200px !important;}&#8221; offset=&#8221;vc_hidden-md vc_hidden-sm vc_hidden-xs&#8221;]<div id=\"ultimate-heading-833769e1062502620\" class=\"uvc-heading ult-adjust-bottom-margin ultimate-heading-833769e1062502620 uvc-5026 \" data-hspacer=\"line_only\"  data-halign=\"center\" style=\"text-align:center\"><div class=\"uvc-main-heading ult-responsive\"  data-ultimate-target='.uvc-heading.ultimate-heading-833769e1062502620 h1'  data-responsive-json-new='{\"font-size\":\"\",\"line-height\":\"\"}' ><h1 style=\"font-weight:bold;\">BLOG<\/h1><\/div><div class=\"uvc-heading-spacer line_only\" style=\"topheight:10px;\"><span class=\"uvc-headings-line\" style=\"border-style:solid;border-bottom-width:10px;border-color:#ffffff;width:autopx;\"><\/span><\/div><div class=\"uvc-sub-heading ult-responsive\"  data-ultimate-target='.uvc-heading.ultimate-heading-833769e1062502620 .uvc-sub-heading '  data-responsive-json-new='{\"font-size\":\"\",\"line-height\":\"\"}'  style=\"font-weight:normal;\">When we look at ourselves in front of the mirror, we want to encounter a perfect image. An acne-free, spotless, vibrant appearance is a look that every woman and man wants to achieve. We use various skin care products for this. There are shelves full of products in stores, and we encounter much more skin care products on the internet. So, are these products natural? How do you know if the product you are going to use is natural\/organic? How should a correct skin care be done? Which products should be used? We have prepared the answers to all these questions in our blog post!<\/div><\/div>[vc_basic_grid post_type=&#8221;post&#8221; max_items=&#8221;4&#8243; element_width=&#8221;3&#8243; item=&#8221;masonryGrid_SlideoOutFromRight&#8221; grid_id=&#8221;vc_gid:1706018995183-d37a59b1-3e52-7&#8243; css=&#8221;.vc_custom_1676067380624{padding-top: 50px !important;padding-bottom: 50px !important;}&#8221;][\/vc_column][\/vc_row][vc_row][vc_column offset=&#8221;vc_hidden-lg&#8221;]<div id=\"ultimate-heading-7369e1062502659\" class=\"uvc-heading ult-adjust-bottom-margin ultimate-heading-7369e1062502659 uvc-9942 \" data-hspacer=\"no_spacer\"  data-halign=\"center\" style=\"text-align:center\"><div class=\"uvc-heading-spacer no_spacer\" style=\"top\"><\/div><div class=\"uvc-main-heading ult-responsive\"  data-ultimate-target='.uvc-heading.ultimate-heading-7369e1062502659 h1'  data-responsive-json-new='{\"font-size\":\"\",\"line-height\":\"\"}' ><h1 style=\"font-weight:bold;\">BLOG<\/h1><\/div><\/div><div id=\"ultimate-heading-590469e1062502684\" class=\"uvc-heading ult-adjust-bottom-margin ultimate-heading-590469e1062502684 uvc-3165 \" data-hspacer=\"no_spacer\"  data-halign=\"center\" style=\"text-align:center\"><div class=\"uvc-heading-spacer no_spacer\" style=\"top\"><\/div><\/div>[vc_basic_grid post_type=&#8221;post&#8221; max_items=&#8221;3&#8243; gap=&#8221;0&#8243; item=&#8221;basicGrid_SlideFromLeft&#8221; grid_id=&#8221;vc_gid:1706018995184-bf002107-7485-1&#8243;][\/vc_column][\/vc_row][vc_row][vc_column css=&#8221;.vc_custom_1665327196815{padding-right: 15px !important;padding-left: 15px !important;}&#8221; offset=&#8221;vc_hidden-md vc_hidden-sm vc_hidden-xs&#8221;]<div id=\"ultimate-heading-267569e10625026b6\" class=\"uvc-heading ult-adjust-bottom-margin ultimate-heading-267569e10625026b6 uvc-9978 \" data-hspacer=\"line_only\"  data-halign=\"center\" style=\"text-align:center\"><div class=\"uvc-main-heading ult-responsive\"  data-ultimate-target='.uvc-heading.ultimate-heading-267569e10625026b6 h1'  data-responsive-json-new='{\"font-size\":\"\",\"line-height\":\"\"}' ><h1 style=\"font-weight:bold;\">Testimonials<\/h1><\/div><div class=\"uvc-heading-spacer line_only\" style=\"topheight:10px;\"><span class=\"uvc-headings-line\" style=\"border-style:solid;border-bottom-width:10px;border-color:#ffffff;width:autopx;\"><\/span><\/div><\/div><div class=\"custom-testimonial\"><div id=\"testimonial_grid\" class=\"testimonial-grid testimonial-cols-3\"><div class=\"item first-item style-1\"><div class=\"product-block\"><div class=\"custom-testimonial-inner\"><div class=\"testimonial-content\"><div class=\"testimonial-top\"><blockquote><q>Sevgili influencerim Gozde (gozdearalocak) sayesinde aldim, cok guzel emiliyor ve cok guzel kokuyor ayrica yaninda zeytin sutunu de ald<\/q><\/blockquote><\/div><div class=\"read-more\"><a title=\"B** K**\" href=\"https:\/\/cosmate.com.tr\/testimonial\/b-k\/\" >read more<\/a><\/div><\/div><\/div><div class=\"testimonial-wrapper-inner\"><div class=\"testmonial-image\"><a title=\"B** K**\" href=\"https:\/\/cosmate.com.tr\/testimonial\/b-k\/\" ><i style=\"width:50;height:50;\" class=\"fa fa-user\"><\/i><\/a><\/div><div class=\"testmonial-text\"><div class=\"testimonial-title\"><a title=\"B** K**\" href=\"https:\/\/cosmate.com.tr\/testimonial\/b-k\/\" >B** K**<\/a><\/div><div class=\"testimonial-email\">Trendyol Kullan\u0131c\u0131s\u0131<\/div><\/div><\/div><\/div><\/div><div class=\"item style-1\"><div class=\"product-block\"><div class=\"custom-testimonial-inner\"><div class=\"testimonial-content\"><div class=\"testimonial-top\"><blockquote><q>\u00dcr\u00fcn\u00fc yakla\u015f\u0131k 2 ayd\u0131r kullan\u0131yorum. Sa\u00e7 diplerinde ferahlat\u0131c\u0131 bir etki b\u0131rak\u0131yor ve sa\u00e7\u0131 yumu\u015fac\u0131k yap\u0131yor. Sat\u0131c\u0131<\/q><\/blockquote><\/div><div class=\"read-more\"><a title=\"C** K**\" href=\"https:\/\/cosmate.com.tr\/testimonial\/c-k\/\" >read more<\/a><\/div><\/div><\/div><div class=\"testimonial-wrapper-inner\"><div class=\"testmonial-image\"><a title=\"C** K**\" href=\"https:\/\/cosmate.com.tr\/testimonial\/c-k\/\" ><i style=\"width:50;height:50;\" class=\"fa fa-user\"><\/i><\/a><\/div><div class=\"testmonial-text\"><div class=\"testimonial-title\"><a title=\"C** K**\" href=\"https:\/\/cosmate.com.tr\/testimonial\/c-k\/\" >C** K**<\/a><\/div><div class=\"testimonial-email\">Trendyol Kullan\u0131c\u0131s\u0131<\/div><\/div><\/div><\/div><\/div><div class=\"item last-item style-1\"><div class=\"product-block\"><div class=\"custom-testimonial-inner\"><div class=\"testimonial-content\"><div class=\"testimonial-top\"><blockquote><q>Ani kilo al\u0131p vermi\u015ftim bu y\u00fczden kal\u00e7amda \u00e7atlaklar olu\u015fmu\u015ftu. Bu \u00fcr\u00fcn\u00fc bir arkada\u015f\u0131m\u0131n tavsiyesiyle ald\u0131m ve ger\u00e7ekten<\/q><\/blockquote><\/div><div class=\"read-more\"><a title=\"Z*** F***\" href=\"https:\/\/cosmate.com.tr\/testimonial\/z-f\/\" >read more<\/a><\/div><\/div><\/div><div class=\"testimonial-wrapper-inner\"><div class=\"testmonial-image\"><a title=\"Z*** F***\" href=\"https:\/\/cosmate.com.tr\/testimonial\/z-f\/\" ><i style=\"width:50;height:50;\" class=\"fa fa-user\"><\/i><\/a><\/div><div class=\"testmonial-text\"><div class=\"testimonial-title\"><a title=\"Z*** F***\" href=\"https:\/\/cosmate.com.tr\/testimonial\/z-f\/\" >Z*** F***<\/a><\/div><div class=\"testimonial-designation\">Trendyol Kullan\u0131c\u0131s\u0131<\/div><\/div><\/div><\/div><\/div><\/div><\/div>[\/vc_column][\/vc_row]<\/p>\n","protected":false},"excerpt":{"rendered":"<p>[vc_row full_width=&#8221;stretch_row_content&#8221; equal_height=&#8221;yes&#8221; el_class=&#8221;main-slider&#8221; css=&#8221;.vc_custom_1664200456595{background-image: url(https:\/\/splashythemes.com\/wordpress\/woo\/WCM01\/WCM010050\/wp-content\/uploads\/2020\/06\/bodytop-bg-img.jpg?id=9438) !important;}&#8221;][vc_column][vc_row_inner el_class=&#8221;theme-container&#8221;][vc_column_inner][rev_slider_vc alias=&#8221;tmpoption_homeslider&#8221; el_class=&#8221;Slider-content&#8221;][\/vc_column_inner][\/vc_row_inner][\/vc_column][\/vc_row][vc_row el_class=&#8221;bannercmsblock theme-container&#8221; css=&#8221;.vc_custom_1664200412808{margin-top: 15px !important;margin-bottom: 90px !important;}&#8221;][vc_column][vc_row_inner el_class=&#8221;banner-cms-wrappers&#8221;][vc_column_inner width=&#8221;1\/2&#8243;][\/vc_column_inner][vc_column_inner width=&#8221;1\/2&#8243;][\/vc_column_inner][\/vc_row_inner][\/vc_column][\/vc_row][vc_row el_class=&#8221;product-tab theme-container&#8221;][vc_column][\/vc_column][\/vc_row][vc_row content_placement=&#8221;middle&#8221; parallax_content=&#8221;parallax_content_value&#8221; parallax_content_sense=&#8221;30&#8243; enable_overlay=&#8221;enable_overlay_value&#8221; overlay_color=&#8221;#0a0a0a&#8221; overlay_pattern=&#8221;01.png&#8221; overlay_pattern_opacity=&#8221;80&#8243; el_class=&#8221;parallax theme-container&#8221; css=&#8221;.vc_custom_1663714091823{margin-top: 0px !important;margin-bottom: 0px !important;}&#8221;][vc_column el_class=&#8221;parallax-inner&#8221; css=&#8221;.vc_custom_1663714118442{margin-top: 0px !important;margin-bottom: 0px !important;padding-top: 0px !important;padding-bottom: 0px !important;}&#8221;][\/vc_column][\/vc_row][vc_row][vc_column css=&#8221;.vc_custom_1663708830953{padding-top: 50px !important;padding-right: 200px !important;padding-left: 200px !important;}&#8221; offset=&#8221;vc_hidden-md vc_hidden-sm vc_hidden-xs&#8221;][vc_basic_grid post_type=&#8221;post&#8221; max_items=&#8221;4&#8243; element_width=&#8221;3&#8243; item=&#8221;masonryGrid_SlideoOutFromRight&#8221; grid_id=&#8221;vc_gid:1706018995183-d37a59b1-3e52-7&#8243; css=&#8221;.vc_custom_1676067380624{padding-top: 50px !important;padding-bottom: 50px !important;}&#8221;][\/vc_column][\/vc_row][vc_row][vc_column offset=&#8221;vc_hidden-lg&#8221;][vc_basic_grid post_type=&#8221;post&#8221; max_items=&#8221;3&#8243; gap=&#8221;0&#8243; item=&#8221;basicGrid_SlideFromLeft&#8221; grid_id=&#8221;vc_gid:1706018995184-bf002107-7485-1&#8243;][\/vc_column][\/vc_row][vc_row][vc_column css=&#8221;.vc_custom_1665327196815{padding-right: 15px !important;padding-left: 15px !important;}&#8221; offset=&#8221;vc_hidden-md vc_hidden-sm vc_hidden-xs&#8221;][\/vc_column][\/vc_row]<\/p>\n","protected":false},"author":1,"featured_media":0,"parent":0,"menu_order":0,"comment_status":"closed","ping_status":"closed","template":"page-templates\/home.php","meta":{"footnotes":""},"_links":{"self":[{"href":"https:\/\/cosmate.com.tr\/en\/wp-json\/wp\/v2\/pages\/10220"}],"collection":[{"href":"https:\/\/cosmate.com.tr\/en\/wp-json\/wp\/v2\/pages"}],"about":[{"href":"https:\/\/cosmate.com.tr\/en\/wp-json\/wp\/v2\/types\/page"}],"author":[{"embeddable":true,"href":"https:\/\/cosmate.com.tr\/en\/wp-json\/wp\/v2\/users\/1"}],"replies":[{"embeddable":true,"href":"https:\/\/cosmate.com.tr\/en\/wp-json\/wp\/v2\/comments?post=10220"}],"version-history":[{"count":6,"href":"https:\/\/cosmate.com.tr\/en\/wp-json\/wp\/v2\/pages\/10220\/revisions"}],"predecessor-version":[{"id":13439,"href":"https:\/\/cosmate.com.tr\/en\/wp-json\/wp\/v2\/pages\/10220\/revisions\/13439"}],"wp:attachment":[{"href":"https:\/\/cosmate.com.tr\/en\/wp-json\/wp\/v2\/media?parent=10220"}],"curies":[{"name":"wp","href":"https:\/\/api.w.org\/{rel}","templated":true}]}}