{"id":10255,"date":"2022-09-10T14:15:04","date_gmt":"2022-09-10T14:15:04","guid":{"rendered":"http:\/\/cosmate.com.tr\/refund-policy\/"},"modified":"2022-11-09T17:19:30","modified_gmt":"2022-11-09T17:19:30","slug":"refund-policy","status":"publish","type":"page","link":"https:\/\/cosmate.com.tr\/en\/refund-policy\/","title":{"rendered":"Refund Policy"},"content":{"rendered":"<p>[vc_row][vc_column][vc_column_text]Cancellation and Refund Policy<\/p>\n<p>14 (FOURTEEN) business days after the delivery is received for the orders you place on our website.<br \/>\nYou have the right to request an exchange or refund.<br \/>\nWhen you request a return, you can submit your return request from the badenatural.com address section of my orders.<br \/>\nYou can specify it and send it with your invoice as a counter payment.<br \/>\nShipments with counter payment are accepted through Shipping Courrier. Send your return to the courier company<br \/>\nwhile delivering Osen \u0130\u00c7 ve D\u0131\u015f Tic. Ltd. Lti. You must specify our current title.<br \/>\nReturn of unpacked\/opened products, tried and broken products Distance Sales<br \/>\nInadmissible under the contract.<\/p>\n<p>Returns:<br \/>\nAdres: Osmangazi Mah. 597\/3 sk. No:12,<br \/>\nBayrakl\u0131\/\u0130zmir<br \/>\nTEL:0850 441 67 38<\/p>\n<p>CONSUMER RIGHTS &#8211; WITHDRAWAL &#8211; CANCELLATION RETURN TERMS<br \/>\nGENERAL:<br \/>\n1. If you place an order electronically through the website you are using,<br \/>\nYou are deemed to have accepted the preliminary information form and the distance sales contract presented to you.<br \/>\n2. Consumer Protection No. 6502 regarding the sale and delivery of the product they have purchased.<br \/>\nWith the provisions of the Law on the Law and the Regulation on Distance Contracts (OG:27.11.2014\/29188)<br \/>\nsubject to other applicable laws.<br \/>\n3. The shipping charges, which are the product shipping costs, will be paid by the buyers.<br \/>\n4. Each product purchased, provided that it does not exceed the legal period of 30 days, as indicated by the buyer.<br \/>\nIt is delivered to the person and\/or organization at the address. If the product is not delivered within this period, Buyers<br \/>\nmay terminate the contract.<br \/>\n5. The purchased product is complete and in accordance with the qualifications specified in the order, and a warranty certificate, if any,<br \/>\nmust be delivered with documents such as the user manual.<\/p>\n<p>6. If it becomes impossible to sell the purchased product, the seller<br \/>\nhas to notify the buyer of this situation in writing within 3 days from the date of learning. 14 days<br \/>\nThe total price must be returned to the Buyer.<br \/>\nIF THE PURCHASED PRODUCT IS NOT PAYABLE:<br \/>\n7. If the Buyer does not pay the price of the purchased product or cancels it in the bank records, the Seller&#8217;s product<br \/>\nthe delivery obligation expires.<br \/>\nSHOPPING MADE WITH THE UNAUTHORIZED USE OF CREDIT CARD:<br \/>\n8. After the product is delivered, the credit card that the buyer paid<br \/>\nIf it is determined that it has been used unfairly and the price of the product sold, the relevant bank or financial institution<br \/>\nIf it is not paid by the Seller to the Seller, the Buyer shall pay the contracted product within 3 days of the shipping cost.<br \/>\nIt must be returned to the SELLER as belonging to the SELLER.<br \/>\nIF THE PRODUCT CANNOT BE DELIVERED WITHIN THE TIME FOR UNPROSECTED REASONS:<br \/>\n9. If force majeure occurs that the Seller cannot foresee and the product cannot be delivered on time,<br \/>\nsituation is notified to the Buyer. The buyer may cancel the order, replace the product with a similar product or prevent it.<br \/>\nmay request that the delivery be delayed until it disappears. If the buyer cancels the order; to pay<br \/>\nIf she\/he has done it with cash, this fee will be paid to her in cash within 14 days from the date of cancellation. Buyer,<br \/>\nIf the payment is made by credit card and cancels, within 14 days from this cancellation, the product<br \/>\nthe cost is returned to the bank, but the bank transfers it to the buyer&#8217;s account within 2-3 weeks<br \/>\npossible.<br \/>\nBUYER&#8217;S OBLIGATION TO CHECK THE PRODUCT:<br \/>\n10. The buyer will inspect the contracted goods\/services before receiving them; bruised, broken,<br \/>\nthe packaging is torn, etc. damaged and defective goods \/ services will not be received from the cargo company. Delivery<br \/>\nThe goods\/services received shall be deemed to be undamaged and intact. BUYER , After delivery<br \/>\ngoods\/services must be carefully protected. Goods\/services if the right of withdrawal is used<br \/>\nshould not be used. Invoice must be returned along with the product.<br \/>\n12. CONTACT INFORMATION TO BE NOTIFIED OF THE SELLER&#8217;S RIGHT OF WITHDRAWAL:<br \/>\nCOMPANY: OSEN IC VE DIS TIC. SAN. LTD. \u015eT\u0130.<br \/>\nNAME\/TITLE:Cosmate \u2013 Osen \u0130\u00c7 ve D\u0131\u015f Tic. San. Ltd. \u015eti.<br \/>\nADDRESS: Osmangazi Mah. 597\/3 sk. No:12,<br \/>\nBayrakl\u0131\/\u0130zmir<br \/>\nEMAIL:info@cosmate.com.tr<br \/>\nTEL:0850 441 67 38<\/p>\n<p>DURATION OF THE RIGHT OF WITHDRAWAL:<br \/>\n13. If the buyer has purchased a service, this 14-day period will be from the date of signing the contract.<br \/>\nstarts from. Before the expiry of the right of withdrawal, the performance of the service with the consent of the consumer<br \/>\nThe right of withdrawal cannot be exercised in the service contracts that have been started.<br \/>\n14. The costs arising from the use of the right of withdrawal belong to the SELLER.<br \/>\n15. In order to exercise the right of withdrawal, within 14 (fourteen) days, the SELLER must be registered.<br \/>\nwritten notice by post, fax or e-mail and the product is regulated in this contract;<\/p>\n<p>Products for which the Right of Withdrawal cannot be exercised; It must not have been used in accordance with its terms.<br \/>\nUSE OF THE RIGHT OF WITHDRAWAL:<br \/>\n16. 3. Invoice of the product delivered to the person or the BUYER (Invoice of the product to be returned)<br \/>\nIf it is corporate, it must be sent with the return invoice issued by the institution when returning it.<br \/>\nrequired. Order returns, invoices of which are issued on behalf of institutions, where RETURN INVOICE is not issued<br \/>\notherwise it will not be completed.)<br \/>\n17. Return form, together with the box, packaging and standard accessories of the products to be returned.<br \/>\nIt must be delivered complete and undamaged.<br \/>\nRETURN TERMS:<br \/>\n18. The SELLER, within 10 days at the latest, from the receipt of the withdrawal notice.<br \/>\nto return the total price and the documents that put the BUYER under debt to the BUYER, and a 20-day period<br \/>\nresponsible for returning the goods.<br \/>\n19. If there is a decrease in the value of the goods due to the fault of the BUYER or the return<br \/>\nif it becomes impossible, the BUYER is obliged to compensate the damages of the SELLER at the rate of her fault. However<br \/>\noccurred due to the proper use of the goods or products within the period of the right of withdrawal.<br \/>\nThe BUYER is not responsible for any changes or deterioration.<br \/>\n20. Due to the use of the right of withdrawal, the campaign limit set by the SELLER<br \/>\nIf the amount is below the discount amount, the discount amount used within the scope of the campaign will be cancelled.<br \/>\nis done.<br \/>\nPRODUCTS THAT CANNOT BE USED WITH THE RIGHT OF WITHDRAWAL:<br \/>\n21. Prepared and sent back to the BUYER&#8217;s request or clearly personal needs.<br \/>\nunsuitable underwear bottoms, swimwear and bikini bottoms, make-up materials, disposable<br \/>\nreusable products that are in danger of perishable or that have a possible expiration date.<br \/>\nThe goods are returned if the package is opened by the BUYER after they are delivered to the BUYER.<br \/>\nProducts that are not suitable in terms of health and hygiene to be delivered,<br \/>\nProducts that are mixed with products and cannot be separated due to their nature, Subscription agreement<br \/>\nGoods related to periodicals such as newspapers and magazines, electronic<\/p>\n<p>services performed instantly in the environment or intangible goods delivered instantly to the consumer, and<br \/>\naudio or video recordings, books, digital content, software programs, data recording and<br \/>\ndata storage devices, computer consumables, packaging opened by the BUYER<br \/>\nIf there is a refund, it is not possible in accordance with the Regulation. In addition, the right of withdrawal expires.<br \/>\nThe right of withdrawal regarding the services started with the approval of the consumer before the expiry<br \/>\nIt is not possible to use it in accordance with the Regulation.<br \/>\n22. Cosmetics and personal care products, underwear products, swimwear, bikinis, books, copyable software<br \/>\nand programs, DVD, VCD, CD and cassettes and stationery consumables (toner, cartridge, tape, etc.)<br \/>\nunopened, untested, undamaged and unused<br \/>\nthey must be.<br \/>\nSTATUS OF DEFAULT AND LEGAL CONSEQUENCES<br \/>\n23. If the BUYER is in default in the case of making the payment with a credit card, the card<br \/>\nthe owner will pay interest within the framework of the credit card agreement with the bank and<br \/>\naccepts, declares and undertakes that it will be liable to In this case, the relevant bank will take legal action.<br \/>\ncan apply; may request the costs and attorney&#8217;s fees to arise from the BUYER and in any case<br \/>\nIn case the BUYER defaults due to its debt, the BUYER shall be liable for the delayed performance of the debt.<br \/>\nIt accepts that the SELLER will pay for the loss and damage suffered.[\/vc_column_text][\/vc_column][\/vc_row]<\/p>\n","protected":false},"excerpt":{"rendered":"<p>[vc_row][vc_column][vc_column_text]Cancellation and Refund Policy 14 (FOURTEEN) business days after the delivery is received for the orders you place on our website. You have the right to request an exchange or refund. When you request a return, you can submit your return request from the badenatural.com address section of my orders. You can specify it and send it with your invoice as a counter payment. Shipments with counter payment are accepted through Shipping Courrier. Send your return to the courier company while delivering Osen \u0130\u00c7 ve D\u0131\u015f Tic. Ltd. Lti. You must specify our current title. Return of unpacked\/opened products, tried and broken products Distance Sales Inadmissible under the contract. Returns: Adres: Osmangazi Mah. 597\/3 sk. No:12, Bayrakl\u0131\/\u0130zmir TEL:0850 441 67 38 CONSUMER RIGHTS &#8211; WITHDRAWAL &#8211; CANCELLATION RETURN TERMS GENERAL: 1. If you place an order electronically through the website you are using, You are deemed to have accepted the preliminary information form and the distance sales contract presented to you. 2. Consumer Protection No. 6502 regarding the sale and delivery of the product they have purchased. With the provisions of the Law on the Law and the Regulation on Distance Contracts (OG:27.11.2014\/29188) subject to other applicable laws. 3. The&hellip; <a class=\"read-more-link\" href=\"https:\/\/cosmate.com.tr\/en\/refund-policy\/\">Read More<\/a><\/p>\n","protected":false},"author":1,"featured_media":0,"parent":0,"menu_order":0,"comment_status":"closed","ping_status":"closed","template":"","meta":{"footnotes":""},"_links":{"self":[{"href":"https:\/\/cosmate.com.tr\/en\/wp-json\/wp\/v2\/pages\/10255"}],"collection":[{"href":"https:\/\/cosmate.com.tr\/en\/wp-json\/wp\/v2\/pages"}],"about":[{"href":"https:\/\/cosmate.com.tr\/en\/wp-json\/wp\/v2\/types\/page"}],"author":[{"embeddable":true,"href":"https:\/\/cosmate.com.tr\/en\/wp-json\/wp\/v2\/users\/1"}],"replies":[{"embeddable":true,"href":"https:\/\/cosmate.com.tr\/en\/wp-json\/wp\/v2\/comments?post=10255"}],"version-history":[{"count":0,"href":"https:\/\/cosmate.com.tr\/en\/wp-json\/wp\/v2\/pages\/10255\/revisions"}],"wp:attachment":[{"href":"https:\/\/cosmate.com.tr\/en\/wp-json\/wp\/v2\/media?parent=10255"}],"curies":[{"name":"wp","href":"https:\/\/api.w.org\/{rel}","templated":true}]}}