{"id":10242,"date":"2022-10-31T11:31:01","date_gmt":"2022-10-31T11:31:01","guid":{"rendered":"http:\/\/cosmate.com.tr\/urun\/cosmate-argan-and-olive-oil-extracted-keratin-hair-conditioner-500-ml\/"},"modified":"2025-02-17T13:35:55","modified_gmt":"2025-02-17T13:35:55","slug":"cosmate-argan-and-olive-oil-oil-keratin-hair-care-cream-500-ml","status":"publish","type":"product","link":"https:\/\/cosmate.com.tr\/en\/urun\/cosmate-argan-and-olive-oil-oil-keratin-hair-care-cream-500-ml\/","title":{"rendered":"Cosmate Argan and Olive Oil Extracted Keratin Hair Conditioner 500 ml"},"content":{"rendered":"<p>1 Provides Wet Dry Very Easy Combing<br \/>\n2 Intensely Moisturizes Hair.<br \/>\n3 Provides High Condition to Damaged Hair<br \/>\n4 Contains Keratin and Natural Extracts Repairs Hair<br \/>\n5 Paint Protection Feature.<br \/>\n6 Extends the Life of Heat Straightening Applications.<br \/>\n7 It is Anti Static Anti-Electrification.<br \/>\n8 Doesn&#8217;t Make Hair Heavy<\/p>\n<p>DOES NOT CONTAIN FORMALDEHYDE &amp; RELEASER (DMDM Hydantoin, Im\u0131dazolidnyl UREA etc)<br \/>\nDOES NOT CONTAIN PARABEN (Methyl paraben- Ethyl Paraben etc.)<br \/>\nDOES NOT CONTAIN S\u0130L\u0130KON (Dimeticon etc.)<\/p>\n<p>USAGE: It is applied to the hair and scalp by massaging for 1-2 minutes, then rinsed and repeated if necessary.<\/p>\n<p>Actives included:<br \/>\nOlive oil<br \/>\nArgan oil<\/p>\n<p>&nbsp;<\/p>\n<p>&nbsp;<\/p>\n<p>&nbsp;<\/p>\n<p>&nbsp;<\/p>\n","protected":false},"excerpt":{"rendered":"<p>1 Provides Wet Dry Very Easy Combing 2 Intensely Moisturizes Hair. 3 Provides High Condition to Damaged Hair 4 Contains Keratin and Natural Extracts Repairs Hair 5 Paint Protection Feature. 6 Extends the Life of Heat Straightening Applications. 7 It is Anti Static Anti-Electrification. 8 Doesn&#8217;t Make Hair Heavy DOES NOT CONTAIN FORMALDEHYDE &amp; RELEASER (DMDM Hydantoin, Im\u0131dazolidnyl UREA etc) DOES NOT CONTAIN PARABEN (Methyl paraben- Ethyl Paraben etc.) DOES NOT CONTAIN S\u0130L\u0130KON (Dimeticon etc.) USAGE: It is applied to the hair and scalp by massaging for 1-2 minutes, then rinsed and repeated if necessary. Actives included: Olive oil Argan oil &nbsp; &nbsp; &nbsp; &nbsp;<\/p>\n","protected":false},"featured_media":10457,"comment_status":"open","ping_status":"closed","template":"","meta":[],"product_cat":[561,561,177,177],"product_tag":[1303,1304,1305,1306,1307,1303,1306,1304,1305,1307],"giftcard-category":[],"_links":{"self":[{"href":"https:\/\/cosmate.com.tr\/en\/wp-json\/wp\/v2\/product\/10242"}],"collection":[{"href":"https:\/\/cosmate.com.tr\/en\/wp-json\/wp\/v2\/product"}],"about":[{"href":"https:\/\/cosmate.com.tr\/en\/wp-json\/wp\/v2\/types\/product"}],"replies":[{"embeddable":true,"href":"https:\/\/cosmate.com.tr\/en\/wp-json\/wp\/v2\/comments?post=10242"}],"wp:featuredmedia":[{"embeddable":true,"href":"https:\/\/cosmate.com.tr\/en\/wp-json\/wp\/v2\/media\/10457"}],"wp:attachment":[{"href":"https:\/\/cosmate.com.tr\/en\/wp-json\/wp\/v2\/media?parent=10242"}],"wp:term":[{"taxonomy":"product_cat","embeddable":true,"href":"https:\/\/cosmate.com.tr\/en\/wp-json\/wp\/v2\/product_cat?post=10242"},{"taxonomy":"product_tag","embeddable":true,"href":"https:\/\/cosmate.com.tr\/en\/wp-json\/wp\/v2\/product_tag?post=10242"},{"taxonomy":"giftcard-category","embeddable":true,"href":"https:\/\/cosmate.com.tr\/en\/wp-json\/wp\/v2\/giftcard-category?post=10242"}],"curies":[{"name":"wp","href":"https:\/\/api.w.org\/{rel}","templated":true}]}}