{"id":10973,"date":"2013-08-19T10:17:18","date_gmt":"2013-08-19T10:17:18","guid":{"rendered":"http:\/\/cosmate.com.tr\/404-page-non-trouvee\/"},"modified":"2013-08-19T10:17:18","modified_gmt":"2013-08-19T10:17:18","slug":"404-page-non-trouvee","status":"publish","type":"page","link":"https:\/\/cosmate.com.tr\/fr\/404-page-non-trouvee\/","title":{"rendered":"404 Page non trouv\u00e9e"},"content":{"rendered":"<div class=\"not-found\">\n<h1>Erreur 404 introuvable<\/h1>\n<p>La page que vous recherchez n&rsquo;a pas \u00e9t\u00e9 trouv\u00e9e, veuillez retourner \u00e0 la page d&rsquo;accueil.<\/p>\n<\/div>\n","protected":false},"excerpt":{"rendered":"<p>Erreur 404 introuvable La page que vous recherchez n&rsquo;a pas \u00e9t\u00e9 trouv\u00e9e, veuillez retourner \u00e0 la page d&rsquo;accueil.<\/p>\n","protected":false},"author":1,"featured_media":0,"parent":0,"menu_order":0,"comment_status":"closed","ping_status":"closed","template":"","meta":{"footnotes":""},"_links":{"self":[{"href":"https:\/\/cosmate.com.tr\/fr\/wp-json\/wp\/v2\/pages\/10973"}],"collection":[{"href":"https:\/\/cosmate.com.tr\/fr\/wp-json\/wp\/v2\/pages"}],"about":[{"href":"https:\/\/cosmate.com.tr\/fr\/wp-json\/wp\/v2\/types\/page"}],"author":[{"embeddable":true,"href":"https:\/\/cosmate.com.tr\/fr\/wp-json\/wp\/v2\/users\/1"}],"replies":[{"embeddable":true,"href":"https:\/\/cosmate.com.tr\/fr\/wp-json\/wp\/v2\/comments?post=10973"}],"version-history":[{"count":0,"href":"https:\/\/cosmate.com.tr\/fr\/wp-json\/wp\/v2\/pages\/10973\/revisions"}],"wp:attachment":[{"href":"https:\/\/cosmate.com.tr\/fr\/wp-json\/wp\/v2\/media?parent=10973"}],"curies":[{"name":"wp","href":"https:\/\/api.w.org\/{rel}","templated":true}]}}