{"id":10985,"date":"2012-10-22T12:11:15","date_gmt":"2012-10-22T12:11:15","guid":{"rendered":"http:\/\/cosmate.com.tr\/page-daccueil\/"},"modified":"2024-01-23T14:12:30","modified_gmt":"2024-01-23T14:12:30","slug":"page-daccueil","status":"publish","type":"page","link":"https:\/\/cosmate.com.tr\/fr\/","title":{"rendered":"Page d&rsquo;accueil"},"content":{"rendered":"<p>[vc_row full_width=\u00a0\u00bbstretch_row_content\u00a0\u00bb equal_height=\u00a0\u00bbyes\u00a0\u00bb el_class=\u00a0\u00bbmain-slider\u00a0\u00bb css=\u00a0\u00bb.vc_custom_1664200456595{background-image: url(https:\/\/splashythemes.com\/wordpress\/woo\/WCM01\/WCM010050\/wp-content\/uploads\/2020\/06\/bodytop-bg-img.jpg?id=9438) !important;}\u00a0\u00bb][vc_column][vc_row_inner el_class=\u00a0\u00bbtheme-container\u00a0\u00bb][vc_column_inner][rev_slider_vc alias=\u00a0\u00bbtmpoption_homeslider\u00a0\u00bb el_class=\u00a0\u00bbSlider-content\u00a0\u00bb][\/vc_column_inner][\/vc_row_inner][\/vc_column][\/vc_row][vc_row el_class=\u00a0\u00bbbannercmsblock theme-container\u00a0\u00bb css=\u00a0\u00bb.vc_custom_1664200412808{margin-top: 15px !important;margin-bottom: 90px !important;}\u00a0\u00bb][vc_column][vc_row_inner el_class=\u00a0\u00bbbanner-cms-wrappers\u00a0\u00bb][vc_column_inner width=\u00a0\u00bb1\/2&Prime;]<div class=\"cms-banner-item banner-item first style1\"><div class=\"cms-banner-inner\"><div class=\"cms-banner-img\"><a href=\"https:\/\/cosmate.com.tr\/urun\/magic-oil\/\" target=\"_blank\"><img decoding=\"async\" src=\"https:\/\/cosmate.com.tr\/wp-content\/uploads\/2022\/09\/MAGICOIL-SISE-VE-KUTU.jpg\" alt=\"Page d&rsquo;accueil\"\/><\/a><\/div><span class=\"static-wrapper\"><span class=\"cms-text\"><span class=\"static-inner\"><\/span><span class=\"shop-now\"><\/span><\/span><\/span><\/div><\/div>[\/vc_column_inner][vc_column_inner width=\u00a0\u00bb1\/2&Prime;]<div class=\"cms-banner-item banner-item second style1\"><div class=\"cms-banner-inner\"><div class=\"cms-banner-img\"><a href=\"https:\/\/cosmate.com.tr\/en\/wholesale\/\" target=\"\"><img decoding=\"async\" src=\"https:\/\/cosmate.com.tr\/wp-content\/uploads\/2024\/01\/toptan-satis-ingilizce-post.jpg\" alt=\"Page d&rsquo;accueil\"\/><\/a><\/div><span class=\"static-wrapper\"><span class=\"cms-text\"><span class=\"static-inner\"><\/span><span class=\"shop-now\"><\/span><\/span><\/span><\/div><\/div>[\/vc_column_inner][\/vc_row_inner][\/vc_column][\/vc_row][vc_row el_class=\u00a0\u00bbproduct-tab theme-container\u00a0\u00bb][vc_column]<div id=\"ultimate-heading-719169dec7369181d\" class=\"uvc-heading ult-adjust-bottom-margin ultimate-heading-719169dec7369181d uvc-9334 \" data-hspacer=\"line_only\"  data-halign=\"center\" style=\"text-align:center\"><div class=\"uvc-main-heading ult-responsive\"  data-ultimate-target='.uvc-heading.ultimate-heading-719169dec7369181d h3'  data-responsive-json-new='{\"font-size\":\"\",\"line-height\":\"\"}' ><h3 style=\"font-weight:bold;margin-bottom:10px;\">Nos nouveaux produits<\/h3><\/div><div class=\"uvc-heading-spacer line_only\" style=\"topheight:1px;\"><span class=\"uvc-headings-line\" style=\"border-style:solid;border-bottom-width:1px;border-color:#ccc;width:autopx;\"><\/span><\/div><\/div><div id=\"horizontalTab\"><ul class=\"resp-tabs-list\"><li ><div class=\"tab-title\">Yeni \u00dcr\u00fcnler<\/div><\/li><\/ul><div class=\"resp-tabs-container\"><div id=\"woo-products\" class=\"woo-content products_block shop woofeature\"><div id=\"woo_grid\" class=\"woo-grid cols-4\"><div class=\"woocommerce columns-4 \">\t<ul class=\"products\" >\r\n<li class=\"post-11459 product type-product status-publish has-post-thumbnail hentry product_cat-soins-de-la-peau product_cat-tous-les-produits product_tag-cosmate-fr product_tag---fr-2 product_tag--fr product_tag---fr\">\r\n\t<div class=\"container-inner\">\r\n\t<span class=\"product-loading\"><\/span>\r\n\t<div class=\"product-block-inner\">\r\n\t\t\t\t<div class=\"image-block\"><a href=\"https:\/\/cosmate.com.tr\/fr\/produit\/magic-oil\/\">\r\n\t\t\t<div class=\"wpcbm-wrapper\"><img loading=\"lazy\" decoding=\"async\" width=\"1080\" height=\"1920\" src=\"https:\/\/cosmate.com.tr\/wp-content\/uploads\/2023\/11\/image00001-1.png\" class=\"secondary-image attachment-shop-catalog\" alt=\"\" srcset=\"https:\/\/cosmate.com.tr\/wp-content\/uploads\/2023\/11\/image00001-1.png 1080w, https:\/\/cosmate.com.tr\/wp-content\/uploads\/2023\/11\/image00001-1-169x300.png 169w, https:\/\/cosmate.com.tr\/wp-content\/uploads\/2023\/11\/image00001-1-576x1024.png 576w, https:\/\/cosmate.com.tr\/wp-content\/uploads\/2023\/11\/image00001-1-768x1365.png 768w, https:\/\/cosmate.com.tr\/wp-content\/uploads\/2023\/11\/image00001-1-864x1536.png 864w, https:\/\/cosmate.com.tr\/wp-content\/uploads\/2023\/11\/image00001-1-759x1349.png 759w\" sizes=\"(max-width: 1080px) 100vw, 1080px\" \/><span class='onsale'>-42%<\/span><\/div><\/a><div class=\"product-button-hover\"><\/div><\/div>\r\n\t\t\t<div class=\"product-detail-wrapper\">\r\n\r\n\t\t\t\t\t\t\r\n\t\t<a href=\"https:\/\/cosmate.com.tr\/fr\/produit\/magic-oil\/\" title=\"Magic Oil\"><h3 class=\"product-name\">Magic Oil<\/h3><\/a>\r\n\t\t\n\t<span class=\"price\"><del aria-hidden=\"true\"><span class=\"woocommerce-Price-amount amount\"><bdi><span class=\"woocommerce-Price-currencySymbol\">&#8378;<\/span>500,00<\/bdi><\/span><\/del> <ins><span class=\"woocommerce-Price-amount amount\"><bdi><span class=\"woocommerce-Price-currencySymbol\">&#8378;<\/span>290,00<\/bdi><\/span><\/ins><\/span>\n<a href=\"#\" class=\"button yith-wcqv-button\" data-product_id=\"11459\">Vue Rapide<\/a><a id=\"sbw_wc-adding-button-archive\" href=\"https:\/\/cosmate.com.tr\/fr\/page-de-paiement\/?buy-now=11459\" data-quantity=\"1\" class=\"button product_type_simple add_to_cart_button  buy_now_button\" data-product_id=\"11459\" rel=\"nofollow\">Hemen Al<\/a>\t\t<\/div>\r\n\t\t<\/div>\r\n\t\t<\/div>\r\n<\/li><li class=\"post-11435 product type-product status-publish has-post-thumbnail hentry product_cat-ensembles product_cat-tous-les-produits product_tag-hautpflege-fr product_tag-jojobaol-fr product_tag-lavendel-ol-fr product_tag-macadamiaol-fr product_tag-pflege-fr product_tag-rauchergefas-fr product_tag-ylang-ylang-ol-fr product_tag--fr\">\r\n\t<div class=\"container-inner\">\r\n\t<span class=\"product-loading\"><\/span>\r\n\t<div class=\"product-block-inner\">\r\n\t\t\t\t<div class=\"image-block\"><a href=\"https:\/\/cosmate.com.tr\/fr\/produit\/ensemble-de-soins-daromatherapie\/\">\r\n\t\t\t<div class=\"wpcbm-wrapper\"><img loading=\"lazy\" decoding=\"async\" width=\"2160\" height=\"2160\" src=\"https:\/\/cosmate.com.tr\/wp-content\/uploads\/2023\/02\/DSF2125_1.jpg\" class=\"secondary-image attachment-shop-catalog\" alt=\"\" srcset=\"https:\/\/cosmate.com.tr\/wp-content\/uploads\/2023\/02\/DSF2125_1.jpg 2160w, https:\/\/cosmate.com.tr\/wp-content\/uploads\/2023\/02\/DSF2125_1-300x300.jpg 300w, https:\/\/cosmate.com.tr\/wp-content\/uploads\/2023\/02\/DSF2125_1-1024x1024.jpg 1024w, https:\/\/cosmate.com.tr\/wp-content\/uploads\/2023\/02\/DSF2125_1-150x150.jpg 150w, https:\/\/cosmate.com.tr\/wp-content\/uploads\/2023\/02\/DSF2125_1-768x768.jpg 768w, https:\/\/cosmate.com.tr\/wp-content\/uploads\/2023\/02\/DSF2125_1-1536x1536.jpg 1536w, https:\/\/cosmate.com.tr\/wp-content\/uploads\/2023\/02\/DSF2125_1-2048x2048.jpg 2048w, https:\/\/cosmate.com.tr\/wp-content\/uploads\/2023\/02\/DSF2125_1-145x145.jpg 145w, https:\/\/cosmate.com.tr\/wp-content\/uploads\/2023\/02\/DSF2125_1-50x50.jpg 50w, https:\/\/cosmate.com.tr\/wp-content\/uploads\/2023\/02\/DSF2125_1-759x759.jpg 759w, https:\/\/cosmate.com.tr\/wp-content\/uploads\/2023\/02\/DSF2125_1-100x100.jpg 100w, https:\/\/cosmate.com.tr\/wp-content\/uploads\/2023\/02\/DSF2125_1-170x170.jpg 170w\" sizes=\"(max-width: 2160px) 100vw, 2160px\" \/><div class=\"soldout_wrapper\"><span class=\"soldout\">T\u00dcKEND\u0130<\/span><\/div><span class='onsale'>-9%<\/span><\/div><\/a><div class=\"product-button-hover\"><\/div><\/div>\r\n\t\t\t<div class=\"product-detail-wrapper\">\r\n\r\n\t\t\t\t\t\t\r\n\t\t<a href=\"https:\/\/cosmate.com.tr\/fr\/produit\/ensemble-de-soins-daromatherapie\/\" title=\"Ensemble de soins d&rsquo;aromath\u00e9rapie\"><h3 class=\"product-name\">Ensemble de soins d&rsquo;aromath\u00e9rapie<\/h3><\/a>\r\n\t\t\n\t<span class=\"price\"><del aria-hidden=\"true\"><span class=\"woocommerce-Price-amount amount\"><bdi><span class=\"woocommerce-Price-currencySymbol\">&#8378;<\/span>715,00<\/bdi><\/span><\/del> <ins><span class=\"woocommerce-Price-amount amount\"><bdi><span class=\"woocommerce-Price-currencySymbol\">&#8378;<\/span>650,00<\/bdi><\/span><\/ins><\/span>\n<a href=\"#\" class=\"button yith-wcqv-button\" data-product_id=\"11435\">Vue Rapide<\/a><a id=\"sbw_wc-adding-button-archive\" href=\"https:\/\/cosmate.com.tr\/fr\/page-de-paiement\/?buy-now=11435\" data-quantity=\"1\" class=\"button product_type_simple add_to_cart_button  buy_now_button\" data-product_id=\"11435\" rel=\"nofollow\">Hemen Al<\/a>\t\t<\/div>\r\n\t\t<\/div>\r\n\t\t<\/div>\r\n<\/li><\/ul>\n<\/div><\/div><div class=\"tmpoption-message\"><i class=\"fa fa-frown-o\"><\/i>No more Products to display<\/div><div class=\"loadgridlist-wrapper\"><button class=\"woocount loadgridlist\">View More Products<\/button><\/div><\/div><\/div><\/div>[\/vc_column][\/vc_row][vc_row content_placement=\u00a0\u00bbmiddle\u00a0\u00bb parallax_content=\u00a0\u00bbparallax_content_value\u00a0\u00bb parallax_content_sense=\u00a0\u00bb30&Prime; enable_overlay=\u00a0\u00bbenable_overlay_value\u00a0\u00bb overlay_color=\u00a0\u00bb#0a0a0a\u00a0\u00bb overlay_pattern=\u00a0\u00bb01.png\u00a0\u00bb overlay_pattern_opacity=\u00a0\u00bb80&Prime; el_class=\u00a0\u00bbparallax theme-container\u00a0\u00bb css=\u00a0\u00bb.vc_custom_1663714091823{margin-top: 0px !important;margin-bottom: 0px !important;}\u00a0\u00bb][vc_column el_class=\u00a0\u00bbparallax-inner\u00a0\u00bb css=\u00a0\u00bb.vc_custom_1663714118442{margin-top: 0px !important;margin-bottom: 0px !important;padding-top: 0px !important;padding-bottom: 0px !important;}\u00a0\u00bb]<div id=\"ultib3-277712428969dec736a1808\" class=\" ultb3-box ult-adjust-bottom-margin  \" style=\"\"><div class=\"ultb3-box-overlay\" style=\"background:rgba(10,10,10,0.4);\"><\/div><img decoding=\"async\" src=\"https:\/\/cosmate.com.tr\/wp-content\/uploads\/2022\/09\/shop-bgjpg_22-04-2021_13-46-07.jpg\" style=\"\" class=\"ultb3-img ultb3-img-center\" alt=\"null\"\/><div id=\"Info-banner-wrap9564\" class=\"ultb3-info ib3-info-center\" data-animation=\"\" data-animation-delay=\"03\"><div class=\"ultb3-title ult-responsive\"  data-ultimate-target='#Info-banner-wrap9564 .ultb3-title'  data-responsive-json-new='{\"font-size\":\"desktop:26px;mobile:16px;\",\"line-height\":\"\"}'  style=\"font-family:Abhaya Libre;font-weight:bold;color:#dfbcb0;\">Cosmate<\/div><div class=\"ultb3-desc ult-responsive\"  data-ultimate-target='#Info-banner-wrap9564 .ultb3-desc'  data-responsive-json-new='{\"font-size\":\"desktop:14px;mobile:12px;\",\"line-height\":\"\"}'  style=\"font-family:Aboreto;font-style:italic;font-weight:normal;color:#dfbcb0;\">Vous offrant une vie meilleure, Cosmate est \u00e0 un clic de vous<\/div><\/div><\/div><style>\r\n\t\t\t\t\t#ultib3-277712428969dec736a1808 {\r\n\t\t\t\t\t\tmin-height:50px;\r\n\t\t\t\t\t}\r\n\t\t\t\t\t#ultib3-277712428969dec736a1808 img.ultb3-img {\r\n\t\t\t\t\t\theight: px;\r\n\t\t\t\t\t}\r\n\t\t\t\t\t#ultib3-277712428969dec736a1808 .ultb3-btn {\r\n\t\t\t\t\t\tborder:2px solid #dfbcb0;border-radius:0px;color:#dfbcb0;\r\n\t\t\t\t\t}\r\n\t\t\t\t\t#ultib3-277712428969dec736a1808 .ultb3-btn:hover {\r\n\t\t\t\t\t\tbackground:#dfbcb0;color:#ffffff;\r\n\t\t\t\t\t}\r\n\t\t\t\t<\/style>[\/vc_column][\/vc_row][vc_row][vc_column css=\u00a0\u00bb.vc_custom_1663708830953{padding-top: 50px !important;padding-right: 200px !important;padding-left: 200px !important;}\u00a0\u00bb offset=\u00a0\u00bbvc_hidden-md vc_hidden-sm vc_hidden-xs\u00a0\u00bb]<div id=\"ultimate-heading-647669dec736a189b\" class=\"uvc-heading ult-adjust-bottom-margin ultimate-heading-647669dec736a189b uvc-6683 \" data-hspacer=\"line_only\"  data-halign=\"center\" style=\"text-align:center\"><div class=\"uvc-main-heading ult-responsive\"  data-ultimate-target='.uvc-heading.ultimate-heading-647669dec736a189b h1'  data-responsive-json-new='{\"font-size\":\"\",\"line-height\":\"\"}' ><h1 style=\"font-weight:bold;\">BLOG<\/h1><\/div><div class=\"uvc-heading-spacer line_only\" style=\"topheight:10px;\"><span class=\"uvc-headings-line\" style=\"border-style:solid;border-bottom-width:10px;border-color:#ffffff;width:autopx;\"><\/span><\/div><div class=\"uvc-sub-heading ult-responsive\"  data-ultimate-target='.uvc-heading.ultimate-heading-647669dec736a189b .uvc-sub-heading '  data-responsive-json-new='{\"font-size\":\"\",\"line-height\":\"\"}'  style=\"font-weight:normal;\">Lorsque nous nous regardons devant le miroir, nous voulons rencontrer une image parfaite. Une apparence sans acn\u00e9, impeccable et vibrante est un look que chaque femme et chaque homme souhaite obtenir. Nous utilisons divers produits de soins de la peau pour cela. Il y a des \u00e9tag\u00e8res pleines de produits dans les magasins, et nous rencontrons beaucoup plus de produits de soins de la peau sur Internet. Alors, ces produits sont-ils naturels ? Comment savoir si le produit que vous allez utiliser est naturel\/biologique ? Comment faire un soin correct de la peau ? Quels produits utiliser ? Nous avons pr\u00e9par\u00e9 les r\u00e9ponses \u00e0 toutes ces questions dans notre article de blog !<\/div><\/div>[vc_basic_grid post_type=\u00a0\u00bbpost\u00a0\u00bb max_items=\u00a0\u00bb4&Prime; element_width=\u00a0\u00bb3&Prime; item=\u00a0\u00bbmasonryGrid_SlideoOutFromRight\u00a0\u00bb grid_id=\u00a0\u00bbvc_gid:1706019135348-ed5c7114-6225-7&Prime; css=\u00a0\u00bb.vc_custom_1676067380624{padding-top: 50px !important;padding-bottom: 50px !important;}\u00a0\u00bb][\/vc_column][\/vc_row][vc_row][vc_column offset=\u00a0\u00bbvc_hidden-lg\u00a0\u00bb]<div id=\"ultimate-heading-466369dec736a18e1\" class=\"uvc-heading ult-adjust-bottom-margin ultimate-heading-466369dec736a18e1 uvc-1679 \" data-hspacer=\"no_spacer\"  data-halign=\"center\" style=\"text-align:center\"><div class=\"uvc-heading-spacer no_spacer\" style=\"top\"><\/div><div class=\"uvc-main-heading ult-responsive\"  data-ultimate-target='.uvc-heading.ultimate-heading-466369dec736a18e1 h1'  data-responsive-json-new='{\"font-size\":\"\",\"line-height\":\"\"}' ><h1 style=\"font-weight:bold;\">BLOG<\/h1><\/div><\/div><div id=\"ultimate-heading-431169dec736a1918\" class=\"uvc-heading ult-adjust-bottom-margin ultimate-heading-431169dec736a1918 uvc-925 \" data-hspacer=\"no_spacer\"  data-halign=\"center\" style=\"text-align:center\"><div class=\"uvc-heading-spacer no_spacer\" style=\"top\"><\/div><\/div>[vc_basic_grid post_type=\u00a0\u00bbpost\u00a0\u00bb max_items=\u00a0\u00bb3&Prime; gap=\u00a0\u00bb0&Prime; item=\u00a0\u00bbbasicGrid_SlideFromLeft\u00a0\u00bb grid_id=\u00a0\u00bbvc_gid:1706019135349-a3ba0a97-4335-8&Prime;][\/vc_column][\/vc_row][vc_row][vc_column css=\u00a0\u00bb.vc_custom_1665327196815{padding-right: 15px !important;padding-left: 15px !important;}\u00a0\u00bb offset=\u00a0\u00bbvc_hidden-md vc_hidden-sm vc_hidden-xs\u00a0\u00bb]<div id=\"ultimate-heading-396569dec736a1949\" class=\"uvc-heading ult-adjust-bottom-margin ultimate-heading-396569dec736a1949 uvc-972 \" data-hspacer=\"line_only\"  data-halign=\"center\" style=\"text-align:center\"><div class=\"uvc-main-heading ult-responsive\"  data-ultimate-target='.uvc-heading.ultimate-heading-396569dec736a1949 h1'  data-responsive-json-new='{\"font-size\":\"\",\"line-height\":\"\"}' ><h1 style=\"font-weight:bold;\">Commentaires des clients<\/h1><\/div><div class=\"uvc-heading-spacer line_only\" style=\"topheight:10px;\"><span class=\"uvc-headings-line\" style=\"border-style:solid;border-bottom-width:10px;border-color:#ffffff;width:autopx;\"><\/span><\/div><\/div><div class=\"custom-testimonial\"><div id=\"testimonial_grid\" class=\"testimonial-grid testimonial-cols-3\"><div class=\"item first-item style-1\"><div class=\"product-block\"><div class=\"custom-testimonial-inner\"><div class=\"testimonial-content\"><div class=\"testimonial-top\"><blockquote><q>Sevgili influencerim Gozde (gozdearalocak) sayesinde aldim, cok guzel emiliyor ve cok guzel kokuyor ayrica yaninda zeytin sutunu de ald<\/q><\/blockquote><\/div><div class=\"read-more\"><a title=\"B** K**\" href=\"https:\/\/cosmate.com.tr\/testimonial\/b-k\/\" >read more<\/a><\/div><\/div><\/div><div class=\"testimonial-wrapper-inner\"><div class=\"testmonial-image\"><a title=\"B** K**\" href=\"https:\/\/cosmate.com.tr\/testimonial\/b-k\/\" ><i style=\"width:50;height:50;\" class=\"fa fa-user\"><\/i><\/a><\/div><div class=\"testmonial-text\"><div class=\"testimonial-title\"><a title=\"B** K**\" href=\"https:\/\/cosmate.com.tr\/testimonial\/b-k\/\" >B** K**<\/a><\/div><div class=\"testimonial-email\">Trendyol Kullan\u0131c\u0131s\u0131<\/div><\/div><\/div><\/div><\/div><div class=\"item style-1\"><div class=\"product-block\"><div class=\"custom-testimonial-inner\"><div class=\"testimonial-content\"><div class=\"testimonial-top\"><blockquote><q>\u00dcr\u00fcn\u00fc yakla\u015f\u0131k 2 ayd\u0131r kullan\u0131yorum. Sa\u00e7 diplerinde ferahlat\u0131c\u0131 bir etki b\u0131rak\u0131yor ve sa\u00e7\u0131 yumu\u015fac\u0131k yap\u0131yor. Sat\u0131c\u0131<\/q><\/blockquote><\/div><div class=\"read-more\"><a title=\"C** K**\" href=\"https:\/\/cosmate.com.tr\/testimonial\/c-k\/\" >read more<\/a><\/div><\/div><\/div><div class=\"testimonial-wrapper-inner\"><div class=\"testmonial-image\"><a title=\"C** K**\" href=\"https:\/\/cosmate.com.tr\/testimonial\/c-k\/\" ><i style=\"width:50;height:50;\" class=\"fa fa-user\"><\/i><\/a><\/div><div class=\"testmonial-text\"><div class=\"testimonial-title\"><a title=\"C** K**\" href=\"https:\/\/cosmate.com.tr\/testimonial\/c-k\/\" >C** K**<\/a><\/div><div class=\"testimonial-email\">Trendyol Kullan\u0131c\u0131s\u0131<\/div><\/div><\/div><\/div><\/div><div class=\"item last-item style-1\"><div class=\"product-block\"><div class=\"custom-testimonial-inner\"><div class=\"testimonial-content\"><div class=\"testimonial-top\"><blockquote><q>Ani kilo al\u0131p vermi\u015ftim bu y\u00fczden kal\u00e7amda \u00e7atlaklar olu\u015fmu\u015ftu. Bu \u00fcr\u00fcn\u00fc bir arkada\u015f\u0131m\u0131n tavsiyesiyle ald\u0131m ve ger\u00e7ekten<\/q><\/blockquote><\/div><div class=\"read-more\"><a title=\"Z*** F***\" href=\"https:\/\/cosmate.com.tr\/testimonial\/z-f\/\" >read more<\/a><\/div><\/div><\/div><div class=\"testimonial-wrapper-inner\"><div class=\"testmonial-image\"><a title=\"Z*** F***\" href=\"https:\/\/cosmate.com.tr\/testimonial\/z-f\/\" ><i style=\"width:50;height:50;\" class=\"fa fa-user\"><\/i><\/a><\/div><div class=\"testmonial-text\"><div class=\"testimonial-title\"><a title=\"Z*** F***\" href=\"https:\/\/cosmate.com.tr\/testimonial\/z-f\/\" >Z*** F***<\/a><\/div><div class=\"testimonial-designation\">Trendyol Kullan\u0131c\u0131s\u0131<\/div><\/div><\/div><\/div><\/div><\/div><\/div>[\/vc_column][\/vc_row]<\/p>\n","protected":false},"excerpt":{"rendered":"<p>[vc_row full_width=\u00a0\u00bbstretch_row_content\u00a0\u00bb equal_height=\u00a0\u00bbyes\u00a0\u00bb el_class=\u00a0\u00bbmain-slider\u00a0\u00bb css=\u00a0\u00bb.vc_custom_1664200456595{background-image: url(https:\/\/splashythemes.com\/wordpress\/woo\/WCM01\/WCM010050\/wp-content\/uploads\/2020\/06\/bodytop-bg-img.jpg?id=9438) !important;}\u00a0\u00bb][vc_column][vc_row_inner el_class=\u00a0\u00bbtheme-container\u00a0\u00bb][vc_column_inner][rev_slider_vc alias=\u00a0\u00bbtmpoption_homeslider\u00a0\u00bb el_class=\u00a0\u00bbSlider-content\u00a0\u00bb][\/vc_column_inner][\/vc_row_inner][\/vc_column][\/vc_row][vc_row el_class=\u00a0\u00bbbannercmsblock theme-container\u00a0\u00bb css=\u00a0\u00bb.vc_custom_1664200412808{margin-top: 15px !important;margin-bottom: 90px !important;}\u00a0\u00bb][vc_column][vc_row_inner el_class=\u00a0\u00bbbanner-cms-wrappers\u00a0\u00bb][vc_column_inner width=\u00a0\u00bb1\/2&Prime;][\/vc_column_inner][vc_column_inner width=\u00a0\u00bb1\/2&Prime;][\/vc_column_inner][\/vc_row_inner][\/vc_column][\/vc_row][vc_row el_class=\u00a0\u00bbproduct-tab theme-container\u00a0\u00bb][vc_column][\/vc_column][\/vc_row][vc_row content_placement=\u00a0\u00bbmiddle\u00a0\u00bb parallax_content=\u00a0\u00bbparallax_content_value\u00a0\u00bb parallax_content_sense=\u00a0\u00bb30&Prime; enable_overlay=\u00a0\u00bbenable_overlay_value\u00a0\u00bb overlay_color=\u00a0\u00bb#0a0a0a\u00a0\u00bb overlay_pattern=\u00a0\u00bb01.png\u00a0\u00bb overlay_pattern_opacity=\u00a0\u00bb80&Prime; el_class=\u00a0\u00bbparallax theme-container\u00a0\u00bb css=\u00a0\u00bb.vc_custom_1663714091823{margin-top: 0px !important;margin-bottom: 0px !important;}\u00a0\u00bb][vc_column el_class=\u00a0\u00bbparallax-inner\u00a0\u00bb css=\u00a0\u00bb.vc_custom_1663714118442{margin-top: 0px !important;margin-bottom: 0px !important;padding-top: 0px !important;padding-bottom: 0px !important;}\u00a0\u00bb][\/vc_column][\/vc_row][vc_row][vc_column css=\u00a0\u00bb.vc_custom_1663708830953{padding-top: 50px !important;padding-right: 200px !important;padding-left: 200px !important;}\u00a0\u00bb offset=\u00a0\u00bbvc_hidden-md vc_hidden-sm vc_hidden-xs\u00a0\u00bb][vc_basic_grid post_type=\u00a0\u00bbpost\u00a0\u00bb max_items=\u00a0\u00bb4&Prime; element_width=\u00a0\u00bb3&Prime; item=\u00a0\u00bbmasonryGrid_SlideoOutFromRight\u00a0\u00bb grid_id=\u00a0\u00bbvc_gid:1706019135348-ed5c7114-6225-7&Prime; css=\u00a0\u00bb.vc_custom_1676067380624{padding-top: 50px !important;padding-bottom: 50px !important;}\u00a0\u00bb][\/vc_column][\/vc_row][vc_row][vc_column offset=\u00a0\u00bbvc_hidden-lg\u00a0\u00bb][vc_basic_grid post_type=\u00a0\u00bbpost\u00a0\u00bb max_items=\u00a0\u00bb3&Prime; gap=\u00a0\u00bb0&Prime; item=\u00a0\u00bbbasicGrid_SlideFromLeft\u00a0\u00bb grid_id=\u00a0\u00bbvc_gid:1706019135349-a3ba0a97-4335-8&Prime;][\/vc_column][\/vc_row][vc_row][vc_column css=\u00a0\u00bb.vc_custom_1665327196815{padding-right: 15px !important;padding-left: 15px !important;}\u00a0\u00bb offset=\u00a0\u00bbvc_hidden-md vc_hidden-sm vc_hidden-xs\u00a0\u00bb][\/vc_column][\/vc_row]<\/p>\n","protected":false},"author":1,"featured_media":0,"parent":0,"menu_order":0,"comment_status":"closed","ping_status":"closed","template":"page-templates\/home.php","meta":{"footnotes":""},"_links":{"self":[{"href":"https:\/\/cosmate.com.tr\/fr\/wp-json\/wp\/v2\/pages\/10985"}],"collection":[{"href":"https:\/\/cosmate.com.tr\/fr\/wp-json\/wp\/v2\/pages"}],"about":[{"href":"https:\/\/cosmate.com.tr\/fr\/wp-json\/wp\/v2\/types\/page"}],"author":[{"embeddable":true,"href":"https:\/\/cosmate.com.tr\/fr\/wp-json\/wp\/v2\/users\/1"}],"replies":[{"embeddable":true,"href":"https:\/\/cosmate.com.tr\/fr\/wp-json\/wp\/v2\/comments?post=10985"}],"version-history":[{"count":5,"href":"https:\/\/cosmate.com.tr\/fr\/wp-json\/wp\/v2\/pages\/10985\/revisions"}],"predecessor-version":[{"id":13442,"href":"https:\/\/cosmate.com.tr\/fr\/wp-json\/wp\/v2\/pages\/10985\/revisions\/13442"}],"wp:attachment":[{"href":"https:\/\/cosmate.com.tr\/fr\/wp-json\/wp\/v2\/media?parent=10985"}],"curies":[{"name":"wp","href":"https:\/\/api.w.org\/{rel}","templated":true}]}}