{"id":11002,"date":"2018-09-28T05:18:48","date_gmt":"2018-09-28T05:18:48","guid":{"rendered":"http:\/\/cosmate.com.tr\/propos-de-nous\/"},"modified":"2023-02-16T15:44:43","modified_gmt":"2023-02-16T15:44:43","slug":"propos-de-nous","status":"publish","type":"page","link":"https:\/\/cosmate.com.tr\/fr\/propos-de-nous\/","title":{"rendered":"Propos de Nous"},"content":{"rendered":"<p>[vc_row el_class=\u00a0\u00bbcustom-content-main\u00a0\u00bb css=\u00a0\u00bb.vc_custom_1663687202289{margin-bottom: 30px !important;padding-top: 50px !important;padding-bottom: 50px !important;}\u00a0\u00bb][vc_column][vc_row_inner el_class=\u00a0\u00bbcosmate-about-text\u00a0\u00bb css=\u00a0\u00bb.vc_custom_1663687331126{padding-right: 30px !important;padding-left: 30px !important;}\u00a0\u00bb][vc_column_inner width=\u00a0\u00bb1\/2&Prime; css=\u00a0\u00bb.vc_custom_1663687267137{padding-right: 30px !important;padding-bottom: 30px !important;}\u00a0\u00bb offset=\u00a0\u00bbvc_hidden-sm vc_hidden-xs\u00a0\u00bb][vc_gallery type=\u00a0\u00bbnivo\u00a0\u00bb interval=\u00a0\u00bb3&Prime; images=\u00a0\u00bb9617&Prime; img_size=\u00a0\u00bblarge\u00a0\u00bb onclick=\u00a0\u00bb\u00a0\u00bb][\/vc_column_inner][vc_column_inner width=\u00a0\u00bb1\/2&Prime;]<div class=\"shortcode-title left \"><h3 class=\"normal-title\" >Cosmate<\/h3><h3 class=\"sub-title\">Together Better Life<\/h3><\/div>[vc_column_text css=\u00a0\u00bb.vc_custom_1663686529476{padding-bottom: 10px !important;}\u00a0\u00bb]<\/p>\n<p style=\"text-align: left;\">Une vie meilleure ensemble\u00a0!<\/p>\n<p style=\"text-align: left;\">Nous vous \u00e9coutons comme si nous \u00e9coutions notre meilleur ami, nous nous soucions de vos besoins, pr\u00e9occupations et exp\u00e9riences, et nous travaillons dur pour que vous vous sentiez mieux. Parce que quand nous sommes ensemble, tout est diff\u00e9rent. C&rsquo;est exactement pourquoi Cosmate a \u00e9t\u00e9 fond\u00e9e. Pour se sentir mieux ensemble&#8230;<\/p>\n<p style=\"text-align: left;\">Nous respectons la nature et offrons nos produits, qui ne sont pas test\u00e9s sur les animaux, sous la forme la plus naturelle et la plus qualitative, sur ce chemin que nous avons trac\u00e9 avec le r\u00eave d&rsquo;en faire partie de \u00ab\u00a0retour \u00e0 l&rsquo;essence et \u00e0 la nature\u00a0\u00bb.<\/p>\n<p style=\"text-align: left;\">Merci de partager avec nous. Allons\u00a0! Ensemble, faisons de cette vie un endroit encore meilleur\u00a0!<\/p>\n<p>&nbsp;[\/vc_column_text][\/vc_column_inner][\/vc_row_inner][\/vc_column][\/vc_row][vc_row][vc_column][vc_text_separator title=\u00a0\u00bb#cosmate_tr\u00a0\u00bb i_icon_fontawesome=\u00a0\u00bbfab fa-instagram\u00a0\u00bb i_color=\u00a0\u00bbblack\u00a0\u00bb color=\u00a0\u00bbblack\u00a0\u00bb add_icon=\u00a0\u00bbtrue\u00a0\u00bb][vc_raw_html]W2luc3RhZ3JhbS1mZWVkIGZlZWQ9MV0=[\/vc_raw_html][\/vc_column][\/vc_row]<\/p>\n","protected":false},"excerpt":{"rendered":"<p>[vc_row el_class=\u00a0\u00bbcustom-content-main\u00a0\u00bb css=\u00a0\u00bb.vc_custom_1663687202289{margin-bottom: 30px !important;padding-top: 50px !important;padding-bottom: 50px !important;}\u00a0\u00bb][vc_column][vc_row_inner el_class=\u00a0\u00bbcosmate-about-text\u00a0\u00bb css=\u00a0\u00bb.vc_custom_1663687331126{padding-right: 30px !important;padding-left: 30px !important;}\u00a0\u00bb][vc_column_inner width=\u00a0\u00bb1\/2&Prime; css=\u00a0\u00bb.vc_custom_1663687267137{padding-right: 30px !important;padding-bottom: 30px !important;}\u00a0\u00bb offset=\u00a0\u00bbvc_hidden-sm vc_hidden-xs\u00a0\u00bb][vc_gallery type=\u00a0\u00bbnivo\u00a0\u00bb interval=\u00a0\u00bb3&Prime; images=\u00a0\u00bb9617&Prime; img_size=\u00a0\u00bblarge\u00a0\u00bb onclick=\u00a0\u00bb\u00a0\u00bb][\/vc_column_inner][vc_column_inner width=\u00a0\u00bb1\/2&Prime;][vc_column_text css=\u00a0\u00bb.vc_custom_1663686529476{padding-bottom: 10px !important;}\u00a0\u00bb] Une vie meilleure ensemble\u00a0! Nous vous \u00e9coutons comme si nous \u00e9coutions notre meilleur ami, nous nous soucions de vos besoins, pr\u00e9occupations et exp\u00e9riences, et nous travaillons dur pour que vous vous sentiez mieux. Parce que quand nous sommes ensemble, tout est diff\u00e9rent. C&rsquo;est exactement pourquoi Cosmate a \u00e9t\u00e9 fond\u00e9e. Pour se sentir mieux ensemble&#8230; Nous respectons la nature et offrons nos produits, qui ne sont pas test\u00e9s sur les animaux, sous la forme la plus naturelle et la plus qualitative, sur ce chemin que nous avons trac\u00e9 avec le r\u00eave d&rsquo;en faire partie de \u00ab\u00a0retour \u00e0 l&rsquo;essence et \u00e0 la nature\u00a0\u00bb. Merci de partager avec nous. Allons\u00a0! Ensemble, faisons de cette vie un endroit encore meilleur\u00a0! &nbsp;[\/vc_column_text][\/vc_column_inner][\/vc_row_inner][\/vc_column][\/vc_row][vc_row][vc_column][vc_text_separator title=\u00a0\u00bb#cosmate_tr\u00a0\u00bb i_icon_fontawesome=\u00a0\u00bbfab fa-instagram\u00a0\u00bb i_color=\u00a0\u00bbblack\u00a0\u00bb color=\u00a0\u00bbblack\u00a0\u00bb add_icon=\u00a0\u00bbtrue\u00a0\u00bb][vc_raw_html]W2luc3RhZ3JhbS1mZWVkIGZlZWQ9MV0=[\/vc_raw_html][\/vc_column][\/vc_row]<\/p>\n","protected":false},"author":1,"featured_media":0,"parent":0,"menu_order":0,"comment_status":"closed","ping_status":"closed","template":"page-templates\/home.php","meta":{"footnotes":""},"_links":{"self":[{"href":"https:\/\/cosmate.com.tr\/fr\/wp-json\/wp\/v2\/pages\/11002"}],"collection":[{"href":"https:\/\/cosmate.com.tr\/fr\/wp-json\/wp\/v2\/pages"}],"about":[{"href":"https:\/\/cosmate.com.tr\/fr\/wp-json\/wp\/v2\/types\/page"}],"author":[{"embeddable":true,"href":"https:\/\/cosmate.com.tr\/fr\/wp-json\/wp\/v2\/users\/1"}],"replies":[{"embeddable":true,"href":"https:\/\/cosmate.com.tr\/fr\/wp-json\/wp\/v2\/comments?post=11002"}],"version-history":[{"count":2,"href":"https:\/\/cosmate.com.tr\/fr\/wp-json\/wp\/v2\/pages\/11002\/revisions"}],"predecessor-version":[{"id":11004,"href":"https:\/\/cosmate.com.tr\/fr\/wp-json\/wp\/v2\/pages\/11002\/revisions\/11004"}],"wp:attachment":[{"href":"https:\/\/cosmate.com.tr\/fr\/wp-json\/wp\/v2\/media?parent=11002"}],"curies":[{"name":"wp","href":"https:\/\/api.w.org\/{rel}","templated":true}]}}