{"id":11018,"date":"2018-08-21T12:27:32","date_gmt":"2018-08-21T12:27:32","guid":{"rendered":"http:\/\/cosmate.com.tr\/termes-et-conditions\/"},"modified":"2023-02-16T16:17:46","modified_gmt":"2023-02-16T16:17:46","slug":"termes-et-conditions","status":"publish","type":"page","link":"https:\/\/cosmate.com.tr\/fr\/termes-et-conditions\/","title":{"rendered":"Termes et Conditions"},"content":{"rendered":"<p>[vc_row][vc_column][vc_column_text]<\/p>\n<h2 id=\"terms-of-use\">Conditions d&rsquo;utilisation<\/h2>\n<p>Cher visiteur, veuillez lire attentivement ces conditions d&rsquo;utilisation avant de visiter notre site Web http:\/\/cosmate.com.tr. Votre acc\u00e8s au site d\u00e9pend enti\u00e8rement de votre acceptation de cet accord et de votre respect des conditions \u00e9nonc\u00e9es dans cet accord. Si vous n&rsquo;acceptez aucune des conditions de cet accord, veuillez mettre fin \u00e0 votre acc\u00e8s au site. Veuillez noter que si vous continuez \u00e0 acc\u00e9der au site, nous supposerons que vous acceptez inconditionnellement et sans condition l&rsquo;int\u00e9gralit\u00e9 du texte de cet accord.<\/p>\n<p>Le site Web http:\/\/cosmate.com.tr est g\u00e9r\u00e9 par le nom de la soci\u00e9t\u00e9 et ci-apr\u00e8s d\u00e9nomm\u00e9 le SITE. Les conditions d&rsquo;utilisation de ce site entrent en vigueur d\u00e8s leur publication. Le droit d&rsquo;apporter des modifications appartient unilat\u00e9ralement au SITE, et tous nos utilisateurs sont r\u00e9put\u00e9s avoir accept\u00e9 ces modifications, qui seront mises \u00e0 jour sur le SITE, depuis le d\u00e9but.<\/p>\n<h2 id=\"privacy\">Confidentialit\u00e9<\/h2>\n<p>La confidentialit\u00e9 est disponible sur une page s\u00e9par\u00e9e pour r\u00e9glementer les principes de traitement de vos donn\u00e9es personnelles par nous. Si vous utilisez le SITE, vous acceptez que le traitement de ces donn\u00e9es s&rsquo;effectue conform\u00e9ment \u00e0 la politique de confidentialit\u00e9.<\/p>\n<h2 id=\"service-scope\">Port\u00e9e du service<\/h2>\n<p>En tant que Raison sociale, nous sommes enti\u00e8rement libres de d\u00e9terminer l&rsquo;\u00e9tendue et la nature des services que nous fournirons, dans le cadre de la loi\u00a0; Les modifications que nous apporterons concernant les services seront r\u00e9put\u00e9es entr\u00e9es en vigueur d\u00e8s leur publication sur le SITE.<\/p>\n<h2 id=\"copyrights\">Droits d&rsquo;auteur<\/h2>\n<p>Le propri\u00e9taire de tous les textes, codes, graphiques, logos, images, fichiers audio et logiciels utilis\u00e9s sur le SITE (ci-apr\u00e8s d\u00e9nomm\u00e9s \u00ab\u00a0contenu\u00a0\u00bb) est le nom de la soci\u00e9t\u00e9 et tous les droits sont r\u00e9serv\u00e9s. La reproduction ou la copie du contenu du site est strictement interdite sans autorisation \u00e9crite.<\/p>\n<h2 id=\"general-huekuems\">Dispositions g\u00e9n\u00e9rales<\/h2>\n<ul>\n<li>Tous les utilisateurs s&rsquo;engagent \u00e0 n&rsquo;utiliser le SITE qu&rsquo;\u00e0 des fins l\u00e9gales et personnelles et \u00e0 ne se livrer \u00e0 aucune activit\u00e9 qui porterait atteinte aux droits de tiers. Les responsabilit\u00e9s l\u00e9gales et p\u00e9nales dans leurs transactions et actions au sein du SITE leur appartiennent. Le SITE n&rsquo;assume aucune responsabilit\u00e9 directe et\/ou indirecte pour les dommages subis ou \u00e0 subir par des tiers du fait de ces travaux et actions.<\/li>\n<li>Nous nous effor\u00e7ons d&rsquo;assurer l&rsquo;exactitude et la mise \u00e0 jour des informations disponibles sur le SITE. Cependant, malgr\u00e9 nos efforts, ces informations peuvent \u00eatre en retard par rapport aux changements r\u00e9els, et il peut y avoir quelques diff\u00e9rences. Pour cette raison, nous ne donnons aucune garantie, expresse ou tacite, quant \u00e0 l&rsquo;exactitude et l&rsquo;actualit\u00e9 des informations pr\u00e9sentes sur le site, et nous ne prenons aucun engagement.<\/li>\n<li>Le SITE peut contenir des liens hypertextes vers d&rsquo;autres sites Internet, applications et plateformes exploit\u00e9s par des tiers et dont le contenu nous est inconnu. Le SITE, fonctionnalit\u00e9 ne donne acc\u00e8s qu&rsquo;\u00e0 ces sites, et nous d\u00e9clinons toute responsabilit\u00e9 quant \u00e0 leur contenu.<\/li>\n<li>Bien que nous fassions de notre mieux pour maintenir le SITE exempt de virus, nous ne pouvons pas garantir que les virus sont totalement exempts de virus. Par cons\u00e9quent, il appartient \u00e0 l&rsquo;utilisateur de prendre les pr\u00e9cautions n\u00e9cessaires contre les virus lors du t\u00e9l\u00e9chargement des donn\u00e9es. Virus etc&#8230; Nous ne sommes pas responsables des dommages caus\u00e9s par des programmes, codes ou mat\u00e9riels malveillants.<\/li>\n<li>Nous ne garantissons pas qu&rsquo;il n&rsquo;y aura pas de d\u00e9fauts ou d&rsquo;erreurs dans les services propos\u00e9s sur le SITE, ni qu&rsquo;un service ininterrompu sera fourni. Nous pouvons mettre fin \u00e0 votre acc\u00e8s au SITE et \u00e0 ses services ou \u00e0 toute partie de celui-ci \u00e0 tout moment et sans pr\u00e9avis.<\/li>\n<\/ul>\n<h2 id=\"limitation-limitation\">Limitation de responsabilit\u00e9<\/h2>\n<p>Notre responsabilit\u00e9 pour les dommages r\u00e9sultant de l&rsquo;utilisation du SITE est limit\u00e9e \u00e0 l&rsquo;intention et \u00e0 la n\u00e9gligence grave. En cas de dommages r\u00e9sultant de l&rsquo;inex\u00e9cution du contrat, l&rsquo;indemnisation totale pouvant \u00eatre r\u00e9clam\u00e9e est limit\u00e9e aux dommages pr\u00e9visibles. Les limitations de responsabilit\u00e9 susmentionn\u00e9es ne s&rsquo;appliquent pas non plus en cas d&rsquo;atteinte \u00e0 la vie humaine, \u00e0 l&rsquo;int\u00e9grit\u00e9 physique ou \u00e0 la sant\u00e9 des personnes. Nous ne serons responsables d&rsquo;aucune indemnisation en raison d&rsquo;un retard, d&rsquo;une inex\u00e9cution ou d&rsquo;un d\u00e9faut dans toutes les situations l\u00e9galement consid\u00e9r\u00e9es comme des cas de force majeure.<\/p>\n<p>R\u00e9solution des litiges\u00a0: les lois de la R\u00e9publique de Turquie s&rsquo;appliquent \u00e0 la r\u00e9solution de tout litige d\u00e9coulant de la mise en \u0153uvre ou de l&rsquo;interpr\u00e9tation du pr\u00e9sent Accord\u00a0; Les tribunaux et les bureaux d&rsquo;ex\u00e9cution du palais de justice d&rsquo;Izmir sont autoris\u00e9s.[\/vc_column_text][\/vc_column][\/vc_row]<\/p>\n","protected":false},"excerpt":{"rendered":"<p>[vc_row][vc_column][vc_column_text] Conditions d&rsquo;utilisation Cher visiteur, veuillez lire attentivement ces conditions d&rsquo;utilisation avant de visiter notre site Web http:\/\/cosmate.com.tr. Votre acc\u00e8s au site d\u00e9pend enti\u00e8rement de votre acceptation de cet accord et de votre respect des conditions \u00e9nonc\u00e9es dans cet accord. Si vous n&rsquo;acceptez aucune des conditions de cet accord, veuillez mettre fin \u00e0 votre acc\u00e8s au site. Veuillez noter que si vous continuez \u00e0 acc\u00e9der au site, nous supposerons que vous acceptez inconditionnellement et sans condition l&rsquo;int\u00e9gralit\u00e9 du texte de cet accord. Le site Web http:\/\/cosmate.com.tr est g\u00e9r\u00e9 par le nom de la soci\u00e9t\u00e9 et ci-apr\u00e8s d\u00e9nomm\u00e9 le SITE. Les conditions d&rsquo;utilisation de ce site entrent en vigueur d\u00e8s leur publication. Le droit d&rsquo;apporter des modifications appartient unilat\u00e9ralement au SITE, et tous nos utilisateurs sont r\u00e9put\u00e9s avoir accept\u00e9 ces modifications, qui seront mises \u00e0 jour sur le SITE, depuis le d\u00e9but. Confidentialit\u00e9 La confidentialit\u00e9 est disponible sur une page s\u00e9par\u00e9e pour r\u00e9glementer les principes de traitement de vos donn\u00e9es personnelles par nous. Si vous utilisez le SITE, vous acceptez que le traitement de ces donn\u00e9es s&rsquo;effectue conform\u00e9ment \u00e0 la politique de confidentialit\u00e9. Port\u00e9e du service En tant que Raison sociale, nous sommes enti\u00e8rement libres de d\u00e9terminer l&rsquo;\u00e9tendue et la nature&hellip; <a class=\"read-more-link\" href=\"https:\/\/cosmate.com.tr\/fr\/termes-et-conditions\/\">Read More<\/a><\/p>\n","protected":false},"author":1,"featured_media":0,"parent":0,"menu_order":0,"comment_status":"closed","ping_status":"closed","template":"","meta":{"footnotes":""},"_links":{"self":[{"href":"https:\/\/cosmate.com.tr\/fr\/wp-json\/wp\/v2\/pages\/11018"}],"collection":[{"href":"https:\/\/cosmate.com.tr\/fr\/wp-json\/wp\/v2\/pages"}],"about":[{"href":"https:\/\/cosmate.com.tr\/fr\/wp-json\/wp\/v2\/types\/page"}],"author":[{"embeddable":true,"href":"https:\/\/cosmate.com.tr\/fr\/wp-json\/wp\/v2\/users\/1"}],"replies":[{"embeddable":true,"href":"https:\/\/cosmate.com.tr\/fr\/wp-json\/wp\/v2\/comments?post=11018"}],"version-history":[{"count":1,"href":"https:\/\/cosmate.com.tr\/fr\/wp-json\/wp\/v2\/pages\/11018\/revisions"}],"predecessor-version":[{"id":11019,"href":"https:\/\/cosmate.com.tr\/fr\/wp-json\/wp\/v2\/pages\/11018\/revisions\/11019"}],"wp:attachment":[{"href":"https:\/\/cosmate.com.tr\/fr\/wp-json\/wp\/v2\/media?parent=11018"}],"curies":[{"name":"wp","href":"https:\/\/api.w.org\/{rel}","templated":true}]}}