{"id":11435,"date":"2023-02-21T14:04:09","date_gmt":"2023-02-21T14:04:09","guid":{"rendered":"http:\/\/cosmate.com.tr\/urun\/ensemble-de-soins-daromatherapie\/"},"modified":"2025-02-17T13:34:50","modified_gmt":"2025-02-17T13:34:50","slug":"ensemble-de-soins-daromatherapie","status":"publish","type":"product","link":"https:\/\/cosmate.com.tr\/fr\/produit\/ensemble-de-soins-daromatherapie\/","title":{"rendered":"Ensemble de soins d&rsquo;aromath\u00e9rapie"},"content":{"rendered":"<p>Contenu de l&rsquo;ensemble\u00a0:\u00a0huile de lavande, huile d&rsquo;ylang-ylang, huile de jojoba, huile de macadamia et 1\u00a0encensoir de votre choix.<\/p>\n<p>Huile de lavande<\/p>\n<p>Il est obtenu par distillation \u00e0 la vapeur \u00e0 partir de fleurs de lavande. C&rsquo;est l&rsquo;une des huiles essentielles les plus utilis\u00e9es.<br \/>\nIl est particuli\u00e8rement appr\u00e9ci\u00e9 car il r\u00e9duit la douleur migraineuse et a un effet calmant.<br \/>\nIl r\u00e9duit le stress et l&rsquo;anxi\u00e9t\u00e9.<br \/>\n\u00c9limine la tension nerveuse.<br \/>\nSoulage la douleur.<br \/>\nIl r\u00e9sout le probl\u00e8me de l&rsquo;insomnie<br \/>\nIl r\u00e9duit les probl\u00e8mes respiratoires.<\/p>\n<p>Huile d&rsquo;ylang-ylang<br \/>\nL&rsquo;utilisation de l&rsquo;Huile d&rsquo;Ylang Ylang remonte \u00e0 des si\u00e8cles. Les indig\u00e8nes de Maluku utilisaient l&rsquo;huile d&rsquo;Ylang Ylang pour cr\u00e9er des parfums aphrodisiaques m\u00e9lang\u00e9s \u00e0 des fleurs de noix de coco et de curcumine pour r\u00e9duire la fi\u00e8vre.<br \/>\nC&rsquo;est un s\u00e9datif l\u00e9ger et excellent pour calmer le syst\u00e8me nerveux, favoriser la relaxation et combattre l&rsquo;anxi\u00e9t\u00e9.<br \/>\nIl r\u00e9duit la perte de libido caus\u00e9e par la charge de travail, le stress ou la d\u00e9pression.<br \/>\nRafra\u00eechissant et \u00e9nergisant.<\/p>\n<p>Huile de Jojoba<br \/>\nCette huile naturelle, aux propri\u00e9t\u00e9s anti-allergiques, est tr\u00e8s utile pour \u00e9liminer les imperfections et l&rsquo;acn\u00e9 de la peau.<br \/>\nConvient \u00e0 tous les types de peau.<br \/>\nIl purifie la peau des r\u00e9sidus de maquillage et est un d\u00e9maquillant naturel.<\/p>\n<p>Huile de Macadamia<br \/>\nLa caract\u00e9ristique la plus importante\u00a0; Il \u00e9quilibre le s\u00e9bum et \u00e9limine les cicatrices d&rsquo;acn\u00e9.<br \/>\nAvec une utilisation r\u00e9guli\u00e8re, il r\u00e9pare compl\u00e8tement les imperfections et les in\u00e9galit\u00e9s tonales.<br \/>\nIl donne \u00e0 la peau une apparence plus saine et plus lumineuse.<\/p>\n","protected":false},"excerpt":{"rendered":"<p>Avec l&rsquo;ensemble de soins d&rsquo;aromath\u00e9rapie, vous pouvez rendre chaque moment de votre vie plus agr\u00e9able. Veuillez lire la description pour des informations plus d\u00e9taill\u00e9es sur les huiles contenues dans le produit.<\/p>\n","protected":false},"featured_media":13192,"comment_status":"open","ping_status":"closed","template":"","meta":[],"product_cat":[565,370],"product_tag":[937,938,939,940,935,936,941,942],"giftcard-category":[],"_links":{"self":[{"href":"https:\/\/cosmate.com.tr\/fr\/wp-json\/wp\/v2\/product\/11435"}],"collection":[{"href":"https:\/\/cosmate.com.tr\/fr\/wp-json\/wp\/v2\/product"}],"about":[{"href":"https:\/\/cosmate.com.tr\/fr\/wp-json\/wp\/v2\/types\/product"}],"replies":[{"embeddable":true,"href":"https:\/\/cosmate.com.tr\/fr\/wp-json\/wp\/v2\/comments?post=11435"}],"wp:featuredmedia":[{"embeddable":true,"href":"https:\/\/cosmate.com.tr\/fr\/wp-json\/wp\/v2\/media\/13192"}],"wp:attachment":[{"href":"https:\/\/cosmate.com.tr\/fr\/wp-json\/wp\/v2\/media?parent=11435"}],"wp:term":[{"taxonomy":"product_cat","embeddable":true,"href":"https:\/\/cosmate.com.tr\/fr\/wp-json\/wp\/v2\/product_cat?post=11435"},{"taxonomy":"product_tag","embeddable":true,"href":"https:\/\/cosmate.com.tr\/fr\/wp-json\/wp\/v2\/product_tag?post=11435"},{"taxonomy":"giftcard-category","embeddable":true,"href":"https:\/\/cosmate.com.tr\/fr\/wp-json\/wp\/v2\/giftcard-category?post=11435"}],"curies":[{"name":"wp","href":"https:\/\/api.w.org\/{rel}","templated":true}]}}