{"id":11436,"date":"2023-02-21T13:51:18","date_gmt":"2023-02-21T13:51:18","guid":{"rendered":"http:\/\/cosmate.com.tr\/urun\/ensemble-dhuiles-daromatherapie\/"},"modified":"2025-02-17T13:34:55","modified_gmt":"2025-02-17T13:34:55","slug":"ensemble-dhuiles-daromatherapie","status":"publish","type":"product","link":"https:\/\/cosmate.com.tr\/fr\/produit\/ensemble-dhuiles-daromatherapie\/","title":{"rendered":"Ensemble d&rsquo;huiles d&rsquo;aromath\u00e9rapie"},"content":{"rendered":"<p>Ensemble d&rsquo;huiles d&rsquo;aromath\u00e9rapie\u00a0; Il se compose d&rsquo;huile de lavande, d&rsquo;huile d&rsquo;ylang ylang et d&rsquo;un encensoir de votre choix. <\/p>\n<p>Huile d&rsquo;ylang-ylang<br \/>\nL&rsquo;Ylang Ylang est c\u00e9l\u00e8bre pour ses propri\u00e9t\u00e9s r\u00e9gulatrices de l&rsquo;humeur, s\u00e9datives, antid\u00e9pressives, embellissantes et aphrodisiaques.<br \/>\nL&rsquo;huile essentielle d&rsquo;ylang ylang est un type d&rsquo;huile essentielle couramment utilis\u00e9e en aromath\u00e9rapie. Il est obtenu \u00e0 partir des fleurs fra\u00eeches distill\u00e9es \u00e0 la vapeur (originaires des Philippines et d&rsquo;Indon\u00e9sie) de l&rsquo;arbre dont le nom scientifique est cananga odorata.<br \/>\nIl renforce la communication et procure une d\u00e9tente en r\u00e9v\u00e9lant les \u00e9motions avec ses effets calmants, euphorisants et aphrodisiaques. Soutenir la d\u00e9pression, le froid, l&rsquo;impuissance, l&rsquo;insomnie, la tension nerveuse et les troubles li\u00e9s au stress font partie des bienfaits de l&rsquo;huile essentielle d&rsquo;Ylang Ylang. De plus, le parfum d&rsquo;Ylang Ylang aide \u00e0 calmer et \u00e0 inhiber la col\u00e8re due aux d\u00e9ceptions.<\/p>\n<p>Les bienfaits du parfum <\/p>\n<p>\u2022Lorsqu&rsquo;il est inhal\u00e9, l&rsquo;Ylang\u00a0Ylang est connu pour avoir un effet positif sur l&rsquo;humeur en raison de sa capacit\u00e9 \u00e0 agir sur le syst\u00e8me olfactif du cerveau.<br \/>\nC&rsquo;est un s\u00e9datif l\u00e9ger et excellent pour calmer le syst\u00e8me nerveux, favoriser la relaxation et combattre l&rsquo;anxi\u00e9t\u00e9.<br \/>\n\u2022 Il est rafra\u00eechissant et \u00e9nergisant.<br \/>\n\u2022Fournit la s\u00e9cr\u00e9tion de l&rsquo;hormone du bonheur.<br \/>\n\u2022 R\u00e9duit la perte de libido due \u00e0 la charge de travail, au stress ou \u00e0 la d\u00e9pression.<\/p>\n<p>B\u00e9n\u00e9fices pour la peau<\/p>\n<p>\u2022\u00a0L&rsquo;huile d&rsquo;ylang-ylang poss\u00e8de de fortes propri\u00e9t\u00e9s antibact\u00e9riennes et est utilis\u00e9e pour traiter les plaies mineures.<br \/>\n\u2022 Il peut \u00e9galement \u00eatre utilis\u00e9 pour traiter les infections fongiques telles que les plaies fongiques.<br \/>\nL&rsquo;huile essentielle d&rsquo;Ylang Ylang aide \u00e0 am\u00e9liorer l&rsquo;apparence de la peau, \u00e0 \u00e9liminer l&rsquo;acn\u00e9 et \u00e0 traiter diverses affections cutan\u00e9es.<br \/>\n\u2022L&rsquo;huile d&rsquo;ylang ylang est tr\u00e8s puissante pour lutter contre le d\u00e9veloppement des m\u00e9lanomes et des cellules canc\u00e9reuses de la peau.<\/p>\n<p>B\u00e9n\u00e9fices capillaires<\/p>\n<p>\u2022Il donne brillance et vitalit\u00e9 en hydratant le cuir chevelu et les m\u00e8ches de cheveux particuli\u00e8rement secs et sensibles.<br \/>\n\u2022 Il est efficace dans les cheveux pelliculaires en \u00e9quilibrant le cuir chevelu et en le purifiant.<br \/>\n\u2022 Il renforce les cheveux cass\u00e9s et qui ne poussent pas et assure une croissance saine.<\/p>\n<p>Huile de lavande <\/p>\n<p>Il est obtenu \u00e0 partir de fleurs de lavande par distillation \u00e0 la vapeur. C&rsquo;est l&rsquo;une des huiles essentielles les plus utilis\u00e9es. Il est particuli\u00e8rement appr\u00e9ci\u00e9 pour r\u00e9duire les douleurs migraineuses et pour son effet calmant. <\/p>\n<p>Les bienfaits du parfum<br \/>\n\u2022 R\u00e9duit le stress et l&rsquo;anxi\u00e9t\u00e9.<br \/>\n\u2022 \u00c9limine la tension nerveuse.<br \/>\n\u2022 Soulage la douleur.<br \/>\n\u2022 R\u00e9sout le probl\u00e8me de l&rsquo;insomnie.<br \/>\n\u2022 A la capacit\u00e9 de traiter les probl\u00e8mes respiratoires.<br \/>\n\u2022 \u00c9loigne les moustiques.<\/p>\n<p>B\u00e9n\u00e9fices pour la peau<br \/>\n\u2022Pr\u00e9vient l&rsquo;acn\u00e9.<br \/>\n\u2022 Il illumine la couleur de la peau et est efficace contre la fatigue cutan\u00e9e.<br \/>\n\u2022 Le massage \u00e0 l&rsquo;huile de lavande est particuli\u00e8rement adapt\u00e9 pour soulager les crampes et est \u00e9galement un antiseptique naturel.<br \/>\nAvantages pour les cheveux<br \/>\n\u2022 L&rsquo;huile de lavande nourrit les follicules pileux et est efficace contre les pellicules.<br \/>\n\u2022 Il aide les cheveux \u00e0 pousser. <\/p>\n","protected":false},"excerpt":{"rendered":"<p>Avec l&rsquo;ensemble d&rsquo;huiles d&rsquo;aromath\u00e9rapie 100 % naturelles, vous pouvez rendre chaque instant que vous vivez plus agr\u00e9able. Veuillez lire la description pour des informations d\u00e9taill\u00e9es.<\/p>\n","protected":false},"featured_media":13198,"comment_status":"open","ping_status":"closed","template":"","meta":[],"product_cat":[565,370],"product_tag":[528,722,664,939,1044,942],"giftcard-category":[],"_links":{"self":[{"href":"https:\/\/cosmate.com.tr\/fr\/wp-json\/wp\/v2\/product\/11436"}],"collection":[{"href":"https:\/\/cosmate.com.tr\/fr\/wp-json\/wp\/v2\/product"}],"about":[{"href":"https:\/\/cosmate.com.tr\/fr\/wp-json\/wp\/v2\/types\/product"}],"replies":[{"embeddable":true,"href":"https:\/\/cosmate.com.tr\/fr\/wp-json\/wp\/v2\/comments?post=11436"}],"wp:featuredmedia":[{"embeddable":true,"href":"https:\/\/cosmate.com.tr\/fr\/wp-json\/wp\/v2\/media\/13198"}],"wp:attachment":[{"href":"https:\/\/cosmate.com.tr\/fr\/wp-json\/wp\/v2\/media?parent=11436"}],"wp:term":[{"taxonomy":"product_cat","embeddable":true,"href":"https:\/\/cosmate.com.tr\/fr\/wp-json\/wp\/v2\/product_cat?post=11436"},{"taxonomy":"product_tag","embeddable":true,"href":"https:\/\/cosmate.com.tr\/fr\/wp-json\/wp\/v2\/product_tag?post=11436"},{"taxonomy":"giftcard-category","embeddable":true,"href":"https:\/\/cosmate.com.tr\/fr\/wp-json\/wp\/v2\/giftcard-category?post=11436"}],"curies":[{"name":"wp","href":"https:\/\/api.w.org\/{rel}","templated":true}]}}