{"id":11440,"date":"2023-01-31T14:33:38","date_gmt":"2023-01-31T14:33:38","guid":{"rendered":"http:\/\/cosmate.com.tr\/urun\/encensoir-a-champignons\/"},"modified":"2025-02-17T13:35:10","modified_gmt":"2025-02-17T13:35:10","slug":"encensoir-a-champignons","status":"publish","type":"product","link":"https:\/\/cosmate.com.tr\/fr\/produit\/encensoir-a-champignons\/","title":{"rendered":"Encensoir \u00e0 Champignons"},"content":{"rendered":"<p>Nos produits sont en porcelaine.<\/p>\n<p>Prix par pi\u00e8ce.<\/p>\n<p>Nos encensoirs, qui sont le moyen de diffuser vos senteurs pr\u00e9f\u00e9r\u00e9es dans votre maison naturellement et avec l\u00e9g\u00e8ret\u00e9, ajoutent une atmosph\u00e8re diff\u00e9rente \u00e0 votre maison avec leur qualit\u00e9 et leur apparence authentique.<\/p>\n<p>Cet outil, qui aide \u00e0 r\u00e9duire les probl\u00e8mes tels que le stress, la nervosit\u00e9, la tension et les troubles respiratoires gr\u00e2ce aux huiles d&rsquo;aromath\u00e9rapie utilis\u00e9es, est utilis\u00e9 dans les maisons depuis l&rsquo;Antiquit\u00e9.<\/p>\n<p> couleur disponible. Blanc, orange et vert.<\/p>\n<p>Quelles huiles essentielles peuvent \u00eatre utilis\u00e9es dans l&rsquo;encensoir\u00a0?<\/p>\n<p><b>Origan<\/b><\/p>\n<p><b>Menthe<\/b><\/p>\n<p><b>Romarin<\/b><\/p>\n<p><b>Fenouil<\/b><\/p>\n<p><b>Sauge<\/b><\/p>\n<p><b>Eucalyptus<\/b><\/p>\n<p><b>Gen\u00e9vrier<\/b><\/p>\n<p><b>Lavande<\/b><\/p>\n<p><b>Citron<\/b><\/p>\n<p><b>Patchouli<\/b><\/p>\n<p><b>Ylang-ylang<\/b><\/p>\n","protected":false},"excerpt":{"rendered":"<p>Nos produits sont en porcelaine. Prix par pi\u00e8ce. Nos encensoirs, qui sont le moyen de diffuser vos senteurs pr\u00e9f\u00e9r\u00e9es dans votre maison naturellement et avec l\u00e9g\u00e8ret\u00e9, ajoutent une atmosph\u00e8re diff\u00e9rente \u00e0 votre maison avec leur qualit\u00e9 et leur apparence authentique. Cet outil, qui aide \u00e0 r\u00e9duire les probl\u00e8mes tels que le stress, la nervosit\u00e9, la tension et les troubles respiratoires gr\u00e2ce aux huiles d&rsquo;aromath\u00e9rapie utilis\u00e9es, est utilis\u00e9 dans les maisons depuis l&rsquo;Antiquit\u00e9. couleur disponible. Blanc, orange et vert. Quelles huiles essentielles peuvent \u00eatre utilis\u00e9es dans l&rsquo;encensoir\u00a0? Origan Menthe Romarin Fenouil Sauge Eucalyptus Gen\u00e9vrier Lavande Citron Patchouli Ylang-ylang<\/p>\n","protected":false},"featured_media":11266,"comment_status":"open","ping_status":"closed","template":"","meta":[],"product_cat":[570,370],"product_tag":[1122],"giftcard-category":[],"_links":{"self":[{"href":"https:\/\/cosmate.com.tr\/fr\/wp-json\/wp\/v2\/product\/11440"}],"collection":[{"href":"https:\/\/cosmate.com.tr\/fr\/wp-json\/wp\/v2\/product"}],"about":[{"href":"https:\/\/cosmate.com.tr\/fr\/wp-json\/wp\/v2\/types\/product"}],"replies":[{"embeddable":true,"href":"https:\/\/cosmate.com.tr\/fr\/wp-json\/wp\/v2\/comments?post=11440"}],"wp:featuredmedia":[{"embeddable":true,"href":"https:\/\/cosmate.com.tr\/fr\/wp-json\/wp\/v2\/media\/11266"}],"wp:attachment":[{"href":"https:\/\/cosmate.com.tr\/fr\/wp-json\/wp\/v2\/media?parent=11440"}],"wp:term":[{"taxonomy":"product_cat","embeddable":true,"href":"https:\/\/cosmate.com.tr\/fr\/wp-json\/wp\/v2\/product_cat?post=11440"},{"taxonomy":"product_tag","embeddable":true,"href":"https:\/\/cosmate.com.tr\/fr\/wp-json\/wp\/v2\/product_tag?post=11440"},{"taxonomy":"giftcard-category","embeddable":true,"href":"https:\/\/cosmate.com.tr\/fr\/wp-json\/wp\/v2\/giftcard-category?post=11440"}],"curies":[{"name":"wp","href":"https:\/\/api.w.org\/{rel}","templated":true}]}}