{"id":11446,"date":"2023-01-23T11:32:32","date_gmt":"2023-01-23T11:32:32","guid":{"rendered":"http:\/\/cosmate.com.tr\/urun\/ensemble-dhuiles-daromatherapie-2\/"},"modified":"2025-02-17T13:35:17","modified_gmt":"2025-02-17T13:35:17","slug":"ensemble-dhuiles-daromatherapie-2","status":"publish","type":"product","link":"https:\/\/cosmate.com.tr\/fr\/produit\/ensemble-dhuiles-daromatherapie-2\/","title":{"rendered":"Ensemble d&rsquo;huiles d&rsquo;aromath\u00e9rapie"},"content":{"rendered":"<p>Contenu du kit\u00a0: huile de lavande, huile d&rsquo;ylang-ylang, huile de jojoba, huile de macadamia<\/p>\n<p>Huile de lavande<\/p>\n<ul>\n<li>Il est obtenu par distillation \u00e0 la vapeur \u00e0 partir de fleurs de lavande. C&rsquo;est l&rsquo;une des huiles essentielles les plus utilis\u00e9es.<\/li>\n<li>Il est particuli\u00e8rement appr\u00e9ci\u00e9 car il r\u00e9duit la douleur migraineuse et a un effet calmant.<\/li>\n<li>R\u00e9duit le stress et l&rsquo;anxi\u00e9t\u00e9.<\/li>\n<li>Soulage la tension nerveuse.<\/li>\n<li>Soulage la douleur.<\/li>\n<li>R\u00e9sout l&rsquo;insomnie<\/li>\n<li>R\u00e9duit les probl\u00e8mes respiratoires.<\/li>\n<\/ul>\n<p>Huile d&rsquo;ylang-ylang<\/p>\n<ul>\n<li>L&rsquo;utilisation de l&rsquo;Huile d&rsquo;Ylang Ylang remonte \u00e0 des si\u00e8cles. Les indig\u00e8nes de Maluku utilisaient l&rsquo;huile d&rsquo;ylang-ylang pour cr\u00e9er des parfums aphrodisiaques m\u00e9lang\u00e9s \u00e0 des fleurs de noix de coco et de curcumine pour r\u00e9duire la fi\u00e8vre.<\/li>\n<li>C&rsquo;est un s\u00e9datif l\u00e9ger et il est excellent pour calmer le syst\u00e8me nerveux, favoriser la relaxation et lutter contre l&rsquo;anxi\u00e9t\u00e9.<\/li>\n<li>R\u00e9duit la perte de libido caus\u00e9e par la charge de travail, le stress ou la d\u00e9pression.<\/li>\n<li>Rafra\u00eechissant et \u00e9nergisant.<\/li>\n<\/ul>\n<p>Huile de Jojoba<\/p>\n<ul>\n<li>Cette huile naturelle, qui a des propri\u00e9t\u00e9s anti-allergiques, est tr\u00e8s utile pour \u00e9liminer les imperfections et l&rsquo;acn\u00e9 sur la peau.<\/li>\n<li>Convient \u00e0 tous les types de peau.<\/li>\n<li>Il nettoie la peau des r\u00e9sidus de maquillage et est un d\u00e9maquillant naturel.<\/li>\n<\/ul>\n<p>Huile de macadamia<\/p>\n<ul>\n<li>La fonctionnalit\u00e9 la plus importante\u00a0; Il \u00e9quilibre le s\u00e9bum et \u00e9limine les cicatrices d&rsquo;acn\u00e9.<\/li>\n<li>Avec une utilisation r\u00e9guli\u00e8re, il r\u00e9pare compl\u00e8tement les imperfections et les in\u00e9galit\u00e9s tonales.<\/li>\n<li>Donne \u00e0 la peau une apparence plus saine et plus lumineuse.<\/li>\n<\/ul>\n","protected":false},"excerpt":{"rendered":"<p>Contenu du kit\u00a0: huile de lavande, huile d&rsquo;ylang-ylang, huile de jojoba, huile de macadamia Huile de lavande Il est obtenu par distillation \u00e0 la vapeur \u00e0 partir de fleurs de lavande. C&rsquo;est l&rsquo;une des huiles essentielles les plus utilis\u00e9es. Il est particuli\u00e8rement appr\u00e9ci\u00e9 car il r\u00e9duit la douleur migraineuse et a un effet calmant. R\u00e9duit le stress et l&rsquo;anxi\u00e9t\u00e9. Soulage la tension nerveuse. Soulage la douleur. R\u00e9sout l&rsquo;insomnie R\u00e9duit les probl\u00e8mes respiratoires. Huile d&rsquo;ylang-ylang L&rsquo;utilisation de l&rsquo;Huile d&rsquo;Ylang Ylang remonte \u00e0 des si\u00e8cles. Les indig\u00e8nes de Maluku utilisaient l&rsquo;huile d&rsquo;ylang-ylang pour cr\u00e9er des parfums aphrodisiaques m\u00e9lang\u00e9s \u00e0 des fleurs de noix de coco et de curcumine pour r\u00e9duire la fi\u00e8vre. C&rsquo;est un s\u00e9datif l\u00e9ger et il est excellent pour calmer le syst\u00e8me nerveux, favoriser la relaxation et lutter contre l&rsquo;anxi\u00e9t\u00e9. R\u00e9duit la perte de libido caus\u00e9e par la charge de travail, le stress ou la d\u00e9pression. Rafra\u00eechissant et \u00e9nergisant. Huile de Jojoba Cette huile naturelle, qui a des propri\u00e9t\u00e9s anti-allergiques, est tr\u00e8s utile pour \u00e9liminer les imperfections et l&rsquo;acn\u00e9 sur la peau. Convient \u00e0 tous les types de peau. Il nettoie la peau des r\u00e9sidus de maquillage et est un d\u00e9maquillant naturel. Huile de macadamia La fonctionnalit\u00e9 la plus importante\u00a0;&hellip; <a class=\"read-more-link\" href=\"https:\/\/cosmate.com.tr\/fr\/produit\/ensemble-dhuiles-daromatherapie-2\/\">Read More<\/a><\/p>\n","protected":false},"featured_media":13228,"comment_status":"open","ping_status":"closed","template":"","meta":[],"product_cat":[565,370],"product_tag":[1045,380,938,939,940,941,942],"giftcard-category":[],"_links":{"self":[{"href":"https:\/\/cosmate.com.tr\/fr\/wp-json\/wp\/v2\/product\/11446"}],"collection":[{"href":"https:\/\/cosmate.com.tr\/fr\/wp-json\/wp\/v2\/product"}],"about":[{"href":"https:\/\/cosmate.com.tr\/fr\/wp-json\/wp\/v2\/types\/product"}],"replies":[{"embeddable":true,"href":"https:\/\/cosmate.com.tr\/fr\/wp-json\/wp\/v2\/comments?post=11446"}],"wp:featuredmedia":[{"embeddable":true,"href":"https:\/\/cosmate.com.tr\/fr\/wp-json\/wp\/v2\/media\/13228"}],"wp:attachment":[{"href":"https:\/\/cosmate.com.tr\/fr\/wp-json\/wp\/v2\/media?parent=11446"}],"wp:term":[{"taxonomy":"product_cat","embeddable":true,"href":"https:\/\/cosmate.com.tr\/fr\/wp-json\/wp\/v2\/product_cat?post=11446"},{"taxonomy":"product_tag","embeddable":true,"href":"https:\/\/cosmate.com.tr\/fr\/wp-json\/wp\/v2\/product_tag?post=11446"},{"taxonomy":"giftcard-category","embeddable":true,"href":"https:\/\/cosmate.com.tr\/fr\/wp-json\/wp\/v2\/giftcard-category?post=11446"}],"curies":[{"name":"wp","href":"https:\/\/api.w.org\/{rel}","templated":true}]}}