{"id":11447,"date":"2023-01-23T11:21:10","date_gmt":"2023-01-23T11:21:10","guid":{"rendered":"http:\/\/cosmate.com.tr\/urun\/coffret-soin-anti-age\/"},"modified":"2025-02-17T13:35:25","modified_gmt":"2025-02-17T13:35:25","slug":"coffret-soin-anti-age","status":"publish","type":"product","link":"https:\/\/cosmate.com.tr\/fr\/produit\/coffret-soin-anti-age\/","title":{"rendered":"Coffret Soin Anti-\u00e2ge"},"content":{"rendered":"<p>Contenu de l&rsquo;ensemble\u00a0: s\u00e9rum Olive Herd, <span class=\"tooltip-limit-text\" data-v-a5021174=\"\" data-v-198ae180=\"\"><span class=\"bold\" data-v-3fec591e =\"\" data-v-198ae180=\"\">Cr\u00e8me Collag\u00e8ne &amp; Cr\u00e8me jour\/nuit \u00e0 l&rsquo;acide hyaluronique, huile de jojoba<\/span><\/span><\/p>\n<p>S\u00e9rum de troupeau d&rsquo;oliviers<\/p>\n<ul>\n<li>Les olives, enti\u00e8rement biologiques, sont broy\u00e9es dans des moulins \u00e0 pierre pour obtenir une huile sp\u00e9ciale.<\/li>\n<li>Hydrate m\u00eame les peaux les plus s\u00e8ches en maintenant l&rsquo;\u00e9quilibre hydrique de la peau.<\/li>\n<li>R\u00e9duit les rides et retarde la formation de rides lors de l&rsquo;utilisation pr\u00e9coce.<\/li>\n<li>Renouvelle les cellules et les aide \u00e0 para\u00eetre plus jeunes.<\/li>\n<\/ul>\n<p>&nbsp;<\/p>\n<p><span class=\"tooltip-limit-text\" data-v-a5021174=\"\" data-v-198ae180=\"\"><span class=\"bold\" data-v-3fec591e=\"\" data-v- 198ae180=\"\">Cr\u00e8me Collag\u00e8ne &amp; Cr\u00e8me jour\/nuit \u00e0 l&rsquo;acide hyaluronique<\/span><\/span><\/p>\n<ul>\n<li>Le collag\u00e8ne maintient les cellules ensemble en augmentant l&rsquo;endurance du corps. .<\/li>\n<li>Aide la peau \u00e0 se resserrer et \u00e0 acqu\u00e9rir une structure plus souple.<\/li>\n<li>En augmentant la synth\u00e8se des lipides, il participe au d\u00e9veloppement de la fonction protectrice\/barri\u00e8re de la peau.<\/li>\n<li>Vous fait para\u00eetre plus jeune en r\u00e9parant l&rsquo;affaissement et les ridules.<\/li>\n<\/ul>\n<p><span class=\"tooltip-limit-text\" data-v-a5021174=\"\" data-v-198ae180=\"\"><span class=\"bold\" data-v-3fec591e=\"\" data-v- 198ae180=\"\">Huile de jojoba<\/span><\/span><\/p>\n<ul>\n<li>L&rsquo;huile de jojoba est obtenue \u00e0 partir des graines de la plante Simmondsia Chinensis, originaire de l&rsquo;Arizona, de la Californie et du nord du Mexique. Environ 50\u00a0% des graines sont ol\u00e9agineuses.<\/li>\n<li>Il \u00e9limine compl\u00e8tement la poussi\u00e8re, la salet\u00e9 et le maquillage de la peau.<\/li>\n<li>\u00c9vite la formation de ridules.<\/li>\n<li>R\u00e9pare les vergetures et la formation de cellulite avec une utilisation r\u00e9guli\u00e8re.<\/li>\n<\/ul>\n<p>Zeytin S\u00fcr\u00fc Serumu<\/p>\n<ul>\n<li>Tamamen organik olan zeytinler ta\u015f de\u011firmenlerde k\u0131r\u0131larak \u00f6zel bir ya\u011f elde edilir.<\/li>\n<li>Cildin nem dengesini koruyarak en kuru cildi bile nemlendirir.<\/li>\n<li>K\u0131r\u0131\u015f\u0131kl\u0131klar\u0131 azalt\u0131r ve erken kullan\u0131mda k\u0131r\u0131\u015f\u0131k olu\u015fumunu geciktirir.<\/li>\n<li>H\u00fccreleri yeniler ve daha gen\u00e7 bir g\u00f6r\u00fcn\u00fcm kazanmas\u0131na yard\u0131mc\u0131 olur.<\/li>\n<\/ul>\n<p>&nbsp;<\/p>\n<p><span class=\"tooltip-limit-text\" data-v-a5021174=\"\" data-v-198ae180=\"\"><span class=\"bold\" data-v-3fec591e=\"\" data-v-198ae180=\"\">Collagen Cream &amp; Hyaluronic Acid Gece\/G\u00fcnd\u00fcz Kremi<\/span><\/span><\/p>\n<ul>\n<li>Kolajen v\u00fccudun dayan\u0131kl\u0131l\u0131\u011f\u0131n\u0131 art\u0131rarak h\u00fccreleri bir arada tutar. .<\/li>\n<li>Cildin s\u0131k\u0131la\u015fmas\u0131na ve daha esnek bir yap\u0131 kazanmas\u0131na yard\u0131mc\u0131 olur.<\/li>\n<li>Lipid sentezini art\u0131rarak cildin koruyucu\/bariyer fonksiyonunun geli\u015fmesinde rol oynar.<\/li>\n<li>Sarkmalar\u0131 ve ince \u00e7izgileri onararak daha gen\u00e7 g\u00f6r\u00fcnmenizi sa\u011flar.<\/li>\n<\/ul>\n<p><span class=\"tooltip-limit-text\" data-v-a5021174=\"\" data-v-198ae180=\"\"><span class=\"bold\" data-v-3fec591e=\"\" data-v-198ae180=\"\">Jojoba Ya\u011f\u0131\u00a0<\/span><\/span><\/p>\n<ul>\n<li>Jojoba Ya\u011f\u0131, Arizona, Kaliforniya ve kuzey Meksika&rsquo;ya \u00f6zg\u00fc Simmondsia Chinensis bitkisinin tohumlar\u0131ndan elde edilir. Tohumlar\u0131n yakla\u015f\u0131k %50&rsquo;si ya\u011fd\u0131r.<\/li>\n<li>Cildi toz, kir ve makyajdan tamamen ar\u0131nd\u0131r\u0131r.<\/li>\n<li>\u0130nce \u00e7izgilerin olu\u015fumunu engeller.<\/li>\n<li>D\u00fczenli kullan\u0131mda \u00e7atlaklar\u0131 ve sel\u00fclit olu\u015fumunu onar\u0131r.<\/li>\n<\/ul>\n","protected":false},"excerpt":{"rendered":"<p>Contenu de l&rsquo;ensemble\u00a0: s\u00e9rum Olive Herd, Cr\u00e8me Collag\u00e8ne &amp; Cr\u00e8me jour\/nuit \u00e0 l&rsquo;acide hyaluronique, huile de jojoba S\u00e9rum de troupeau d&rsquo;oliviers Les olives, enti\u00e8rement biologiques, sont broy\u00e9es dans des moulins \u00e0 pierre pour obtenir une huile sp\u00e9ciale. Hydrate m\u00eame les peaux les plus s\u00e8ches en maintenant l&rsquo;\u00e9quilibre hydrique de la peau. R\u00e9duit les rides et retarde la formation de rides lors de l&rsquo;utilisation pr\u00e9coce. Renouvelle les cellules et les aide \u00e0 para\u00eetre plus jeunes. &nbsp; Cr\u00e8me Collag\u00e8ne &amp; Cr\u00e8me jour\/nuit \u00e0 l&rsquo;acide hyaluronique Le collag\u00e8ne maintient les cellules ensemble en augmentant l&rsquo;endurance du corps. . Aide la peau \u00e0 se resserrer et \u00e0 acqu\u00e9rir une structure plus souple. En augmentant la synth\u00e8se des lipides, il participe au d\u00e9veloppement de la fonction protectrice\/barri\u00e8re de la peau. Vous fait para\u00eetre plus jeune en r\u00e9parant l&rsquo;affaissement et les ridules. Huile de jojoba L&rsquo;huile de jojoba est obtenue \u00e0 partir des graines de la plante Simmondsia Chinensis, originaire de l&rsquo;Arizona, de la Californie et du nord du Mexique. Environ 50\u00a0% des graines sont ol\u00e9agineuses. Il \u00e9limine compl\u00e8tement la poussi\u00e8re, la salet\u00e9 et le maquillage de la peau. \u00c9vite la formation de ridules. R\u00e9pare les vergetures et la formation de cellulite avec une utilisation r\u00e9guli\u00e8re.&hellip; <a class=\"read-more-link\" href=\"https:\/\/cosmate.com.tr\/fr\/produit\/coffret-soin-anti-age\/\">Read More<\/a><\/p>\n","protected":false},"featured_media":13248,"comment_status":"open","ping_status":"closed","template":"","meta":[],"product_cat":[565,370],"product_tag":[],"giftcard-category":[],"_links":{"self":[{"href":"https:\/\/cosmate.com.tr\/fr\/wp-json\/wp\/v2\/product\/11447"}],"collection":[{"href":"https:\/\/cosmate.com.tr\/fr\/wp-json\/wp\/v2\/product"}],"about":[{"href":"https:\/\/cosmate.com.tr\/fr\/wp-json\/wp\/v2\/types\/product"}],"replies":[{"embeddable":true,"href":"https:\/\/cosmate.com.tr\/fr\/wp-json\/wp\/v2\/comments?post=11447"}],"wp:featuredmedia":[{"embeddable":true,"href":"https:\/\/cosmate.com.tr\/fr\/wp-json\/wp\/v2\/media\/13248"}],"wp:attachment":[{"href":"https:\/\/cosmate.com.tr\/fr\/wp-json\/wp\/v2\/media?parent=11447"}],"wp:term":[{"taxonomy":"product_cat","embeddable":true,"href":"https:\/\/cosmate.com.tr\/fr\/wp-json\/wp\/v2\/product_cat?post=11447"},{"taxonomy":"product_tag","embeddable":true,"href":"https:\/\/cosmate.com.tr\/fr\/wp-json\/wp\/v2\/product_tag?post=11447"},{"taxonomy":"giftcard-category","embeddable":true,"href":"https:\/\/cosmate.com.tr\/fr\/wp-json\/wp\/v2\/giftcard-category?post=11447"}],"curies":[{"name":"wp","href":"https:\/\/api.w.org\/{rel}","templated":true}]}}