{"id":11448,"date":"2023-01-23T10:48:16","date_gmt":"2023-01-23T10:48:16","guid":{"rendered":"http:\/\/cosmate.com.tr\/urun\/ensemble-de-soins-capillaires-reparateurs\/"},"modified":"2025-02-17T13:35:31","modified_gmt":"2025-02-17T13:35:31","slug":"ensemble-de-soins-capillaires-reparateurs","status":"publish","type":"product","link":"https:\/\/cosmate.com.tr\/fr\/produit\/ensemble-de-soins-capillaires-reparateurs\/","title":{"rendered":"Ensemble de soins capillaires r\u00e9parateurs"},"content":{"rendered":"<p>Contenu du produit\u00a0: Shampooing \u00e0 effet tonique, Argan &#038;amp\u00a0; Cr\u00e8me de soin capillaire \u00e0 l&rsquo;extrait d&rsquo;huile d&rsquo;olive, huile magique, huile d&rsquo;ylang ylang<\/p>\n<p>Shampoing Effet Tonique\u00a0:<\/p>\n<ul>\n<li>Contient de l&rsquo;huile d&rsquo;argan, de l&rsquo;extrait d&rsquo;ail, de l&rsquo;huile de laurier, de l&rsquo;huile de lavande, de l&rsquo;ortie, de l&rsquo;extrait de feuille d&rsquo;olivier, de l&rsquo;huile de cumin noir, de l&rsquo;huile de p\u00e9pins de raisin, de l&rsquo;huile de graines de citrouille, de l&rsquo;huile de s\u00e9same et de l&rsquo;extrait de menthe poivr\u00e9e.<\/li>\n<li>\u00c9galise l&rsquo;\u00e9quilibre hydrique du cuir chevelu et renforce les follicules pileux<\/li>\n<li>R\u00e9pare les cheveux trait\u00e9s.<\/li>\n<li>\u00c9vite la perte de poils et les pellicules.<\/li>\n<\/ul>\n<p>Argan &#038; amp; Cr\u00e8me de soin capillaire \u00e0 l&rsquo;extrait d&rsquo;huile d&rsquo;olive<\/p>\n<ul>\n<li>Gr\u00e2ce \u00e0 l&rsquo;intense k\u00e9ratine v\u00e9g\u00e9tale qu&rsquo;il contient, vos cheveux sont doux et volumineux comme s&rsquo;ils sortaient du salon de coiffure.<\/li>\n<li>Aide \u00e0 \u00e9liminer le probl\u00e8me d&rsquo;\u00e9lectrification des cheveux.<\/li>\n<li>Am\u00e9liore l&rsquo;\u00e9lasticit\u00e9 des cheveux.<\/li>\n<li>Renforce les liens des cellules cili\u00e9es.<\/li>\n<li>R\u00e9pare en profondeur les cheveux surtrait\u00e9s et ab\u00eem\u00e9s.<\/li>\n<li>Donne aux cheveux un aspect brillant et plus plein.<\/li>\n<li>Il \u00e9paissit les m\u00e8ches de cheveux clairsem\u00e9es et pr\u00e9vient la casse.<\/li>\n<\/ul>\n<p>Huile Magique<\/p>\n<ul>\n<li>Contient de l&rsquo;huile de gentiane, de l&rsquo;huile de p\u00e9pins de raisin, de l&rsquo;huile de jojoba, de l&rsquo;huile d&rsquo;argan, de l&rsquo;huile de graines d&rsquo;olive et de l&rsquo;huile de graines de chanvre.<\/li>\n<li>Gr\u00e2ce au contenu unique de Magic Oil, vous pouvez r\u00e9pondre \u00e0 tous vos besoins de soins.<\/li>\n<li>Lorsqu&rsquo;il est utilis\u00e9 comme huile de soin capillaire, il ajoute une brillance naturelle aux cheveux.<\/li>\n<\/ul>\n<p>Huile d&rsquo;ylang-ylang<\/p>\n<ul>\n<li>L&rsquo;huile essentielle d&rsquo;ylang ylang est un type d&rsquo;huile essentielle couramment utilis\u00e9e en aromath\u00e9rapie.<\/li>\n<li>Il donne brillance et vitalit\u00e9 en hydratant le cuir chevelu et les m\u00e8ches de cheveux particuli\u00e8rement secs et sensibles.<\/li>\n<li>\u00c9quilibre et purifie le cuir chevelu.<\/li>\n<li>Il renforce les cheveux cass\u00e9s et perdus et assure une croissance saine.<\/li>\n<\/ul>\n","protected":false},"excerpt":{"rendered":"<p>Contenu du produit\u00a0: Shampooing \u00e0 effet tonique, Argan &#038;amp\u00a0; Cr\u00e8me de soin capillaire \u00e0 l&rsquo;extrait d&rsquo;huile d&rsquo;olive, huile magique, huile d&rsquo;ylang ylang Shampoing Effet Tonique\u00a0: Contient de l&rsquo;huile d&rsquo;argan, de l&rsquo;extrait d&rsquo;ail, de l&rsquo;huile de laurier, de l&rsquo;huile de lavande, de l&rsquo;ortie, de l&rsquo;extrait de feuille d&rsquo;olivier, de l&rsquo;huile de cumin noir, de l&rsquo;huile de p\u00e9pins de raisin, de l&rsquo;huile de graines de citrouille, de l&rsquo;huile de s\u00e9same et de l&rsquo;extrait de menthe poivr\u00e9e. \u00c9galise l&rsquo;\u00e9quilibre hydrique du cuir chevelu et renforce les follicules pileux R\u00e9pare les cheveux trait\u00e9s. \u00c9vite la perte de poils et les pellicules. Argan &#038; amp; Cr\u00e8me de soin capillaire \u00e0 l&rsquo;extrait d&rsquo;huile d&rsquo;olive Gr\u00e2ce \u00e0 l&rsquo;intense k\u00e9ratine v\u00e9g\u00e9tale qu&rsquo;il contient, vos cheveux sont doux et volumineux comme s&rsquo;ils sortaient du salon de coiffure. Aide \u00e0 \u00e9liminer le probl\u00e8me d&rsquo;\u00e9lectrification des cheveux. Am\u00e9liore l&rsquo;\u00e9lasticit\u00e9 des cheveux. Renforce les liens des cellules cili\u00e9es. R\u00e9pare en profondeur les cheveux surtrait\u00e9s et ab\u00eem\u00e9s. Donne aux cheveux un aspect brillant et plus plein. Il \u00e9paissit les m\u00e8ches de cheveux clairsem\u00e9es et pr\u00e9vient la casse. Huile Magique Contient de l&rsquo;huile de gentiane, de l&rsquo;huile de p\u00e9pins de raisin, de l&rsquo;huile de jojoba, de l&rsquo;huile d&rsquo;argan, de l&rsquo;huile de graines d&rsquo;olive et&hellip; <a class=\"read-more-link\" href=\"https:\/\/cosmate.com.tr\/fr\/produit\/ensemble-de-soins-capillaires-reparateurs\/\">Read More<\/a><\/p>\n","protected":false},"featured_media":13264,"comment_status":"open","ping_status":"closed","template":"","meta":[],"product_cat":[565,370],"product_tag":[],"giftcard-category":[],"_links":{"self":[{"href":"https:\/\/cosmate.com.tr\/fr\/wp-json\/wp\/v2\/product\/11448"}],"collection":[{"href":"https:\/\/cosmate.com.tr\/fr\/wp-json\/wp\/v2\/product"}],"about":[{"href":"https:\/\/cosmate.com.tr\/fr\/wp-json\/wp\/v2\/types\/product"}],"replies":[{"embeddable":true,"href":"https:\/\/cosmate.com.tr\/fr\/wp-json\/wp\/v2\/comments?post=11448"}],"wp:featuredmedia":[{"embeddable":true,"href":"https:\/\/cosmate.com.tr\/fr\/wp-json\/wp\/v2\/media\/13264"}],"wp:attachment":[{"href":"https:\/\/cosmate.com.tr\/fr\/wp-json\/wp\/v2\/media?parent=11448"}],"wp:term":[{"taxonomy":"product_cat","embeddable":true,"href":"https:\/\/cosmate.com.tr\/fr\/wp-json\/wp\/v2\/product_cat?post=11448"},{"taxonomy":"product_tag","embeddable":true,"href":"https:\/\/cosmate.com.tr\/fr\/wp-json\/wp\/v2\/product_tag?post=11448"},{"taxonomy":"giftcard-category","embeddable":true,"href":"https:\/\/cosmate.com.tr\/fr\/wp-json\/wp\/v2\/giftcard-category?post=11448"}],"curies":[{"name":"wp","href":"https:\/\/api.w.org\/{rel}","templated":true}]}}