{"id":11449,"date":"2023-01-03T10:01:01","date_gmt":"2023-01-03T10:01:01","guid":{"rendered":"http:\/\/cosmate.com.tr\/urun\/savon-au-lait-de-chevre-au-charbon-actif-100-naturel\/"},"modified":"2025-02-17T13:35:37","modified_gmt":"2025-02-17T13:35:37","slug":"savon-au-lait-de-chevre-au-charbon-actif-100-naturel","status":"publish","type":"product","link":"https:\/\/cosmate.com.tr\/fr\/produit\/savon-au-lait-de-chevre-au-charbon-actif-100-naturel\/","title":{"rendered":"Savon au lait de ch\u00e8vre au charbon actif 100% naturel"},"content":{"rendered":"<ul>\n<li>Le savon au carbone est une bonne solution pour ceux qui ont des probl\u00e8mes de peau grasse, surtout en \u00e9t\u00e9. Ce savon absorbe l&rsquo;exc\u00e8s de s\u00e9bum ainsi que les impuret\u00e9s sur la peau et laisse un aspect sans huile.<br \/>\n\u2022 Il est \u00e9galement utilis\u00e9 dans le traitement de l&rsquo;acn\u00e9. Il \u00e9limine non seulement les toxines, mais d\u00e9truit \u00e9galement les imperfections de la peau et contribue au traitement de l&rsquo;acn\u00e9. Il peut \u00e9galement \u00eatre bon pour les cicatrices d&rsquo;acn\u00e9.<br \/>\n\u2022 Si vous passez beaucoup de temps \u00e0 l&rsquo;ext\u00e9rieur, vous \u00eates expos\u00e9 \u00e0 beaucoup de pollution, et vous remarquerez peut-\u00eatre qu&rsquo;ils se dilatent \u00e0 cause de l&rsquo;accumulation de ces salet\u00e9s dans vos pores. Apr\u00e8s un certain temps, ces pores deviennent facilement visibles. Le savon au charbon offre de bonnes solutions \u00e0 cet \u00e9gard. Il \u00e9limine non seulement les impuret\u00e9s, mais traite \u00e9galement les pores obstru\u00e9s et r\u00e9duit leur taille.<br \/>\n\u2022 La peau l\u00e2che est un signe de vieillissement et il est donc n\u00e9cessaire de prendre des pr\u00e9cautions d\u00e8s le d\u00e9but. Le carbone, en revanche, a la capacit\u00e9 de resserrer la peau.<br \/>\n\u2022 Convient \u00e0 tous les types de peau.<\/li>\n<\/ul>\n","protected":false},"excerpt":{"rendered":"<p>Le savon au carbone est une bonne solution pour ceux qui ont des probl\u00e8mes de peau grasse, surtout en \u00e9t\u00e9. Ce savon absorbe l&rsquo;exc\u00e8s de s\u00e9bum ainsi que les impuret\u00e9s sur la peau et laisse un aspect sans huile. \u2022 Il est \u00e9galement utilis\u00e9 dans le traitement de l&rsquo;acn\u00e9. Il \u00e9limine non seulement les toxines, mais d\u00e9truit \u00e9galement les imperfections de la peau et contribue au traitement de l&rsquo;acn\u00e9. Il peut \u00e9galement \u00eatre bon pour les cicatrices d&rsquo;acn\u00e9. \u2022 Si vous passez beaucoup de temps \u00e0 l&rsquo;ext\u00e9rieur, vous \u00eates expos\u00e9 \u00e0 beaucoup de pollution, et vous remarquerez peut-\u00eatre qu&rsquo;ils se dilatent \u00e0 cause de l&rsquo;accumulation de ces salet\u00e9s dans vos pores. Apr\u00e8s un certain temps, ces pores deviennent facilement visibles. Le savon au charbon offre de bonnes solutions \u00e0 cet \u00e9gard. Il \u00e9limine non seulement les impuret\u00e9s, mais traite \u00e9galement les pores obstru\u00e9s et r\u00e9duit leur taille. \u2022 La peau l\u00e2che est un signe de vieillissement et il est donc n\u00e9cessaire de prendre des pr\u00e9cautions d\u00e8s le d\u00e9but. Le carbone, en revanche, a la capacit\u00e9 de resserrer la peau. \u2022 Convient \u00e0 tous les types de peau.<\/p>\n","protected":false},"featured_media":13305,"comment_status":"open","ping_status":"closed","template":"","meta":[],"product_cat":[565,370],"product_tag":[381,385,382,384,383],"giftcard-category":[],"_links":{"self":[{"href":"https:\/\/cosmate.com.tr\/fr\/wp-json\/wp\/v2\/product\/11449"}],"collection":[{"href":"https:\/\/cosmate.com.tr\/fr\/wp-json\/wp\/v2\/product"}],"about":[{"href":"https:\/\/cosmate.com.tr\/fr\/wp-json\/wp\/v2\/types\/product"}],"replies":[{"embeddable":true,"href":"https:\/\/cosmate.com.tr\/fr\/wp-json\/wp\/v2\/comments?post=11449"}],"wp:featuredmedia":[{"embeddable":true,"href":"https:\/\/cosmate.com.tr\/fr\/wp-json\/wp\/v2\/media\/13305"}],"wp:attachment":[{"href":"https:\/\/cosmate.com.tr\/fr\/wp-json\/wp\/v2\/media?parent=11449"}],"wp:term":[{"taxonomy":"product_cat","embeddable":true,"href":"https:\/\/cosmate.com.tr\/fr\/wp-json\/wp\/v2\/product_cat?post=11449"},{"taxonomy":"product_tag","embeddable":true,"href":"https:\/\/cosmate.com.tr\/fr\/wp-json\/wp\/v2\/product_tag?post=11449"},{"taxonomy":"giftcard-category","embeddable":true,"href":"https:\/\/cosmate.com.tr\/fr\/wp-json\/wp\/v2\/giftcard-category?post=11449"}],"curies":[{"name":"wp","href":"https:\/\/api.w.org\/{rel}","templated":true}]}}