{"id":11450,"date":"2023-01-03T09:55:03","date_gmt":"2023-01-03T09:55:03","guid":{"rendered":"http:\/\/cosmate.com.tr\/urun\/savon-bittim-100-naturel\/"},"modified":"2025-02-17T13:35:43","modified_gmt":"2025-02-17T13:35:43","slug":"savon-bittim-100-naturel","status":"publish","type":"product","link":"https:\/\/cosmate.com.tr\/fr\/produit\/savon-bittim-100-naturel\/","title":{"rendered":"Savon B\u0131tt\u0131m 100% Naturel"},"content":{"rendered":"<ul>\n<li>Il retarde le grisonnement des cheveux et est un bon nettoyant pour les cheveux.<br \/>\n\u2022 Il est bon pour les maladies de la peau telles que l&rsquo;ecz\u00e9ma et les champignons.<br \/>\n\u2022 C&rsquo;est bon pour l&rsquo;acn\u00e9 et les boutons sur la peau.<br \/>\n\u2022 Gr\u00e2ce \u00e0 sa fonction antiseptique, il tue les microbes form\u00e9s sur la peau et les cheveux.<br \/>\n\u2022 Il permet aux cheveux de pousser rapidement. Il emp\u00eache les cheveux de s&rsquo;\u00e9lectrifier et de tomber.<br \/>\n\u2022 C&rsquo;est un savon efficace pour le nettoyage du corps.<br \/>\n\u2022 Il cr\u00e9e un effet peeling sur la peau, de sorte que la peau retrouve un aspect lisse.<br \/>\n\u2022 Il est efficace pour \u00e9liminer les taches cutan\u00e9es caus\u00e9es par le soleil et d&rsquo;autres facteurs externes.<br \/>\n\u2022 Il donne un aspect vif et lumineux \u00e0 la peau.<br \/>\n\u2022 C&rsquo;est bon pour les rougeurs et les d\u00e9mangeaisons dans le corps.<br \/>\n\u2022 Il r\u00e9duit les varices au niveau des jambes.<br \/>\n\u2022 Il peut \u00eatre utilis\u00e9 pour le psoriasis.<\/li>\n<\/ul>\n<p>&nbsp;<\/p>\n","protected":false},"excerpt":{"rendered":"<p>Il retarde le grisonnement des cheveux et est un bon nettoyant pour les cheveux. \u2022 Il est bon pour les maladies de la peau telles que l&rsquo;ecz\u00e9ma et les champignons. \u2022 C&rsquo;est bon pour l&rsquo;acn\u00e9 et les boutons sur la peau. \u2022 Gr\u00e2ce \u00e0 sa fonction antiseptique, il tue les microbes form\u00e9s sur la peau et les cheveux. \u2022 Il permet aux cheveux de pousser rapidement. Il emp\u00eache les cheveux de s&rsquo;\u00e9lectrifier et de tomber. \u2022 C&rsquo;est un savon efficace pour le nettoyage du corps. \u2022 Il cr\u00e9e un effet peeling sur la peau, de sorte que la peau retrouve un aspect lisse. \u2022 Il est efficace pour \u00e9liminer les taches cutan\u00e9es caus\u00e9es par le soleil et d&rsquo;autres facteurs externes. \u2022 Il donne un aspect vif et lumineux \u00e0 la peau. \u2022 C&rsquo;est bon pour les rougeurs et les d\u00e9mangeaisons dans le corps. \u2022 Il r\u00e9duit les varices au niveau des jambes. \u2022 Il peut \u00eatre utilis\u00e9 pour le psoriasis. &nbsp;<\/p>\n","protected":false},"featured_media":13284,"comment_status":"open","ping_status":"closed","template":"","meta":[],"product_cat":[565,370],"product_tag":[386,387],"giftcard-category":[],"_links":{"self":[{"href":"https:\/\/cosmate.com.tr\/fr\/wp-json\/wp\/v2\/product\/11450"}],"collection":[{"href":"https:\/\/cosmate.com.tr\/fr\/wp-json\/wp\/v2\/product"}],"about":[{"href":"https:\/\/cosmate.com.tr\/fr\/wp-json\/wp\/v2\/types\/product"}],"replies":[{"embeddable":true,"href":"https:\/\/cosmate.com.tr\/fr\/wp-json\/wp\/v2\/comments?post=11450"}],"wp:featuredmedia":[{"embeddable":true,"href":"https:\/\/cosmate.com.tr\/fr\/wp-json\/wp\/v2\/media\/13284"}],"wp:attachment":[{"href":"https:\/\/cosmate.com.tr\/fr\/wp-json\/wp\/v2\/media?parent=11450"}],"wp:term":[{"taxonomy":"product_cat","embeddable":true,"href":"https:\/\/cosmate.com.tr\/fr\/wp-json\/wp\/v2\/product_cat?post=11450"},{"taxonomy":"product_tag","embeddable":true,"href":"https:\/\/cosmate.com.tr\/fr\/wp-json\/wp\/v2\/product_tag?post=11450"},{"taxonomy":"giftcard-category","embeddable":true,"href":"https:\/\/cosmate.com.tr\/fr\/wp-json\/wp\/v2\/giftcard-category?post=11450"}],"curies":[{"name":"wp","href":"https:\/\/api.w.org\/{rel}","templated":true}]}}