{"id":11451,"date":"2022-10-31T11:34:22","date_gmt":"2022-10-31T11:34:22","guid":{"rendered":"http:\/\/cosmate.com.tr\/urun\/shampooing-anti-chute-de-cheveux-sans-sulfate-et-sans-sel-cosmate-500-ml\/"},"modified":"2025-02-17T13:35:50","modified_gmt":"2025-02-17T13:35:50","slug":"shampooing-anti-chute-de-cheveux-sans-sulfate-et-sans-sel-cosmate-500-ml","status":"publish","type":"product","link":"https:\/\/cosmate.com.tr\/fr\/produit\/shampooing-anti-chute-de-cheveux-sans-sulfate-et-sans-sel-cosmate-500-ml\/","title":{"rendered":"Shampooing anti-chute de cheveux sans sulfate et sans sel Cosmate 500 ml"},"content":{"rendered":"<p>EFFET CUIR CHEVELU AVEC HUILE D&rsquo;ARGAN BIO<\/p>\n<p>SHAMPOOING ANTI-ESPRIT SANS SULFATE<\/p>\n<p>CONTIENT DES EXTRAITS SANS ODEUR D&rsquo;AIL, DE BALF, D&rsquo;ORTIE, DE LAVANDE, DE MIEL ET D&rsquo;OLIVE POUR LE SOIN DES CHEVEUX ET DES \u00c9CAILLES.<\/p>\n<p>EFFET HYDRATANT CHEVEUX ET CUIR CHEVELU<\/p>\n<p>EFFET TONIQUE POUR LES CHEVEUX ET LE CUIR CHEVELU (CUIR CHEVELU)<\/p>\n<p>Anti-chute de cheveux (inhibiteur de l&rsquo;enzyme 5-\u03b1 r\u00e9ductase)<\/p>\n<p>FORMUL\u00c9 AVEC DES HUILES \u00c0 BASE DE PLANTES ET DES ENZYMES CONTRE LA CHUTE DE CHEVEUX NATURELLEMENT.<\/p>\n<p>SULFATE &#8211; NE CONTIENT PAS (SLS\/SLES &#8211; Sodium Laureth sulfate etc.)<br \/>\nSILICONE &#8211; NE CONTIENT PAS (Dimeticone etc.)<br \/>\nFORMALD\u00c9HYDE &amp; RELEASER &#8211; NE CONTIENT PAS\u00a0(DMDM Hydanto\u00efne, etc.)<br \/>\nPARABEN\u00a0&#8211;\u00a0CONTIENT\u00a0(Methyl paraben- Ethyl Paraben etc.)<br \/>\nAMIDE &#8211; NE CONTIENT PAS\u00a0(Cocoamide DEA MEA MIPA etc.)<br \/>\nPEG &#8211; PPG &#8211; NE CONTIENT PAS (propyl\u00e8ne glycol, etc.)<br \/>\nSANS SEL (sel, chlorure de sodium)<\/p>\n<p>EXTRAIT D&rsquo;ALOE VERA (PLANTE D&rsquo;ALOE VERA)<\/p>\n<p>EXTRAIT D&rsquo;ALLIUM SATIVUM (AIL) (EXTRAIT D&rsquo;AIL SANS ODEUR)<\/p>\n<p>EXTRAIT DE FEUILLES D&rsquo;ORTIE<\/p>\n<p>EXTRAIT DE LAURIER (EXTRAIT DE BAIE)<\/p>\n<p>EXTRAIT DE LAVANDULA ANGUSTIFOLIA (EXTRAIT DE LAVANDE)<\/p>\n<p>EXTRAIT DE MIEL (MEL) (EXTRAIT DE MIEL)<\/p>\n<p>EXTRAIT DE FEUILLES D&rsquo;OLIVIER (OLE)<\/p>\n<p>D-PANTH\u00c9NOL\u00a0(PROVITAMINE B5)<\/p>\n<p>Ingr\u00e9dients\u00a0: Aqua, Decyl Glucoside*, Sodium Cocoamphoacetate*, Glycerin*, Lauryl Glucoside*, Sodium Cocoyl Glutamete*, Sodium Lauryl Glucose Carboxylate*, Coco-Glucoside*, Cocamidoropyl Betaine, Disodium Laureth Sulfosuccinate, Arquaternia Sulfosuccinate-7 Spinosa Huile de noyau*, extrait de bulbe d&rsquo;Allium Sativum, extrait de feuille de Laurus Nobilis, extrait de Lavandula Angustifolia, extrait d&rsquo;Urtica Dioica, extrait de feuille d&rsquo;Olea Europaea, benzoate de sodium de parfum, sorbate de potassium, edta disodique, acide citrique, benzo\u00efque, guar hydroxypropyltrimonium chlorothide (Motorium) et) M\u00e9thylisothiazolinone, huile de graines de Nigelia Sativa**, huile de graines de Vitis Vinifera**, huile de graines de Cucurbita Pepo**, huile de graines de Sesamum Indicum**, menthol.<\/p>\n<p>** : Ingr\u00e9dients certifi\u00e9s biologiques &#8211; * : Ingr\u00e9dients naturels<\/p>\n<p>Shampoing Emulsion \u00e0 Effet Tonique<\/p>\n<p>Hydratant cheveux et cuir chevelu &#038;amp\u00a0; Vous ferez l&rsquo;exp\u00e9rience du shampooing le plus s\u00fbr et le plus agr\u00e9able que vous ayez jamais utilis\u00e9, avec des extraits de plantes et de l&rsquo;huile d&rsquo;argan certifi\u00e9e biologique, de l&rsquo;huile de jojoba. Il nettoie d\u00e9licatement les cheveux et le cuir chevelu et procure un soin tr\u00e8s intensif.<\/p>\n<p>Test\u00e9 dermatologiquement.<\/p>\n","protected":false},"excerpt":{"rendered":"<p>Cheveux &#038; Cuir Chevelu Hydratant &amp; Vous ferez l&rsquo;exp\u00e9rience du shampooing le plus s\u00fbr et le plus agr\u00e9able que vous ayez jamais utilis\u00e9, avec des extraits de plantes et de l&rsquo;huile d&rsquo;argan certifi\u00e9e biologique, de l&rsquo;huile de jojoba. Il nettoie d\u00e9licatement les cheveux et le cuir chevelu et procure un soin tr\u00e8s intensif.<\/p>\n","protected":false},"featured_media":10890,"comment_status":"open","ping_status":"closed","template":"","meta":[],"product_cat":[566,566,370,370],"product_tag":[1268,1268],"giftcard-category":[],"_links":{"self":[{"href":"https:\/\/cosmate.com.tr\/fr\/wp-json\/wp\/v2\/product\/11451"}],"collection":[{"href":"https:\/\/cosmate.com.tr\/fr\/wp-json\/wp\/v2\/product"}],"about":[{"href":"https:\/\/cosmate.com.tr\/fr\/wp-json\/wp\/v2\/types\/product"}],"replies":[{"embeddable":true,"href":"https:\/\/cosmate.com.tr\/fr\/wp-json\/wp\/v2\/comments?post=11451"}],"wp:featuredmedia":[{"embeddable":true,"href":"https:\/\/cosmate.com.tr\/fr\/wp-json\/wp\/v2\/media\/10890"}],"wp:attachment":[{"href":"https:\/\/cosmate.com.tr\/fr\/wp-json\/wp\/v2\/media?parent=11451"}],"wp:term":[{"taxonomy":"product_cat","embeddable":true,"href":"https:\/\/cosmate.com.tr\/fr\/wp-json\/wp\/v2\/product_cat?post=11451"},{"taxonomy":"product_tag","embeddable":true,"href":"https:\/\/cosmate.com.tr\/fr\/wp-json\/wp\/v2\/product_tag?post=11451"},{"taxonomy":"giftcard-category","embeddable":true,"href":"https:\/\/cosmate.com.tr\/fr\/wp-json\/wp\/v2\/giftcard-category?post=11451"}],"curies":[{"name":"wp","href":"https:\/\/api.w.org\/{rel}","templated":true}]}}