{"id":11452,"date":"2022-10-31T11:31:01","date_gmt":"2022-10-31T11:31:01","guid":{"rendered":"http:\/\/cosmate.com.tr\/urun\/cosmate-argan-and-olive-oil-extracted-keratin-hair-conditioner-500-ml\/"},"modified":"2025-02-17T13:35:57","modified_gmt":"2025-02-17T13:35:57","slug":"cosmate-argan-and-olive-oil-extracted-keratin-hair-conditioner-500-ml","status":"publish","type":"product","link":"https:\/\/cosmate.com.tr\/fr\/produit\/cosmate-argan-and-olive-oil-extracted-keratin-hair-conditioner-500-ml\/","title":{"rendered":"Cosmate Argan and Olive Oil Extracted Keratin Hair Conditioner 500 ml"},"content":{"rendered":"<p>1 Fournit un peignage humide et sec tr\u00e8s facile<br \/>\n2 Hydrate intens\u00e9ment les cheveux.<br \/>\n3 Fournit une condition \u00e9lev\u00e9e aux cheveux ab\u00eem\u00e9s<br \/>\n4 K\u00e9ratine et Extraits Naturels dans Son Contenu R\u00e9parer les Cheveux<br \/>\n5 Fonction de protection de la peinture.<br \/>\n6 Prolonge la dur\u00e9e de vie des applications de lissage thermique.<br \/>\n7 antistatique est anti-\u00e9lectrification.<br \/>\n8 Ne rend pas les cheveux lourds<\/p>\n<p>FORMALDEHYDE &#038;amp\u00a0; RELEASER &#8211; NE CONTIENT PAS (DMDM Hydanto\u00efne, Imidazolidnyl UREA etc.)<br \/>\nSANS PARABEN (Methyl paraben- Ethyl Paraben etc.)<br \/>\nSILICONE &#8211; SANS (Dimeticon etc.)<\/p>\n<p>UTILISATION\u00a0: Il est appliqu\u00e9 sur les cheveux et le cuir chevelu en massant pendant 1 \u00e0 2\u00a0minutes, puis rinc\u00e9 et r\u00e9p\u00e9t\u00e9 si n\u00e9cessaire.<\/p>\n<p>Activit\u00e9s dans son contenu\u00a0:<br \/>\nHuile d&rsquo;olive<br \/>\nHuile d&rsquo;argan<\/p>\n","protected":false},"excerpt":{"rendered":"<p>Fournit un peignage tr\u00e8s facile \u00e0 sec humide &#8211; Hydrate intens\u00e9ment les cheveux. &#8211; Fournit une condition \u00e9lev\u00e9e aux cheveux ab\u00eem\u00e9s &#8211; La k\u00e9ratine et les extraits naturels dans son contenu r\u00e9parent les cheveux &#8211; Poss\u00e8de une fonction de protection de la couleur. &#8211; Prolonge la dur\u00e9e de vie des applications de lissage thermique. &#8211; Anti-\u00e9lectrification antistatique. &#8211; N&rsquo;alourdit pas les cheveux<\/p>\n","protected":false},"featured_media":10887,"comment_status":"open","ping_status":"closed","template":"","meta":[],"product_cat":[566,566,370,370],"product_tag":[1318,1319,1320,1321,1322,1318,1321,1319,1320,1322],"giftcard-category":[],"_links":{"self":[{"href":"https:\/\/cosmate.com.tr\/fr\/wp-json\/wp\/v2\/product\/11452"}],"collection":[{"href":"https:\/\/cosmate.com.tr\/fr\/wp-json\/wp\/v2\/product"}],"about":[{"href":"https:\/\/cosmate.com.tr\/fr\/wp-json\/wp\/v2\/types\/product"}],"replies":[{"embeddable":true,"href":"https:\/\/cosmate.com.tr\/fr\/wp-json\/wp\/v2\/comments?post=11452"}],"wp:featuredmedia":[{"embeddable":true,"href":"https:\/\/cosmate.com.tr\/fr\/wp-json\/wp\/v2\/media\/10887"}],"wp:attachment":[{"href":"https:\/\/cosmate.com.tr\/fr\/wp-json\/wp\/v2\/media?parent=11452"}],"wp:term":[{"taxonomy":"product_cat","embeddable":true,"href":"https:\/\/cosmate.com.tr\/fr\/wp-json\/wp\/v2\/product_cat?post=11452"},{"taxonomy":"product_tag","embeddable":true,"href":"https:\/\/cosmate.com.tr\/fr\/wp-json\/wp\/v2\/product_tag?post=11452"},{"taxonomy":"giftcard-category","embeddable":true,"href":"https:\/\/cosmate.com.tr\/fr\/wp-json\/wp\/v2\/giftcard-category?post=11452"}],"curies":[{"name":"wp","href":"https:\/\/api.w.org\/{rel}","templated":true}]}}