{"id":11453,"date":"2022-10-18T07:48:57","date_gmt":"2022-10-18T07:48:57","guid":{"rendered":"http:\/\/cosmate.com.tr\/urun\/creme-collagene-creme-jour-nuit-a-lacide-hyaluronique\/"},"modified":"2025-02-17T13:36:03","modified_gmt":"2025-02-17T13:36:03","slug":"creme-collagene-creme-jour-nuit-a-lacide-hyaluronique","status":"publish","type":"product","link":"https:\/\/cosmate.com.tr\/fr\/produit\/creme-collagene-creme-jour-nuit-a-lacide-hyaluronique\/","title":{"rendered":"Cr\u00e8me Collag\u00e8ne &amp; Cr\u00e8me jour\/nuit \u00e0 l&rsquo;acide hyaluronique"},"content":{"rendered":"<p>Le collag\u00e8ne est une prot\u00e9ine structurelle naturelle et est important pour le fonctionnement normal du corps. En fait, il contribue \u00e0 environ 30 % des prot\u00e9ines du corps, y compris les tendons, les dents et les os. Cependant, \u00e0 mesure que nous vieillissons, la production de collag\u00e8ne commence \u00e0 ralentir, ce qui peut entra\u00eener un durcissement des articulations, une perte d&rsquo;\u00e9lasticit\u00e9 des ligaments et des signes de vieillissement sur la peau.<\/p>\n<p>Formul\u00e9 avec des vitamines AcaciaCollagen pour soutenir la peau contre le rel\u00e2chement et les ridules et aider \u00e0 restaurer l&rsquo;\u00e9lasticit\u00e9. Gr\u00e2ce au Squal\u00e8ne et \u00e0 l&rsquo;Acide Hyaluronique dans son contenu, il aide \u00e0 renouveler la peau et \u00e0 l&rsquo;hydrater en m\u00eame temps.<\/p>\n<p>Aide la personne \u00e0 para\u00eetre plus jeune en att\u00e9nuant les signes du vieillissement.<br \/>\nAvec une utilisation r\u00e9guli\u00e8re, la personne a une peau plus lumineuse et plus \u00e9clatante.<br \/>\nFournit un raffermissement de la peau<\/p>\n<p>Il maintient la structure de la peau et les muscles ensemble, ce qui la rend plus souple.<br \/>\nIl am\u00e9liore le fonctionnement du syst\u00e8me circulatoire.<br \/>\nIl rend les articulations plus souples et renforce les os.<br \/>\nIl r\u00e9duit l&rsquo;apparence de la cellulite car il affecte le tissu adipeux des couches inf\u00e9rieures de la peau.<br \/>\nIl peut \u00eatre utilis\u00e9 dans le traitement des taches et de l&rsquo;acn\u00e9 sur la peau. COLLAG\u00c8NE D&rsquo;ACACIA\u00a0:<br \/>\nIl aide \u00e0 raffermir la peau et \u00e0 obtenir une structure plus souple.<br \/>\nEn favorisant le renouvellement cellulaire, il aide la peau \u00e0 para\u00eetre plus lumineuse et plus jeune.<br \/>Il aide \u00e0 \u00e9liminer l&rsquo;apparence des rides et des ridules sur la peau.<br \/>\nIl aide \u00e0 augmenter la capacit\u00e9 de r\u00e9tention d&rsquo;humidit\u00e9 de la peau.<\/p>\n<p>&nbsp;<\/p>\n<p>PANTH\u00c9NOL (VITAMINE B5)<\/p>\n<p>C&rsquo;est un puissant hydratant.<br \/>\nIl augmente l&rsquo;\u00e9lasticit\u00e9 de la peau.<br \/>\nIl joue un r\u00f4le dans le d\u00e9veloppement de la fonction protectrice\/barri\u00e8re de la peau en augmentant la synth\u00e8se des lipides dans la couche la plus externe de la peau.<br \/>\nIl augmente la r\u00e9g\u00e9n\u00e9ration cellulaire et a un effet cicatrisant.<\/p>\n<p>SQUALAN<\/p>\n<p>Il est efficace contre les rides et le rel\u00e2chement. Il contient de grandes quantit\u00e9s d&rsquo;antioxydants, d&rsquo;om\u00e9ga 3 et de squal\u00e8ne (squal\u00e8ne). Ce sont des substances aux propri\u00e9t\u00e9s r\u00e9g\u00e9n\u00e9ratrices et r\u00e9paratrices cellulaires. C&rsquo;est aussi un hydratant tr\u00e8s efficace qui pr\u00e9vient la formation des rides dues \u00e0 la perte d&rsquo;humidit\u00e9 et \u00e0 la s\u00e9cheresse.<\/p>\n<p>CR\u00c8ME AU COLLAG\u00c8NE<\/p>\n<p>La cr\u00e8me au collag\u00e8ne est formul\u00e9e avec des vitamines de collag\u00e8ne d&rsquo;acacia pour soutenir la peau contre le rel\u00e2chement et les ridules et aider \u00e0 restaurer son \u00e9lasticit\u00e9. Gr\u00e2ce \u00e0 sa teneur en Squalane, il aide \u00e0 renouveler la peau et \u00e0 l&rsquo;hydrater en m\u00eame temps.<\/p>\n<p>ACIDE HYALURONIQUE<\/p>\n<p>Acide hyaluronique\u00a0; C&rsquo;est une substance qui sert \u00e0 r\u00e9pondre aux besoins en humidit\u00e9 des tissus cutan\u00e9s.<\/p>\n<p>\u00c9quilibre l&rsquo;\u00e9quilibre hydrique de la peau.<br \/>\nIl donne de l&rsquo;\u00e9clat \u00e0 la peau.<br \/>\nOuvre les ridules.<br \/>\nIl r\u00e9pare les imperfections et l&rsquo;acn\u00e9 gr\u00e2ce \u00e0 ses propri\u00e9t\u00e9s antibact\u00e9riennes.<br \/>\nCombat les radicaux libres.<\/p>\n","protected":false},"excerpt":{"rendered":"<p>Le collag\u00e8ne est une prot\u00e9ine structurelle naturelle et est important pour le fonctionnement normal du corps. En fait, il contribue \u00e0 environ 30 % des prot\u00e9ines du corps, y compris les tendons, les dents et les os. Cependant, \u00e0 mesure que nous vieillissons, la production de collag\u00e8ne commence \u00e0 ralentir, ce qui peut entra\u00eener un durcissement des articulations, une perte d&rsquo;\u00e9lasticit\u00e9 des ligaments et la peau montrant des signes de vieillissement.<\/p>\n","protected":false},"featured_media":10893,"comment_status":"open","ping_status":"closed","template":"","meta":[],"product_cat":[569,370],"product_tag":[393,1503,1499,1500,1501,1502,1498],"giftcard-category":[],"_links":{"self":[{"href":"https:\/\/cosmate.com.tr\/fr\/wp-json\/wp\/v2\/product\/11453"}],"collection":[{"href":"https:\/\/cosmate.com.tr\/fr\/wp-json\/wp\/v2\/product"}],"about":[{"href":"https:\/\/cosmate.com.tr\/fr\/wp-json\/wp\/v2\/types\/product"}],"replies":[{"embeddable":true,"href":"https:\/\/cosmate.com.tr\/fr\/wp-json\/wp\/v2\/comments?post=11453"}],"wp:featuredmedia":[{"embeddable":true,"href":"https:\/\/cosmate.com.tr\/fr\/wp-json\/wp\/v2\/media\/10893"}],"wp:attachment":[{"href":"https:\/\/cosmate.com.tr\/fr\/wp-json\/wp\/v2\/media?parent=11453"}],"wp:term":[{"taxonomy":"product_cat","embeddable":true,"href":"https:\/\/cosmate.com.tr\/fr\/wp-json\/wp\/v2\/product_cat?post=11453"},{"taxonomy":"product_tag","embeddable":true,"href":"https:\/\/cosmate.com.tr\/fr\/wp-json\/wp\/v2\/product_tag?post=11453"},{"taxonomy":"giftcard-category","embeddable":true,"href":"https:\/\/cosmate.com.tr\/fr\/wp-json\/wp\/v2\/giftcard-category?post=11453"}],"curies":[{"name":"wp","href":"https:\/\/api.w.org\/{rel}","templated":true}]}}