{"id":11454,"date":"2022-09-20T19:31:43","date_gmt":"2022-09-20T19:31:43","guid":{"rendered":"http:\/\/cosmate.com.tr\/urun\/huile-de-jojoba\/"},"modified":"2025-02-17T13:36:10","modified_gmt":"2025-02-17T13:36:10","slug":"huile-de-jojoba","status":"publish","type":"product","link":"https:\/\/cosmate.com.tr\/fr\/produit\/huile-de-jojoba\/","title":{"rendered":"Huile de jojoba"},"content":{"rendered":"<p><span style=\"font-family\u00a0: Times New Roman, serif\u00a0;\"><span style=\"font-size: medium;\">Contenu\u00a0: huile de Simmondsia Chinensis <\/span><\/span><\/p>\n<p>&nbsp;<\/p>\n<ul>\n<li><span style=\"font-family\u00a0: Times New Roman, serif\u00a0;\"><span style=\"font-size: medium;\">Hydrate la peau s\u00e8che. <\/span><\/span><\/li>\n<li><span style=\"font-family: Times New Roman, serif;\"><span style=\"font-size: medium;\">Pr\u00e9vient la casse des cheveux et la formation de pellicules, apporte douceur et brillance aux cheveux, <\/span > <\/span><\/li>\n<li><span style=\"font-family: Times New Roman, serif\u00a0;\"><span style=\"font-size: medium;\">Soulage les inflammations cutan\u00e9es et les \u00e9ruptions cutan\u00e9es. <\/span><\/span><\/li>\n<li><span style=\"font-family: Times New Roman, serif;\"><span style=\"font-size: medium;\">Il est utilis\u00e9 dans le traitement de l&rsquo;ecz\u00e9ma enflamm\u00e9 et de la cellulite. <\/span><\/span><\/li>\n<li><span style=\"font-family: Times New Roman, serif\u00a0;\"><span style=\"font-size: medium;\">\u00c9quilibre le s\u00e9bum dans la peau. <\/span><\/span><\/li>\n<li><span style=\"font-family: Times New Roman, serif;\"><span style=\"font-size: medium;\">Pr\u00e9vient la formation de vergetures sur l&rsquo;abdomen et les jambes. <\/span><\/span><\/li>\n<li><span style=\"font-family: Times New Roman, serif;\"><span style=\"font-size: medium;\">Il est anti-inflammatoire et antioxydant. <\/span><\/span><\/li>\n<li><span style=\"font-family\u00a0: Times New Roman, serif\u00a0;\"><span style=\"font-size: medium;\">Aide \u00e0 \u00e9liminer facilement le maquillage des yeux et du visage. <\/span><\/span><\/li>\n<li><span style=\"font-family\u00a0: Times New Roman, serif\u00a0;\"><span style=\"font-size\u00a0: medium\u00a0;\">Dans les maladies oculaires, les otites, les douleurs rhumatismales, les inflammations articulaires, les calcifications, les bouche C&rsquo;est un facteur d&rsquo;inflammation des muqueuses. <\/span><\/span><\/li>\n<li><span style=\"font-family\u00a0: Times New Roman, serif\u00a0;\"><span style=\"font-size: medium;\">Sans conservateurs. <\/span><\/span><\/li>\n<li><span style=\"font-family\u00a0: Times New Roman, serif\u00a0;\"><span style=\"font-size: medium;\">Test\u00e9 dermatologiquement.<\/span><\/span><\/li>\n<\/ul>\n","protected":false},"excerpt":{"rendered":"<p><span style=\"font-family: Times New Roman, serif;\"><span style=\"font-size: medium;\">L&rsquo;huile de jojoba est obtenue \u00e0 partir des graines de la plante Simmondsia Chinensis, originaire de Arizona, Californie et nord du Mexique. . Environ 50% des graines en poids sont de l&rsquo;huile. La plante de jojoba est une herbe masculine et f\u00e9minine. Afin d&rsquo;obtenir des graines, les plantes des deux sexes doivent \u00eatre pr\u00e9sentes dans l&rsquo;environnement en m\u00eame temps. La plante de jojoba pousse \u00e0 partir de graines et commence \u00e0 fleurir \u00e0 partir de 3 ans environ. C&rsquo;est une plante qui peut vivre jusqu&rsquo;\u00e0 200 ans dans des conditions ad\u00e9quates. Ses racines atteignent assez profond\u00e9ment et sont donc r\u00e9sistantes \u00e0 la s\u00e9cheresse et aux diff\u00e9rences de temp\u00e9rature. C&rsquo;est une plante qui absorbe les pr\u00e9cieux min\u00e9raux des profondeurs du sol.<\/span><\/span><\/p>\n<p><span style=\"font-family: Times New Roman, serif;\"><span style=\"font-size: medium;\">C&rsquo;est donc une huile tr\u00e8s durable. Il ne se d\u00e9t\u00e9riore pas facilement et peut \u00eatre utilis\u00e9 pendant de longues p\u00e9riodes.<\/span><\/span><\/p>\n","protected":false},"featured_media":10752,"comment_status":"open","ping_status":"closed","template":"","meta":[],"product_cat":[568],"product_tag":[528,662,401,401,401,401,401,937,663,938,942,790,790,790,790,790],"giftcard-category":[],"_links":{"self":[{"href":"https:\/\/cosmate.com.tr\/fr\/wp-json\/wp\/v2\/product\/11454"}],"collection":[{"href":"https:\/\/cosmate.com.tr\/fr\/wp-json\/wp\/v2\/product"}],"about":[{"href":"https:\/\/cosmate.com.tr\/fr\/wp-json\/wp\/v2\/types\/product"}],"replies":[{"embeddable":true,"href":"https:\/\/cosmate.com.tr\/fr\/wp-json\/wp\/v2\/comments?post=11454"}],"wp:featuredmedia":[{"embeddable":true,"href":"https:\/\/cosmate.com.tr\/fr\/wp-json\/wp\/v2\/media\/10752"}],"wp:attachment":[{"href":"https:\/\/cosmate.com.tr\/fr\/wp-json\/wp\/v2\/media?parent=11454"}],"wp:term":[{"taxonomy":"product_cat","embeddable":true,"href":"https:\/\/cosmate.com.tr\/fr\/wp-json\/wp\/v2\/product_cat?post=11454"},{"taxonomy":"product_tag","embeddable":true,"href":"https:\/\/cosmate.com.tr\/fr\/wp-json\/wp\/v2\/product_tag?post=11454"},{"taxonomy":"giftcard-category","embeddable":true,"href":"https:\/\/cosmate.com.tr\/fr\/wp-json\/wp\/v2\/giftcard-category?post=11454"}],"curies":[{"name":"wp","href":"https:\/\/api.w.org\/{rel}","templated":true}]}}