{"id":11455,"date":"2022-09-20T19:22:19","date_gmt":"2022-09-20T19:22:19","guid":{"rendered":"http:\/\/cosmate.com.tr\/urun\/huile-dhamamelis\/"},"modified":"2025-02-17T13:36:21","modified_gmt":"2025-02-17T13:36:21","slug":"huile-dhamamelis","status":"publish","type":"product","link":"https:\/\/cosmate.com.tr\/fr\/produit\/huile-dhamamelis\/","title":{"rendered":"Huile d&rsquo;hamam\u00e9lis"},"content":{"rendered":"<ul>\n<li><span style=\"font-family: Times New Roman, serif;\"><span style=\"font-size: medium;\">Le type d&rsquo;hamam\u00e9lis le plus appr\u00e9ci\u00e9 en cosm\u00e9tique, \u00ab\u00a0Hamamelis Virginiana\u00a0\u00bb utilis\u00e9 en phytoth\u00e9rapie <\/span><\/span><\/li>\n<p><\/span> <\/span><\/li>\n<li><span style=\"font-family: Times New Roman, serif;\"><span style=\"font-size: medium;\">Dans le domaine de la cosm\u00e9tique, l&rsquo;huile d&rsquo;hamam\u00e9lis est hydratante, raffermissante, r\u00e9paratrice, fortifiante , anti-\u00e2ge, antioxydant. Il poss\u00e8de \u00e9galement des propri\u00e9t\u00e9s s\u00e9bo-\u00e9quilibrantes et nettoyantes, anti-rougeurs et anti-acn\u00e9.<\/span><\/span><\/li>\n<li><span style=\"font-family: Times New Roman, serif;\"><span style=\"font-size: medium;\">Pour une peau et des cheveux sains, prenez soin de l&rsquo;huile de macadamia.<\/span ><\/ dur\u00e9e><\/li>\n<li><span style=\"font-family\u00a0: Times New Roman, serif\u00a0;\"><span style=\"font-size\u00a0: medium\u00a0;\">Contenu\u00a0: extrait d&rsquo;\u00e9corce\/feuille d&rsquo;Hamamelis Virginiana<\/span><\/span>< \/li>\n<li><span style=\"font-family\u00a0: Times New Roman, serif\u00a0;\"><span style=\"font-size: medium;\">Le produit ne contient pas d&rsquo;autres huiles ou m\u00e9langes. Il est produit dans sa forme pure.<\/span><\/span><\/li>\n<li><span style=\"font-family\u00a0: Times New Roman, serif\u00a0;\"><span style=\"font-size: medium;\">Sans conservateurs.<\/span><\/span><\/li>\n<\/ul>\n","protected":false},"excerpt":{"rendered":"<p><span style=\"font-family: Times New Roman, serif;\"><span style=\"font-size: medium;\">C&rsquo;est une huile, commun\u00e9ment appel\u00e9e hamam\u00e9lis, obtenue \u00e0 partir de noisette Macademia. Notre produit est donc obtenu \u00e0 partir de noix de macadamia. Il contient de grandes quantit\u00e9s d&rsquo;acide palmitol\u00e9ique, d&rsquo;acide ok\u00e9ique et d&rsquo;acide linol\u00e9ique. Il contient \u00e9galement des om\u00e9ga-6,7 et 3. En plus de tout cela, il poss\u00e8de des propri\u00e9t\u00e9s vitaminiques et antioxydantes.<\/span><\/span><\/p>\n<p><span style=\"font-family: Times New Roman, serif;\"><span style=\"font-size: medium;\">C&rsquo;est une huile, commun\u00e9ment appel\u00e9e hamam\u00e9lis, obtenue \u00e0 partir de noisette Macademia. En d&rsquo;autres termes, notre produit est obtenu \u00e0 partir de noisette Macademia. Il poss\u00e8de de la vitamine E et des propri\u00e9t\u00e9s antioxydantes. <\/span><\/span><\/p>\n","protected":false},"featured_media":10743,"comment_status":"open","ping_status":"closed","template":"","meta":[],"product_cat":[568,568,370,370],"product_tag":[404,791,404,791],"giftcard-category":[],"_links":{"self":[{"href":"https:\/\/cosmate.com.tr\/fr\/wp-json\/wp\/v2\/product\/11455"}],"collection":[{"href":"https:\/\/cosmate.com.tr\/fr\/wp-json\/wp\/v2\/product"}],"about":[{"href":"https:\/\/cosmate.com.tr\/fr\/wp-json\/wp\/v2\/types\/product"}],"replies":[{"embeddable":true,"href":"https:\/\/cosmate.com.tr\/fr\/wp-json\/wp\/v2\/comments?post=11455"}],"wp:featuredmedia":[{"embeddable":true,"href":"https:\/\/cosmate.com.tr\/fr\/wp-json\/wp\/v2\/media\/10743"}],"wp:attachment":[{"href":"https:\/\/cosmate.com.tr\/fr\/wp-json\/wp\/v2\/media?parent=11455"}],"wp:term":[{"taxonomy":"product_cat","embeddable":true,"href":"https:\/\/cosmate.com.tr\/fr\/wp-json\/wp\/v2\/product_cat?post=11455"},{"taxonomy":"product_tag","embeddable":true,"href":"https:\/\/cosmate.com.tr\/fr\/wp-json\/wp\/v2\/product_tag?post=11455"},{"taxonomy":"giftcard-category","embeddable":true,"href":"https:\/\/cosmate.com.tr\/fr\/wp-json\/wp\/v2\/giftcard-category?post=11455"}],"curies":[{"name":"wp","href":"https:\/\/api.w.org\/{rel}","templated":true}]}}