{"id":11456,"date":"2022-09-20T19:17:45","date_gmt":"2022-09-20T19:17:45","guid":{"rendered":"http:\/\/cosmate.com.tr\/urun\/huile-de-lavande\/"},"modified":"2025-02-17T13:36:29","modified_gmt":"2025-02-17T13:36:29","slug":"huile-de-lavande","status":"publish","type":"product","link":"https:\/\/cosmate.com.tr\/fr\/produit\/huile-de-lavande\/","title":{"rendered":"Huile de lavande"},"content":{"rendered":"<p><span style=\"font-family\u00a0: Times New Roman, serif\u00a0;\"><span style=\"font-size: medium;\">Contenu\u00a0:\u00a0huile de Lavandula Angustifolia<\/span><\/span><\/p>\n<ul>\n<li><span style=\"font-family\u00a0: Times New Roman, serif\u00a0;\"><span style=\"font-size: medium;\">Soulage le stress et l&rsquo;anxi\u00e9t\u00e9,<\/span><\/span><\/li>\n<li><span style=\"font-family\u00a0: Times New Roman, serif\u00a0;\"><span style=\"font-size: medium;\">Soulage la douleur,<\/span><\/span><\/li>\n<li><span style=\"font-family: Times New Roman, serif\u00a0;\"><span style=\"font-size: medium;\">Traitement de divers troubles cutan\u00e9s,<\/span><\/span><\/li >\n<li><span style=\"font-family\u00a0: Times New Roman, serif\u00a0;\"><span style=\"font-size: medium;\">Garde vos cheveux en bonne sant\u00e9,<\/span><\/span><\/li>\n<li><span style=\"font-family\u00a0: Times New Roman, serif\u00a0;\"><span style=\"font-size: medium;\">Aide \u00e0 am\u00e9liorer la digestion,<\/span><\/span><\/li>\n<li><span style=\"font-family\u00a0: Times New Roman, serif\u00a0;\"><span style=\"font-size: medium;\">Soulage les troubles respiratoires,<\/span><\/span><\/li>\n<li><span style=\"font-family\u00a0: Times New Roman, serif\u00a0;\"><span style=\"font-size: medium;\">Am\u00e9liore la circulation sanguine,<\/span><\/span><\/li>\n<li><span style=\"font-family\u00a0: Times New Roman, serif\u00a0;\"><span style=\"font-size: medium;\">Am\u00e9liore l&rsquo;humeur,<\/span><\/span><\/li>\n<li><span style=\"font-family\u00a0: Times New Roman, serif\u00a0;\"><span style=\"font-size: medium;\">Lavande pour le sommeil et l&rsquo;insomnie,<\/span><\/span><\/li >\n<li><span style=\"font-family\u00a0: Times New Roman, serif\u00a0;\"><span style=\"font-size: medium;\">Sans conservateur.<\/span><\/span><\/li>\n<\/ul>\n","protected":false},"excerpt":{"rendered":"<p><span style=\"font-family: Times New Roman, serif;\"><span style=\"font-size: medium;\">C&rsquo;est une huile essentielle pure obtenue \u00e0 partir de fleurs de lavande par distillation \u00e0 la vapeur. <\/span><\/span><\/p>\n<p><span style=\"font-family: Times New Roman, serif;\"><span style=\"font-size: medium;\">De nombreuses recherches r\u00e9v\u00e8lent aujourd&rsquo;hui les bienfaits de la lavande pour la peau, mais son plus caract\u00e9ristique importante est l&rsquo;effet relaxant et calmant\u2026 Cette huile essentielle miraculeuse, qui devrait \u00eatre dans la trousse de premiers soins de votre famille, a un analg\u00e9sique, un anticoagulant, un anticoagulant, un anticonvulsif, un antid\u00e9presseur, un antifongique, un antimicrobien, un antiseptique, un antitoxique, effets anti-inflammatoires, antimutag\u00e9n\u00e9tiques, antihistaminiques, cardiotoniques, rafra\u00eechissants et calmants. Jusqu&rsquo;\u00e0 pr\u00e9sent, attrapons une merveilleuse petite bouteille d&rsquo;huile de lavande et profitons de ses dizaines d&rsquo;avantages diff\u00e9rents, comme garder un parfum propre dans notre maison, gu\u00e9rir les blessures, passer une bonne nuit de sommeil, combattre les mites\u00a0! Mais dire \u00ab huile de lavande \u00bb en soi ne veut pas dire grand-chose. Il est n\u00e9cessaire de trouver le bon produit et de l&rsquo;utiliser correctement.<\/span><\/span><\/p>\n","protected":false},"featured_media":10734,"comment_status":"open","ping_status":"closed","template":"","meta":[],"product_cat":[564,370],"product_tag":[528,646,401,401,722,647,648,723,664,939,1044,942,792,791,1600,790],"giftcard-category":[],"_links":{"self":[{"href":"https:\/\/cosmate.com.tr\/fr\/wp-json\/wp\/v2\/product\/11456"}],"collection":[{"href":"https:\/\/cosmate.com.tr\/fr\/wp-json\/wp\/v2\/product"}],"about":[{"href":"https:\/\/cosmate.com.tr\/fr\/wp-json\/wp\/v2\/types\/product"}],"replies":[{"embeddable":true,"href":"https:\/\/cosmate.com.tr\/fr\/wp-json\/wp\/v2\/comments?post=11456"}],"wp:featuredmedia":[{"embeddable":true,"href":"https:\/\/cosmate.com.tr\/fr\/wp-json\/wp\/v2\/media\/10734"}],"wp:attachment":[{"href":"https:\/\/cosmate.com.tr\/fr\/wp-json\/wp\/v2\/media?parent=11456"}],"wp:term":[{"taxonomy":"product_cat","embeddable":true,"href":"https:\/\/cosmate.com.tr\/fr\/wp-json\/wp\/v2\/product_cat?post=11456"},{"taxonomy":"product_tag","embeddable":true,"href":"https:\/\/cosmate.com.tr\/fr\/wp-json\/wp\/v2\/product_tag?post=11456"},{"taxonomy":"giftcard-category","embeddable":true,"href":"https:\/\/cosmate.com.tr\/fr\/wp-json\/wp\/v2\/giftcard-category?post=11456"}],"curies":[{"name":"wp","href":"https:\/\/api.w.org\/{rel}","templated":true}]}}