{"id":11457,"date":"2022-09-20T19:12:28","date_gmt":"2022-09-20T19:12:28","guid":{"rendered":"http:\/\/cosmate.com.tr\/urun\/huile-dylang-ylang\/"},"modified":"2025-02-17T13:36:33","modified_gmt":"2025-02-17T13:36:33","slug":"huile-dylang-ylang","status":"publish","type":"product","link":"https:\/\/cosmate.com.tr\/fr\/produit\/huile-dylang-ylang\/","title":{"rendered":"Huile d&rsquo;ylang-ylang"},"content":{"rendered":"<ul>\n<li><span style=\"font-family: Times New Roman, serif;\"><span style=\"font-size: medium;\">C&rsquo;est une huile essentielle pure obtenue \u00e0 partir de fleurs d&rsquo;Ylang Ylang par distillation \u00e0 la vapeur. <\/span><\/span><\/li>\n<li><span style=\"font-family: Times New Roman, serif;\"><span style=\"font-size: medium;\">L&rsquo;huile essentielle d&rsquo;ylang-ylang est une huile revigorante, am\u00e9liorant l&rsquo;humeur, soulageant l&rsquo;anxi\u00e9t\u00e9, la tristesse et tension, C&rsquo;est une huile aux propri\u00e9t\u00e9s anti-d\u00e9pressives. <\/span><\/span><\/li>\n<li><span style=\"font-family: Times New Roman, serif;\"><span style=\"font-size: medium;\">Cela peut \u00eatre un traitement efficace pour les personnes qui ont eu une d\u00e9pression nerveuse, une d\u00e9pression apr\u00e8s choc ou accident. <\/span><\/span><\/li>\n<li><span style=\"font-family\u00a0: Times New Roman, serif\u00a0;\"><span style=\"font-size\u00a0: medium\u00a0;\">Des \u00e9tudes ont montr\u00e9 que l&rsquo;huile d&rsquo;\u00ab\u00a0ylang-ylang\u00a0\u00bb peut \u00eatre b\u00e9n\u00e9fique pour gu\u00e9rir l&rsquo;ecz\u00e9ma. Il aide \u00e9galement \u00e0 soulager l&rsquo;acn\u00e9, la dermatite et les irritations cutan\u00e9es. <\/span><\/span><\/li>\n<li><span style=\"font-family\u00a0: Times New Roman, serif\u00a0;\"><span style=\"font-size: medium;\">Contient des propri\u00e9t\u00e9s anti-inflammatoires. Il a \u00e9t\u00e9 utilis\u00e9 pour traiter l&rsquo;arthrite, les rhumatismes, les maladies inflammatoires pelviennes. <\/span><\/span><\/li>\n<li><span style=\"font-family\u00a0: Times New Roman, serif\u00a0;\"><span style=\"font-size: medium;\">Il est antiseptique\u00a0; d\u00e9sinfecte les plaies, acc\u00e9l\u00e8re le processus de cicatrisation des plaies. <\/span><\/span><\/li>\n<li><span style=\"font-family: Times New Roman, serif;\"><span style=\"font-size: medium;\">C&rsquo;est un aphrodisiaque et peut am\u00e9liorer la vie sexuelle. <\/span><\/span><\/li>\n<li><span style=\"font-family: Times New Roman, serif;\"><span style=\"font-size: medium;\">Efficace dans le traitement de l&rsquo;hypertension art\u00e9rielle et d&rsquo;autres probl\u00e8mes cardiaques. Il n&rsquo;a pas d&rsquo;effets secondaires n\u00e9gatifs sur la sant\u00e9 lorsqu&rsquo;il est pris dans les mesures prescrites. <\/span><\/span><\/li>\n<li><span style=\"font-family: Times New Roman, serif;\"><span style=\"font-size: medium;\">Appliquer comme hydratant sur le visage ou le corps, en diluant avec des huiles fixes en quantit\u00e9 suffisante , ne postulez pas directement. Il est \u00e0 usage externe. \u00c9viter le contact visuel. Conserver dans un environnement frais et sec. Il est recommand\u00e9 aux femmes enceintes et aux enfants de consulter un m\u00e9decin avant utilisation. <\/span><\/span><\/li>\n<li><span style=\"font-family\u00a0: Times New Roman, serif\u00a0;\"><span style=\"font-size: medium;\">Contenu\u00a0: huile de feuille de Cananga Odorata. <\/span><\/span><\/li>\n<li><span style=\"font-family\u00a0: Times New Roman, serif\u00a0;\"><span style=\"font-size: medium;\">Test\u00e9 dermatologiquement.<\/span><\/span><\/li>\n<\/ul>\n<p>&nbsp;<\/p>\n","protected":false},"excerpt":{"rendered":"<p><span style=\"font-family: Times New Roman, serif;\"><span style=\"font-size: medium;\">Huile essentielle d&rsquo;Ylang Ylang, \u00e9difiante pour l&rsquo;humeur, soulageant l&rsquo;anxi\u00e9t\u00e9, la tristesse et la tension, antid\u00e9presseur est une huile avec des caract\u00e9ristiques sp\u00e9ciales.<\/span><\/span><\/p>\n","protected":false},"featured_media":10722,"comment_status":"open","ping_status":"closed","template":"","meta":[],"product_cat":[564],"product_tag":[528,401,401,401,401,647,647,647,647,648,648,648,648,406,406,666,941,942],"giftcard-category":[],"_links":{"self":[{"href":"https:\/\/cosmate.com.tr\/fr\/wp-json\/wp\/v2\/product\/11457"}],"collection":[{"href":"https:\/\/cosmate.com.tr\/fr\/wp-json\/wp\/v2\/product"}],"about":[{"href":"https:\/\/cosmate.com.tr\/fr\/wp-json\/wp\/v2\/types\/product"}],"replies":[{"embeddable":true,"href":"https:\/\/cosmate.com.tr\/fr\/wp-json\/wp\/v2\/comments?post=11457"}],"wp:featuredmedia":[{"embeddable":true,"href":"https:\/\/cosmate.com.tr\/fr\/wp-json\/wp\/v2\/media\/10722"}],"wp:attachment":[{"href":"https:\/\/cosmate.com.tr\/fr\/wp-json\/wp\/v2\/media?parent=11457"}],"wp:term":[{"taxonomy":"product_cat","embeddable":true,"href":"https:\/\/cosmate.com.tr\/fr\/wp-json\/wp\/v2\/product_cat?post=11457"},{"taxonomy":"product_tag","embeddable":true,"href":"https:\/\/cosmate.com.tr\/fr\/wp-json\/wp\/v2\/product_tag?post=11457"},{"taxonomy":"giftcard-category","embeddable":true,"href":"https:\/\/cosmate.com.tr\/fr\/wp-json\/wp\/v2\/giftcard-category?post=11457"}],"curies":[{"name":"wp","href":"https:\/\/api.w.org\/{rel}","templated":true}]}}