{"id":11458,"date":"2022-09-20T18:57:58","date_gmt":"2022-09-20T18:57:58","guid":{"rendered":"http:\/\/cosmate.com.tr\/urun\/huile-de-lait-dolive\/"},"modified":"2025-02-17T13:36:43","modified_gmt":"2025-02-17T13:36:43","slug":"huile-de-lait-dolive","status":"publish","type":"product","link":"https:\/\/cosmate.com.tr\/fr\/produit\/huile-de-lait-dolive\/","title":{"rendered":"Huile de lait d&rsquo;olive"},"content":{"rendered":"<ul>\n<li><span style=\"font-family\u00a0: Times New Roman, serif\u00a0;\"><span style=\"font-size: medium;\">1. Lait d&rsquo;olive press\u00e9 \u00e0 froid de qualit\u00e9. <\/span><\/span><\/li>\n<li><span style=\"font-family: Times New Roman, serif;\"><span style=\"font-size: medium;\">Le lait d&rsquo;olive est une huile biologique et fertile obtenue \u00e0 partir du produit de l&rsquo;olive. Les olives sont broy\u00e9es dans des moulins \u00e0 pierre au moyen de pierres, la pulpe d&rsquo;olive est plac\u00e9e dans des sacs en feutre sp\u00e9ciaux et transform\u00e9e en huile que nous appelons lait d&rsquo;olive par une m\u00e9thode naturelle de pressage \u00e0 froid. <\/span><\/span><\/li>\n<li><span style=\"font-family: Times New Roman, serif;\"><span style=\"font-size: medium;\">Le lait d&rsquo;olive, qui est une forme pure d&rsquo;olive naturelle, pr\u00e9sente de nombreux avantages. Le lait d&rsquo;olive, aux propri\u00e9t\u00e9s antioxydantes, est \u00e9galement riche en vitamine E. <\/span><\/span><\/li>\n<li><span style=\"font-family: Times New Roman, serif;\"><span style=\"font-size: medium;\">Le lait d&rsquo;olive lui-m\u00eame, fr\u00e9quemment utilis\u00e9 en m\u00e9decine alternative, est utilis\u00e9 dans les maladies cardiovasculaires , cicatrisation des plaies cutan\u00e9es telles que l&rsquo;ecz\u00e9ma. Il r\u00e9gule \u00e9galement le syst\u00e8me digestif et pr\u00e9vient la constipation. Il purifie le corps des toxines, renforce le syst\u00e8me immunitaire. <\/span><\/span><\/li>\n<li><span style=\"font-family: Times New Roman, serif\u00a0;\"><span style=\"font-size: medium;\">Le lait d&rsquo;olive aide \u00e9galement \u00e0 la r\u00e9paration cellulaire. <\/span><\/span><\/li>\n<\/ul>\n<ul>\n<li><span style=\"font-family\u00a0: Times New Roman, serif\u00a0;\"><span style=\"font-size: medium;\">Ingr\u00e9dient\u00a0: carbonate de dicaprylyle, huile de fruit d&rsquo;Olea Europaea, tocoph\u00e9rol, ar\u00f4me<\/span> <\/span><\/li>\n<\/ul>\n<ul>\n<li><span style=\"font-family: Times New Roman, serif;\"><span style=\"font-size: medium;\">Mode d&#8217;emploi\u00a0: d\u00e9posez quelques gouttes autour de vos yeux et de votre visage avec le compte-gouttes de le flacon et massez du bout des doigts et appliquez-le sur votre peau. Il est \u00e0 usage externe. <\/span><\/span><\/li>\n<li><span style=\"font-family: Times New Roman, serif;\"><span style=\"font-size: medium;\">\u00c9viter le contact avec les yeux, laver abondamment \u00e0 l&rsquo;eau en cas de contact. Tenir hors de port\u00e9e des enfants et au frais, <\/span><\/span><\/li>\n<li><span style=\"font-family\u00a0: Times New Roman, serif\u00a0;\"><span style=\"font-size: medium;\">Conserver herm\u00e9tiquement ferm\u00e9 dans un environnement sec<\/span><\/span><\/ li>\n<li><span style=\"font-family\u00a0: Times New Roman, serif\u00a0;\"><span style=\"font-size: medium;\">Sans conservateur et sans paraben. <\/span><\/span><\/li>\n<li><span style=\"font-family\u00a0: Times New Roman, serif\u00a0;\"><span style=\"font-size: medium;\">100\u00a0% naturel.<\/span><\/span><\/li>\n<\/ul>\n","protected":false},"excerpt":{"rendered":"<p><span style=\"font-family: Times New Roman, serif;\"><span style=\"font-size: medium;\">Le lait d&rsquo;olive est une huile biologique et fertile obtenue \u00e0 partir du produit de l&rsquo;olive. Les olives sont broy\u00e9es dans des moulins \u00e0 pierre au moyen de pierres, la pulpe d&rsquo;olive est plac\u00e9e dans des sacs en feutre sp\u00e9ciaux et transform\u00e9e en huile que nous appelons lait d&rsquo;olive par une m\u00e9thode naturelle de pressage \u00e0 froid. <\/span><\/span><\/p>\n","protected":false},"featured_media":10719,"comment_status":"open","ping_status":"closed","template":"","meta":[],"product_cat":[569,370],"product_tag":[646,662,401,401,647,937,648,729,792,791,1618,790],"giftcard-category":[],"_links":{"self":[{"href":"https:\/\/cosmate.com.tr\/fr\/wp-json\/wp\/v2\/product\/11458"}],"collection":[{"href":"https:\/\/cosmate.com.tr\/fr\/wp-json\/wp\/v2\/product"}],"about":[{"href":"https:\/\/cosmate.com.tr\/fr\/wp-json\/wp\/v2\/types\/product"}],"replies":[{"embeddable":true,"href":"https:\/\/cosmate.com.tr\/fr\/wp-json\/wp\/v2\/comments?post=11458"}],"wp:featuredmedia":[{"embeddable":true,"href":"https:\/\/cosmate.com.tr\/fr\/wp-json\/wp\/v2\/media\/10719"}],"wp:attachment":[{"href":"https:\/\/cosmate.com.tr\/fr\/wp-json\/wp\/v2\/media?parent=11458"}],"wp:term":[{"taxonomy":"product_cat","embeddable":true,"href":"https:\/\/cosmate.com.tr\/fr\/wp-json\/wp\/v2\/product_cat?post=11458"},{"taxonomy":"product_tag","embeddable":true,"href":"https:\/\/cosmate.com.tr\/fr\/wp-json\/wp\/v2\/product_tag?post=11458"},{"taxonomy":"giftcard-category","embeddable":true,"href":"https:\/\/cosmate.com.tr\/fr\/wp-json\/wp\/v2\/giftcard-category?post=11458"}],"curies":[{"name":"wp","href":"https:\/\/api.w.org\/{rel}","templated":true}]}}