{"id":11459,"date":"2023-11-08T18:48:42","date_gmt":"2023-11-08T18:48:42","guid":{"rendered":"http:\/\/cosmate.com.tr\/urun\/magic-oil\/"},"modified":"2025-02-17T13:34:36","modified_gmt":"2025-02-17T13:34:36","slug":"magic-oil","status":"publish","type":"product","link":"https:\/\/cosmate.com.tr\/fr\/produit\/magic-oil\/","title":{"rendered":"Magic Oil"},"content":{"rendered":"<p>Huiles pr\u00e9cieuses dans le contenu du produit\u00a0; Huile d&rsquo;argan biologique certifi\u00e9e, huile de millepertuis, huile de p\u00e9pins de raisin CPR, huile de graines de chanvre, huile de jojoba.<\/p>\n<p>Pas besoin d&rsquo;acheter 10 produits cosm\u00e9tiques diff\u00e9rents. Produit tout en un, absolument efficace pour des r\u00e9sultats professionnels.<\/p>\n<p>1. \u00a0L&rsquo;huile de soin ultime pour tout le corps<\/p>\n<p>2.\u00a0\u00a0Excellente cr\u00e8me pour le corps sous la douche<\/p>\n<p>3.\u00a0\u00a0Un produit d\u00e9maquillant qui peut \u00e9liminer sans effort m\u00eame le maquillage le plus intense et r\u00e9sistant \u00e0 l&rsquo;eau.<\/p>\n<p>4.\u00a0\u00a0Huile de massage pour peaux tr\u00e8s sensibles<\/p>\n<p>5.\u00a0\u00a0Une cr\u00e8me pour le visage adapt\u00e9e \u00e0 tous les types de peau<\/p>\n<p>6.\u00a0Huile de soin capillaire sans rin\u00e7age et sans silicone<\/p>\n<p>7.\u00a0\u00a0Cr\u00e8me de soin capillaire sous la douche,<\/p>\n<p>8.\u00a0\u00a0Huile de bain hydratante soluble<\/p>\n<p>9.\u00a0\u00a0Cr\u00e8me pour les mains intens\u00e9ment hydratante, mais pas grasse (mouillez votre main, appliquez une petite quantit\u00e9)<\/p>\n<p>10.\u00a0Huile de soin d\u00e9licate pour b\u00e9b\u00e9<\/p>\n<p>Soin des cheveux; Il poss\u00e8de d&rsquo;excellentes propri\u00e9t\u00e9s hydratantes et nourrissantes contre les effets ass\u00e9chants du soleil et du sel en \u00e9t\u00e9 et les effets usants du froid en hiver.<\/p>\n<p>soins du visage; Lorsque vous l&rsquo;appliquez sur la zone s\u00e8che du visage, il procure une sensation lisse et douce tout au long de la journ\u00e9e.<\/p>\n<p>Contient un parfum sans allerg\u00e8ne pour les peaux sensibles. Il n&rsquo;obstrue pas les pores du visage. Ne provoque pas d&rsquo;acn\u00e9 et de points noirs.<\/p>\n<p>Il ne contient pas de paraben, de conservateurs, de paraffine, de silicone et de colorant.<\/p>\n<p>Ingr\u00e9dients\u00a0: CARBONATE DE DICAPRYLYLE*,\u00a0COCO-CAPRYLATE*,\u00a0UNDECANE (ET) TRIDECANE*,\u00a0EXTRAIT D&rsquo;HYPERICUM PERFORATUM (ET) OLEA EUROPAEA FRUIT OIL**,\u00a0VITIS VINIFERA SEED OIL**, SIMMONDSIA CHILOSA** (ARGAN) KERNEL OIL*,\u00a0GLYCERYL ST\u00c9ARATE, HUILE DE FRUITS OLEA EUROPAEA (OLIVE) **, HUILE DE GRAINES DE CANNABIS SATIVA ** PARFUM, BENZOATE DE BENZYLE, CITRONELOL<\/p>\n<p>*Contenu certifi\u00e9 biologique **Contenu naturel<\/p>\n","protected":false},"excerpt":{"rendered":"<p><span style=\"font-family: Times New Roman, serif;\"><span style=\"font-size: medium;\">Une huile magique cr\u00e9meuse de luxe multifonctionnelle \u00e0 dix actions. <\/span><\/span><\/p>\n<p><span style=\"font-family: Times New Roman, serif;\"><span style=\"font-size: medium;\">Rappelons-nous que c&rsquo;est un grand avantage d&rsquo;avoir ce produit tr\u00e8s sp\u00e9cial avec vous \u00e0 tout moment. <\/span><\/span><\/p>\n","protected":false},"featured_media":12965,"comment_status":"open","ping_status":"closed","template":"","meta":[],"product_cat":[569,370],"product_tag":[401,837,792,791,790],"giftcard-category":[],"_links":{"self":[{"href":"https:\/\/cosmate.com.tr\/fr\/wp-json\/wp\/v2\/product\/11459"}],"collection":[{"href":"https:\/\/cosmate.com.tr\/fr\/wp-json\/wp\/v2\/product"}],"about":[{"href":"https:\/\/cosmate.com.tr\/fr\/wp-json\/wp\/v2\/types\/product"}],"replies":[{"embeddable":true,"href":"https:\/\/cosmate.com.tr\/fr\/wp-json\/wp\/v2\/comments?post=11459"}],"wp:featuredmedia":[{"embeddable":true,"href":"https:\/\/cosmate.com.tr\/fr\/wp-json\/wp\/v2\/media\/12965"}],"wp:attachment":[{"href":"https:\/\/cosmate.com.tr\/fr\/wp-json\/wp\/v2\/media?parent=11459"}],"wp:term":[{"taxonomy":"product_cat","embeddable":true,"href":"https:\/\/cosmate.com.tr\/fr\/wp-json\/wp\/v2\/product_cat?post=11459"},{"taxonomy":"product_tag","embeddable":true,"href":"https:\/\/cosmate.com.tr\/fr\/wp-json\/wp\/v2\/product_tag?post=11459"},{"taxonomy":"giftcard-category","embeddable":true,"href":"https:\/\/cosmate.com.tr\/fr\/wp-json\/wp\/v2\/giftcard-category?post=11459"}],"curies":[{"name":"wp","href":"https:\/\/api.w.org\/{rel}","templated":true}]}}