{"id":11460,"date":"2022-09-20T17:37:10","date_gmt":"2022-09-20T17:37:10","guid":{"rendered":"http:\/\/cosmate.com.tr\/urun\/shampooing-a-effet-tonique\/"},"modified":"2025-02-17T13:38:20","modified_gmt":"2025-02-17T13:38:20","slug":"shampooing-a-effet-tonique","status":"publish","type":"product","link":"https:\/\/cosmate.com.tr\/fr\/produit\/shampooing-a-effet-tonique\/","title":{"rendered":"Shampooing \u00e0 effet tonique"},"content":{"rendered":"<p>Ingr\u00e9dients : Aqua, Decyl Glucoside*, Sodium Cocoamphoacetate*, Glycerin*, Lauryl Glucoside*, Sodium Cocoyl Glutamete*, Sodium Lauryl Glucose Carboxylate*, Coco-Glucoside*, Cocamidoropyl Betaine, Disodium Laureth Sulfosuccinate, Polyquaternia Kernel Oil, Argania Kernel*, Extrait de bulbe d&rsquo;Allium Sativum, extrait de feuille de Laurus Nobilis, extrait de Lavandula Angustifolia, extrait d&rsquo;Urtica Dioica, extrait de feuille d&rsquo;Olea Europaea, benzoate de sodium de parfum, sorbate de potassium, edta disodique, acide citrique, acide benzo\u00efque, chlorure de guar hydroxypropyltrimonium, m\u00e9thylinchloroisothiazole, huile de graines de Nigelia Sativa * *, Huile de graines de Vitis Vinifera**, Huile de graines de Cucurbita Pepo**, Huile de graines de Sesamum Indicum**, Menthol.<\/p>\n<p>&nbsp;<\/p>\n<p>** : Ingr\u00e9dients certifi\u00e9s biologiques &#8211; * : Ingr\u00e9dient naturel<\/p>\n<p>&nbsp;<\/p>\n<p>Test\u00e9 dermatologiquement.<\/p>\n<p>&nbsp;<\/p>\n<p>EFFET CUIR CHEVELU AVEC HUILE D&rsquo;ARGAN BIO<\/p>\n<p>SHAMPOING ANTI-ESPRIT SANS SULFATE<\/p>\n<p>&nbsp;<\/p>\n<p>POUR LE SOIN DES CHEVEUX ET DU CUIR CHEVELU, CONTIENT DES EXTRAITS SANS ODEUR D&rsquo;AIL, DE LAURIER, D&rsquo;ORTIE, DE LAVANDE, DE MIEL ET D&rsquo;OLIVE.<\/p>\n<p>CHEVEUX ET CUIR CHEVELU (CUIR CHEVELU) EFFET HYDRATANT<\/p>\n<p>CHEVEUX ET CUIR CHEVELU (CUIR CHEVELU) EFFET TONIQUE<\/p>\n<p>ANTI CHUTE DE CHEVEUX (inhibiteur de l&rsquo;enzyme 5-\u03b1 r\u00e9ductase)<\/p>\n<p>NATURELLEMENT FORMUL\u00c9 AVEC DES HUILES \u00c0 BASE DE PLANTES ET DES ENZYMES CONTRE LA CHUTE DES CHEVEUX.<\/p>\n<p>&nbsp;<\/p>\n<p>SULFATE &#8211; NON (SLS\/SLES &#8211; Sodium Laureth sulfate etc.)<br \/>\nSILICONE &#8211; NE CONTIENT PAS (Dimeticone etc.)<br \/>\nFORMALD\u00c9HYDE &amp; RELEASER &#8211; NE CONTIENT PAS (DMDM Hydanto\u00efne etc.)<br \/>\nPARABEN\u00a0&#8211;\u00a0CONTIENT\u00a0(Methyl paraben- Ethyl Paraben etc.)<br \/>\nAMIDE &#8211; NE CONTIENT PAS (Cocoamide DEA MEA MIPA etc.)<br \/>\nPEG &#8211; PPG &#8211; NE CONTIENT PAS (Propyl\u00e8ne Glycol etc.)<br \/>\nSANS SEL (sel, chlorure de sodium)<\/p>\n<p>&nbsp;<\/p>\n<p>EXTRAIT D&rsquo;ALOE VERA (PLANTE D&rsquo;ALOE VERA)<\/p>\n<p>EXTRAIT D&rsquo;ALLIUM SATIVUM (AIL)<\/p>\n<p>EXTRAIT DE FEUILLES D&rsquo;ORTIE<\/p>\n<p>EXTRAIT DE LAURIER<\/p>\n<p>EXTRAIT DE LAVENDULA ANGUSTIFOLIA<\/p>\n<p>EXTRAIT DE MIEL (MEL)<\/p>\n<p>EXTRAIT DE FEUILLES D&rsquo;OLIVIER (OLE)<\/p>\n<p>D-PANTH\u00c9NOL (PROVITAMINE B5)<\/p>\n","protected":false},"excerpt":{"rendered":"<p><span style=\"font-family\u00a0: Times New Roman, serif\u00a0;\"><span style=\"font-size: medium;\">Shampoing \u00e9mulsion effet tonique <\/span><\/span><\/p>\n<p><span style=\"font-family\u00a0: Times New Roman, serif\u00a0;\"><span style=\"font-size: medium;\">Hydratant pour cheveux et cuir chevelu et amp\u00a0; Vous vivrez l&rsquo;exp\u00e9rience de shampooing la plus s\u00fbre et la plus agr\u00e9able que vous ayez jamais utilis\u00e9e, avec des extraits de plantes et de l&rsquo;huile d&rsquo;argan et de l&rsquo;huile de jojoba certifi\u00e9es biologiques dans le shampooing naturel de qualit\u00e9 sup\u00e9rieure avec un effet tonique am\u00e9liorant la circulation. Il nettoie d\u00e9licatement les cheveux et le cuir chevelu et procure un soin tr\u00e8s intensif.<\/span><\/span><\/p>\n","protected":false},"featured_media":10716,"comment_status":"open","ping_status":"closed","template":"","meta":[],"product_cat":[566,370],"product_tag":[646,401,401,647,648,637,792,791,790,1268],"giftcard-category":[],"_links":{"self":[{"href":"https:\/\/cosmate.com.tr\/fr\/wp-json\/wp\/v2\/product\/11460"}],"collection":[{"href":"https:\/\/cosmate.com.tr\/fr\/wp-json\/wp\/v2\/product"}],"about":[{"href":"https:\/\/cosmate.com.tr\/fr\/wp-json\/wp\/v2\/types\/product"}],"replies":[{"embeddable":true,"href":"https:\/\/cosmate.com.tr\/fr\/wp-json\/wp\/v2\/comments?post=11460"}],"wp:featuredmedia":[{"embeddable":true,"href":"https:\/\/cosmate.com.tr\/fr\/wp-json\/wp\/v2\/media\/10716"}],"wp:attachment":[{"href":"https:\/\/cosmate.com.tr\/fr\/wp-json\/wp\/v2\/media?parent=11460"}],"wp:term":[{"taxonomy":"product_cat","embeddable":true,"href":"https:\/\/cosmate.com.tr\/fr\/wp-json\/wp\/v2\/product_cat?post=11460"},{"taxonomy":"product_tag","embeddable":true,"href":"https:\/\/cosmate.com.tr\/fr\/wp-json\/wp\/v2\/product_tag?post=11460"},{"taxonomy":"giftcard-category","embeddable":true,"href":"https:\/\/cosmate.com.tr\/fr\/wp-json\/wp\/v2\/giftcard-category?post=11460"}],"curies":[{"name":"wp","href":"https:\/\/api.w.org\/{rel}","templated":true}]}}