{"id":10992,"date":"2012-10-22T12:11:15","date_gmt":"2012-10-22T12:11:15","guid":{"rendered":"http:\/\/cosmate.com.tr\/%d0%b4%d0%be%d0%bc%d0%b0%d1%88%d0%bd%d1%8f%d1%8f-%d1%81%d1%82%d1%80%d0%b0%d0%bd%d0%b8%d1%86%d0%b0\/"},"modified":"2024-01-23T14:13:49","modified_gmt":"2024-01-23T14:13:49","slug":"%d0%b4%d0%be%d0%bc%d0%b0%d1%88%d0%bd%d1%8f%d1%8f-%d1%81%d1%82%d1%80%d0%b0%d0%bd%d0%b8%d1%86%d0%b0","status":"publish","type":"page","link":"https:\/\/cosmate.com.tr\/ru\/","title":{"rendered":"\u0414\u043e\u043c\u0430\u0448\u043d\u044f\u044f \u0441\u0442\u0440\u0430\u043d\u0438\u0446\u0430"},"content":{"rendered":"<p>[vc_row full_width=&#187;stretch_row_content&#187; equal_height=&#187;yes&#187; el_class=&#187;main-slider&#187; css=&#187;.vc_custom_1664200456595{background-image: url(https:\/\/splashythemes.com\/wordpress\/woo\/WCM01\/WCM010050\/wp-content\/uploads\/2020\/06\/bodytop-bg-img.jpg?id=9438) !important;}&#187;][vc_column][vc_row_inner el_class=&#187;theme-container&#187;][vc_column_inner][rev_slider_vc alias=&#187;tmpoption_homeslider&#187; el_class=&#187;Slider-content&#187;][\/vc_column_inner][\/vc_row_inner][\/vc_column][\/vc_row][vc_row el_class=&#187;bannercmsblock theme-container&#187; css=&#187;.vc_custom_1664200412808{margin-top: 15px !important;margin-bottom: 90px !important;}&#187;][vc_column][vc_row_inner el_class=&#187;banner-cms-wrappers&#187;][vc_column_inner width=&#187;1\/2&#8243;]<div class=\"cms-banner-item banner-item first style1\"><div class=\"cms-banner-inner\"><div class=\"cms-banner-img\"><a href=\"https:\/\/cosmate.com.tr\/urun\/magic-oil\/\" target=\"_blank\"><img decoding=\"async\" src=\"https:\/\/cosmate.com.tr\/wp-content\/uploads\/2022\/09\/MAGICOIL-SISE-VE-KUTU.jpg\" alt=\"\u0414\u043e\u043c\u0430\u0448\u043d\u044f\u044f \u0441\u0442\u0440\u0430\u043d\u0438\u0446\u0430\"\/><\/a><\/div><span class=\"static-wrapper\"><span class=\"cms-text\"><span class=\"static-inner\"><\/span><span class=\"shop-now\"><\/span><\/span><\/span><\/div><\/div>[\/vc_column_inner][vc_column_inner width=&#187;1\/2&#8243;]<div class=\"cms-banner-item banner-item second style1\"><div class=\"cms-banner-inner\"><div class=\"cms-banner-img\"><a href=\"https:\/\/cosmate.com.tr\/en\/wholesale\/\" target=\"\"><img decoding=\"async\" src=\"https:\/\/cosmate.com.tr\/wp-content\/uploads\/2024\/01\/toptan-satis-ingilizce-post.jpg\" alt=\"\u0414\u043e\u043c\u0430\u0448\u043d\u044f\u044f \u0441\u0442\u0440\u0430\u043d\u0438\u0446\u0430\"\/><\/a><\/div><span class=\"static-wrapper\"><span class=\"cms-text\"><span class=\"static-inner\"><\/span><span class=\"shop-now\"><\/span><\/span><\/span><\/div><\/div>[\/vc_column_inner][\/vc_row_inner][\/vc_column][\/vc_row][vc_row el_class=&#187;product-tab theme-container&#187;][vc_column]<div id=\"ultimate-heading-524869e02719749ec\" class=\"uvc-heading ult-adjust-bottom-margin ultimate-heading-524869e02719749ec uvc-9194 \" data-hspacer=\"line_only\"  data-halign=\"center\" style=\"text-align:center\"><div class=\"uvc-main-heading ult-responsive\"  data-ultimate-target='.uvc-heading.ultimate-heading-524869e02719749ec h3'  data-responsive-json-new='{\"font-size\":\"\",\"line-height\":\"\"}' ><h3 style=\"font-weight:bold;margin-bottom:10px;\">\u041d\u0430\u0448\u0438 \u043d\u043e\u0432\u044b\u0435 \u043f\u0440\u043e\u0434\u0443\u043a\u0442\u044b<\/h3><\/div><div class=\"uvc-heading-spacer line_only\" style=\"topheight:1px;\"><span class=\"uvc-headings-line\" style=\"border-style:solid;border-bottom-width:1px;border-color:#ccc;width:autopx;\"><\/span><\/div><\/div><div id=\"horizontalTab\"><ul class=\"resp-tabs-list\"><li ><div class=\"tab-title\">Yeni \u00dcr\u00fcnler<\/div><\/li><\/ul><div class=\"resp-tabs-container\"><div id=\"woo-products\" class=\"woo-content products_block shop woofeature\"><div id=\"woo_grid\" class=\"woo-grid cols-4\"><div class=\"woocommerce columns-4 \">\t<ul class=\"products\" >\r\n<li class=\"post-11515 product type-product status-publish has-post-thumbnail hentry product_cat-472 product_cat-580 product_tag-cosmate-ru product_tag-510 product_tag-505 product_tag-504 product_tag-502\">\r\n\t<div class=\"container-inner\">\r\n\t<span class=\"product-loading\"><\/span>\r\n\t<div class=\"product-block-inner\">\r\n\t\t\t\t<div class=\"image-block\"><a href=\"https:\/\/cosmate.com.tr\/ru\/\u043f\u0440\u043e\u0434\u0443\u043a\u0442\/magic-oil\/\">\r\n\t\t\t<div class=\"wpcbm-wrapper\"><img loading=\"lazy\" decoding=\"async\" width=\"1080\" height=\"1920\" src=\"https:\/\/cosmate.com.tr\/wp-content\/uploads\/2023\/11\/image00001-1.png\" class=\"secondary-image attachment-shop-catalog\" alt=\"\" srcset=\"https:\/\/cosmate.com.tr\/wp-content\/uploads\/2023\/11\/image00001-1.png 1080w, https:\/\/cosmate.com.tr\/wp-content\/uploads\/2023\/11\/image00001-1-169x300.png 169w, https:\/\/cosmate.com.tr\/wp-content\/uploads\/2023\/11\/image00001-1-576x1024.png 576w, https:\/\/cosmate.com.tr\/wp-content\/uploads\/2023\/11\/image00001-1-768x1365.png 768w, https:\/\/cosmate.com.tr\/wp-content\/uploads\/2023\/11\/image00001-1-864x1536.png 864w, https:\/\/cosmate.com.tr\/wp-content\/uploads\/2023\/11\/image00001-1-759x1349.png 759w\" sizes=\"(max-width: 1080px) 100vw, 1080px\" \/><span class='onsale'>-42%<\/span><\/div><\/a><div class=\"product-button-hover\"><\/div><\/div>\r\n\t\t\t<div class=\"product-detail-wrapper\">\r\n\r\n\t\t\t\t\t\t\r\n\t\t<a href=\"https:\/\/cosmate.com.tr\/ru\/\u043f\u0440\u043e\u0434\u0443\u043a\u0442\/magic-oil\/\" title=\"\u0412\u043e\u043b\u0448\u0435\u0431\u043d\u043e\u0435 \u043c\u0430\u0441\u043b\u043e\"><h3 class=\"product-name\">\u0412\u043e\u043b\u0448\u0435\u0431\u043d\u043e\u0435 \u043c\u0430\u0441\u043b\u043e<\/h3><\/a>\r\n\t\t\n\t<span class=\"price\"><del aria-hidden=\"true\"><span class=\"woocommerce-Price-amount amount\"><bdi><span class=\"woocommerce-Price-currencySymbol\">&#8378;<\/span>500,00<\/bdi><\/span><\/del> <ins><span class=\"woocommerce-Price-amount amount\"><bdi><span class=\"woocommerce-Price-currencySymbol\">&#8378;<\/span>290,00<\/bdi><\/span><\/ins><\/span>\n<a href=\"#\" class=\"button yith-wcqv-button\" data-product_id=\"11515\">\u0411\u044b\u0441\u0442\u0440\u044b\u0439 \u043f\u0440\u043e\u0441\u043c\u043e\u0442\u0440<\/a><a id=\"sbw_wc-adding-button-archive\" href=\"https:\/\/cosmate.com.tr\/ru\/%d1%81%d1%82%d1%80%d0%b0%d0%bd%d0%b8%d1%86%d0%b0-%d0%be%d0%bf%d0%bb%d0%b0%d1%82%d1%8b\/?buy-now=11515\" data-quantity=\"1\" class=\"button product_type_simple add_to_cart_button  buy_now_button\" data-product_id=\"11515\" rel=\"nofollow\">Hemen Al<\/a>\t\t<\/div>\r\n\t\t<\/div>\r\n\t\t<\/div>\r\n<\/li><li class=\"post-11491 product type-product status-publish has-post-thumbnail hentry product_cat-584 product_cat-472 product_tag-hautpflege-ru-2 product_tag-jojobaol-ru-2 product_tag-lavendel-ol-ru-2 product_tag-macadamiaol-ru-2 product_tag-pflege-ru-2 product_tag-rauchergefas-ru-2 product_tag-ylang-ylang-ol-ru-2 product_tag-462\">\r\n\t<div class=\"container-inner\">\r\n\t<span class=\"product-loading\"><\/span>\r\n\t<div class=\"product-block-inner\">\r\n\t\t\t\t<div class=\"image-block\"><a href=\"https:\/\/cosmate.com.tr\/ru\/\u043f\u0440\u043e\u0434\u0443\u043a\u0442\/%d0%bd%d0%b0%d0%b1%d0%be%d1%80-%d0%b4%d0%bb%d1%8f-%d1%83%d1%85%d0%be%d0%b4%d0%b0-%d0%b7%d0%b0-%d0%b0%d1%80%d0%be%d0%bc%d0%b0%d1%82%d0%b5%d1%80%d0%b0%d0%bf%d0%b8%d0%b5%d0%b9\/\">\r\n\t\t\t<div class=\"wpcbm-wrapper\"><img loading=\"lazy\" decoding=\"async\" width=\"2160\" height=\"2160\" src=\"https:\/\/cosmate.com.tr\/wp-content\/uploads\/2023\/02\/DSF2125_1.jpg\" class=\"secondary-image attachment-shop-catalog\" alt=\"\" srcset=\"https:\/\/cosmate.com.tr\/wp-content\/uploads\/2023\/02\/DSF2125_1.jpg 2160w, https:\/\/cosmate.com.tr\/wp-content\/uploads\/2023\/02\/DSF2125_1-300x300.jpg 300w, https:\/\/cosmate.com.tr\/wp-content\/uploads\/2023\/02\/DSF2125_1-1024x1024.jpg 1024w, https:\/\/cosmate.com.tr\/wp-content\/uploads\/2023\/02\/DSF2125_1-150x150.jpg 150w, https:\/\/cosmate.com.tr\/wp-content\/uploads\/2023\/02\/DSF2125_1-768x768.jpg 768w, https:\/\/cosmate.com.tr\/wp-content\/uploads\/2023\/02\/DSF2125_1-1536x1536.jpg 1536w, https:\/\/cosmate.com.tr\/wp-content\/uploads\/2023\/02\/DSF2125_1-2048x2048.jpg 2048w, https:\/\/cosmate.com.tr\/wp-content\/uploads\/2023\/02\/DSF2125_1-145x145.jpg 145w, https:\/\/cosmate.com.tr\/wp-content\/uploads\/2023\/02\/DSF2125_1-50x50.jpg 50w, https:\/\/cosmate.com.tr\/wp-content\/uploads\/2023\/02\/DSF2125_1-759x759.jpg 759w, https:\/\/cosmate.com.tr\/wp-content\/uploads\/2023\/02\/DSF2125_1-100x100.jpg 100w, https:\/\/cosmate.com.tr\/wp-content\/uploads\/2023\/02\/DSF2125_1-170x170.jpg 170w\" sizes=\"(max-width: 2160px) 100vw, 2160px\" \/><div class=\"soldout_wrapper\"><span class=\"soldout\">T\u00dcKEND\u0130<\/span><\/div><span class='onsale'>-9%<\/span><\/div><\/a><div class=\"product-button-hover\"><\/div><\/div>\r\n\t\t\t<div class=\"product-detail-wrapper\">\r\n\r\n\t\t\t\t\t\t\r\n\t\t<a href=\"https:\/\/cosmate.com.tr\/ru\/\u043f\u0440\u043e\u0434\u0443\u043a\u0442\/%d0%bd%d0%b0%d0%b1%d0%be%d1%80-%d0%b4%d0%bb%d1%8f-%d1%83%d1%85%d0%be%d0%b4%d0%b0-%d0%b7%d0%b0-%d0%b0%d1%80%d0%be%d0%bc%d0%b0%d1%82%d0%b5%d1%80%d0%b0%d0%bf%d0%b8%d0%b5%d0%b9\/\" title=\"\u041d\u0430\u0431\u043e\u0440 \u0434\u043b\u044f \u0443\u0445\u043e\u0434\u0430 \u0437\u0430 \u0430\u0440\u043e\u043c\u0430\u0442\u0435\u0440\u0430\u043f\u0438\u0435\u0439\"><h3 class=\"product-name\">\u041d\u0430\u0431\u043e\u0440 \u0434\u043b\u044f \u0443\u0445\u043e\u0434\u0430 \u0437\u0430 \u0430\u0440\u043e\u043c\u0430\u0442\u0435\u0440\u0430\u043f\u0438\u0435\u0439<\/h3><\/a>\r\n\t\t\n\t<span class=\"price\"><del aria-hidden=\"true\"><span class=\"woocommerce-Price-amount amount\"><bdi><span class=\"woocommerce-Price-currencySymbol\">&#8378;<\/span>715,00<\/bdi><\/span><\/del> <ins><span class=\"woocommerce-Price-amount amount\"><bdi><span class=\"woocommerce-Price-currencySymbol\">&#8378;<\/span>650,00<\/bdi><\/span><\/ins><\/span>\n<a href=\"#\" class=\"button yith-wcqv-button\" data-product_id=\"11491\">\u0411\u044b\u0441\u0442\u0440\u044b\u0439 \u043f\u0440\u043e\u0441\u043c\u043e\u0442\u0440<\/a><a id=\"sbw_wc-adding-button-archive\" href=\"https:\/\/cosmate.com.tr\/ru\/%d1%81%d1%82%d1%80%d0%b0%d0%bd%d0%b8%d1%86%d0%b0-%d0%be%d0%bf%d0%bb%d0%b0%d1%82%d1%8b\/?buy-now=11491\" data-quantity=\"1\" class=\"button product_type_simple add_to_cart_button  buy_now_button\" data-product_id=\"11491\" rel=\"nofollow\">Hemen Al<\/a>\t\t<\/div>\r\n\t\t<\/div>\r\n\t\t<\/div>\r\n<\/li><\/ul>\n<\/div><\/div><div class=\"tmpoption-message\"><i class=\"fa fa-frown-o\"><\/i>No more Products to display<\/div><div class=\"loadgridlist-wrapper\"><button class=\"woocount loadgridlist\">View More Products<\/button><\/div><\/div><\/div><\/div>[\/vc_column][\/vc_row][vc_row content_placement=&#187;middle&#187; parallax_content=&#187;parallax_content_value&#187; parallax_content_sense=&#187;30&#8243; enable_overlay=&#187;enable_overlay_value&#187; overlay_color=&#187;#0a0a0a&#187; overlay_pattern=&#187;01.png&#187; overlay_pattern_opacity=&#187;80&#8243; el_class=&#187;parallax theme-container&#187; css=&#187;.vc_custom_1663714091823{margin-top: 0px !important;margin-bottom: 0px !important;}&#187;][vc_column el_class=&#187;parallax-inner&#187; css=&#187;.vc_custom_1663714118442{margin-top: 0px !important;margin-bottom: 0px !important;padding-top: 0px !important;padding-bottom: 0px !important;}&#187;]<div id=\"ultib3-286287762969e0271984572\" class=\" ultb3-box ult-adjust-bottom-margin  \" style=\"\"><div class=\"ultb3-box-overlay\" style=\"background:rgba(10,10,10,0.4);\"><\/div><img decoding=\"async\" src=\"https:\/\/cosmate.com.tr\/wp-content\/uploads\/2022\/09\/shop-bgjpg_22-04-2021_13-46-07.jpg\" style=\"\" class=\"ultb3-img ultb3-img-center\" alt=\"null\"\/><div id=\"Info-banner-wrap3329\" class=\"ultb3-info ib3-info-center\" data-animation=\"\" data-animation-delay=\"03\"><div class=\"ultb3-title ult-responsive\"  data-ultimate-target='#Info-banner-wrap3329 .ultb3-title'  data-responsive-json-new='{\"font-size\":\"desktop:26px;mobile:16px;\",\"line-height\":\"\"}'  style=\"font-family:Abhaya Libre;font-weight:bold;color:#dfbcb0;\">Cosmate<\/div><div class=\"ultb3-desc ult-responsive\"  data-ultimate-target='#Info-banner-wrap3329 .ultb3-desc'  data-responsive-json-new='{\"font-size\":\"desktop:14px;mobile:12px;\",\"line-height\":\"\"}'  style=\"font-family:Aboreto;font-style:italic;font-weight:normal;color:#dfbcb0;\">\u041f\u0440\u0435\u0434\u043b\u0430\u0433\u0430\u044f \u0432\u0430\u043c \u043b\u0443\u0447\u0448\u0443\u044e \u0436\u0438\u0437\u043d\u044c, Cosmate \u043d\u0430\u0445\u043e\u0434\u0438\u0442\u0441\u044f \u0432\u0441\u0435\u0433\u043e \u0432 \u043e\u0434\u043d\u043e\u043c \u043a\u043b\u0438\u043a\u0435 \u043e\u0442 \u0432\u0430\u0441<\/div><\/div><\/div><style>\r\n\t\t\t\t\t#ultib3-286287762969e0271984572 {\r\n\t\t\t\t\t\tmin-height:50px;\r\n\t\t\t\t\t}\r\n\t\t\t\t\t#ultib3-286287762969e0271984572 img.ultb3-img {\r\n\t\t\t\t\t\theight: px;\r\n\t\t\t\t\t}\r\n\t\t\t\t\t#ultib3-286287762969e0271984572 .ultb3-btn {\r\n\t\t\t\t\t\tborder:2px solid #dfbcb0;border-radius:0px;color:#dfbcb0;\r\n\t\t\t\t\t}\r\n\t\t\t\t\t#ultib3-286287762969e0271984572 .ultb3-btn:hover {\r\n\t\t\t\t\t\tbackground:#dfbcb0;color:#ffffff;\r\n\t\t\t\t\t}\r\n\t\t\t\t<\/style>[\/vc_column][\/vc_row][vc_row][vc_column css=&#187;.vc_custom_1663708830953{padding-top: 50px !important;padding-right: 200px !important;padding-left: 200px !important;}&#187; offset=&#187;vc_hidden-md vc_hidden-sm vc_hidden-xs&#187;]<div id=\"ultimate-heading-818669e02719845f4\" class=\"uvc-heading ult-adjust-bottom-margin ultimate-heading-818669e02719845f4 uvc-1406 \" data-hspacer=\"line_only\"  data-halign=\"center\" style=\"text-align:center\"><div class=\"uvc-main-heading ult-responsive\"  data-ultimate-target='.uvc-heading.ultimate-heading-818669e02719845f4 h1'  data-responsive-json-new='{\"font-size\":\"\",\"line-height\":\"\"}' ><h1 style=\"font-weight:bold;\">\u0411\u041b\u041e\u0413<\/h1><\/div><div class=\"uvc-heading-spacer line_only\" style=\"topheight:10px;\"><span class=\"uvc-headings-line\" style=\"border-style:solid;border-bottom-width:10px;border-color:#ffffff;width:autopx;\"><\/span><\/div><div class=\"uvc-sub-heading ult-responsive\"  data-ultimate-target='.uvc-heading.ultimate-heading-818669e02719845f4 .uvc-sub-heading '  data-responsive-json-new='{\"font-size\":\"\",\"line-height\":\"\"}'  style=\"font-weight:normal;\">\u041a\u043e\u0433\u0434\u0430 \u043c\u044b \u0441\u043c\u043e\u0442\u0440\u0438\u043c \u043d\u0430 \u0441\u0435\u0431\u044f \u043f\u0435\u0440\u0435\u0434 \u0437\u0435\u0440\u043a\u0430\u043b\u043e\u043c, \u043c\u044b \u0445\u043e\u0442\u0438\u043c \u0443\u0432\u0438\u0434\u0435\u0442\u044c \u0438\u0434\u0435\u0430\u043b\u044c\u043d\u044b\u0439 \u043e\u0431\u0440\u0430\u0437. \u0411\u0435\u0437\u0443\u043f\u0440\u0435\u0447\u043d\u044b\u0439, \u0431\u0435\u0437\u0443\u043f\u0440\u0435\u0447\u043d\u044b\u0439, \u044f\u0440\u043a\u0438\u0439 \u0432\u043d\u0435\u0448\u043d\u0438\u0439 \u0432\u0438\u0434 \u2014 \u044d\u0442\u043e \u0442\u043e, \u0447\u0435\u0433\u043e \u0445\u043e\u0442\u044f\u0442 \u0434\u043e\u0441\u0442\u0438\u0447\u044c \u043a\u0430\u0436\u0434\u0430\u044f \u0436\u0435\u043d\u0449\u0438\u043d\u0430 \u0438 \u043c\u0443\u0436\u0447\u0438\u043d\u0430. \u0414\u043b\u044f \u044d\u0442\u043e\u0433\u043e \u043c\u044b \u0438\u0441\u043f\u043e\u043b\u044c\u0437\u0443\u0435\u043c \u0440\u0430\u0437\u043b\u0438\u0447\u043d\u044b\u0435 \u0441\u0440\u0435\u0434\u0441\u0442\u0432\u0430 \u043f\u043e \u0443\u0445\u043e\u0434\u0443 \u0437\u0430 \u043a\u043e\u0436\u0435\u0439. \u0412 \u043c\u0430\u0433\u0430\u0437\u0438\u043d\u0430\u0445 \u043f\u043e\u043b\u043a\u0438 \u043f\u043e\u043b\u043d\u044b \u043f\u0440\u043e\u0434\u0443\u043a\u0442\u043e\u0432, \u0430 \u0432 \u0418\u043d\u0442\u0435\u0440\u043d\u0435\u0442\u0435 \u043c\u044b \u0432\u0441\u0442\u0440\u0435\u0447\u0430\u0435\u043c \u0433\u043e\u0440\u0430\u0437\u0434\u043e \u0431\u043e\u043b\u044c\u0448\u0435 \u0441\u0440\u0435\u0434\u0441\u0442\u0432 \u043f\u043e \u0443\u0445\u043e\u0434\u0443 \u0437\u0430 \u043a\u043e\u0436\u0435\u0439. \u0418\u0442\u0430\u043a, \u044d\u0442\u0438 \u043f\u0440\u043e\u0434\u0443\u043a\u0442\u044b \u043d\u0430\u0442\u0443\u0440\u0430\u043b\u044c\u043d\u044b\u0435? \u041a\u0430\u043a \u0443\u0437\u043d\u0430\u0442\u044c, \u044f\u0432\u043b\u044f\u0435\u0442\u0441\u044f \u043b\u0438 \u043f\u0440\u043e\u0434\u0443\u043a\u0442, \u043a\u043e\u0442\u043e\u0440\u044b\u0439 \u0432\u044b \u0441\u043e\u0431\u0438\u0440\u0430\u0435\u0442\u0435\u0441\u044c \u0438\u0441\u043f\u043e\u043b\u044c\u0437\u043e\u0432\u0430\u0442\u044c, \u043d\u0430\u0442\u0443\u0440\u0430\u043b\u044c\u043d\u044b\u043c\/\u043e\u0440\u0433\u0430\u043d\u0438\u0447\u0435\u0441\u043a\u0438\u043c? \u041a\u0430\u043a \u043f\u0440\u0430\u0432\u0438\u043b\u044c\u043d\u043e \u0443\u0445\u0430\u0436\u0438\u0432\u0430\u0442\u044c \u0437\u0430 \u043a\u043e\u0436\u0435\u0439? \u041a\u0430\u043a\u0438\u0435 \u043f\u0440\u043e\u0434\u0443\u043a\u0442\u044b \u0441\u043b\u0435\u0434\u0443\u0435\u0442 \u0438\u0441\u043f\u043e\u043b\u044c\u0437\u043e\u0432\u0430\u0442\u044c? \u041c\u044b \u043f\u043e\u0434\u0433\u043e\u0442\u043e\u0432\u0438\u043b\u0438 \u043e\u0442\u0432\u0435\u0442\u044b \u043d\u0430 \u0432\u0441\u0435 \u044d\u0442\u0438 \u0432\u043e\u043f\u0440\u043e\u0441\u044b \u0432 \u043d\u0430\u0448\u0435\u043c \u0431\u043b\u043e\u0433\u0435!<\/div><\/div>[vc_basic_grid post_type=&#187;post&#187; max_items=&#187;4&#8243; element_width=&#187;3&#8243; item=&#187;masonryGrid_SlideoOutFromRight&#187; grid_id=&#187;vc_gid:1706019204202-089e9bd1-6229-9&#8243; css=&#187;.vc_custom_1676067380624{padding-top: 50px !important;padding-bottom: 50px !important;}&#187;][\/vc_column][\/vc_row][vc_row][vc_column offset=&#187;vc_hidden-lg&#187;]<div id=\"ultimate-heading-17569e0271984631\" class=\"uvc-heading ult-adjust-bottom-margin ultimate-heading-17569e0271984631 uvc-9942 \" data-hspacer=\"no_spacer\"  data-halign=\"center\" style=\"text-align:center\"><div class=\"uvc-heading-spacer no_spacer\" style=\"top\"><\/div><div class=\"uvc-main-heading ult-responsive\"  data-ultimate-target='.uvc-heading.ultimate-heading-17569e0271984631 h1'  data-responsive-json-new='{\"font-size\":\"\",\"line-height\":\"\"}' ><h1 style=\"font-weight:bold;\">\u0411\u041b\u041e\u0413<\/h1><\/div><\/div><div id=\"ultimate-heading-4069e027198465e\" class=\"uvc-heading ult-adjust-bottom-margin ultimate-heading-4069e027198465e uvc-6586 \" data-hspacer=\"no_spacer\"  data-halign=\"center\" style=\"text-align:center\"><div class=\"uvc-heading-spacer no_spacer\" style=\"top\"><\/div><\/div>[vc_basic_grid post_type=&#187;post&#187; max_items=&#187;3&#8243; gap=&#187;0&#8243; item=&#187;basicGrid_SlideFromLeft&#187; grid_id=&#187;vc_gid:1706019204203-0ac2e305-7a09-10&#8243;][\/vc_column][\/vc_row][vc_row][vc_column css=&#187;.vc_custom_1665327196815{padding-right: 15px !important;padding-left: 15px !important;}&#187; offset=&#187;vc_hidden-md vc_hidden-sm vc_hidden-xs&#187;]<div id=\"ultimate-heading-507569e0271984696\" class=\"uvc-heading ult-adjust-bottom-margin ultimate-heading-507569e0271984696 uvc-7764 \" data-hspacer=\"line_only\"  data-halign=\"center\" style=\"text-align:center\"><div class=\"uvc-main-heading ult-responsive\"  data-ultimate-target='.uvc-heading.ultimate-heading-507569e0271984696 h1'  data-responsive-json-new='{\"font-size\":\"\",\"line-height\":\"\"}' ><h1 style=\"font-weight:bold;\">\u041a\u043e\u043c\u043c\u0435\u043d\u0442\u0430\u0440\u0438\u0438 \u043a\u043b\u0438\u0435\u043d\u0442\u043e\u0432<\/h1><\/div><div class=\"uvc-heading-spacer line_only\" style=\"topheight:10px;\"><span class=\"uvc-headings-line\" style=\"border-style:solid;border-bottom-width:10px;border-color:#ffffff;width:autopx;\"><\/span><\/div><\/div><div class=\"custom-testimonial\"><div id=\"testimonial_grid\" class=\"testimonial-grid testimonial-cols-3\"><div class=\"item first-item style-1\"><div class=\"product-block\"><div class=\"custom-testimonial-inner\"><div class=\"testimonial-content\"><div class=\"testimonial-top\"><blockquote><q>Sevgili influencerim Gozde (gozdearalocak) sayesinde aldim, cok guzel emiliyor ve cok guzel kokuyor ayrica yaninda zeytin sutunu de ald<\/q><\/blockquote><\/div><div class=\"read-more\"><a title=\"B** K**\" href=\"https:\/\/cosmate.com.tr\/testimonial\/b-k\/\" >read more<\/a><\/div><\/div><\/div><div class=\"testimonial-wrapper-inner\"><div class=\"testmonial-image\"><a title=\"B** K**\" href=\"https:\/\/cosmate.com.tr\/testimonial\/b-k\/\" ><i style=\"width:50;height:50;\" class=\"fa fa-user\"><\/i><\/a><\/div><div class=\"testmonial-text\"><div class=\"testimonial-title\"><a title=\"B** K**\" href=\"https:\/\/cosmate.com.tr\/testimonial\/b-k\/\" >B** K**<\/a><\/div><div class=\"testimonial-email\">Trendyol Kullan\u0131c\u0131s\u0131<\/div><\/div><\/div><\/div><\/div><div class=\"item style-1\"><div class=\"product-block\"><div class=\"custom-testimonial-inner\"><div class=\"testimonial-content\"><div class=\"testimonial-top\"><blockquote><q>\u00dcr\u00fcn\u00fc yakla\u015f\u0131k 2 ayd\u0131r kullan\u0131yorum. Sa\u00e7 diplerinde ferahlat\u0131c\u0131 bir etki b\u0131rak\u0131yor ve sa\u00e7\u0131 yumu\u015fac\u0131k yap\u0131yor. Sat\u0131c\u0131<\/q><\/blockquote><\/div><div class=\"read-more\"><a title=\"C** K**\" href=\"https:\/\/cosmate.com.tr\/testimonial\/c-k\/\" >read more<\/a><\/div><\/div><\/div><div class=\"testimonial-wrapper-inner\"><div class=\"testmonial-image\"><a title=\"C** K**\" href=\"https:\/\/cosmate.com.tr\/testimonial\/c-k\/\" ><i style=\"width:50;height:50;\" class=\"fa fa-user\"><\/i><\/a><\/div><div class=\"testmonial-text\"><div class=\"testimonial-title\"><a title=\"C** K**\" href=\"https:\/\/cosmate.com.tr\/testimonial\/c-k\/\" >C** K**<\/a><\/div><div class=\"testimonial-email\">Trendyol Kullan\u0131c\u0131s\u0131<\/div><\/div><\/div><\/div><\/div><div class=\"item last-item style-1\"><div class=\"product-block\"><div class=\"custom-testimonial-inner\"><div class=\"testimonial-content\"><div class=\"testimonial-top\"><blockquote><q>Ani kilo al\u0131p vermi\u015ftim bu y\u00fczden kal\u00e7amda \u00e7atlaklar olu\u015fmu\u015ftu. Bu \u00fcr\u00fcn\u00fc bir arkada\u015f\u0131m\u0131n tavsiyesiyle ald\u0131m ve ger\u00e7ekten<\/q><\/blockquote><\/div><div class=\"read-more\"><a title=\"Z*** F***\" href=\"https:\/\/cosmate.com.tr\/testimonial\/z-f\/\" >read more<\/a><\/div><\/div><\/div><div class=\"testimonial-wrapper-inner\"><div class=\"testmonial-image\"><a title=\"Z*** F***\" href=\"https:\/\/cosmate.com.tr\/testimonial\/z-f\/\" ><i style=\"width:50;height:50;\" class=\"fa fa-user\"><\/i><\/a><\/div><div class=\"testmonial-text\"><div class=\"testimonial-title\"><a title=\"Z*** F***\" href=\"https:\/\/cosmate.com.tr\/testimonial\/z-f\/\" >Z*** F***<\/a><\/div><div class=\"testimonial-designation\">Trendyol Kullan\u0131c\u0131s\u0131<\/div><\/div><\/div><\/div><\/div><\/div><\/div>[\/vc_column][\/vc_row]<\/p>\n","protected":false},"excerpt":{"rendered":"<p>[vc_row full_width=&#187;stretch_row_content&#187; equal_height=&#187;yes&#187; el_class=&#187;main-slider&#187; css=&#187;.vc_custom_1664200456595{background-image: url(https:\/\/splashythemes.com\/wordpress\/woo\/WCM01\/WCM010050\/wp-content\/uploads\/2020\/06\/bodytop-bg-img.jpg?id=9438) !important;}&#187;][vc_column][vc_row_inner el_class=&#187;theme-container&#187;][vc_column_inner][rev_slider_vc alias=&#187;tmpoption_homeslider&#187; el_class=&#187;Slider-content&#187;][\/vc_column_inner][\/vc_row_inner][\/vc_column][\/vc_row][vc_row el_class=&#187;bannercmsblock theme-container&#187; css=&#187;.vc_custom_1664200412808{margin-top: 15px !important;margin-bottom: 90px !important;}&#187;][vc_column][vc_row_inner el_class=&#187;banner-cms-wrappers&#187;][vc_column_inner width=&#187;1\/2&#8243;][\/vc_column_inner][vc_column_inner width=&#187;1\/2&#8243;][\/vc_column_inner][\/vc_row_inner][\/vc_column][\/vc_row][vc_row el_class=&#187;product-tab theme-container&#187;][vc_column][\/vc_column][\/vc_row][vc_row content_placement=&#187;middle&#187; parallax_content=&#187;parallax_content_value&#187; parallax_content_sense=&#187;30&#8243; enable_overlay=&#187;enable_overlay_value&#187; overlay_color=&#187;#0a0a0a&#187; overlay_pattern=&#187;01.png&#187; overlay_pattern_opacity=&#187;80&#8243; el_class=&#187;parallax theme-container&#187; css=&#187;.vc_custom_1663714091823{margin-top: 0px !important;margin-bottom: 0px !important;}&#187;][vc_column el_class=&#187;parallax-inner&#187; css=&#187;.vc_custom_1663714118442{margin-top: 0px !important;margin-bottom: 0px !important;padding-top: 0px !important;padding-bottom: 0px !important;}&#187;][\/vc_column][\/vc_row][vc_row][vc_column css=&#187;.vc_custom_1663708830953{padding-top: 50px !important;padding-right: 200px !important;padding-left: 200px !important;}&#187; offset=&#187;vc_hidden-md vc_hidden-sm vc_hidden-xs&#187;][vc_basic_grid post_type=&#187;post&#187; max_items=&#187;4&#8243; element_width=&#187;3&#8243; item=&#187;masonryGrid_SlideoOutFromRight&#187; grid_id=&#187;vc_gid:1706019204202-089e9bd1-6229-9&#8243; css=&#187;.vc_custom_1676067380624{padding-top: 50px !important;padding-bottom: 50px !important;}&#187;][\/vc_column][\/vc_row][vc_row][vc_column offset=&#187;vc_hidden-lg&#187;][vc_basic_grid post_type=&#187;post&#187; max_items=&#187;3&#8243; gap=&#187;0&#8243; item=&#187;basicGrid_SlideFromLeft&#187; grid_id=&#187;vc_gid:1706019204203-0ac2e305-7a09-10&#8243;][\/vc_column][\/vc_row][vc_row][vc_column css=&#187;.vc_custom_1665327196815{padding-right: 15px !important;padding-left: 15px !important;}&#187; offset=&#187;vc_hidden-md vc_hidden-sm vc_hidden-xs&#187;][\/vc_column][\/vc_row]<\/p>\n","protected":false},"author":1,"featured_media":0,"parent":0,"menu_order":0,"comment_status":"closed","ping_status":"closed","template":"page-templates\/home.php","meta":{"footnotes":""},"_links":{"self":[{"href":"https:\/\/cosmate.com.tr\/ru\/wp-json\/wp\/v2\/pages\/10992"}],"collection":[{"href":"https:\/\/cosmate.com.tr\/ru\/wp-json\/wp\/v2\/pages"}],"about":[{"href":"https:\/\/cosmate.com.tr\/ru\/wp-json\/wp\/v2\/types\/page"}],"author":[{"embeddable":true,"href":"https:\/\/cosmate.com.tr\/ru\/wp-json\/wp\/v2\/users\/1"}],"replies":[{"embeddable":true,"href":"https:\/\/cosmate.com.tr\/ru\/wp-json\/wp\/v2\/comments?post=10992"}],"version-history":[{"count":4,"href":"https:\/\/cosmate.com.tr\/ru\/wp-json\/wp\/v2\/pages\/10992\/revisions"}],"predecessor-version":[{"id":13443,"href":"https:\/\/cosmate.com.tr\/ru\/wp-json\/wp\/v2\/pages\/10992\/revisions\/13443"}],"wp:attachment":[{"href":"https:\/\/cosmate.com.tr\/ru\/wp-json\/wp\/v2\/media?parent=10992"}],"curies":[{"name":"wp","href":"https:\/\/api.w.org\/{rel}","templated":true}]}}